{"id":103,"date":"2019-02-18T13:29:06","date_gmt":"2019-02-18T13:29:06","guid":{"rendered":"http:\/\/cieh-chre.org\/doposlednjeg\/?page_id=103"},"modified":"2021-07-06T17:52:57","modified_gmt":"2021-07-06T16:52:57","slug":"alkalaj-isak-2-2-9","status":"publish","type":"page","link":"http:\/\/cieh-chre.org\/doposlednjeg\/alkalaj-isak-2-2-9\/","title":{"rendered":"Alkalaj Isak"},"content":{"rendered":"<div id=\"pl-103\"  class=\"panel-layout\" ><div id=\"pg-103-0\"  class=\"panel-grid panel-no-style\" ><div id=\"pgc-103-0-0\"  class=\"panel-grid-cell\" ><div id=\"panel-103-0-0-0\" class=\"so-panel widget widget_foogallery_widget foogallery_widget panel-first-child panel-last-child\" data-index=\"0\" ><div class=\"foogallery foogallery-container foogallery-default foogallery-lightbox-foobox fg-gutter-10 fg-center fg-default fg-light fg-border-thin fg-shadow-outline fg-loading-partial fg-loaded-fade-in fg-caption-hover fg-hover-fade fg-hover-zoom fg-ready\" id=\"foogallery-gallery-248\" data-foogallery=\"{&quot;item&quot;:{&quot;showCaptionTitle&quot;:true,&quot;showCaptionDescription&quot;:true},&quot;lazy&quot;:true}\" >\r\n\t<div class=\"fg-item fg-type-image fg-idle\"><figure class=\"fg-item-inner\"><a href=\"http:\/\/cieh-chre.org\/doposlednjeg\/wp-content\/uploads\/sites\/8\/2019\/02\/MG_0816.jpg\" data-caption-desc=\"Zapisnik o saslu\u0161anju Alkalaj Isaka \nIAB UGB SP IV - 26\/14 k 234\/3\" data-attachment-id=\"246\" class=\"fg-thumb\"><span class=\"fg-image-wrap\"><img width=\"1318\" height=\"2084\" class=\"skip-lazy fg-image\" data-src-fg=\"http:\/\/cieh-chre.org\/doposlednjeg\/wp-content\/uploads\/sites\/8\/2019\/02\/MG_0816.jpg\" src=\"data:image\/svg+xml,%3Csvg%20xmlns%3D%22http%3A%2F%2Fwww.w3.org%2F2000%2Fsvg%22%20width%3D%221318%22%20height%3D%222084%22%20viewBox%3D%220%200%201318%202084%22%3E%3C%2Fsvg%3E\"><\/span><span class=\"fg-image-overlay\"><\/span><\/a><figcaption class=\"fg-caption\"><div class=\"fg-caption-inner\"><div class=\"fg-caption-desc\">Zapisnik o saslu\u0161anju Alkalaj Isaka \nIAB UGB SP IV - 26\/14 k 234\/3<\/div><\/div><\/figcaption><\/figure><div class=\"fg-loader\"><\/div><\/div><div class=\"fg-item fg-type-image fg-idle\"><figure class=\"fg-item-inner\"><a href=\"http:\/\/cieh-chre.org\/doposlednjeg\/wp-content\/uploads\/sites\/8\/2019\/02\/MG_0817.jpg\" data-caption-desc=\"Zapisnik o saslu\u0161anju Alkalaj Isaka P2 \nIAB UGB SP IV - 26\/14 k 234\/3\" data-attachment-id=\"247\" class=\"fg-thumb\"><span class=\"fg-image-wrap\"><img width=\"1334\" height=\"2084\" class=\"skip-lazy fg-image\" data-src-fg=\"http:\/\/cieh-chre.org\/doposlednjeg\/wp-content\/uploads\/sites\/8\/2019\/02\/MG_0817.jpg\" src=\"data:image\/svg+xml,%3Csvg%20xmlns%3D%22http%3A%2F%2Fwww.w3.org%2F2000%2Fsvg%22%20width%3D%221334%22%20height%3D%222084%22%20viewBox%3D%220%200%201334%202084%22%3E%3C%2Fsvg%3E\"><\/span><span class=\"fg-image-overlay\"><\/span><\/a><figcaption class=\"fg-caption\"><div class=\"fg-caption-inner\"><div class=\"fg-caption-desc\">Zapisnik o saslu\u0161anju Alkalaj Isaka P2 \nIAB UGB SP IV - 26\/14 k 234\/3<\/div><\/div><\/figcaption><\/figure><div class=\"fg-loader\"><\/div><\/div><\/div>\r\n<\/div><\/div><div id=\"pgc-103-0-1\"  class=\"panel-grid-cell\" ><div id=\"panel-103-0-1-0\" class=\"so-panel widget widget_sow-button panel-first-child\" data-index=\"1\" ><div class=\"so-widget-sow-button so-widget-sow-button-flat-f9ef2d797013-103\"><div class=\"ow-button-base ow-button-align-left\">\n\t<a href=\"https:\/\/geogis.org\/mapesvedocenja\/#17\/44.80354\/20.47933\" class=\"ow-icon-placement-left ow-button-hover\" target=\"_blank\" rel=\"noopener noreferrer\" \t\t>\n\t\t<span>\n\t\t\t<span class=\"sow-icon-fontawesome sow-far\" data-sow-icon=\"&#xf2bb;\"\n\t\t ><\/span>\n\t\t\tLokacija na mapi\t\t<\/span>\n\t<\/a>\n<\/div>\n<\/div><\/div><div id=\"panel-103-0-1-1\" class=\"so-panel widget widget_sow-editor\" data-index=\"2\" ><div class=\"so-widget-sow-editor so-widget-sow-editor-base\"><h3 class=\"widget-title\">Transkript zapisnika o isle\u0111ivanju Alkalaja Isaka<\/h3>\n<div class=\"siteorigin-widget-tinymce textwidget\">\n\t<hr \/>\n<p style=\"text-align: right;\">Ra\u0111eno 16. Decembra\u00a0 1941 godine<\/p>\n<p style=\"text-align: right;\">u odeljenju specijalne policije<\/p>\n<p style=\"text-align: right;\">Uprave grada Beograda<\/p>\n<p>&nbsp;<\/p>\n<p style=\"text-align: center;\"><u>Z\u00a0 A\u00a0 P\u00a0 I\u00a0 S\u00a0 N\u00a0 I\u00a0 K<\/u><\/p>\n<p>&nbsp;<\/p>\n<p>0 saslu\u0161anju ALKALAJA ISAKA, trg. putnika, sa stanom u ulici Kralja Aleksandra br.128\/IV u Beogradu, ro\u0111enog 12-1-1879, u Beogradu, od oca Arona i majke Sare ro\u0111. Eliazar, o\u017eenjen, otac troje dece, vere mojsijeve, po narodnosti Jevrejin, ne ka\u017enjavan niti osu\u0111iven, imovnog stanja slabog, telesno slab podanik biv\u0161e Kr. Jugoslavije, koji o potrebnom upitan izjavi:<\/p>\n<p>U Beogradu \u017eivim od ro\u0111enja i bavio sam se trgova\u010dkim poslovima kao putnik.<\/p>\n<p>Pre dva meseci bio sam sme\u0161ten u logor za Jevreje kod Topovskih \u0161upa u Beogradu. Usled starosti i slabosti pu\u0161ten sam posle petnajest dana iz logora da se kod kuge le\u010dim. Dok sam bio u logoru nisam na radove odre\u0111ivan usled starosti.<\/p>\n<p>Na dan 7 novembra izvadio sam li\u010dnu legitimaciju na ime Ilije Aleksi\u0107a iz Vranje da bi se pod la\u017enim imenom mogao da negde sklonvm i tako zaturim trag o svome boravku.<\/p>\n<p>Ovu legitimaciju izvadio mi je neki Vajs bankarski \u010dinovnik koji se stalno nalazio kod saveza za Jevreje i za nju sam mu platio 126 jer nisam hteo da mu dam vi\u0161e po\u0161to mi je nemogu\u0107e bilo da otputujem u Vranju. Vajsa nisam xxxxxxxxxxxxxx ranije poznavao niti sada znam kaje on ali bi ga mogao poznati. Vajs je star oko 35 godiena, malog rasta, duga\u010dkog nosa, plav i suv.<\/p>\n<p>Verujsm da je ovaj Vajs mnogima nabavio la\u017ene legitimacije i paso\u0161e i to sve za novac ali samo neznam gde i preko koga. Se\u0107am se da je na ovoj legitimaciji pisalo: ,,Stare\u0161ina III Kvarta\" ali se potpisa nese\u0107am.<\/p>\n<p>Na dan 12 decembra t.g.krenuo sam iz Beograda vozom za Po\u017earevac da bi nastavio put ze Petrovac na Mlavi, ali pruga od Po\u017earevca za Petrovac nije redkla to sam krenuo sa kolima i stigao u Petrovac oko 8 \u010dasova uve\u010de i to posle polic. \u010dasa. Po\u0161to smo se kretali po ulici posle odre\u0111enog \u010dasa bio sam uhap\u0161en od strane srpske vojske i na saslu\u0161anju kod njih priznao sam da sam putovao sa la\u017enom legitimacijom u nameri da se zaposlim u \u017dagubici kod nekog kafed\u017eije kao kafekuvar.<\/p>\n<p>Posle dva dana sproveden sam u Beograd ali neznam \u0161ta su uradili sa mojim legitimacijama i imao sam 1800 din u gotovu i jednu zlatnu burmu i jedan par novih skija\u0161kih cipela.<\/p>\n<p>Sve stvari sem legitimacija, novca,burme i cipela skija\u0161kih, doneo sam sa sobom u Upravu grada, \u0161ta je bilo sa ostalim meni je nepoznato.\u00a0 Iz Petrovca sam prvo odveden u Komadu dobrovolja\u010dku u Beogradu pa potom u Upravu.<\/p>\n<p>To je moja izjava i sve su re\u010di u istoj- verno zabele\u017eene, u<\/p>\n<p style=\"text-align: right;\">Pismen,<\/p>\n<p style=\"text-align: right;\">Alkalaj Isak<\/p>\n<\/div>\n<\/div><\/div><div id=\"panel-103-0-1-2\" class=\"so-panel widget widget_sow-editor\" data-index=\"3\" ><div class=\"so-widget-sow-editor so-widget-sow-editor-base\"><h3 class=\"widget-title\">Sprovodnica uhva\u0107enog ALKALAJ ISAKA<\/h3>\n<div class=\"siteorigin-widget-tinymce textwidget\">\n\t<hr \/>\n<p>ODELJENJU SPECIJALNE POLICIJE<\/p>\n<p>Uprave grada Beograda<\/p>\n<p>Pov. II. br.636<\/p>\n<p>17 decembra 1941 godine<\/p>\n<p>BEOGRAD<\/p>\n<p>\u00a0<\/p>\n<p>\u0160EFU OTSEKA ZA JEVREJE<\/p>\n<p>U.G.B.<\/p>\n<p>\u00a0<\/p>\n<p>\u00a0\u00a0\u00a0\u00a0\u00a0\u00a0\u00a0\u00a0\u00a0\u00a0\u00a0\u00a0\u00a0\u00a0\u00a0 Spoovodi se tome otseku ALKALAJ ISAK, trgova\u010dki putnik iz Beograda, ro\u0111en 1886 godine od oca Arona i majke Sare,koji je uhva\u0107en od strane Srpskih dobrovoljaca u Petrovcu na Mlavi na dan 12 decembra t.g. sa la\u017enom legitikacijom Ilija ALEKSI\u0106 iz Vranje, sa molbom na nadle\u017enost.<\/p>\n<p>\u00a0\u00a0\u00a0\u00a0\u00a0\u00a0\u00a0\u00a0\u00a0\u00a0\u00a0\u00a0\u00a0\u00a0\u00a0 Imenovani je pobegao iz Beograda na dan. 12 decembra t.g. da se u \u017dagubaci zaposli pod la\u017enim inenom kako bi zaturio trag o sebi.<\/p>\n<p>\u00a0\u00a0\u00a0\u00a0\u00a0\u00a0\u00a0\u00a0\u00a0\u00a0\u00a0\u00a0\u00a0\u00a0\u00a0\u00a0\u00a0\u00a0\u00a0\u00a0\u00a0\u00a0\u00a0\u00a0\u00a0\u00a0\u00a0\u00a0\u00a0\u00a0\u00a0\u00a0\u00a0\u00a0\u00a0\u00a0\u00a0\u00a0\u00a0\u00a0\u00a0\u00a0\u00a0\u00a0\u00a0\u00a0\u00a0\u00a0\u00a0\u00a0\u00a0\u00a0\u00a0\u00a0\u00a0\u00a0\u00a0\u00a0\u00a0\u00a0\u00a0\u00a0\u00a0<\/p>\n<p style=\"text-align: center;\">\u00a0 \u00a0Pe\u010dat: Po naredbi<\/p>\n<p style=\"text-align: center;\">\u0160efa otseka specijalne policije<\/p>\n<p style=\"text-align: center;\">\u0160ef IV otseka<\/p>\n<p>\u00a0\u00a0\u00a0\u00a0\u00a0\u00a0\u00a0\u00a0\u00a0\u00a0\u00a0\u00a0\u00a0\u00a0\u00a0\u00a0\u00a0\u00a0\u00a0\u00a0\u00a0\u00a0\u00a0\u00a0\u00a0\u00a0\u00a0\u00a0\u00a0\u00a0\u00a0\u00a0\u00a0\u00a0\u00a0\u00a0\u00a0\u00a0\u00a0\u00a0\u00a0\u00a0\u00a0\u00a0\u00a0\u00a0\u00a0\u00a0\u00a0\u00a0\u00a0\u00a0\u00a0\u00a0\u00a0\u00a0\u00a0\u00a0\u00a0\u00a0\u00a0\u00a0\u00a0\u00a0\u00a0\u00a0\u00a0\u00a0\u00a0\u00a0\u00a0\u00a0\u00a0\u00a0\u00a0\u00a0\u00a0\u00a0\u00a0 Potpis: Be\u0107arevi\u0107<\/p>\n<p>\u00a0<\/p>\n<p>Sig: IAB UGB SP IV - 26\/14k 234\/3<\/p>\n<\/div>\n<\/div><\/div><div id=\"panel-103-0-1-3\" class=\"so-panel widget widget_sow-editor\" data-index=\"4\" ><div class=\"so-widget-sow-editor so-widget-sow-editor-base\"><h3 class=\"widget-title\">Izve\u0161taj specijalne policije \u0161tabu dobrovolja\u010dke komande o prijemu Alkalaj Isaka<\/h3>\n<div class=\"siteorigin-widget-tinymce textwidget\">\n\t<hr \/>\n<p>UPRAVA GRADA BEOGRADA<\/p>\n<p>ODELJENJE SPECIJALNE POLICIJE<\/p>\n<p>Pov. II Br. 636<\/p>\n<p>17 decembra 1941 godine<\/p>\n<p>Beograd<\/p>\n<p>\u00a0<\/p>\n<p>\u0160TABU SRPSKE DOBROVOLJA\u010cKE KOMANDE<\/p>\n<p>Obave\u0161tajni odsek<\/p>\n<p>\u00a0<\/p>\n<p>Sa aktom toga \u0161taba Pov. br. 448 na da 15 decembra t. g. ovo odeljenje izme\u0111u ostalih primilo je i ALKALAJ ISAKA, trpova\u010dkog putnika,jevrejina iz Beograda, koji je uhap\u0161en u Petrovcu na Mlavi.<\/p>\n<p>\u00a0\u00a0\u00a0\u00a0\u00a0\u00a0\u00a0\u00a0\u00a0\u00a0\u00a0\u00a0\u00a0\u00a0\u00a0 Kako je imenovani imao prilikom hapseva u Petrovcu la\u017enu li\u010dnu legitimaciju, na ime Ilije Aleksi\u0107a iz Vranje, to se umoljavate da \u0161to pre dostavite ovome odaljenju oduzetu legitimaciju, radi vo\u0111enja postupka protiv onih koji su izdavali la\u017ene legitimecije jevrejima.<\/p>\n<p>\u00a0\u00a0\u00a0\u00a0\u00a0\u00a0\u00a0\u00a0\u00a0\u00a0\u00a0\u00a0\u00a0\u00a0\u00a0 I ujedno se izve\u0161tavate, radi znana, da je Alkalaj izjavio da mu je prilikom hap\u0161enja oduzeto 1800 dinara u gotovu, jedna zlatna burma i jedan par novih skija\u010dkih cipela.<\/p>\n<p>\u00a0<\/p>\n<p>\u00a0\u00a0\u00a0\u00a0\u00a0\u00a0\u00a0\u00a0\u00a0\u00a0\u00a0\u00a0\u00a0\u00a0\u00a0\u00a0\u00a0\u00a0\u00a0\u00a0\u00a0\u00a0\u00a0\u00a0\u00a0\u00a0\u00a0\u00a0\u00a0\u00a0\u00a0\u00a0\u00a0\u00a0\u00a0\u00a0\u00a0\u00a0\u00a0\u00a0\u00a0\u00a0\u00a0\u00a0\u00a0\u00a0\u00a0\u00a0\u00a0\u00a0\u00a0\u00a0\u00a0\u00a0\u00a0\u00a0\u00a0\u00a0\u00a0\u00a0\u00a0\u00a0\u00a0\u00a0\u00a0\u00a0\u00a0\u00a0\u00a0\u00a0\u00a0\u00a0\u00a0\u00a0\u00a0\u00a0\u00a0\u00a0\u00a0\u00a0\u00a0\u00a0\u00a0\u00a0\u00a0\u00a0\u00a0\u00a0\u00a0\u00a0\u00a0\u00a0\u00a0\u00a0\u00a0 Pe\u010dat:\u00a0\u00a0 Po naredbi \u0161efa Odeljenja Specijalne Policije<\/p>\n<p>\u00a0\u00a0\u00a0\u00a0\u00a0\u00a0\u00a0\u00a0\u00a0\u00a0\u00a0\u00a0\u00a0\u00a0\u00a0\u00a0\u00a0\u00a0\u00a0\u00a0\u00a0\u00a0\u00a0\u00a0\u00a0\u00a0\u00a0\u00a0\u00a0\u00a0\u00a0\u00a0\u00a0\u00a0\u00a0\u00a0\u00a0\u00a0\u00a0\u00a0\u00a0\u00a0\u00a0\u00a0\u00a0\u00a0\u00a0\u00a0\u00a0\u00a0\u00a0\u00a0\u00a0\u00a0\u00a0\u00a0\u00a0\u00a0\u00a0\u00a0\u00a0\u00a0\u00a0\u00a0\u00a0\u00a0\u00a0\u00a0\u00a0\u00a0\u00a0\u00a0\u00a0\u00a0\u00a0\u00a0\u00a0\u00a0\u00a0\u00a0\u00a0\u00a0\u00a0\u00a0\u00a0\u00a0\u00a0\u00a0\u00a0\u00a0\u00a0\u00a0\u00a0\u00a0\u00a0 Potpis: Be\u0107arevi\u0107<\/p>\n<p>\u00a0<\/p>\n<p>Sig: IAB UGB SP IV-26\/14 K234\/3<\/p>\n<\/div>\n<\/div><\/div><div id=\"panel-103-0-1-4\" class=\"so-panel widget widget_sow-editor\" data-index=\"5\" ><div class=\"so-widget-sow-editor so-widget-sow-editor-base\"><h3 class=\"widget-title\">Propratnica dostave legitimacije i fotografije Alkalaj Isaka<\/h3>\n<div class=\"siteorigin-widget-tinymce textwidget\">\n\t<hr \/>\n<p>Pe\u010dat:\u00a0 \u00a0 Uprava Grada Beograda<\/p>\n<p>\u00a0\u00a0\u00a0\u00a0\u00a0\u00a0\u00a0\u00a0\u00a0\u00a0\u00a0\u00a0\u00a0\u00a0\u00a0 Odeljenje specijalne policije<\/p>\n<p>\u00a0\u00a0\u00a0\u00a0\u00a0\u00a0\u00a0\u00a0\u00a0\u00a0\u00a0\u00a0\u00a0\u00a0\u00a0 POLIZEIPRASIDIUM - BELGRAD<\/p>\n<p>\u00a0\u00a0\u00a0\u00a0\u00a0\u00a0\u00a0\u00a0\u00a0\u00a0\u00a0\u00a0\u00a0\u00a0\u00a0 Spezialpolizeiabteilung<\/p>\n<p>\u00a0\u00a0\u00a0\u00a0\u00a0\u00a0\u00a0\u00a0\u00a0\u00a0\u00a0\u00a0\u00a0\u00a0\u00a0 K.Pov. II No 710<\/p>\n<p>\u00a0\u00a0\u00a0\u00a0\u00a0\u00a0\u00a0\u00a0\u00a0\u00a0\u00a0\u00a0\u00a0\u00a0\u00a0 18 januara 1942<\/p>\n<p>\u00a0<\/p>\n<p>\u0160EFU OTSEKA ZA JEVREJE<\/p>\n<p>UPRAVE GRADA BEOGRADA<\/p>\n<p><u>B\u00a0 E\u00a0 O\u00a0 G\u00a0 R\u00a0 A\u00a0 D<\/u><\/p>\n<p>\u00a0<\/p>\n<p>\u00a0\u00a0\u00a0\u00a0\u00a0\u00a0\u00a0\u00a0\u00a0\u00a0\u00a0\u00a0\u00a0\u00a0\u00a0 U vezi akta ovog Odeljenja Pov. II br.636 od 17 decembra 1941 godine, dostavljaju se legitimacije i fotografije Alkalaj A. Isaka, koje su primljene naknadno od \u0160taba srpske dobrovolja\u010dke komande.<\/p>\n<p>\u00a0\u00a0\u00a0\u00a0\u00a0\u00a0\u00a0\u00a0\u00a0\u00a0\u00a0\u00a0\u00a0\u00a0\u00a0 Pe\u010dat: Po naredbi \u0160efa Odeljenja specijalne policije\u0160ef IV odseka<\/p>\n<p>\u00a0\u00a0\u00a0\u00a0\u00a0\u00a0\u00a0\u00a0\u00a0\u00a0\u00a0\u00a0\u00a0\u00a0\u00a0 Paraf: Be\u0107arevi\u0107<\/p>\n<p>\u00a0<\/p>\n<p>Sig: IAB UGB SP IV -26\/14 k 234\/3<\/p>\n<\/div>\n<\/div><\/div><div id=\"panel-103-0-1-5\" class=\"so-panel widget widget_sow-editor panel-last-child\" data-index=\"6\" ><div class=\"so-widget-sow-editor so-widget-sow-editor-base\"><h3 class=\"widget-title\">Odgovor srpske dobrovolja\u010dke komande specijalnoj policiji<\/h3>\n<div class=\"siteorigin-widget-tinymce textwidget\">\n\t<hr \/>\n<p>Pe\u010dat: \u00a0 \u0160TAB<\/p>\n<p>\u00a0\u00a0\u00a0\u00a0\u00a0\u00a0\u00a0\u00a0\u00a0\u00a0\u00a0\u00a0\u00a0\u00a0\u00a0 SRPSKE DOBROVOLJA\u010cKE KOMANDE<\/p>\n<p>\u00a0\u00a0\u00a0\u00a0\u00a0\u00a0\u00a0\u00a0\u00a0\u00a0\u00a0\u00a0\u00a0\u00a0\u00a0 OBAVE\u0160TAJNI OTSEK<\/p>\n<p>\u00a0\u00a0\u00a0\u00a0\u00a0\u00a0\u00a0\u00a0\u00a0\u00a0\u00a0\u00a0\u00a0\u00a0\u00a0 Pov. Br. 523<\/p>\n<p>\u00a0\u00a0\u00a0\u00a0\u00a0\u00a0\u00a0\u00a0\u00a0\u00a0\u00a0\u00a0\u00a0\u00a0\u00a0 21 XII 1941 god.<\/p>\n<p>\u00a0\u00a0\u00a0\u00a0\u00a0\u00a0\u00a0\u00a0\u00a0\u00a0\u00a0\u00a0\u00a0\u00a0\u00a0 -BEOGRAD-<\/p>\n<p>Rukopis naznaka: <u>HITNO<\/u><\/p>\n<p>\u00a0<\/p>\n<p>UPRAVNIKU GRADA BEOGRADA<\/p>\n<p>odelenju specijalne policije<\/p>\n<p><u>\u00a0<\/u><\/p>\n<p style=\"text-align: center;\"><u>B\u00a0 E\u00a0 O\u00a0 G\u00a0 R\u00a0 A\u00a0 D<\/u><\/p>\n<p>\u00a0<\/p>\n<p>\u00a0\u00a0\u00a0\u00a0\u00a0\u00a0\u00a0\u00a0\u00a0\u00a0\u00a0\u00a0\u00a0\u00a0\u00a0 U vezi Va\u0161eg tra\u017eenja pov. II. br. 636 od 17 XII 941. u prilogu pod \u010dast mi je dostaviti na\u0111ene legitimacije i slike kod uhap\u0161enog ALKALAJA ISAKA, jevrejina.<\/p>\n<p>\u00a0\u00a0\u00a0\u00a0\u00a0\u00a0\u00a0\u00a0\u00a0\u00a0\u00a0\u00a0\u00a0\u00a0\u00a0 Za novac i druga stvari navodno na\u0111ene kod uhap\u0161enogr povedzn je izvi\u0111aj i \u010dim se utvrdi ta\u010dnost navoda podme\u0107e se izve\u0161taj.<\/p>\n<p>Rukom: Prilog: 2 legitimacije i slike<\/p>\n<p>Gr .\u00a0\u00a0\u00a0\u00a0\u00a0\u00a0\u00a0\u00a0\u00a0\u00a0\u00a0\u00a0\u00a0\u00a0\u00a0\u00a0\u00a0\u00a0\u00a0\u00a0\u00a0\u00a0\u00a0\u00a0\u00a0\u00a0\u00a0\u00a0\u00a0\u00a0\u00a0\u00a0\u00a0\u00a0\u00a0\u00a0\u00a0\u00a0\u00a0\u00a0\u00a0\u00a0\u00a0\u00a0\u00a0\u00a0\u00a0\u00a0\u00a0\u00a0\u00a0\u00a0\u00a0\u00a0\u00a0\u00a0\u00a0\u00a0\u00a0\u00a0\u00a0\u00a0\u00a0\u00a0\u00a0\u00a0\u00a0\u00a0\u00a0\u00a0\u00a0\u00a0\u00a0\u00a0\u00a0\u00a0\u00a0\u00a0\u00a0\u00a0\u00a0\u00a0\u00a0\u00a0\u00a0\u00a0\u00a0\u00a0\u00a0\u00a0\u00a0\u00a0\u00a0\u00a0\u00a0\u00a0\u00a0\u00a0\u00a0\u00a0\u00a0\u00a0\u00a0\u00a0 ZASTUPNIK KOMANDANTA,<\/p>\n<p>\u00a0\u00a0\u00a0\u00a0\u00a0\u00a0\u00a0\u00a0\u00a0\u00a0\u00a0\u00a0\u00a0\u00a0\u00a0\u00a0\u00a0\u00a0\u00a0\u00a0\u00a0\u00a0\u00a0\u00a0\u00a0\u00a0\u00a0\u00a0\u00a0\u00a0\u00a0\u00a0\u00a0\u00a0\u00a0\u00a0\u00a0\u00a0\u00a0\u00a0\u00a0\u00a0\u00a0\u00a0\u00a0\u00a0\u00a0\u00a0\u00a0\u00a0\u00a0\u00a0\u00a0\u00a0\u00a0\u00a0\u00a0\u00a0\u00a0\u00a0\u00a0\u00a0\u00a0\u00a0\u00a0\u00a0\u00a0\u00a0\u00a0\u00a0\u00a0\u00a0\u00a0\u00a0\u00a0\u00a0\u00a0\u00a0\u00a0\u00a0\u00a0\u00a0\u00a0\u00a0\u00a0\u00a0\u00a0\u00a0\u00a0\u00a0\u00a0\u00a0\u00a0\u00a0\u00a0\u00a0\u00a0\u00a0\u00a0\u00a0\u00a0\u00a0\u00a0\u00a0\u00a0\u00a0\u00a0\u00a0\u00a0\u00a0\u00a0\u00a0\u00a0\u00a0\u00a0\u00a0\u00a0\u00a0\u00a0\u00a0\u00a0\u00a0\u00a0\u00a0\u00a0\u00a0\u00a0 Pukovnik<\/p>\n<p>\u00a0\u00a0\u00a0\u00a0\u00a0\u00a0\u00a0\u00a0\u00a0\u00a0\u00a0\u00a0\u00a0\u00a0\u00a0 Pe\u010dat: \u00a0 UPRAVA GRADA BEOGRADA<\/p>\n<p>\u00a0\u00a0\u00a0\u00a0\u00a0\u00a0\u00a0\u00a0\u00a0\u00a0\u00a0\u00a0\u00a0\u00a0\u00a0\u00a0\u00a0\u00a0\u00a0\u00a0\u00a0\u00a0\u00a0\u00a0\u00a0\u00a0\u00a0\u00a0\u00a0\u00a0\u00a0 ODELJENJE SPECIJALNE POLICIJE<\/p>\n<p>\u00a0\u00a0\u00a0\u00a0\u00a0\u00a0\u00a0\u00a0\u00a0\u00a0\u00a0\u00a0\u00a0\u00a0\u00a0\u00a0\u00a0\u00a0\u00a0\u00a0\u00a0\u00a0\u00a0\u00a0\u00a0\u00a0\u00a0\u00a0\u00a0\u00a0\u00a0 Polizei presidium Belgrad<\/p>\n<p>\u00a0\u00a0\u00a0\u00a0\u00a0\u00a0\u00a0\u00a0\u00a0\u00a0\u00a0\u00a0\u00a0\u00a0\u00a0\u00a0\u00a0\u00a0\u00a0\u00a0\u00a0\u00a0\u00a0\u00a0\u00a0\u00a0\u00a0\u00a0\u00a0\u00a0\u00a0 Spezialpolitzeiabteilung<\/p>\n<p>\u00a0\u00a0\u00a0\u00a0\u00a0\u00a0\u00a0\u00a0\u00a0\u00a0\u00a0\u00a0\u00a0\u00a0\u00a0\u00a0\u00a0\u00a0\u00a0\u00a0\u00a0\u00a0\u00a0\u00a0\u00a0\u00a0\u00a0\u00a0\u00a0\u00a0\u00a0 Pov. II No 710<\/p>\n<p>\u00a0\u00a0\u00a0\u00a0\u00a0\u00a0\u00a0\u00a0\u00a0\u00a0\u00a0\u00a0\u00a0\u00a0\u00a0\u00a0\u00a0\u00a0\u00a0\u00a0\u00a0\u00a0\u00a0\u00a0\u00a0\u00a0\u00a0\u00a0\u00a0\u00a0\u00a0 22 decembra 1941<\/p>\n<\/div>\n<\/div><\/div><\/div><\/div><div id=\"pg-103-1\"  class=\"panel-grid panel-no-style\" ><div id=\"pgc-103-1-0\"  class=\"panel-grid-cell\" ><div id=\"panel-103-1-0-0\" class=\"so-panel widget widget_sow-editor panel-first-child\" data-index=\"7\" ><div class=\"so-widget-sow-editor so-widget-sow-editor-base\"><h3 class=\"widget-title\">Projekat su podr\u017eali<\/h3>\n<div class=\"siteorigin-widget-tinymce textwidget\">\n\t<hr \/>\n<p style=\"text-align: center;\">Projekat je realizovan sredstvima iz prvog ciklusa finansiranja programa iz oblasti nauke, kulture i obrazovanja Saveza jevrejskih op\u0161tina Srbije, vezanih za Holokaust u Srbiji, podr\u017eanih sredstvima Republike Srbije na osnovu Zakona o otklanjanju posledica oduzimanja imovine \u017ertava Holokausta bez \u017eivih zakonskih naslednika. Dodatna sredstva obezbe\u0111ena su ljubazno\u0161\u0107u Westbury group. Tehnolo\u0161ki partner: GDI Solutions d.o.o.<\/p>\n<\/div>\n<\/div><\/div><div id=\"panel-103-1-0-1\" class=\"so-panel widget widget_sow-editor\" data-index=\"8\" ><div class=\"so-widget-sow-editor so-widget-sow-editor-base\">\n<div class=\"siteorigin-widget-tinymce textwidget\">\n\t<hr \/>\n<div class=\"foogallery foogallery-container foogallery-default foogallery-lightbox-foobox fg-gutter-10 fg-center fg-default fg-light fg-loaded-fade-in fg-hover-fade fg-ready\" id=\"foogallery-gallery-485\" data-foogallery=\"{&quot;item&quot;:{&quot;showCaptionTitle&quot;:false,&quot;showCaptionDescription&quot;:false},&quot;lazy&quot;:true}\" >\r\n\t<div class=\"fg-item fg-type-image fg-idle\"><figure class=\"fg-item-inner\"><a href=\"http:\/\/cieh-chre.org\/\" data-attachment-id=\"481\" class=\"fg-thumb\"><span class=\"fg-image-wrap\"><img height=\"60\" width=\"101\" class=\"skip-lazy fg-image\" data-src-fg=\"http:\/\/cieh-chre.org\/doposlednjeg\/wp-content\/uploads\/sites\/8\/cache\/2019\/03\/CHRE-logo-reconstruct-pg4-5-lat-2-e1552014023403\/235735445.png\" src=\"data:image\/svg+xml,%3Csvg%20xmlns%3D%22http%3A%2F%2Fwww.w3.org%2F2000%2Fsvg%22%20width%3D%22101%22%20height%3D%2260%22%20viewBox%3D%220%200%20101%2060%22%3E%3C%2Fsvg%3E\"><\/span><span class=\"fg-image-overlay\"><\/span><\/a><figcaption class=\"fg-caption\"><div class=\"fg-caption-inner\"><\/div><\/figcaption><\/figure><div class=\"fg-loader\"><\/div><\/div><div class=\"fg-item fg-type-image fg-idle\"><figure class=\"fg-item-inner\"><a href=\"http:\/\/www.mfin.gov.rs\/\" target=\"_blank\" data-attachment-id=\"524\" class=\"fg-thumb\"><span class=\"fg-image-wrap\"><img height=\"60\" width=\"170\" class=\"skip-lazy fg-image\" data-src-fg=\"http:\/\/cieh-chre.org\/doposlednjeg\/wp-content\/uploads\/sites\/8\/cache\/2019\/03\/RS-min-fin-e1552044420166\/4181945008.png\" src=\"data:image\/svg+xml,%3Csvg%20xmlns%3D%22http%3A%2F%2Fwww.w3.org%2F2000%2Fsvg%22%20width%3D%22170%22%20height%3D%2260%22%20viewBox%3D%220%200%20170%2060%22%3E%3C%2Fsvg%3E\"><\/span><span class=\"fg-image-overlay\"><\/span><\/a><figcaption class=\"fg-caption\"><div class=\"fg-caption-inner\"><\/div><\/figcaption><\/figure><div class=\"fg-loader\"><\/div><\/div><div class=\"fg-item fg-type-image fg-idle\"><figure class=\"fg-item-inner\"><a href=\"http:\/\/www.savezjos.org\/\" target=\"_blank\" data-caption-desc=\"&lt;a href=&quot;http:\/\/www.savezjos.org\/&quot; rel=&quot;noopener&quot; target=&quot;_blank&quot;&gt;&lt;\/a&gt;\" data-attachment-id=\"521\" class=\"fg-thumb\"><span class=\"fg-image-wrap\"><img height=\"60\" width=\"182\" class=\"skip-lazy fg-image\" data-src-fg=\"http:\/\/cieh-chre.org\/doposlednjeg\/wp-content\/uploads\/sites\/8\/cache\/2019\/03\/sjos-siv-e1552040012356\/780951359.jpg\" src=\"data:image\/svg+xml,%3Csvg%20xmlns%3D%22http%3A%2F%2Fwww.w3.org%2F2000%2Fsvg%22%20width%3D%22182%22%20height%3D%2260%22%20viewBox%3D%220%200%20182%2060%22%3E%3C%2Fsvg%3E\"><\/span><span class=\"fg-image-overlay\"><\/span><\/a><figcaption class=\"fg-caption\"><div class=\"fg-caption-inner\"><\/div><\/figcaption><\/figure><div class=\"fg-loader\"><\/div><\/div><div class=\"fg-item fg-type-image fg-idle\"><figure class=\"fg-item-inner\"><a href=\"http:\/\/westburyeurope.org\/\" target=\"_blank\" data-caption-desc=\"&lt;a href=&quot;http:\/\/westburyeurope.org\/&quot; rel=&quot;noopener&quot; target=&quot;_blank&quot;&gt;&lt;\/a&gt;\" data-attachment-id=\"484\" class=\"fg-thumb\"><span class=\"fg-image-wrap\"><img height=\"60\" width=\"287\" class=\"skip-lazy fg-image\" data-src-fg=\"http:\/\/cieh-chre.org\/doposlednjeg\/wp-content\/uploads\/sites\/8\/cache\/2019\/03\/westbury-450-e1552014096489\/1505565951.png\" src=\"data:image\/svg+xml,%3Csvg%20xmlns%3D%22http%3A%2F%2Fwww.w3.org%2F2000%2Fsvg%22%20width%3D%22287%22%20height%3D%2260%22%20viewBox%3D%220%200%20287%2060%22%3E%3C%2Fsvg%3E\"><\/span><span class=\"fg-image-overlay\"><\/span><\/a><figcaption class=\"fg-caption\"><div class=\"fg-caption-inner\"><\/div><\/figcaption><\/figure><div class=\"fg-loader\"><\/div><\/div><div class=\"fg-item fg-type-image fg-idle\"><figure class=\"fg-item-inner\"><a href=\"https:\/\/www.geogis.org\/index.html\" target=\"_blank\" data-attachment-id=\"726\" class=\"fg-thumb\"><span class=\"fg-image-wrap\"><img height=\"60\" width=\"60\" class=\"skip-lazy fg-image\" data-src-fg=\"http:\/\/cieh-chre.org\/doposlednjeg\/wp-content\/uploads\/sites\/8\/cache\/2021\/07\/logo-light-bg\/1658304011.png\" src=\"data:image\/svg+xml,%3Csvg%20xmlns%3D%22http%3A%2F%2Fwww.w3.org%2F2000%2Fsvg%22%20width%3D%2260%22%20height%3D%2260%22%20viewBox%3D%220%200%2060%2060%22%3E%3C%2Fsvg%3E\"><\/span><span class=\"fg-image-overlay\"><\/span><\/a><figcaption class=\"fg-caption\"><div class=\"fg-caption-inner\"><\/div><\/figcaption><\/figure><div class=\"fg-loader\"><\/div><\/div><div class=\"fg-item fg-type-image fg-idle\"><figure class=\"fg-item-inner\"><a href=\"https:\/\/www.teamcad.rs\/index.php\/srb\/\" target=\"_blank\" data-attachment-id=\"725\" class=\"fg-thumb\"><span class=\"fg-image-wrap\"><img height=\"60\" width=\"154\" class=\"skip-lazy fg-image\" data-src-fg=\"http:\/\/cieh-chre.org\/doposlednjeg\/wp-content\/uploads\/sites\/8\/2021\/07\/LOGO_TeamCAD_logo.png\" src=\"data:image\/svg+xml,%3Csvg%20xmlns%3D%22http%3A%2F%2Fwww.w3.org%2F2000%2Fsvg%22%20width%3D%22154%22%20height%3D%2260%22%20viewBox%3D%220%200%20154%2060%22%3E%3C%2Fsvg%3E\"><\/span><span class=\"fg-image-overlay\"><\/span><\/a><figcaption class=\"fg-caption\"><div class=\"fg-caption-inner\"><\/div><\/figcaption><\/figure><div class=\"fg-loader\"><\/div><\/div><\/div>\r\n\n<\/div>\n<\/div><\/div><div id=\"panel-103-1-0-2\" class=\"so-panel widget widget_sow-editor panel-last-child\" data-index=\"9\" ><div class=\"so-widget-sow-editor so-widget-sow-editor-base\">\n<div class=\"siteorigin-widget-tinymce textwidget\">\n\t<hr \/>\n<p style=\"text-align: center;\"><span style=\"color: #003366;\">Kontakt: Centar za istra\u017eivanje i edukaciju\u00a0o Holokaustu - CIEH, <\/span><span style=\"color: #003366;\">tel: <span style=\"color: #993300;\">+38163247856<\/span>, e-mail: <span style=\"color: #993300;\"><a style=\"color: #993300;\" href=\"mailto:\/\/cieh1chre@gmail.com\" target=\"_blank\" rel=\"noopener noreferrer\">cieh1chre@gmail.com<\/a><\/span> web: <span style=\"color: #993300;\"><a style=\"color: #993300;\" href=\"www.cieh-chre.org\" target=\"_blank\" rel=\"noopener noreferrer\">www.cieh-chre.org<\/a><\/span><\/span><\/p>\n<hr \/>\n<\/div>\n<\/div><\/div><\/div><\/div><\/div>","protected":false},"excerpt":{"rendered":"<p>Ra\u0111eno 16. Decembra\u00a0 1941 godine u odeljenju specijalne policije Uprave grada Beograda &nbsp; Z\u00a0 A\u00a0 P\u00a0 I\u00a0 S\u00a0 N\u00a0 I\u00a0 K &nbsp; 0 saslu\u0161anju ALKALAJA ISAKA, trg. putnika, sa stanom u ulici Kralja Aleksandra br.128\/IV u Beogradu, ro\u0111enog 12-1-1879, u Beogradu, od oca Arona i majke Sare ro\u0111. Eliazar, o\u017eenjen, otac troje dece, vere mojsijeve, [&hellip;]<\/p>\n","protected":false},"author":2,"featured_media":0,"parent":0,"menu_order":0,"comment_status":"closed","ping_status":"closed","template":"","meta":[],"acf":[],"wps_subtitle":"","_links":{"self":[{"href":"http:\/\/cieh-chre.org\/doposlednjeg\/wp-json\/wp\/v2\/pages\/103"}],"collection":[{"href":"http:\/\/cieh-chre.org\/doposlednjeg\/wp-json\/wp\/v2\/pages"}],"about":[{"href":"http:\/\/cieh-chre.org\/doposlednjeg\/wp-json\/wp\/v2\/types\/page"}],"author":[{"embeddable":true,"href":"http:\/\/cieh-chre.org\/doposlednjeg\/wp-json\/wp\/v2\/users\/2"}],"replies":[{"embeddable":true,"href":"http:\/\/cieh-chre.org\/doposlednjeg\/wp-json\/wp\/v2\/comments?post=103"}],"version-history":[{"count":25,"href":"http:\/\/cieh-chre.org\/doposlednjeg\/wp-json\/wp\/v2\/pages\/103\/revisions"}],"predecessor-version":[{"id":678,"href":"http:\/\/cieh-chre.org\/doposlednjeg\/wp-json\/wp\/v2\/pages\/103\/revisions\/678"}],"wp:attachment":[{"href":"http:\/\/cieh-chre.org\/doposlednjeg\/wp-json\/wp\/v2\/media?parent=103"}],"curies":[{"name":"wp","href":"https:\/\/api.w.org\/{rel}","templated":true}]}}