{"id":113,"date":"2019-02-20T09:34:02","date_gmt":"2019-02-20T09:34:02","guid":{"rendered":"http:\/\/cieh-chre.org\/doposlednjeg\/?page_id=113"},"modified":"2021-07-06T22:53:41","modified_gmt":"2021-07-06T21:53:41","slug":"elvira-kolb-2-2-10-2","status":"publish","type":"page","link":"http:\/\/cieh-chre.org\/doposlednjeg\/elvira-kolb-2-2-10-2\/","title":{"rendered":"Elvira Kolb"},"content":{"rendered":"<div id=\"pl-113\"  class=\"panel-layout\" ><div id=\"pg-113-0\"  class=\"panel-grid panel-no-style\" ><div id=\"pgc-113-0-0\"  class=\"panel-grid-cell\" ><div id=\"panel-113-0-0-0\" class=\"so-panel widget widget_foogallery_widget foogallery_widget panel-first-child panel-last-child\" data-index=\"0\" ><div class=\"foogallery foogallery-container foogallery-default foogallery-lightbox-foobox fg-gutter-10 fg-center fg-default fg-light fg-border-thin fg-shadow-outline fg-loading-partial fg-loaded-fade-in fg-caption-hover fg-hover-fade fg-hover-zoom fg-ready\" id=\"foogallery-gallery-315\" data-foogallery=\"{&quot;item&quot;:{&quot;showCaptionTitle&quot;:true,&quot;showCaptionDescription&quot;:true},&quot;lazy&quot;:true}\" >\r\n\t<div class=\"fg-item fg-type-image fg-idle\"><figure class=\"fg-item-inner\"><a href=\"http:\/\/cieh-chre.org\/doposlednjeg\/wp-content\/uploads\/sites\/8\/2019\/02\/MG_2928.jpg\" data-caption-desc=\"Zapisnik saslu\u0161anja Elvire Kolb \nSig. IAB UGB - SP III - 8\/2, k. 144\/4\" data-attachment-id=\"314\" class=\"fg-thumb\"><span class=\"fg-image-wrap\"><img width=\"1357\" height=\"2084\" class=\"skip-lazy fg-image\" data-src-fg=\"http:\/\/cieh-chre.org\/doposlednjeg\/wp-content\/uploads\/sites\/8\/2019\/02\/MG_2928.jpg\" src=\"data:image\/svg+xml,%3Csvg%20xmlns%3D%22http%3A%2F%2Fwww.w3.org%2F2000%2Fsvg%22%20width%3D%221357%22%20height%3D%222084%22%20viewBox%3D%220%200%201357%202084%22%3E%3C%2Fsvg%3E\"><\/span><span class=\"fg-image-overlay\"><\/span><\/a><figcaption class=\"fg-caption\"><div class=\"fg-caption-inner\"><div class=\"fg-caption-desc\">Zapisnik saslu\u0161anja Elvire Kolb \nSig. IAB UGB - SP III - 8\/2, k. 144\/4<\/div><\/div><\/figcaption><\/figure><div class=\"fg-loader\"><\/div><\/div><\/div>\r\n<\/div><\/div><div id=\"pgc-113-0-1\"  class=\"panel-grid-cell\" ><div id=\"panel-113-0-1-0\" class=\"so-panel widget widget_sow-button panel-first-child\" data-index=\"1\" ><div class=\"so-widget-sow-button so-widget-sow-button-flat-f9ef2d797013-113\"><div class=\"ow-button-base ow-button-align-left\">\n\t<a href=\"https:\/\/geogis.org\/mapesvedocenja\/#19\/44.80565\/20.48887\" class=\"ow-icon-placement-left ow-button-hover\" target=\"_blank\" rel=\"noopener noreferrer\" \t\t>\n\t\t<span>\n\t\t\t<span class=\"sow-icon-fontawesome sow-far\" data-sow-icon=\"&#xf2bb;\"\n\t\t ><\/span>\n\t\t\tLokacija na mapi\t\t<\/span>\n\t<\/a>\n<\/div>\n<\/div><\/div><div id=\"panel-113-0-1-1\" class=\"so-panel widget widget_sow-editor panel-last-child\" data-index=\"2\" ><div class=\"so-widget-sow-editor so-widget-sow-editor-base\"><h3 class=\"widget-title\">Transkript zapisnika o isle\u0111ivanju Elvire Kolb<\/h3>\n<div class=\"siteorigin-widget-tinymce textwidget\">\n\t<hr \/>\n<p style=\"text-align: right;\">Radjeno 12. decembra 1941. godine u Odelenju<\/p>\n<p style=\"text-align: right;\">specijalne policije Uprave grada Beegrada.<\/p>\n<p>\u00a0<\/p>\n<p style=\"text-align: center;\">__Z__A__P__I__S__N__I__K__<\/p>\n<p>\u00a0<\/p>\n<p>\u00a0\u00a0\u00a0\u00a0\u00a0\u00a0\u00a0\u00a0\u00a0\u00a0\u00a0\u00a0\u00a0\u00a0\u00a0 o saslu\u0161anju Popovi\u0107 Milice ,rodjene Elvira Kolb, po zanimanju doma\u0107ice iz Beograda, Sazonova \u00a0ulica br. 55., rodjene 11. II 1916. godine u Golukbincima srez Stara Pazova, od oca Adolfa i majke Ilone, udata, majka jednog deteta, podanice Srpske, \u00a0neosu\u0111ivane, koja na postavljena pitanja dade slede\u0107i odgovor.<\/p>\n<p>\u00a0\u00a0\u00a0\u00a0\u00a0\u00a0\u00a0\u00a0\u00a0\u00a0\u00a0\u00a0\u00a0\u00a0\u00a0 Pre moje udaje za Nikolu Popovi\u0107a ja sam \u017eivila stalno u Golubincima u Beograd sam dolazila samo kao devoj\u010dica, dok sam poha\u0111ala II \u017eensku gimnaziju, gde sam svr\u0161ila dva razreda. Posle prekida \u0161kole ja sam se posvetila doma\u0107im poslovima, a 1931. godine svr\u0161ila sam daktilografski kurs u Beogradu.<\/p>\n<p>\u00a0\u00a0\u00a0\u00a0\u00a0\u00a0\u00a0\u00a0\u00a0\u00a0\u00a0\u00a0\u00a0\u00a0\u00a0 Pre udaje ja sam bila vere Mojsijeve, po\u0161to su mi roditelji, otac i mati bili Jevreji. Prilikom udaje za Nikolu Popovi\u0107a, a te je bilo 1932 godine, ja sam pre\u0161la u pravoslavlje. Posle okupacije ja sam se u In\u0111iji prijavila kao Jevrejka, a smatrala sam da nije potrebno da se prijavim i u Beogradu, po\u0161to sam se u In\u0111iji ve\u0107 prijavila. Traku sam nosila sve dok su je nosile i ostale Jevrejke udate za hri\u0161\u0107ane, a kada su one skinule traku skinula sam je i ja.<\/p>\n<p>\u00a0\u00a0\u00a0\u00a0\u00a0\u00a0\u00a0\u00a0\u00a0\u00a0\u00a0\u00a0\u00a0\u00a0\u00a0 \u00a0Li\u010dnu kartu na ime Milice Popovi\u0107\u00a0 dobila sam u VII kvartu. Smatrala sam da mi ta karta pripada, po\u0161to sam se pokrstila i na kr\u0161tenju dobila ime Milica, a udajom prezime Popovi\u0107.<\/p>\n<p>\u00a0\u00a0\u00a0\u00a0\u00a0\u00a0\u00a0\u00a0\u00a0\u00a0\u00a0\u00a0\u00a0\u00a0\u00a0 Sto se ti\u010de politike ona me nikada nije interesovala.<\/p>\n<p>\u00a0\u00a0\u00a0\u00a0\u00a0\u00a0\u00a0\u00a0\u00a0\u00a0\u00a0\u00a0\u00a0\u00a0\u00a0 Ja gledam svoje dete i posvetila sam se bila sva svojoj porodici, mu\u017eu i detetu. Nikada i ne pred kim nisam kritikovala rad Srpske vlade, a pogetovu rad pretsednika iste niti me je se to \u0161to ticalo, niti sam kad \u0161to pred kim o tome govorila.<\/p>\n<p>\u00a0\u00a0\u00a0\u00a0\u00a0\u00a0\u00a0\u00a0\u00a0\u00a0\u00a0\u00a0\u00a0\u00a0\u00a0 Nije istina da sam ja ma pred kim govorila da je Pretsednik vlade bio na ve\u010deri sa nema\u010dkim li\u010dnostima i tra\u017eio tom prilikom da se strelja 200 najuglednijih Srba. To je jedna obi\u010dna xxx izmi\u0161ljotina koju je neko za mene izmislio, a ja \u017eelim da se to lice, koje je ovo destavilo suo\u010di sa mnom i da ka\u017ee kada sam ja to i pred kim rekla.<\/p>\n<p>\u00a0\u00a0\u00a0\u00a0\u00a0\u00a0\u00a0\u00a0\u00a0\u00a0\u00a0\u00a0\u00a0\u00a0\u00a0 To je sve \u0161to bih po ovom imala da ka\u017eem.<\/p>\n<p>\u00a0\u00a0\u00a0\u00a0\u00a0\u00a0\u00a0\u00a0\u00a0\u00a0\u00a0\u00a0\u00a0\u00a0\u00a0 Ispit mi je pro\u010ditan i sve su meje re\u010di\u00a0 u njemu zapisane.<\/p>\n<p>\u00a0\u00a0\u00a0\u00a0\u00a0\u00a0\u00a0\u00a0\u00a0\u00a0\u00a0\u00a0\u00a0\u00a0\u00a0\u00a0\u00a0\u00a0\u00a0\u00a0\u00a0\u00a0\u00a0\u00a0\u00a0\u00a0\u00a0\u00a0\u00a0\u00a0\u00a0\u00a0\u00a0\u00a0\u00a0\u00a0\u00a0\u00a0\u00a0\u00a0\u00a0\u00a0\u00a0\u00a0\u00a0\u00a0\u00a0\u00a0\u00a0\u00a0\u00a0\u00a0\u00a0\u00a0\u00a0\u00a0\u00a0\u00a0\u00a0\u00a0\u00a0\u00a0\u00a0\u00a0\u00a0\u00a0\u00a0\u00a0\u00a0\u00a0\u00a0\u00a0\u00a0\u00a0\u00a0\u00a0\u00a0\u00a0\u00a0\u00a0\u00a0\u00a0\u00a0\u00a0\u00a0\u00a0\u00a0\u00a0\u00a0\u00a0\u00a0\u00a0\u00a0\u00a0\u00a0\u00a0\u00a0\u00a0\u00a0\u00a0\u00a0\u00a0\u00a0\u00a0\u00a0\u00a0\u00a0\u00a0\u00a0\u00a0\u00a0\u00a0\u00a0\u00a0\u00a0\u00a0\u00a0\u00a0\u00a0\u00a0\u00a0\u00a0\u00a0\u00a0\u00a0\u00a0\u00a0\u00a0\u00a0\u00a0\u00a0\u00a0\u00a0\u00a0\u00a0\u00a0\u00a0\u00a0\u00a0\u00a0\u00a0\u00a0\u00a0 \u00a0Pismena sam,<\/p>\n<p>\u00a0\u00a0\u00a0\u00a0\u00a0\u00a0\u00a0\u00a0\u00a0\u00a0\u00a0\u00a0\u00a0\u00a0\u00a0\u00a0\u00a0\u00a0\u00a0\u00a0\u00a0\u00a0\u00a0\u00a0\u00a0\u00a0\u00a0\u00a0\u00a0\u00a0\u00a0\u00a0\u00a0\u00a0\u00a0\u00a0\u00a0\u00a0\u00a0\u00a0\u00a0\u00a0\u00a0\u00a0\u00a0\u00a0\u00a0\u00a0\u00a0\u00a0\u00a0\u00a0\u00a0\u00a0\u00a0\u00a0\u00a0\u00a0\u00a0\u00a0\u00a0\u00a0\u00a0\u00a0\u00a0\u00a0\u00a0\u00a0\u00a0\u00a0\u00a0\u00a0\u00a0\u00a0\u00a0\u00a0\u00a0\u00a0\u00a0\u00a0\u00a0\u00a0\u00a0\u00a0\u00a0\u00a0\u00a0\u00a0\u00a0\u00a0\u00a0\u00a0\u00a0\u00a0\u00a0\u00a0\u00a0\u00a0\u00a0\u00a0\u00a0\u00a0\u00a0\u00a0\u00a0\u00a0\u00a0\u00a0\u00a0\u00a0\u00a0\u00a0\u00a0\u00a0\u00a0\u00a0\u00a0\u00a0\u00a0\u00a0\u00a0\u00a0\u00a0\u00a0\u00a0\u00a0\u00a0\u00a0\u00a0\u00a0\u00a0\u00a0\u00a0\u00a0\u00a0\u00a0\u00a0\u00a0\u00a0\u00a0\u00a0\u00a0\u00a0 \u00a0Potpis: Milica Popovi\u0107<\/p>\n<p>Zapisni\u010dar, (ne\u010ditko)<\/p>\n<p>\u00a0<\/p>\n<p>Sig. IAB UGB - SP III - 8\/2, k. 144\/4<\/p>\n<hr \/>\n<p>\u00a0<\/p>\n<\/div>\n<\/div><\/div><\/div><\/div><div id=\"pg-113-1\"  class=\"panel-grid panel-no-style\" ><div id=\"pgc-113-1-0\"  class=\"panel-grid-cell\" ><div id=\"panel-113-1-0-0\" class=\"so-panel widget widget_sow-editor panel-first-child\" data-index=\"3\" ><div class=\"so-widget-sow-editor so-widget-sow-editor-base\"><h3 class=\"widget-title\">Projekat su podr\u017eali<\/h3>\n<div class=\"siteorigin-widget-tinymce textwidget\">\n\t<hr \/>\n<p style=\"text-align: center;\">Projekat je realizovan sredstvima iz prvog ciklusa finansiranja programa iz oblasti nauke, kulture i obrazovanja Saveza jevrejskih op\u0161tina Srbije, vezanih za Holokaust u Srbiji, podr\u017eanih sredstvima Republike Srbije na osnovu Zakona o otklanjanju posledica oduzimanja imovine \u017ertava Holokausta bez \u017eivih zakonskih naslednika. Dodatna sredstva obezbe\u0111ena su ljubazno\u0161\u0107u Westbury group. Tehnolo\u0161ki partner: GDI Solutions d.o.o.<\/p>\n<\/div>\n<\/div><\/div><div id=\"panel-113-1-0-1\" class=\"so-panel widget widget_sow-editor\" data-index=\"4\" ><div class=\"so-widget-sow-editor so-widget-sow-editor-base\">\n<div class=\"siteorigin-widget-tinymce textwidget\">\n\t<hr \/>\n<div class=\"foogallery foogallery-container foogallery-default foogallery-lightbox-foobox fg-gutter-10 fg-center fg-default fg-light fg-loaded-fade-in fg-hover-fade fg-ready\" id=\"foogallery-gallery-485\" data-foogallery=\"{&quot;item&quot;:{&quot;showCaptionTitle&quot;:false,&quot;showCaptionDescription&quot;:false},&quot;lazy&quot;:true}\" >\r\n\t<div class=\"fg-item fg-type-image fg-idle\"><figure class=\"fg-item-inner\"><a href=\"http:\/\/cieh-chre.org\/\" data-attachment-id=\"481\" class=\"fg-thumb\"><span class=\"fg-image-wrap\"><img height=\"60\" width=\"101\" class=\"skip-lazy fg-image\" data-src-fg=\"http:\/\/cieh-chre.org\/doposlednjeg\/wp-content\/uploads\/sites\/8\/cache\/2019\/03\/CHRE-logo-reconstruct-pg4-5-lat-2-e1552014023403\/235735445.png\" src=\"data:image\/svg+xml,%3Csvg%20xmlns%3D%22http%3A%2F%2Fwww.w3.org%2F2000%2Fsvg%22%20width%3D%22101%22%20height%3D%2260%22%20viewBox%3D%220%200%20101%2060%22%3E%3C%2Fsvg%3E\"><\/span><span class=\"fg-image-overlay\"><\/span><\/a><figcaption class=\"fg-caption\"><div class=\"fg-caption-inner\"><\/div><\/figcaption><\/figure><div class=\"fg-loader\"><\/div><\/div><div class=\"fg-item fg-type-image fg-idle\"><figure class=\"fg-item-inner\"><a href=\"http:\/\/www.mfin.gov.rs\/\" target=\"_blank\" data-attachment-id=\"524\" class=\"fg-thumb\"><span class=\"fg-image-wrap\"><img height=\"60\" width=\"170\" class=\"skip-lazy fg-image\" data-src-fg=\"http:\/\/cieh-chre.org\/doposlednjeg\/wp-content\/uploads\/sites\/8\/cache\/2019\/03\/RS-min-fin-e1552044420166\/4181945008.png\" src=\"data:image\/svg+xml,%3Csvg%20xmlns%3D%22http%3A%2F%2Fwww.w3.org%2F2000%2Fsvg%22%20width%3D%22170%22%20height%3D%2260%22%20viewBox%3D%220%200%20170%2060%22%3E%3C%2Fsvg%3E\"><\/span><span class=\"fg-image-overlay\"><\/span><\/a><figcaption class=\"fg-caption\"><div class=\"fg-caption-inner\"><\/div><\/figcaption><\/figure><div class=\"fg-loader\"><\/div><\/div><div class=\"fg-item fg-type-image fg-idle\"><figure class=\"fg-item-inner\"><a href=\"http:\/\/www.savezjos.org\/\" target=\"_blank\" data-caption-desc=\"&lt;a href=&quot;http:\/\/www.savezjos.org\/&quot; rel=&quot;noopener&quot; target=&quot;_blank&quot;&gt;&lt;\/a&gt;\" data-attachment-id=\"521\" class=\"fg-thumb\"><span class=\"fg-image-wrap\"><img height=\"60\" width=\"182\" class=\"skip-lazy fg-image\" data-src-fg=\"http:\/\/cieh-chre.org\/doposlednjeg\/wp-content\/uploads\/sites\/8\/cache\/2019\/03\/sjos-siv-e1552040012356\/780951359.jpg\" src=\"data:image\/svg+xml,%3Csvg%20xmlns%3D%22http%3A%2F%2Fwww.w3.org%2F2000%2Fsvg%22%20width%3D%22182%22%20height%3D%2260%22%20viewBox%3D%220%200%20182%2060%22%3E%3C%2Fsvg%3E\"><\/span><span class=\"fg-image-overlay\"><\/span><\/a><figcaption class=\"fg-caption\"><div class=\"fg-caption-inner\"><\/div><\/figcaption><\/figure><div class=\"fg-loader\"><\/div><\/div><div class=\"fg-item fg-type-image fg-idle\"><figure class=\"fg-item-inner\"><a href=\"http:\/\/westburyeurope.org\/\" target=\"_blank\" data-caption-desc=\"&lt;a href=&quot;http:\/\/westburyeurope.org\/&quot; rel=&quot;noopener&quot; target=&quot;_blank&quot;&gt;&lt;\/a&gt;\" data-attachment-id=\"484\" class=\"fg-thumb\"><span class=\"fg-image-wrap\"><img height=\"60\" width=\"287\" class=\"skip-lazy fg-image\" data-src-fg=\"http:\/\/cieh-chre.org\/doposlednjeg\/wp-content\/uploads\/sites\/8\/cache\/2019\/03\/westbury-450-e1552014096489\/1505565951.png\" src=\"data:image\/svg+xml,%3Csvg%20xmlns%3D%22http%3A%2F%2Fwww.w3.org%2F2000%2Fsvg%22%20width%3D%22287%22%20height%3D%2260%22%20viewBox%3D%220%200%20287%2060%22%3E%3C%2Fsvg%3E\"><\/span><span class=\"fg-image-overlay\"><\/span><\/a><figcaption class=\"fg-caption\"><div class=\"fg-caption-inner\"><\/div><\/figcaption><\/figure><div class=\"fg-loader\"><\/div><\/div><div class=\"fg-item fg-type-image fg-idle\"><figure class=\"fg-item-inner\"><a href=\"https:\/\/www.geogis.org\/index.html\" target=\"_blank\" data-attachment-id=\"726\" class=\"fg-thumb\"><span class=\"fg-image-wrap\"><img height=\"60\" width=\"60\" class=\"skip-lazy fg-image\" data-src-fg=\"http:\/\/cieh-chre.org\/doposlednjeg\/wp-content\/uploads\/sites\/8\/cache\/2021\/07\/logo-light-bg\/1658304011.png\" src=\"data:image\/svg+xml,%3Csvg%20xmlns%3D%22http%3A%2F%2Fwww.w3.org%2F2000%2Fsvg%22%20width%3D%2260%22%20height%3D%2260%22%20viewBox%3D%220%200%2060%2060%22%3E%3C%2Fsvg%3E\"><\/span><span class=\"fg-image-overlay\"><\/span><\/a><figcaption class=\"fg-caption\"><div class=\"fg-caption-inner\"><\/div><\/figcaption><\/figure><div class=\"fg-loader\"><\/div><\/div><div class=\"fg-item fg-type-image fg-idle\"><figure class=\"fg-item-inner\"><a href=\"https:\/\/www.teamcad.rs\/index.php\/srb\/\" target=\"_blank\" data-attachment-id=\"725\" class=\"fg-thumb\"><span class=\"fg-image-wrap\"><img height=\"60\" width=\"154\" class=\"skip-lazy fg-image\" data-src-fg=\"http:\/\/cieh-chre.org\/doposlednjeg\/wp-content\/uploads\/sites\/8\/2021\/07\/LOGO_TeamCAD_logo.png\" src=\"data:image\/svg+xml,%3Csvg%20xmlns%3D%22http%3A%2F%2Fwww.w3.org%2F2000%2Fsvg%22%20width%3D%22154%22%20height%3D%2260%22%20viewBox%3D%220%200%20154%2060%22%3E%3C%2Fsvg%3E\"><\/span><span class=\"fg-image-overlay\"><\/span><\/a><figcaption class=\"fg-caption\"><div class=\"fg-caption-inner\"><\/div><\/figcaption><\/figure><div class=\"fg-loader\"><\/div><\/div><\/div>\r\n\n<\/div>\n<\/div><\/div><div id=\"panel-113-1-0-2\" class=\"so-panel widget widget_sow-editor panel-last-child\" data-index=\"5\" ><div class=\"so-widget-sow-editor so-widget-sow-editor-base\">\n<div class=\"siteorigin-widget-tinymce textwidget\">\n\t<hr \/>\n<p style=\"text-align: center;\"><span style=\"color: #003366;\">Kontakt: Centar za istra\u017eivanje i edukaciju\u00a0o Holokaustu - CIEH, <\/span><span style=\"color: #003366;\">tel: <span style=\"color: #993300;\">+38163247856<\/span>, e-mail: <span style=\"color: #993300;\"><a style=\"color: #993300;\" href=\"mailto:\/\/cieh1chre@gmail.com\" target=\"_blank\" rel=\"noopener noreferrer\">cieh1chre@gmail.com<\/a><\/span> web: <span style=\"color: #993300;\"><a style=\"color: #993300;\" href=\"www.cieh-chre.org\" target=\"_blank\" rel=\"noopener noreferrer\">www.cieh-chre.org<\/a><\/span><\/span><\/p>\n<hr \/>\n<\/div>\n<\/div><\/div><\/div><\/div><\/div>","protected":false},"excerpt":{"rendered":"<p>Radjeno 12. decembra 1941. godine u Odelenjuspecijalne policije Uprave grada Beegrada.\u00a0__Z__A__P__I__S__N__I__K__\u00a0\u00a0\u00a0\u00a0\u00a0\u00a0\u00a0\u00a0\u00a0\u00a0\u00a0\u00a0\u00a0\u00a0\u00a0\u00a0 o saslu\u0161anju Popovi\u0107 Milice ,rodjene Elvira Kolb, po zanimanju doma\u0107ice iz Beograda, Sazonova \u00a0ulica br. 55., rodjene 11. II 1916. godine u Golukbincima srez Stara Pazova, od oca Adolfa i majke Ilone, udata, majka jednog deteta, podanice Srpske, \u00a0neosu\u0111ivane, koja na postavljena pitanja dade [&hellip;]<\/p>\n","protected":false},"author":2,"featured_media":0,"parent":0,"menu_order":0,"comment_status":"closed","ping_status":"closed","template":"","meta":[],"acf":[],"wps_subtitle":"","_links":{"self":[{"href":"http:\/\/cieh-chre.org\/doposlednjeg\/wp-json\/wp\/v2\/pages\/113"}],"collection":[{"href":"http:\/\/cieh-chre.org\/doposlednjeg\/wp-json\/wp\/v2\/pages"}],"about":[{"href":"http:\/\/cieh-chre.org\/doposlednjeg\/wp-json\/wp\/v2\/types\/page"}],"author":[{"embeddable":true,"href":"http:\/\/cieh-chre.org\/doposlednjeg\/wp-json\/wp\/v2\/users\/2"}],"replies":[{"embeddable":true,"href":"http:\/\/cieh-chre.org\/doposlednjeg\/wp-json\/wp\/v2\/comments?post=113"}],"version-history":[{"count":15,"href":"http:\/\/cieh-chre.org\/doposlednjeg\/wp-json\/wp\/v2\/pages\/113\/revisions"}],"predecessor-version":[{"id":687,"href":"http:\/\/cieh-chre.org\/doposlednjeg\/wp-json\/wp\/v2\/pages\/113\/revisions\/687"}],"wp:attachment":[{"href":"http:\/\/cieh-chre.org\/doposlednjeg\/wp-json\/wp\/v2\/media?parent=113"}],"curies":[{"name":"wp","href":"https:\/\/api.w.org\/{rel}","templated":true}]}}