{"id":116,"date":"2019-02-20T09:36:35","date_gmt":"2019-02-20T09:36:35","guid":{"rendered":"http:\/\/cieh-chre.org\/doposlednjeg\/?page_id=116"},"modified":"2021-07-07T00:44:06","modified_gmt":"2021-07-06T23:44:06","slug":"nikola-popovic-2-2-10-3","status":"publish","type":"page","link":"http:\/\/cieh-chre.org\/doposlednjeg\/nikola-popovic-2-2-10-3\/","title":{"rendered":"Nikola Popovi\u0107"},"content":{"rendered":"<div id=\"pl-116\"  class=\"panel-layout\" ><div id=\"pg-116-0\"  class=\"panel-grid panel-no-style\" ><div id=\"pgc-116-0-0\"  class=\"panel-grid-cell\" ><div id=\"panel-116-0-0-0\" class=\"so-panel widget widget_foogallery_widget foogallery_widget panel-first-child panel-last-child\" data-index=\"0\" ><div class=\"foogallery foogallery-container foogallery-default foogallery-lightbox-foobox fg-gutter-10 fg-center fg-default fg-light fg-border-thin fg-shadow-outline fg-loading-partial fg-loaded-fade-in fg-caption-hover fg-hover-fade fg-hover-zoom fg-ready\" id=\"foogallery-gallery-320\" data-foogallery=\"{&quot;item&quot;:{&quot;showCaptionTitle&quot;:true,&quot;showCaptionDescription&quot;:true},&quot;lazy&quot;:true}\" >\r\n\t<div class=\"fg-item fg-type-image fg-idle\"><figure class=\"fg-item-inner\"><a href=\"http:\/\/cieh-chre.org\/doposlednjeg\/wp-content\/uploads\/sites\/8\/2019\/02\/MG_2931.jpg\" data-caption-desc=\"Zapisnik o isle\u0111ivanju Popovi\u0107 Nikole P1 \nSig. IAB UGB SP III - 8\/2 k. 144\/4\" data-attachment-id=\"318\" class=\"fg-thumb\"><span class=\"fg-image-wrap\"><img width=\"1296\" height=\"2084\" class=\"skip-lazy fg-image\" data-src-fg=\"http:\/\/cieh-chre.org\/doposlednjeg\/wp-content\/uploads\/sites\/8\/2019\/02\/MG_2931.jpg\" src=\"data:image\/svg+xml,%3Csvg%20xmlns%3D%22http%3A%2F%2Fwww.w3.org%2F2000%2Fsvg%22%20width%3D%221296%22%20height%3D%222084%22%20viewBox%3D%220%200%201296%202084%22%3E%3C%2Fsvg%3E\"><\/span><span class=\"fg-image-overlay\"><\/span><\/a><figcaption class=\"fg-caption\"><div class=\"fg-caption-inner\"><div class=\"fg-caption-desc\">Zapisnik o isle\u0111ivanju Popovi\u0107 Nikole P1 \nSig. IAB UGB SP III - 8\/2 k. 144\/4<\/div><\/div><\/figcaption><\/figure><div class=\"fg-loader\"><\/div><\/div><div class=\"fg-item fg-type-image fg-idle\"><figure class=\"fg-item-inner\"><a href=\"http:\/\/cieh-chre.org\/doposlednjeg\/wp-content\/uploads\/sites\/8\/2019\/02\/MG_2932.jpg\" data-caption-desc=\"Zapisnik o isle\u0111ivanju Popovi\u0107 Nikole P2 \nSig. IAB UGB SP III - 8\/2 k. 144\/4\" data-attachment-id=\"319\" class=\"fg-thumb\"><span class=\"fg-image-wrap\"><img width=\"1334\" height=\"2084\" class=\"skip-lazy fg-image\" data-src-fg=\"http:\/\/cieh-chre.org\/doposlednjeg\/wp-content\/uploads\/sites\/8\/2019\/02\/MG_2932.jpg\" src=\"data:image\/svg+xml,%3Csvg%20xmlns%3D%22http%3A%2F%2Fwww.w3.org%2F2000%2Fsvg%22%20width%3D%221334%22%20height%3D%222084%22%20viewBox%3D%220%200%201334%202084%22%3E%3C%2Fsvg%3E\"><\/span><span class=\"fg-image-overlay\"><\/span><\/a><figcaption class=\"fg-caption\"><div class=\"fg-caption-inner\"><div class=\"fg-caption-desc\">Zapisnik o isle\u0111ivanju Popovi\u0107 Nikole P2 \nSig. IAB UGB SP III - 8\/2 k. 144\/4<\/div><\/div><\/figcaption><\/figure><div class=\"fg-loader\"><\/div><\/div><\/div>\r\n<\/div><\/div><div id=\"pgc-116-0-1\"  class=\"panel-grid-cell\" ><div id=\"panel-116-0-1-0\" class=\"so-panel widget widget_sow-button panel-first-child\" data-index=\"1\" ><div class=\"so-widget-sow-button so-widget-sow-button-flat-f9ef2d797013-116\"><div class=\"ow-button-base ow-button-align-left\">\n\t<a href=\"https:\/\/geogis.org\/mapesvedocenja\/#19\/44.80566\/20.48837\" class=\"ow-icon-placement-left ow-button-hover\" target=\"_blank\" rel=\"noopener noreferrer\" \t\t>\n\t\t<span>\n\t\t\t<span class=\"sow-icon-fontawesome sow-far\" data-sow-icon=\"&#xf2bb;\"\n\t\t ><\/span>\n\t\t\tLokacija na mapi\t\t<\/span>\n\t<\/a>\n<\/div>\n<\/div><\/div><div id=\"panel-116-0-1-1\" class=\"so-panel widget widget_sow-editor panel-last-child\" data-index=\"2\" ><div class=\"so-widget-sow-editor so-widget-sow-editor-base\"><h3 class=\"widget-title\">Transkript zapisnika o isle\u0111ivanju Nikole Popovi\u0107a<\/h3>\n<div class=\"siteorigin-widget-tinymce textwidget\">\n\t<p style=\"text-align: right;\">Ra\u0111eno 20 januara 1942 godine<\/p>\n<p style=\"text-align: right;\">u Odeljenju specijalne policije U.g.B<\/p>\n<p style=\"text-align: right;\"><u>\u00a0<\/u><\/p>\n<p style=\"text-align: center;\"><u>Z\u00a0 A\u00a0 P\u00a0 I\u00a0 S\u00a0 N\u00a0 I\u00a0 K<\/u><\/p>\n<p>\u00a0<\/p>\n<p>\u00a0\u00a0\u00a0\u00a0\u00a0\u00a0\u00a0\u00a0\u00a0\u00a0\u00a0\u00a0\u00a0\u00a0\u00a0 O izvr\u0161enom saslu\u0161anju POPOVI\u0106A NIKOLE, biv\u0161eg vojnog \u010dinovnika, sa stanom u ulici Sazonovoj B r. 53.<\/p>\n<p style=\"text-align: center;\">I.<\/p>\n<p>\u00a0\u00a0\u00a0\u00a0\u00a0\u00a0\u00a0\u00a0\u00a0\u00a0\u00a0\u00a0\u00a0\u00a0\u00a0 Zovem se Popovi\u0107 Nikola,biv\u0161i vojni \u010dinovnik,sada bez zanimanja, ro\u0111en dam 3-V-1912 godine,u Golubincima, srez Stara Pazova, sada u Hrvatskoj, od oca \u017divana i majke Jelene, ro\u0111, Pandurevi\u0107, Srbin sam vere pravoslavne, sa stanom u ulici Sazonovoj br. 53.<\/p>\n<p style=\"text-align: center;\">II.<\/p>\n<p>\u00a0\u00a0\u00a0\u00a0\u00a0\u00a0\u00a0\u00a0\u00a0\u00a0\u00a0\u00a0\u00a0\u00a0\u00a0 Ja neznam da postoji kakva krivica i razlog za moje hap\u0161enje. Sama \u010dinjenica da sam bio ohenjosn sa Jevrejkom mislim nije dovoljan razlog da se smatram opasnim da javni poredak,<\/p>\n<p>\u00a0\u00a0\u00a0\u00a0\u00a0\u00a0\u00a0\u00a0\u00a0\u00a0\u00a0\u00a0\u00a0\u00a0\u00a0 Nisam naviknut i vaspitan u tome duhu da kritikujem postoje\u0107i poredak, jer sam svr\u0161eni \u0111ak podoficirske \u0161kole, gde se pitomci vaspitavaju da \u017eive umru za Kralja i otad\u017ebinu.<\/p>\n<p>\u00a0\u00a0\u00a0\u00a0\u00a0\u00a0\u00a0\u00a0\u00a0\u00a0\u00a0\u00a0\u00a0\u00a0\u00a0 I da ho\u0107u druk\u010diji ne mogu postati. Takav sam bio i takav \u0107u ostati.<\/p>\n<p>\u00a0\u00a0\u00a0\u00a0\u00a0\u00a0\u00a0\u00a0\u00a0\u00a0\u00a0\u00a0\u00a0\u00a0\u00a0 Sam komunizam kao ideja mene nije nikada privla\u010dio, pa, se ni sada nemogu nadati od takvog poretka ni\u010demu.<\/p>\n<p>\u00a0\u00a0\u00a0\u00a0\u00a0\u00a0\u00a0\u00a0\u00a0\u00a0\u00a0\u00a0\u00a0\u00a0\u00a0 Pre rata ja sam bio u vojnoj slu\u017ebi, slu\u017ee\u0107i u Vojnom Geografskom institutu. Ni tamo ne bih mogao opstati u takvim redovima, da sam imao obi\u010daj da pri\u010dam \u0161to ne treba ili da sam se nevojni\u010dki pona\u0161ao.<\/p>\n<p>\u00a0\u00a0\u00a0\u00a0\u00a0\u00a0\u00a0\u00a0\u00a0\u00a0\u00a0\u00a0\u00a0\u00a0\u00a0 Ukoliko vlasti imaju podataka da sam ja \u0161ta gde rekao, to mo\u0111e biti samo oma\u0161ka, pa molim da mi se uzme za greh.<\/p>\n<p>\u00a0\u00a0\u00a0\u00a0\u00a0\u00a0\u00a0\u00a0\u00a0\u00a0\u00a0\u00a0\u00a0\u00a0\u00a0 Uostalom ovo je bila jedna mala \u0161kola za mene, kako bih znao da se dans nesme ni\u0161ta nepromi\u0161ljeno re\u0107i, te se ne\u0107e desiti da jo\u0161 koji put odovaram ma za\u0161ta.<\/p>\n<p>\u00a0\u00a0\u00a0\u00a0\u00a0\u00a0\u00a0\u00a0\u00a0\u00a0\u00a0\u00a0\u00a0\u00a0\u00a0 Toliko sam imao ga izjavim s tim da mi je iskaz pro\u010ditan pa ga kao takvog za svoj priznajem i potpisujem.<\/p>\n<p>\u00a0<\/p>\n<p style=\"text-align: right;\">Pismen,<\/p>\n<p style=\"text-align: right;\">Nikola Popovi\u0107<\/p>\n<p>\u00a0<\/p>\n<p>OVERAVA JU<\/p>\n<p>Zapisni\u010dar,<\/p>\n<p>Sig. IAB UGB SP III - 8\/2 k. 144\/4<\/p>\n<\/div>\n<\/div><\/div><\/div><\/div><div id=\"pg-116-1\"  class=\"panel-grid panel-no-style\" ><div id=\"pgc-116-1-0\"  class=\"panel-grid-cell\" ><div id=\"panel-116-1-0-0\" class=\"so-panel widget widget_sow-editor panel-first-child\" data-index=\"3\" ><div class=\"so-widget-sow-editor so-widget-sow-editor-base\"><h3 class=\"widget-title\">Projekat su podr\u017eali<\/h3>\n<div class=\"siteorigin-widget-tinymce textwidget\">\n\t<hr \/>\n<p style=\"text-align: center;\">Projekat je realizovan sredstvima iz prvog ciklusa finansiranja programa iz oblasti nauke, kulture i obrazovanja Saveza jevrejskih op\u0161tina Srbije, vezanih za Holokaust u Srbiji, podr\u017eanih sredstvima Republike Srbije na osnovu Zakona o otklanjanju posledica oduzimanja imovine \u017ertava Holokausta bez \u017eivih zakonskih naslednika. Dodatna sredstva obezbe\u0111ena su ljubazno\u0161\u0107u Westbury group. Tehnolo\u0161ki partner: GDI Solutions d.o.o.<\/p>\n<\/div>\n<\/div><\/div><div id=\"panel-116-1-0-1\" class=\"so-panel widget widget_sow-editor\" data-index=\"4\" ><div class=\"so-widget-sow-editor so-widget-sow-editor-base\">\n<div class=\"siteorigin-widget-tinymce textwidget\">\n\t<p>&lt;hr \/&gt;<\/p>\n<div class=\"foogallery foogallery-container foogallery-default foogallery-lightbox-foobox fg-gutter-10 fg-center fg-default fg-light fg-loaded-fade-in fg-hover-fade fg-ready\" id=\"foogallery-gallery-485\" data-foogallery=\"{&quot;item&quot;:{&quot;showCaptionTitle&quot;:false,&quot;showCaptionDescription&quot;:false},&quot;lazy&quot;:true}\" >\r\n\t<div class=\"fg-item fg-type-image fg-idle\"><figure class=\"fg-item-inner\"><a href=\"http:\/\/cieh-chre.org\/\" data-attachment-id=\"481\" class=\"fg-thumb\"><span class=\"fg-image-wrap\"><img height=\"60\" width=\"101\" class=\"skip-lazy fg-image\" data-src-fg=\"http:\/\/cieh-chre.org\/doposlednjeg\/wp-content\/uploads\/sites\/8\/cache\/2019\/03\/CHRE-logo-reconstruct-pg4-5-lat-2-e1552014023403\/235735445.png\" src=\"data:image\/svg+xml,%3Csvg%20xmlns%3D%22http%3A%2F%2Fwww.w3.org%2F2000%2Fsvg%22%20width%3D%22101%22%20height%3D%2260%22%20viewBox%3D%220%200%20101%2060%22%3E%3C%2Fsvg%3E\"><\/span><span class=\"fg-image-overlay\"><\/span><\/a><figcaption class=\"fg-caption\"><div class=\"fg-caption-inner\"><\/div><\/figcaption><\/figure><div class=\"fg-loader\"><\/div><\/div><div class=\"fg-item fg-type-image fg-idle\"><figure class=\"fg-item-inner\"><a href=\"http:\/\/www.mfin.gov.rs\/\" target=\"_blank\" data-attachment-id=\"524\" class=\"fg-thumb\"><span class=\"fg-image-wrap\"><img height=\"60\" width=\"170\" class=\"skip-lazy fg-image\" data-src-fg=\"http:\/\/cieh-chre.org\/doposlednjeg\/wp-content\/uploads\/sites\/8\/cache\/2019\/03\/RS-min-fin-e1552044420166\/4181945008.png\" src=\"data:image\/svg+xml,%3Csvg%20xmlns%3D%22http%3A%2F%2Fwww.w3.org%2F2000%2Fsvg%22%20width%3D%22170%22%20height%3D%2260%22%20viewBox%3D%220%200%20170%2060%22%3E%3C%2Fsvg%3E\"><\/span><span class=\"fg-image-overlay\"><\/span><\/a><figcaption class=\"fg-caption\"><div class=\"fg-caption-inner\"><\/div><\/figcaption><\/figure><div class=\"fg-loader\"><\/div><\/div><div class=\"fg-item fg-type-image fg-idle\"><figure class=\"fg-item-inner\"><a href=\"http:\/\/www.savezjos.org\/\" target=\"_blank\" data-caption-desc=\"&lt;a href=&quot;http:\/\/www.savezjos.org\/&quot; rel=&quot;noopener&quot; target=&quot;_blank&quot;&gt;&lt;\/a&gt;\" data-attachment-id=\"521\" class=\"fg-thumb\"><span class=\"fg-image-wrap\"><img height=\"60\" width=\"182\" class=\"skip-lazy fg-image\" data-src-fg=\"http:\/\/cieh-chre.org\/doposlednjeg\/wp-content\/uploads\/sites\/8\/cache\/2019\/03\/sjos-siv-e1552040012356\/780951359.jpg\" src=\"data:image\/svg+xml,%3Csvg%20xmlns%3D%22http%3A%2F%2Fwww.w3.org%2F2000%2Fsvg%22%20width%3D%22182%22%20height%3D%2260%22%20viewBox%3D%220%200%20182%2060%22%3E%3C%2Fsvg%3E\"><\/span><span class=\"fg-image-overlay\"><\/span><\/a><figcaption class=\"fg-caption\"><div class=\"fg-caption-inner\"><\/div><\/figcaption><\/figure><div class=\"fg-loader\"><\/div><\/div><div class=\"fg-item fg-type-image fg-idle\"><figure class=\"fg-item-inner\"><a href=\"http:\/\/westburyeurope.org\/\" target=\"_blank\" data-caption-desc=\"&lt;a href=&quot;http:\/\/westburyeurope.org\/&quot; rel=&quot;noopener&quot; target=&quot;_blank&quot;&gt;&lt;\/a&gt;\" data-attachment-id=\"484\" class=\"fg-thumb\"><span class=\"fg-image-wrap\"><img height=\"60\" width=\"287\" class=\"skip-lazy fg-image\" data-src-fg=\"http:\/\/cieh-chre.org\/doposlednjeg\/wp-content\/uploads\/sites\/8\/cache\/2019\/03\/westbury-450-e1552014096489\/1505565951.png\" src=\"data:image\/svg+xml,%3Csvg%20xmlns%3D%22http%3A%2F%2Fwww.w3.org%2F2000%2Fsvg%22%20width%3D%22287%22%20height%3D%2260%22%20viewBox%3D%220%200%20287%2060%22%3E%3C%2Fsvg%3E\"><\/span><span class=\"fg-image-overlay\"><\/span><\/a><figcaption class=\"fg-caption\"><div class=\"fg-caption-inner\"><\/div><\/figcaption><\/figure><div class=\"fg-loader\"><\/div><\/div><div class=\"fg-item fg-type-image fg-idle\"><figure class=\"fg-item-inner\"><a href=\"https:\/\/www.geogis.org\/index.html\" target=\"_blank\" data-attachment-id=\"726\" class=\"fg-thumb\"><span class=\"fg-image-wrap\"><img height=\"60\" width=\"60\" class=\"skip-lazy fg-image\" data-src-fg=\"http:\/\/cieh-chre.org\/doposlednjeg\/wp-content\/uploads\/sites\/8\/cache\/2021\/07\/logo-light-bg\/1658304011.png\" src=\"data:image\/svg+xml,%3Csvg%20xmlns%3D%22http%3A%2F%2Fwww.w3.org%2F2000%2Fsvg%22%20width%3D%2260%22%20height%3D%2260%22%20viewBox%3D%220%200%2060%2060%22%3E%3C%2Fsvg%3E\"><\/span><span class=\"fg-image-overlay\"><\/span><\/a><figcaption class=\"fg-caption\"><div class=\"fg-caption-inner\"><\/div><\/figcaption><\/figure><div class=\"fg-loader\"><\/div><\/div><div class=\"fg-item fg-type-image fg-idle\"><figure class=\"fg-item-inner\"><a href=\"https:\/\/www.teamcad.rs\/index.php\/srb\/\" target=\"_blank\" data-attachment-id=\"725\" class=\"fg-thumb\"><span class=\"fg-image-wrap\"><img height=\"60\" width=\"154\" class=\"skip-lazy fg-image\" data-src-fg=\"http:\/\/cieh-chre.org\/doposlednjeg\/wp-content\/uploads\/sites\/8\/2021\/07\/LOGO_TeamCAD_logo.png\" src=\"data:image\/svg+xml,%3Csvg%20xmlns%3D%22http%3A%2F%2Fwww.w3.org%2F2000%2Fsvg%22%20width%3D%22154%22%20height%3D%2260%22%20viewBox%3D%220%200%20154%2060%22%3E%3C%2Fsvg%3E\"><\/span><span class=\"fg-image-overlay\"><\/span><\/a><figcaption class=\"fg-caption\"><div class=\"fg-caption-inner\"><\/div><\/figcaption><\/figure><div class=\"fg-loader\"><\/div><\/div><\/div>\r\n\n<\/div>\n<\/div><\/div><div id=\"panel-116-1-0-2\" class=\"so-panel widget widget_sow-editor panel-last-child\" data-index=\"5\" ><div class=\"so-widget-sow-editor so-widget-sow-editor-base\">\n<div class=\"siteorigin-widget-tinymce textwidget\">\n\t<hr \/>\n<p style=\"text-align: center;\"><span style=\"color: #003366;\">Kontakt: Centar za istra\u017eivanje i edukaciju\u00a0o Holokaustu - CIEH, <\/span><span style=\"color: #003366;\">tel: <span style=\"color: #993300;\">+38163247856<\/span>, e-mail: <span style=\"color: #993300;\"><a style=\"color: #993300;\" href=\"mailto:\/\/cieh1chre@gmail.com\" target=\"_blank\" rel=\"noopener noreferrer\">cieh1chre@gmail.com<\/a><\/span> web: <span style=\"color: #993300;\"><a style=\"color: #993300;\" href=\"www.cieh-chre.org\" target=\"_blank\" rel=\"noopener noreferrer\">www.cieh-chre.org<\/a><\/span><\/span><\/p>\n<hr \/>\n<\/div>\n<\/div><\/div><\/div><\/div><\/div>","protected":false},"excerpt":{"rendered":"<p>Ra\u0111eno 20 januara 1942 godineu Odeljenju specijalne policije U.g.B\u00a0Z\u00a0 A\u00a0 P\u00a0 I\u00a0 S\u00a0 N\u00a0 I\u00a0 K\u00a0\u00a0\u00a0\u00a0\u00a0\u00a0\u00a0\u00a0\u00a0\u00a0\u00a0\u00a0\u00a0\u00a0\u00a0\u00a0 O izvr\u0161enom saslu\u0161anju POPOVI\u0106A NIKOLE, biv\u0161eg vojnog \u010dinovnika, sa stanom u ulici Sazonovoj B r. 53.I.\u00a0\u00a0\u00a0\u00a0\u00a0\u00a0\u00a0\u00a0\u00a0\u00a0\u00a0\u00a0\u00a0\u00a0\u00a0 Zovem se Popovi\u0107 Nikola,biv\u0161i vojni \u010dinovnik,sada bez zanimanja, ro\u0111en dam 3-V-1912 godine,u Golubincima, srez Stara Pazova, sada u Hrvatskoj, od oca \u017divana i [&hellip;]<\/p>\n","protected":false},"author":2,"featured_media":0,"parent":0,"menu_order":0,"comment_status":"closed","ping_status":"closed","template":"","meta":[],"acf":[],"wps_subtitle":"","_links":{"self":[{"href":"http:\/\/cieh-chre.org\/doposlednjeg\/wp-json\/wp\/v2\/pages\/116"}],"collection":[{"href":"http:\/\/cieh-chre.org\/doposlednjeg\/wp-json\/wp\/v2\/pages"}],"about":[{"href":"http:\/\/cieh-chre.org\/doposlednjeg\/wp-json\/wp\/v2\/types\/page"}],"author":[{"embeddable":true,"href":"http:\/\/cieh-chre.org\/doposlednjeg\/wp-json\/wp\/v2\/users\/2"}],"replies":[{"embeddable":true,"href":"http:\/\/cieh-chre.org\/doposlednjeg\/wp-json\/wp\/v2\/comments?post=116"}],"version-history":[{"count":17,"href":"http:\/\/cieh-chre.org\/doposlednjeg\/wp-json\/wp\/v2\/pages\/116\/revisions"}],"predecessor-version":[{"id":708,"href":"http:\/\/cieh-chre.org\/doposlednjeg\/wp-json\/wp\/v2\/pages\/116\/revisions\/708"}],"wp:attachment":[{"href":"http:\/\/cieh-chre.org\/doposlednjeg\/wp-json\/wp\/v2\/media?parent=116"}],"curies":[{"name":"wp","href":"https:\/\/api.w.org\/{rel}","templated":true}]}}