{"id":133,"date":"2019-02-20T09:54:48","date_gmt":"2019-02-20T09:54:48","guid":{"rendered":"http:\/\/cieh-chre.org\/doposlednjeg\/?page_id=133"},"modified":"2021-07-07T00:45:50","modified_gmt":"2021-07-06T23:45:50","slug":"reves-hinko-dusan-grinski-2-2-11","status":"publish","type":"page","link":"http:\/\/cieh-chre.org\/doposlednjeg\/reves-hinko-dusan-grinski-2-2-11\/","title":{"rendered":"Reves Hinko i Du\u0161an, Ladislav Grinski"},"content":{"rendered":"<div id=\"pl-133\"  class=\"panel-layout\" ><div id=\"pg-133-0\"  class=\"panel-grid panel-no-style\" ><div id=\"pgc-133-0-0\"  class=\"panel-grid-cell\" ><div id=\"panel-133-0-0-0\" class=\"so-panel widget widget_foogallery_widget foogallery_widget panel-first-child panel-last-child\" data-index=\"0\" ><div class=\"foogallery foogallery-container foogallery-default foogallery-lightbox-foobox fg-gutter-10 fg-center fg-default fg-light fg-border-thin fg-shadow-outline fg-loading-partial fg-loaded-fade-in fg-caption-hover fg-hover-fade fg-hover-zoom fg-ready\" id=\"foogallery-gallery-303\" data-foogallery=\"{&quot;item&quot;:{&quot;showCaptionTitle&quot;:true,&quot;showCaptionDescription&quot;:true},&quot;lazy&quot;:true}\" >\r\n\t<div class=\"fg-item fg-type-image fg-idle\"><figure class=\"fg-item-inner\"><a href=\"http:\/\/cieh-chre.org\/doposlednjeg\/wp-content\/uploads\/sites\/8\/2019\/02\/MG_0786.jpg\" data-caption-desc=\"Zapisnik o saslu\u0161anju Ladislava Grinskog, Du\u0161ana i Hinka Revesa P1\nSig. IAB UGB SP IV - 43\/8 k  279\/28\" data-attachment-id=\"301\" class=\"fg-thumb\"><span class=\"fg-image-wrap\"><img width=\"1343\" height=\"2084\" class=\"skip-lazy fg-image\" data-src-fg=\"http:\/\/cieh-chre.org\/doposlednjeg\/wp-content\/uploads\/sites\/8\/2019\/02\/MG_0786.jpg\" src=\"data:image\/svg+xml,%3Csvg%20xmlns%3D%22http%3A%2F%2Fwww.w3.org%2F2000%2Fsvg%22%20width%3D%221343%22%20height%3D%222084%22%20viewBox%3D%220%200%201343%202084%22%3E%3C%2Fsvg%3E\"><\/span><span class=\"fg-image-overlay\"><\/span><\/a><figcaption class=\"fg-caption\"><div class=\"fg-caption-inner\"><div class=\"fg-caption-desc\">Zapisnik o saslu\u0161anju Ladislava Grinskog, Du\u0161ana i Hinka Revesa P1\nSig. IAB UGB SP IV - 43\/8 k  279\/28<\/div><\/div><\/figcaption><\/figure><div class=\"fg-loader\"><\/div><\/div><div class=\"fg-item fg-type-image fg-idle\"><figure class=\"fg-item-inner\"><a href=\"http:\/\/cieh-chre.org\/doposlednjeg\/wp-content\/uploads\/sites\/8\/2019\/02\/MG_0787.jpg\" data-caption-desc=\"Zapisnik o saslu\u0161anju Ladislava Grinskog, Du\u0161ana i Hinka Revesa P2\nSig. IAB UGB SP IV - 43\/8 k  279\/28\" data-attachment-id=\"302\" class=\"fg-thumb\"><span class=\"fg-image-wrap\"><img width=\"1317\" height=\"2084\" class=\"skip-lazy fg-image\" data-src-fg=\"http:\/\/cieh-chre.org\/doposlednjeg\/wp-content\/uploads\/sites\/8\/2019\/02\/MG_0787.jpg\" src=\"data:image\/svg+xml,%3Csvg%20xmlns%3D%22http%3A%2F%2Fwww.w3.org%2F2000%2Fsvg%22%20width%3D%221317%22%20height%3D%222084%22%20viewBox%3D%220%200%201317%202084%22%3E%3C%2Fsvg%3E\"><\/span><span class=\"fg-image-overlay\"><\/span><\/a><figcaption class=\"fg-caption\"><div class=\"fg-caption-inner\"><div class=\"fg-caption-desc\">Zapisnik o saslu\u0161anju Ladislava Grinskog, Du\u0161ana i Hinka Revesa P2\nSig. IAB UGB SP IV - 43\/8 k  279\/28<\/div><\/div><\/figcaption><\/figure><div class=\"fg-loader\"><\/div><\/div><\/div>\r\n<\/div><\/div><div id=\"pgc-133-0-1\"  class=\"panel-grid-cell\" ><div id=\"panel-133-0-1-0\" class=\"so-panel widget widget_sow-button panel-first-child\" data-index=\"1\" ><div class=\"so-widget-sow-button so-widget-sow-button-flat-f9ef2d797013-133\"><div class=\"ow-button-base ow-button-align-left\">\n\t<a href=\"https:\/\/geogis.org\/mapesvedocenja\/#19\/44.82117\/20.45665\" class=\"ow-icon-placement-left ow-button-hover\" target=\"_blank\" rel=\"noopener noreferrer\" \t\t>\n\t\t<span>\n\t\t\t<span class=\"sow-icon-fontawesome sow-far\" data-sow-icon=\"&#xf2bb;\"\n\t\t ><\/span>\n\t\t\tLokacija na mapi\t\t<\/span>\n\t<\/a>\n<\/div>\n<\/div><\/div><div id=\"panel-133-0-1-1\" class=\"so-panel widget widget_sow-editor\" data-index=\"2\" ><div class=\"so-widget-sow-editor so-widget-sow-editor-base\"><h3 class=\"widget-title\">Transkript zapisnika o isle\u0111ivanju Vladislava Grinskog, Hinka i Du\u0161ana Revesa<\/h3>\n<div class=\"siteorigin-widget-tinymce textwidget\">\n\t<hr \/>\n<p style=\"text-align: left;\">3.<\/p>\n<p style=\"text-align: left;\">Ra\u0111eno 6-\u0161estoga Novembra 1941 godine u kancelariji Na\u010delstva sreza posavskog\u00a0 na Umci<\/p>\n<p>\u00a0<\/p>\n<p>\u00a0\u00a0\u00a0\u00a0\u00a0\u00a0\u00a0\u00a0\u00a0\u00a0\u00a0\u00a0\u00a0\u00a0\u00a0 Priveden danas od strane grani\u010dnog otseka finansijske kontrole u Ostru\u017enici ovom Na\u010delstvu Vladislav Grinski, star 37 golina, iz Sombotej-Ma\u0111arska. sada \u017eive\u0107i u Beogradu sa stanom U Kralja Petra ulici Br: 54. \u017eenjen. otac 1. dateta, nevosu\u0111ivan i nek\u017enjavan. vere rimo-katoli\u010dke, podanik biv. Jugoslavije. pa upitan o potrebnom izjavi:<\/p>\n<p>\u00a0 \u00a0 \u00a0 \u00a0 \u00a0 \u00a0 \u00a0 \u00a0 Dana 5 ovog meseca U 16.30 \u010dasova, ja sam sa Raves Du\u0161anom i Reves Hinkom, po\u0161ao prema \u010dukarici u nameri da kudimo drva jedno 5-6 metara za na\u0161u li\u010dnu upotrebu. po\u0161to, kao \u0161to je poznato toj vlasti u Beogradu \u00a0nema drva. Po\u0161to na \u010cukarici nismo mogli na\u0107i drva niti ih je bilo. to nas je jedna strugara uputila na Maki\u0161 rekav\u0161i nam da u Maki\u0161u ima drva i da tamo mo\u017eemo ista da kupimo. Me\u0111utim po\u0161to ni u Maki\u0161u nismo na\u0161li drva, to smo u Maki\u0161u preno\u0107ili i x jutros u 6 \u010dasova krenuli smo dalje i do\u0161li u Ostru\u017enicu. U Ostru\u017enici smo se raspitivali da li ima drva za prodaju im da li se mo\u017ee pre\u0107i preko i otuda doneti drva. Gra\u0111ani iz Ostru\u017enice koje smo pitali odgovorili su nam da drva u Ostru\u017enici nema niti da se preko mo\u017ee i sme pre\u0107i.<\/p>\n<p>\u00a0\u00a0\u00a0\u00a0\u00a0\u00a0\u00a0\u00a0\u00a0\u00a0\u00a0\u00a0\u00a0\u00a0\u00a0 Ovaj na\u0161 razgovor sa Gra\u0111anima sela Ostru\u017enice \u010duo je jedan grani\u010dar i po\u0161to smo su sa u\u010dinili sumnjivi, to nas 18 on legitimisao i sproveo tome Na\u010delstvu.<\/p>\n<p>\u00a0\u00a0\u00a0\u00a0\u00a0\u00a0\u00a0\u00a0\u00a0\u00a0\u00a0\u00a0\u00a0\u00a0\u00a0 Napomigem da grani\u010dari koji su nas priveli tome Na\u010delstvu vrlo su se korektno. i lojalno dr\u017eali prema nama te tako nismo maltretirani niti tu\u010deni.<\/p>\n<p>\u00a0\u00a0\u00a0\u00a0\u00a0\u00a0\u00a0\u00a0\u00a0\u00a0\u00a0\u00a0\u00a0\u00a0\u00a0 Drugo ni\u0161ta po ovome nemam da izjavim.<\/p>\n<p>\u00a0\u00a0\u00a0\u00a0\u00a0\u00a0\u00a0\u00a0\u00a0\u00a0\u00a0\u00a0\u00a0\u00a0\u00a0 Iskaz mi je pro\u010ditain i u svemu ga za svoj priznajem,<\/p>\n<p>Pismen sam,<\/p>\n<p>Potpis: Grinski Ladislav<\/p>\n<p>Muzi\u010dar<\/p>\n<p>\u00a0<\/p>\n<p>\u00a0\u00a0\u00a0\u00a0\u00a0\u00a0\u00a0\u00a0\u00a0\u00a0\u00a0\u00a0\u00a0\u00a0\u00a0 Za ovim priveden Reves Du\u0161an,<\/p>\n<p>krojatki radnik. rodom iz Doze Detazve sada \u017eive\u0107i u Beogradu sa stanom u Kralja Petra ulici br: 54. neo\u017eenjen, neosu\u0111ivan i neka\u017enj\u0111avan, vere rimo-katoli\u010dke. podanik biv. Kraljevine Jugoslavije, pismen, pa upitan o potrebnom izjavi:<\/p>\n<p>\u00a0<\/p>\n<p>I ja sam sa Ladislavom Grinskim i Reves Hinkom po\u0161ao na \u010cukaricu za drva pa samnom se isto desilo \u0161to i sa Ladisavom. Ni\u0161ta drugo po ovome nemam da izjavim,iskaz mi je pro\u010dltan i u svemu ga za svoj priznajem.<\/p>\n<p>Pismen sam,<\/p>\n<p>Potpis: Reves Du\u0161an<\/p>\n<p>\u00a0<\/p>\n<p>Sig. IAB UGB SP IV - 43\/8 k\u00a0 279\/28<\/p>\n<hr \/>\n<p>\u00a0<\/p>\n<\/div>\n<\/div><\/div><div id=\"panel-133-0-1-2\" class=\"so-panel widget widget_sow-editor\" data-index=\"3\" ><div class=\"so-widget-sow-editor so-widget-sow-editor-base\"><h3 class=\"widget-title\">Re\u0161anje o upu\u0107ivaju u koncentracioni logor Reves Du\u0161ana, Reves Hinka i Ladislava Grinskog<\/h3>\n<div class=\"siteorigin-widget-tinymce textwidget\">\n\t<hr \/>\n<p>R.<\/p>\n<p>Na osnovu \u010dl.12 Zakona o za\u0161titi javne bezbednosti i poretka u dr\u017eavi, $u-a 2 Uredbe o dopuni i izmeni ovoga Zakona,-a i Uredbe o ustrojstvu i delokrugu rada Uprave grada Beograda, Odelenje specijalne policije Uprave grada Beograda kao nadle\u017eno<\/p>\n<p style=\"text-align: center;\"><u>R\u00a0 E \u00a0\u0160\u00a0 A\u00a0 V\u00a0 A<\/u><\/p>\n<p>\u00a0<\/p>\n<p>Da se stave u koncetracioni logor REVES DU\u0160AN kroja\u010dki pomo\u0107nik,sa stanom u ulici Kr.Petra 54 br., ro\u0111en 18-X-1913 godine,u Donjoj Lendavi od oca: Ljudevita i majke Hedvige ro\u0111ene Volfson, neo\u017eenjen, neosu\u0111ivan i neka\u017enjavan, REVES HINKO, kuvar, sa stanom u ulici Kr. Petra. 54 br, ro\u0111en 27-XI-1921 goline u Donjoj Lendavi, od oca Ljudevita i majke Hedvige ro\u0111ene Volfson, neoh\u017eenjen, neosu\u0111ivan i neka\u017enljavan, GRINSKI LADISLAV, muzi\u010dar, sa stanom u ulici Kr. Petra 54 br, ro\u0111en 12-IX-1904 godine u Somabtelu, od oca Jakova i majke Berte ro\u0111ene Majer, o\u017eenjen otac jednog deteta, ne osu\u0111ivan i neka\u017enjavan.<\/p>\n<p>Re\u0161enje odmah izvr\u0161iti s tim da u logoru imaju ostati do dalje naredbe.<\/p>\n<p>\u00a0<\/p>\n<p style=\"text-align: center;\"><u>O\u00a0 B\u00a0 R\u00a0 A\u00a0 Z\u00a0 L\u00a0 O\u00a0 \u017d\u00a0 E\u00a0 N\u00a0 J\u00a0 E<\/u><\/p>\n<p>\u00a0<\/p>\n<p>Vo\u0111enim izvi\u0111ajima utvr\u0111eno je da su imenovani pobegli iz koncetricionog logora na Dedinju, na dan 5 oktobra 1941 godine i d: su pobegli u pravcu Srbije u cilju da se stave u slu\u017ebu partizanskim odredima \u0161to se dokszuje \u010dinjenicom \u0161to je kod njih prona\u0111ena ve\u0107a koli\u010dinina joda ,fate, zavojnog materijala i drugog sanitetskog materijala. |<\/p>\n<p>Po\u0161to su imenovani,ovskvim nedozvoljenim radom opasni po javnu bezbednost i poredak u dr\u017eavi, to je odlu\u010deno da se stave u koncetracioni logor u kome imaju ostati do dalje naredbe.<\/p>\n<p>Re\u0161enje odmah saop\u0161titi i dostaviti ga u prepisu \u0160efu koncetracionog logora.<\/p>\n<p>Re\u0161eno 10 novembra 1941 godine u Odeljenju specijalne policije Uprave grada Beograda,\u00a0 II br. 2922 \/1941 god.<\/p>\n<p>Po naredbi<\/p>\n<p>Upravnika grada Beograda<\/p>\n<p>\u0160ef Odeljenja specijalne policije,<\/p>\n<p>Sig. IAB UGB SP IV 43\/8 k 279\/28<\/p>\n<\/div>\n<\/div><\/div><div id=\"panel-133-0-1-3\" class=\"so-panel widget widget_sow-editor panel-last-child\" data-index=\"4\" ><div class=\"so-widget-sow-editor so-widget-sow-editor-base\"><h3 class=\"widget-title\">Izve\u0161taj specijalne policije o uhva\u0107enim Jevrejima odseku za Jevreje i Cigane<\/h3>\n<div class=\"siteorigin-widget-tinymce textwidget\">\n\t<hr \/>\n<p>UPRAVA GRADA BEOGRADA<\/p>\n<p>Odelenje specijene policije 2814.<\/p>\n<p>11 br. 2922\/41<\/p>\n<p>27 novembra 1941 god.<\/p>\n<p>Beograd.<\/p>\n<p>\u00a0<\/p>\n<p>OTSEKU ZA JEVREJE I CIGANE<\/p>\n<p>UPRAVE GRADA BEOGRADA<\/p>\n<p><u>Beograd<\/u><\/p>\n<p>\u00a0<\/p>\n<p>Izve\u0161tava se Otsek da su odbegli Jevreji GRINSKI LADSLAV, REVES DU\u0160AN i REVES HINKO,koji su dana 5 novembra tg.pobegli iz nema\u010dkog koncetracionog logora, uhva\u0107eni od strae srpskih grani\u010dara kod sela Ostru\u017eiice i sprovedeni ovom Odelenju. Ovo Odelenje ih je svojim re\u0161enjem od 10 novembra 1941 god. uputilo u koncetracioni logor na Banjicu.<\/p>\n<p>\u00a0<\/p>\n<p>Po naredbi<\/p>\n<p>\u0160ef Odelenja specijadne policije<\/p>\n<p>\u0160ef IV Otseak-Komesar,<\/p>\n<p>Potpis: Be\u0107arevi\u0107<\/p>\n<p>Napomena: 17-XI-941 PREKO KNJIGE, Paraf (ne\u010ditko)<\/p>\n<p>\u00a0<\/p>\n<p>Sig. IAB UGB SP IV - 43\/8 k. 279\/28<\/p>\n<\/div>\n<\/div><\/div><\/div><\/div><div id=\"pg-133-1\"  class=\"panel-grid panel-no-style\" ><div id=\"pgc-133-1-0\"  class=\"panel-grid-cell\" ><div id=\"panel-133-1-0-0\" class=\"so-panel widget widget_sow-editor panel-first-child\" data-index=\"5\" ><div class=\"so-widget-sow-editor so-widget-sow-editor-base\"><h3 class=\"widget-title\">Projekat su podr\u017eali<\/h3>\n<div class=\"siteorigin-widget-tinymce textwidget\">\n\t<hr \/>\n<p style=\"text-align: center;\">Projekat je realizovan sredstvima iz prvog ciklusa finansiranja programa iz oblasti nauke, kulture i obrazovanja Saveza jevrejskih op\u0161tina Srbije, vezanih za Holokaust u Srbiji, podr\u017eanih sredstvima Republike Srbije na osnovu Zakona o otklanjanju posledica oduzimanja imovine \u017ertava Holokausta bez \u017eivih zakonskih naslednika. Dodatna sredstva obezbe\u0111ena su ljubazno\u0161\u0107u Westbury group. Tehnolo\u0161ki partner: GDI Solutions d.o.o.<\/p>\n<\/div>\n<\/div><\/div><div id=\"panel-133-1-0-1\" class=\"so-panel widget widget_sow-editor\" data-index=\"6\" ><div class=\"so-widget-sow-editor so-widget-sow-editor-base\">\n<div class=\"siteorigin-widget-tinymce textwidget\">\n\t<hr \/>\n<div class=\"foogallery foogallery-container foogallery-default foogallery-lightbox-foobox fg-gutter-10 fg-center fg-default fg-light fg-loaded-fade-in fg-hover-fade fg-ready\" id=\"foogallery-gallery-485\" data-foogallery=\"{&quot;item&quot;:{&quot;showCaptionTitle&quot;:false,&quot;showCaptionDescription&quot;:false},&quot;lazy&quot;:true}\" >\r\n\t<div class=\"fg-item fg-type-image fg-idle\"><figure class=\"fg-item-inner\"><a href=\"http:\/\/cieh-chre.org\/\" data-attachment-id=\"481\" class=\"fg-thumb\"><span class=\"fg-image-wrap\"><img height=\"60\" width=\"101\" class=\"skip-lazy fg-image\" data-src-fg=\"http:\/\/cieh-chre.org\/doposlednjeg\/wp-content\/uploads\/sites\/8\/cache\/2019\/03\/CHRE-logo-reconstruct-pg4-5-lat-2-e1552014023403\/235735445.png\" src=\"data:image\/svg+xml,%3Csvg%20xmlns%3D%22http%3A%2F%2Fwww.w3.org%2F2000%2Fsvg%22%20width%3D%22101%22%20height%3D%2260%22%20viewBox%3D%220%200%20101%2060%22%3E%3C%2Fsvg%3E\"><\/span><span class=\"fg-image-overlay\"><\/span><\/a><figcaption class=\"fg-caption\"><div class=\"fg-caption-inner\"><\/div><\/figcaption><\/figure><div class=\"fg-loader\"><\/div><\/div><div class=\"fg-item fg-type-image fg-idle\"><figure class=\"fg-item-inner\"><a href=\"http:\/\/www.mfin.gov.rs\/\" target=\"_blank\" data-attachment-id=\"524\" class=\"fg-thumb\"><span class=\"fg-image-wrap\"><img height=\"60\" width=\"170\" class=\"skip-lazy fg-image\" data-src-fg=\"http:\/\/cieh-chre.org\/doposlednjeg\/wp-content\/uploads\/sites\/8\/cache\/2019\/03\/RS-min-fin-e1552044420166\/4181945008.png\" src=\"data:image\/svg+xml,%3Csvg%20xmlns%3D%22http%3A%2F%2Fwww.w3.org%2F2000%2Fsvg%22%20width%3D%22170%22%20height%3D%2260%22%20viewBox%3D%220%200%20170%2060%22%3E%3C%2Fsvg%3E\"><\/span><span class=\"fg-image-overlay\"><\/span><\/a><figcaption class=\"fg-caption\"><div class=\"fg-caption-inner\"><\/div><\/figcaption><\/figure><div class=\"fg-loader\"><\/div><\/div><div class=\"fg-item fg-type-image fg-idle\"><figure class=\"fg-item-inner\"><a href=\"http:\/\/www.savezjos.org\/\" target=\"_blank\" data-caption-desc=\"&lt;a href=&quot;http:\/\/www.savezjos.org\/&quot; rel=&quot;noopener&quot; target=&quot;_blank&quot;&gt;&lt;\/a&gt;\" data-attachment-id=\"521\" class=\"fg-thumb\"><span class=\"fg-image-wrap\"><img height=\"60\" width=\"182\" class=\"skip-lazy fg-image\" data-src-fg=\"http:\/\/cieh-chre.org\/doposlednjeg\/wp-content\/uploads\/sites\/8\/cache\/2019\/03\/sjos-siv-e1552040012356\/780951359.jpg\" src=\"data:image\/svg+xml,%3Csvg%20xmlns%3D%22http%3A%2F%2Fwww.w3.org%2F2000%2Fsvg%22%20width%3D%22182%22%20height%3D%2260%22%20viewBox%3D%220%200%20182%2060%22%3E%3C%2Fsvg%3E\"><\/span><span class=\"fg-image-overlay\"><\/span><\/a><figcaption class=\"fg-caption\"><div class=\"fg-caption-inner\"><\/div><\/figcaption><\/figure><div class=\"fg-loader\"><\/div><\/div><div class=\"fg-item fg-type-image fg-idle\"><figure class=\"fg-item-inner\"><a href=\"http:\/\/westburyeurope.org\/\" target=\"_blank\" data-caption-desc=\"&lt;a href=&quot;http:\/\/westburyeurope.org\/&quot; rel=&quot;noopener&quot; target=&quot;_blank&quot;&gt;&lt;\/a&gt;\" data-attachment-id=\"484\" class=\"fg-thumb\"><span class=\"fg-image-wrap\"><img height=\"60\" width=\"287\" class=\"skip-lazy fg-image\" data-src-fg=\"http:\/\/cieh-chre.org\/doposlednjeg\/wp-content\/uploads\/sites\/8\/cache\/2019\/03\/westbury-450-e1552014096489\/1505565951.png\" src=\"data:image\/svg+xml,%3Csvg%20xmlns%3D%22http%3A%2F%2Fwww.w3.org%2F2000%2Fsvg%22%20width%3D%22287%22%20height%3D%2260%22%20viewBox%3D%220%200%20287%2060%22%3E%3C%2Fsvg%3E\"><\/span><span class=\"fg-image-overlay\"><\/span><\/a><figcaption class=\"fg-caption\"><div class=\"fg-caption-inner\"><\/div><\/figcaption><\/figure><div class=\"fg-loader\"><\/div><\/div><div class=\"fg-item fg-type-image fg-idle\"><figure class=\"fg-item-inner\"><a href=\"https:\/\/www.geogis.org\/index.html\" target=\"_blank\" data-attachment-id=\"726\" class=\"fg-thumb\"><span class=\"fg-image-wrap\"><img height=\"60\" width=\"60\" class=\"skip-lazy fg-image\" data-src-fg=\"http:\/\/cieh-chre.org\/doposlednjeg\/wp-content\/uploads\/sites\/8\/cache\/2021\/07\/logo-light-bg\/1658304011.png\" src=\"data:image\/svg+xml,%3Csvg%20xmlns%3D%22http%3A%2F%2Fwww.w3.org%2F2000%2Fsvg%22%20width%3D%2260%22%20height%3D%2260%22%20viewBox%3D%220%200%2060%2060%22%3E%3C%2Fsvg%3E\"><\/span><span class=\"fg-image-overlay\"><\/span><\/a><figcaption class=\"fg-caption\"><div class=\"fg-caption-inner\"><\/div><\/figcaption><\/figure><div class=\"fg-loader\"><\/div><\/div><div class=\"fg-item fg-type-image fg-idle\"><figure class=\"fg-item-inner\"><a href=\"https:\/\/www.teamcad.rs\/index.php\/srb\/\" target=\"_blank\" data-attachment-id=\"725\" class=\"fg-thumb\"><span class=\"fg-image-wrap\"><img height=\"60\" width=\"154\" class=\"skip-lazy fg-image\" data-src-fg=\"http:\/\/cieh-chre.org\/doposlednjeg\/wp-content\/uploads\/sites\/8\/2021\/07\/LOGO_TeamCAD_logo.png\" src=\"data:image\/svg+xml,%3Csvg%20xmlns%3D%22http%3A%2F%2Fwww.w3.org%2F2000%2Fsvg%22%20width%3D%22154%22%20height%3D%2260%22%20viewBox%3D%220%200%20154%2060%22%3E%3C%2Fsvg%3E\"><\/span><span class=\"fg-image-overlay\"><\/span><\/a><figcaption class=\"fg-caption\"><div class=\"fg-caption-inner\"><\/div><\/figcaption><\/figure><div class=\"fg-loader\"><\/div><\/div><\/div>\r\n\n<\/div>\n<\/div><\/div><div id=\"panel-133-1-0-2\" class=\"so-panel widget widget_sow-editor panel-last-child\" data-index=\"7\" ><div class=\"so-widget-sow-editor so-widget-sow-editor-base\">\n<div class=\"siteorigin-widget-tinymce textwidget\">\n\t<hr \/>\n<p style=\"text-align: center;\"><span style=\"color: #003366;\">Kontakt: Centar za istra\u017eivanje i edukaciju\u00a0o Holokaustu - CIEH, <\/span><span style=\"color: #003366;\">tel: <span style=\"color: #993300;\">+38163247856<\/span>, e-mail: <span style=\"color: #993300;\"><a style=\"color: #993300;\" href=\"mailto:\/\/cieh1chre@gmail.com\" target=\"_blank\" rel=\"noopener noreferrer\">cieh1chre@gmail.com<\/a><\/span> web: <span style=\"color: #993300;\"><a style=\"color: #993300;\" href=\"www.cieh-chre.org\" target=\"_blank\" rel=\"noopener noreferrer\">www.cieh-chre.org<\/a><\/span><\/span><\/p>\n<hr \/>\n<\/div>\n<\/div><\/div><\/div><\/div><\/div>","protected":false},"excerpt":{"rendered":"<p>3.Ra\u0111eno 6-\u0161estoga Novembra 1941 godine u kancelariji Na\u010delstva sreza posavskog\u00a0 na Umci\u00a0\u00a0\u00a0\u00a0\u00a0\u00a0\u00a0\u00a0\u00a0\u00a0\u00a0\u00a0\u00a0\u00a0\u00a0\u00a0 Priveden danas od strane grani\u010dnog otseka finansijske kontrole u Ostru\u017enici ovom Na\u010delstvu Vladislav Grinski, star 37 golina, iz Sombotej-Ma\u0111arska. sada \u017eive\u0107i u Beogradu sa stanom U Kralja Petra ulici Br: 54. \u017eenjen. otac 1. dateta, nevosu\u0111ivan i nek\u017enjavan. vere rimo-katoli\u010dke, podanik biv. Jugoslavije. [&hellip;]<\/p>\n","protected":false},"author":2,"featured_media":0,"parent":0,"menu_order":0,"comment_status":"closed","ping_status":"closed","template":"","meta":[],"acf":[],"wps_subtitle":"","_links":{"self":[{"href":"http:\/\/cieh-chre.org\/doposlednjeg\/wp-json\/wp\/v2\/pages\/133"}],"collection":[{"href":"http:\/\/cieh-chre.org\/doposlednjeg\/wp-json\/wp\/v2\/pages"}],"about":[{"href":"http:\/\/cieh-chre.org\/doposlednjeg\/wp-json\/wp\/v2\/types\/page"}],"author":[{"embeddable":true,"href":"http:\/\/cieh-chre.org\/doposlednjeg\/wp-json\/wp\/v2\/users\/2"}],"replies":[{"embeddable":true,"href":"http:\/\/cieh-chre.org\/doposlednjeg\/wp-json\/wp\/v2\/comments?post=133"}],"version-history":[{"count":19,"href":"http:\/\/cieh-chre.org\/doposlednjeg\/wp-json\/wp\/v2\/pages\/133\/revisions"}],"predecessor-version":[{"id":710,"href":"http:\/\/cieh-chre.org\/doposlednjeg\/wp-json\/wp\/v2\/pages\/133\/revisions\/710"}],"wp:attachment":[{"href":"http:\/\/cieh-chre.org\/doposlednjeg\/wp-json\/wp\/v2\/media?parent=133"}],"curies":[{"name":"wp","href":"https:\/\/api.w.org\/{rel}","templated":true}]}}