{"id":169,"date":"2019-02-20T23:06:24","date_gmt":"2019-02-20T23:06:24","guid":{"rendered":"http:\/\/cieh-chre.org\/doposlednjeg\/?page_id=169"},"modified":"2021-07-06T18:18:42","modified_gmt":"2021-07-06T17:18:42","slug":"benjamin-novgorodski-2-2-13","status":"publish","type":"page","link":"http:\/\/cieh-chre.org\/doposlednjeg\/benjamin-novgorodski-2-2-13\/","title":{"rendered":"Dr. Benjamin Novgorodski"},"content":{"rendered":"<div id=\"pl-169\"  class=\"panel-layout\" ><div id=\"pg-169-0\"  class=\"panel-grid panel-no-style\" ><div id=\"pgc-169-0-0\"  class=\"panel-grid-cell\" ><div id=\"panel-169-0-0-0\" class=\"so-panel widget widget_foogallery_widget foogallery_widget panel-first-child panel-last-child\" data-index=\"0\" ><div class=\"foogallery foogallery-container foogallery-default foogallery-lightbox-foobox fg-gutter-10 fg-center fg-default fg-light fg-border-thin fg-shadow-outline fg-loading-partial fg-loaded-fade-in fg-caption-hover fg-hover-fade fg-hover-zoom fg-ready\" id=\"foogallery-gallery-297\" data-foogallery=\"{&quot;item&quot;:{&quot;showCaptionTitle&quot;:true,&quot;showCaptionDescription&quot;:true},&quot;lazy&quot;:true}\" >\r\n\t<div class=\"fg-item fg-type-image fg-idle\"><figure class=\"fg-item-inner\"><a href=\"http:\/\/cieh-chre.org\/doposlednjeg\/wp-content\/uploads\/sites\/8\/2019\/02\/MG_2690.jpg\" data-attachment-id=\"293\" class=\"fg-thumb\"><span class=\"fg-image-wrap\"><img width=\"957\" height=\"1261\" class=\"skip-lazy fg-image\" data-src-fg=\"http:\/\/cieh-chre.org\/doposlednjeg\/wp-content\/uploads\/sites\/8\/2019\/02\/MG_2690.jpg\" data-srcset-fg=\"http:\/\/cieh-chre.org\/doposlednjeg\/wp-content\/uploads\/sites\/8\/2019\/02\/MG_2690.jpg 2x,http:\/\/cieh-chre.org\/doposlednjeg\/wp-content\/uploads\/sites\/8\/2019\/02\/MG_2690.jpg 3x,http:\/\/cieh-chre.org\/doposlednjeg\/wp-content\/uploads\/sites\/8\/2019\/02\/MG_2690.jpg 4x\" src=\"data:image\/svg+xml,%3Csvg%20xmlns%3D%22http%3A%2F%2Fwww.w3.org%2F2000%2Fsvg%22%20width%3D%22957%22%20height%3D%221261%22%20viewBox%3D%220%200%20957%201261%22%3E%3C%2Fsvg%3E\"><\/span><span class=\"fg-image-overlay\"><\/span><\/a><figcaption class=\"fg-caption\"><div class=\"fg-caption-inner\"><\/div><\/figcaption><\/figure><div class=\"fg-loader\"><\/div><\/div><div class=\"fg-item fg-type-image fg-idle\"><figure class=\"fg-item-inner\"><a href=\"http:\/\/cieh-chre.org\/doposlednjeg\/wp-content\/uploads\/sites\/8\/2019\/02\/MG_2680.jpg\" data-caption-desc=\"Zapisnik saslu\u0161anja Dr. Benjamina Novgorodskog P1\nSig. IAB UGB - SP III - 8\/13, k, 144\/15\" data-attachment-id=\"295\" class=\"fg-thumb\"><span class=\"fg-image-wrap\"><img width=\"1319\" height=\"2084\" class=\"skip-lazy fg-image\" data-src-fg=\"http:\/\/cieh-chre.org\/doposlednjeg\/wp-content\/uploads\/sites\/8\/2019\/02\/MG_2680.jpg\" data-srcset-fg=\"http:\/\/cieh-chre.org\/doposlednjeg\/wp-content\/uploads\/sites\/8\/2019\/02\/MG_2680.jpg 2x,http:\/\/cieh-chre.org\/doposlednjeg\/wp-content\/uploads\/sites\/8\/2019\/02\/MG_2680.jpg 3x,http:\/\/cieh-chre.org\/doposlednjeg\/wp-content\/uploads\/sites\/8\/2019\/02\/MG_2680.jpg 4x\" src=\"data:image\/svg+xml,%3Csvg%20xmlns%3D%22http%3A%2F%2Fwww.w3.org%2F2000%2Fsvg%22%20width%3D%221319%22%20height%3D%222084%22%20viewBox%3D%220%200%201319%202084%22%3E%3C%2Fsvg%3E\"><\/span><span class=\"fg-image-overlay\"><\/span><\/a><figcaption class=\"fg-caption\"><div class=\"fg-caption-inner\"><div class=\"fg-caption-desc\">Zapisnik saslu\u0161anja Dr. Benjamina Novgorodskog P1\nSig. IAB UGB - SP III - 8\/13, k, 144\/15<\/div><\/div><\/figcaption><\/figure><div class=\"fg-loader\"><\/div><\/div><div class=\"fg-item fg-type-image fg-idle\"><figure class=\"fg-item-inner\"><a href=\"http:\/\/cieh-chre.org\/doposlednjeg\/wp-content\/uploads\/sites\/8\/2019\/02\/MG_2681.jpg\" data-caption-desc=\"Zapisnik saslu\u0161anja Dr. Benjamina Novgorodskog P2\nSig. IAB UGB - SP III - 8\/13, k, 144\/15\" data-attachment-id=\"296\" class=\"fg-thumb\"><span class=\"fg-image-wrap\"><img width=\"2084\" height=\"3274\" class=\"skip-lazy fg-image\" data-src-fg=\"http:\/\/cieh-chre.org\/doposlednjeg\/wp-content\/uploads\/sites\/8\/2019\/02\/MG_2681.jpg\" data-srcset-fg=\"http:\/\/cieh-chre.org\/doposlednjeg\/wp-content\/uploads\/sites\/8\/2019\/02\/MG_2681.jpg 2x,http:\/\/cieh-chre.org\/doposlednjeg\/wp-content\/uploads\/sites\/8\/2019\/02\/MG_2681.jpg 3x,http:\/\/cieh-chre.org\/doposlednjeg\/wp-content\/uploads\/sites\/8\/2019\/02\/MG_2681.jpg 4x\" src=\"data:image\/svg+xml,%3Csvg%20xmlns%3D%22http%3A%2F%2Fwww.w3.org%2F2000%2Fsvg%22%20width%3D%222084%22%20height%3D%223274%22%20viewBox%3D%220%200%202084%203274%22%3E%3C%2Fsvg%3E\"><\/span><span class=\"fg-image-overlay\"><\/span><\/a><figcaption class=\"fg-caption\"><div class=\"fg-caption-inner\"><div class=\"fg-caption-desc\">Zapisnik saslu\u0161anja Dr. Benjamina Novgorodskog P2\nSig. IAB UGB - SP III - 8\/13, k, 144\/15<\/div><\/div><\/figcaption><\/figure><div class=\"fg-loader\"><\/div><\/div><div class=\"fg-item fg-type-image fg-idle\"><figure class=\"fg-item-inner\"><a href=\"http:\/\/cieh-chre.org\/doposlednjeg\/wp-content\/uploads\/sites\/8\/2019\/02\/MG_2688.jpg\" data-attachment-id=\"294\" class=\"fg-thumb\"><span class=\"fg-image-wrap\"><img width=\"1300\" height=\"2084\" class=\"skip-lazy fg-image\" data-src-fg=\"http:\/\/cieh-chre.org\/doposlednjeg\/wp-content\/uploads\/sites\/8\/2019\/02\/MG_2688.jpg\" data-srcset-fg=\"http:\/\/cieh-chre.org\/doposlednjeg\/wp-content\/uploads\/sites\/8\/2019\/02\/MG_2688.jpg 2x,http:\/\/cieh-chre.org\/doposlednjeg\/wp-content\/uploads\/sites\/8\/2019\/02\/MG_2688.jpg 3x,http:\/\/cieh-chre.org\/doposlednjeg\/wp-content\/uploads\/sites\/8\/2019\/02\/MG_2688.jpg 4x\" src=\"data:image\/svg+xml,%3Csvg%20xmlns%3D%22http%3A%2F%2Fwww.w3.org%2F2000%2Fsvg%22%20width%3D%221300%22%20height%3D%222084%22%20viewBox%3D%220%200%201300%202084%22%3E%3C%2Fsvg%3E\"><\/span><span class=\"fg-image-overlay\"><\/span><\/a><figcaption class=\"fg-caption\"><div class=\"fg-caption-inner\"><\/div><\/figcaption><\/figure><div class=\"fg-loader\"><\/div><\/div><\/div>\r\n<\/div><\/div><div id=\"pgc-169-0-1\"  class=\"panel-grid-cell\" ><div id=\"panel-169-0-1-0\" class=\"so-panel widget widget_sow-button panel-first-child\" data-index=\"1\" ><div class=\"so-widget-sow-button so-widget-sow-button-flat-f9ef2d797013-169\"><div class=\"ow-button-base ow-button-align-left\">\n\t<a href=\"https:\/\/geogis.org\/mapesvedocenja\/#18\/44.81138\/20.47766\" class=\"ow-icon-placement-left ow-button-hover\" target=\"_blank\" rel=\"noopener noreferrer\" \t\t>\n\t\t<span>\n\t\t\t<span class=\"sow-icon-fontawesome sow-far\" data-sow-icon=\"&#xf2bb;\"\n\t\t ><\/span>\n\t\t\tLokacija na mapi\t\t<\/span>\n\t<\/a>\n<\/div>\n<\/div><\/div><div id=\"panel-169-0-1-1\" class=\"so-panel widget widget_sow-editor panel-last-child\" data-index=\"2\" ><div class=\"so-widget-sow-editor so-widget-sow-editor-base\"><h3 class=\"widget-title\">Transkript zapisnika o isle\u0111ivanju Dr. Benjamina Novgorodskog<\/h3>\n<div class=\"siteorigin-widget-tinymce textwidget\">\n\t<hr \/>\n<p style=\"text-align: right;\">\u00a0\u00a0\u00a0\u00a0\u00a0\u00a0\u00a0\u00a0\u00a0\u00a0\u00a0\u00a0\u00a0\u00a0\u00a0 Ra\u0111eno 28. januara 1942. godine u Odelenju<\/p>\n<p style=\"text-align: right;\">specijalne policije Uprave grada Beograda.<\/p>\n<p style=\"text-align: center;\"><u>Z\u00a0 A\u00a0 P\u00a0 I\u00a0 S\u00a0 N\u00a0 I\u00a0 K<\/u><\/p>\n<p>\u00a0\u00a0\u00a0\u00a0\u00a0\u00a0\u00a0\u00a0\u00a0\u00a0\u00a0\u00a0\u00a0\u00a0\u00a0 o saslu\u0161anju Dr. Benjamina Nogrodskog (Novogradskog), op\u0161tinskog lekara u penziji, ro\u0111enog 20. juna 1885. godine u Vilni,-Rusija, od oca Ilije i majke Ljubov, podanika srpskog, po narodnosti Rus, o\u017eenjen, Jelenom , ro\u0111enom xxxxx Lendvaj, otac jednog deteta, vere pravoslavne, vojsku slu\u017eio rezervni sanitetski potpukovnik, koji na postavljena mu pitanja dadeslede\u0107i odgovor:<\/p>\n<p>Ja sam napustio Rusiju 1906. godine,kada sam oti\u0161ao na studije u \u0160vajcarsku,gde sam studirao medininu.<\/p>\n<p>Po zavr\u0161enim studijama u \u0160vajcarskoj javio sam se na poziv Srpske vlade, preko tada\u0161njeg konzula u \u0160vajcarskoj Nikole Petrovi\u0107a, za lekara u Srbiji, po\u0161to je tada ve\u0107 bio objavljen rat izme\u0111u Austrougarske, Nema\u010dke i Srbije, a u Srbiji je tada vlada epidemija pegavog tifusaj i nije bilo dovoljno lekara.<\/p>\n<p>Po dolasku u Srbiju stupio sam u srpsku vojsku za kontraktuvinog lekara III klase, koji odgovara \u010dinu poru\u010dnika.<\/p>\n<p>Odmah po stupanju za kontraktualnog vojnog lekara poslat sam za lekara 1 Rezervne vojne bolnice U Zaje\u010daru. Upravnik ove bolnice bio je tada Dr.Hrnji\u010dek, a posle njeg Dr. Brig.<\/p>\n<p>Po stupanju na du\u017enost u 1 Rezervnu vojnu bolnicu u Zaje\u010daru zarazio sam se pegavim tifusom. Odmah po ozdravljenju, usled nedostatka lekara, jo\u0161 kao rekonvalescent, poslat sam u Prahovo za suzbijanje epidemije malarije, gde sam u isto vreme vr\u0161io du\u0161nost trupnog i pristani\u0161nog lekara u Prahovu i kao takav imao sam za zadatak. da sprovodim Austriske zarobljenike za Turnseverin.<\/p>\n<p>Docnije sam iz Prahova po ukazanoj potrebi preme\u0161ten za Valjevo u U Rezervnu vojnu bolnicu. Upravnik bolnice u Valjevu bio je tada major Savi\u0107, a referent saniteta pukovnik Petkovi\u0107, \u010dijeg se imena ne se\u0107am.<\/p>\n<p>U Valjevu sam ostao do okupacije od strane neprijatelja, gde sam ostao po nare\u0111enju Vrhovne komande da bih predao bolnicu okupatorskim vlastima i \u0161titio interese srpskih ranjenika i bolesnika.<\/p>\n<p>Po predaji bolnice okupatorskim vlastima ostao sam jo\u0161 izvesno vreme u bolnici u Valjevu, a zatim sam interniran u Nadme\u0111er kao vojni zarobljenik. Posle izvesnog vremena preme\u0161ten sam iz Nadme\u0111era za Boldogavon, gde sam ostao do oslobo\u0111enja, t.j.do 1918.godine.<\/p>\n<p>Po oslobo\u0111enju stigao sam iz Boldogasona u Suboticu, gde sam preuzeo bolnicu \"Kod krasnog petla\u201c. Radio sam na suzbijanju gripa, koja je tada vladala kod nas. Kada se gripa sti\u0161ala preme\u0161ten sam za Sentu, kao trupni i garnizoni lekar,sa sedi\u0161tem u Senti,ali za garnizone: Stara i Nova Kanji\u017ea, Horgo\u0161, Martono\u0161 i Novi Segedin. Posle nekog vremena upoznao sam se sa mojom sada\u0161njom \u017eenom u Novom Segedinu,a zatim sam se sa njom o\u017eenio u Senti.<\/p>\n<p>Pre stupanja u brak samnom mojg \u017eena je bila Jevrejka -i zvala je se Ilona. Po ven\u010danju samnom pre\u0161la je odmah u pravoslavnu veru i na kr\u0161tenju je dobila ime Vera.<\/p>\n<p>Iz Sente sam docnije preme\u0161ten za Sombor za trupnog lekara. Zatim sam iz Sombora preme\u0161ten za Ni\u0161 za trupnog lekara. Iz Ni\u0161a sim oti\u0161ao sa okupacionom trupom,kao \u0161ef lekar, za Caribrod,koji smo tada imali da primimo od Bugara.<\/p>\n<p>Iz Caribroda sam se ponovo vratio u Ni\u0161. U Ni\u0161u sam dobio tri meseca otsustva za Be\u010d, radi usavr\u0161avanja zubarstva. Otsustvo mi je dalo Ministarstvo vojske da bih se usavr\u0161io u zubarstvu.<\/p>\n<p>Po povratku iz Be\u010da preme\u0161ten sam za garnizonog i trupnog lekara u Pri\u0161tinu.<\/p>\n<p>Iz Pri\u0161tine sam preme\u0161ten u Ljum Kulu za upravnika Centralne ambulante, po\u0161to se tada vodile borbe izme\u0111u Miridita i ka\u010daka.<\/p>\n<p>Po svr\u0161etku pobuna vra\u0107en sam ponovo u Pri\u0161tinu za garnizonog lekara. u Pri\u0161tini sam 1922. godine podneo ostavku na dr\u017eavnu slu\u017ebu i napustio sam vojnu sanitetsku slu\u017ebu kao kontraktualni lekar 1 klase,odnosno kapetan 1 klase. a o o.<\/p>\n<p>Docnije sam na poziv mog biv. komandanta divizije, koji me je pozvao, cene\u0107i moj raniji rad u vojsci,i pod \u010dijom sam komandom, dok sam slu\u017eio kao aktivni oficir, dobio Diviziske i Armiske pohvale, polo\u017eio ispit za majora aktivnog, ali se nisam reaktivirao.<\/p>\n<p>\u00a0<\/p>\n<p style=\"text-align: center;\">2. tabak<\/p>\n<p>\u00a0\u00a0\u00a0\u00a0\u00a0\u00a0\u00a0\u00a0\u00a0\u00a0\u00a0\u00a0\u00a0\u00a0\u00a0 Posle polaganja majorskog ispita redovno sam unapre\u0111en u \u010din majora,a zatim isto tako redovno i u \u010din potpukovnika iako sam bio u rezervi.<\/p>\n<p>Po napu\u0161tanju vojne slu\u017ebe stupio sam odmah,kao izaslanik Ministarstva narodnog zdravlja u Turiju- Ba\u010dka gle je tada vladala epidemija \u0161arlaha, sa naro\u010ditim ovla\u0161\u0107njima, po\u0161to je to \u010disto srpsko mesto.<\/p>\n<p>Po ugu\u0161enju epidemije u Turiji, postavljen sam za op\u0161tinskog lekara u Ruski Krstur,srez Kula. Iz Ruskog Krstura preme\u0161ten sam; po molbi u Kupusin za op\u0161tinskog lekara. Ovaj preme\u0161taj tra\u017eio sam zato \u0161to mi je Kupusin bio bli\u017ee Kuli i dete mi je lak\u0161e moglo pose\u0107ivati \u0161kolu u Kuli.<\/p>\n<p>U Kupusinu sam ostao skoro \u010detrnaest godina, a zatim sam stvljen u penziju iz zdravstvenih razloga.<\/p>\n<p>Posle ovog nisam se bavio niti se bavim privatnom praksom.<\/p>\n<p>Ja sam imao svoju ku\u0107u u Somboru,koju sam posle toga prodao jer mi je sin bio zavr\u0161io gimnaziju i kako sam \u017eeli da nastavi studije, to sam se reselio u Beograd.<\/p>\n<p>Po dolasku u Beograd kupio sam ku\u0107u u Dalmatinskoj Ulici br.34., koju sam posle zbog materijalnih razloga prodao Nataliji \u0110ur\u0111evi\u0107, gospo\u0111i prote \u0110ur\u0111evi\u0107a.<\/p>\n<p>\u0160to se ti\u010de moga porekla mogu da ka\u017eem samo toliko, koliko je meni poznato,da mi je majka bila prava Hri\u0161\u0107anka,a otac navodno Kargim. Oca i majke se ne se\u0107am, jer su umrli dok sam ja bio jo\u0161 mali, a mene, je vaspitavala jedna stara dobra \u017eena.<\/p>\n<p>U pravoslavlje sam pre\u0161ao 1918.godine u Somboru,a obred je pok.Pavkov, sve\u0161tenik u Somboru.<\/p>\n<p>Moj sin, Aleksandar, ro\u0111en je kao dete pravoslavnih roditelja. Kr\u0161ten je u Segedinu u srpskoj pravoslavnoj crkvi Sv. Nikole.<\/p>\n<p>Mome sinu ni\u0161ta nije poznato o poreklu mome, kao ni o poreklu maj\u010dinom, jer smo ga vaspitavali u \u010disto srpskom duhu.<\/p>\n<p>Kumovao je kr\u0161tenju moga sina Nedeljko Veljkovi\u0107, koji je tada bio polic. komesar u Segedinu.<\/p>\n<p>Zaboravi sam da napomenem da su samnom u ropstvu bili: Dr.Krsta Dragomirovi\u0107, sanitetski pukovnik, zet Stepe Stepanovi\u0107a, po\u010d, Dr.Jovan H.Bogdanovi\u0107, sanitetski major, Dr. Nikola Risti\u0107, sanitetski Kapeten I klase i Dr. Milanom Simi\u0107em, sanitetskim kapetanom I klase.<\/p>\n<p>Od odlikovanja imam pismene diviziske i armiske pohvale i orden za ujedinjenje i oslobo\u0111enje Ju\u017enih slovena.<\/p>\n<p>To je sve \u0161to bih po ovom imseo da ka\u017eem.\u00a0 Ispit mi je pro\u010ditan i sve su moje re\u010di u njemu zapisan pa ga u celosti za svoj priznajem i potpisujem.<\/p>\n<p>\u00a0<\/p>\n<p style=\"text-align: right;\">Pismen sam,<\/p>\n<p style=\"text-align: right;\">Potpis: (ne\u010ditko)<\/p>\n<p>Overavaju:<\/p>\n<p>Zapisni\u010dar,<\/p>\n<p>Potpis: (ne\u010ditko)<\/p>\n<p>\u00a0<\/p>\n<p>Sig. IAB UGB - SP III - 8\/13, k, 144\/15<\/p>\n<\/div>\n<\/div><\/div><\/div><\/div><div id=\"pg-169-1\"  class=\"panel-grid panel-no-style\" ><div id=\"pgc-169-1-0\"  class=\"panel-grid-cell\" ><div id=\"panel-169-1-0-0\" class=\"so-panel widget widget_sow-editor panel-first-child\" data-index=\"3\" ><div class=\"so-widget-sow-editor so-widget-sow-editor-base\"><h3 class=\"widget-title\">Projekat su podr\u017eali<\/h3>\n<div class=\"siteorigin-widget-tinymce textwidget\">\n\t<hr \/>\n<p style=\"text-align: center;\">Projekat je realizovan sredstvima iz prvog ciklusa finansiranja programa iz oblasti nauke, kulture i obrazovanja Saveza jevrejskih op\u0161tina Srbije, vezanih za Holokaust u Srbiji, podr\u017eanih sredstvima Republike Srbije na osnovu Zakona o otklanjanju posledica oduzimanja imovine \u017ertava Holokausta bez \u017eivih zakonskih naslednika. Dodatna sredstva obezbe\u0111ena su ljubazno\u0161\u0107u Westbury group. Tehnolo\u0161ki partner: GDI Solutions d.o.o.<\/p>\n<\/div>\n<\/div><\/div><div id=\"panel-169-1-0-1\" class=\"so-panel widget widget_sow-editor\" data-index=\"4\" ><div class=\"so-widget-sow-editor so-widget-sow-editor-base\">\n<div class=\"siteorigin-widget-tinymce textwidget\">\n\t<hr \/>\n<div class=\"foogallery foogallery-container foogallery-default foogallery-lightbox-foobox fg-gutter-10 fg-center fg-default fg-light fg-loaded-fade-in fg-hover-fade fg-ready\" id=\"foogallery-gallery-485\" data-foogallery=\"{&quot;item&quot;:{&quot;showCaptionTitle&quot;:false,&quot;showCaptionDescription&quot;:false},&quot;lazy&quot;:true}\" >\r\n\t<div class=\"fg-item fg-type-image fg-idle\"><figure class=\"fg-item-inner\"><a href=\"http:\/\/cieh-chre.org\/\" data-attachment-id=\"481\" class=\"fg-thumb\"><span class=\"fg-image-wrap\"><img height=\"60\" width=\"101\" class=\"skip-lazy fg-image\" data-src-fg=\"http:\/\/cieh-chre.org\/doposlednjeg\/wp-content\/uploads\/sites\/8\/cache\/2019\/03\/CHRE-logo-reconstruct-pg4-5-lat-2-e1552014023403\/235735445.png\" src=\"data:image\/svg+xml,%3Csvg%20xmlns%3D%22http%3A%2F%2Fwww.w3.org%2F2000%2Fsvg%22%20width%3D%22101%22%20height%3D%2260%22%20viewBox%3D%220%200%20101%2060%22%3E%3C%2Fsvg%3E\"><\/span><span class=\"fg-image-overlay\"><\/span><\/a><figcaption class=\"fg-caption\"><div class=\"fg-caption-inner\"><\/div><\/figcaption><\/figure><div class=\"fg-loader\"><\/div><\/div><div class=\"fg-item fg-type-image fg-idle\"><figure class=\"fg-item-inner\"><a href=\"http:\/\/www.mfin.gov.rs\/\" target=\"_blank\" data-attachment-id=\"524\" class=\"fg-thumb\"><span class=\"fg-image-wrap\"><img height=\"60\" width=\"170\" class=\"skip-lazy fg-image\" data-src-fg=\"http:\/\/cieh-chre.org\/doposlednjeg\/wp-content\/uploads\/sites\/8\/cache\/2019\/03\/RS-min-fin-e1552044420166\/4181945008.png\" src=\"data:image\/svg+xml,%3Csvg%20xmlns%3D%22http%3A%2F%2Fwww.w3.org%2F2000%2Fsvg%22%20width%3D%22170%22%20height%3D%2260%22%20viewBox%3D%220%200%20170%2060%22%3E%3C%2Fsvg%3E\"><\/span><span class=\"fg-image-overlay\"><\/span><\/a><figcaption class=\"fg-caption\"><div class=\"fg-caption-inner\"><\/div><\/figcaption><\/figure><div class=\"fg-loader\"><\/div><\/div><div class=\"fg-item fg-type-image fg-idle\"><figure class=\"fg-item-inner\"><a href=\"http:\/\/www.savezjos.org\/\" target=\"_blank\" data-caption-desc=\"&lt;a href=&quot;http:\/\/www.savezjos.org\/&quot; rel=&quot;noopener&quot; target=&quot;_blank&quot;&gt;&lt;\/a&gt;\" data-attachment-id=\"521\" class=\"fg-thumb\"><span class=\"fg-image-wrap\"><img height=\"60\" width=\"182\" class=\"skip-lazy fg-image\" data-src-fg=\"http:\/\/cieh-chre.org\/doposlednjeg\/wp-content\/uploads\/sites\/8\/cache\/2019\/03\/sjos-siv-e1552040012356\/780951359.jpg\" src=\"data:image\/svg+xml,%3Csvg%20xmlns%3D%22http%3A%2F%2Fwww.w3.org%2F2000%2Fsvg%22%20width%3D%22182%22%20height%3D%2260%22%20viewBox%3D%220%200%20182%2060%22%3E%3C%2Fsvg%3E\"><\/span><span class=\"fg-image-overlay\"><\/span><\/a><figcaption class=\"fg-caption\"><div class=\"fg-caption-inner\"><\/div><\/figcaption><\/figure><div class=\"fg-loader\"><\/div><\/div><div class=\"fg-item fg-type-image fg-idle\"><figure class=\"fg-item-inner\"><a href=\"http:\/\/westburyeurope.org\/\" target=\"_blank\" data-caption-desc=\"&lt;a href=&quot;http:\/\/westburyeurope.org\/&quot; rel=&quot;noopener&quot; target=&quot;_blank&quot;&gt;&lt;\/a&gt;\" data-attachment-id=\"484\" class=\"fg-thumb\"><span class=\"fg-image-wrap\"><img height=\"60\" width=\"287\" class=\"skip-lazy fg-image\" data-src-fg=\"http:\/\/cieh-chre.org\/doposlednjeg\/wp-content\/uploads\/sites\/8\/cache\/2019\/03\/westbury-450-e1552014096489\/1505565951.png\" src=\"data:image\/svg+xml,%3Csvg%20xmlns%3D%22http%3A%2F%2Fwww.w3.org%2F2000%2Fsvg%22%20width%3D%22287%22%20height%3D%2260%22%20viewBox%3D%220%200%20287%2060%22%3E%3C%2Fsvg%3E\"><\/span><span class=\"fg-image-overlay\"><\/span><\/a><figcaption class=\"fg-caption\"><div class=\"fg-caption-inner\"><\/div><\/figcaption><\/figure><div class=\"fg-loader\"><\/div><\/div><div class=\"fg-item fg-type-image fg-idle\"><figure class=\"fg-item-inner\"><a href=\"https:\/\/www.geogis.org\/index.html\" target=\"_blank\" data-attachment-id=\"726\" class=\"fg-thumb\"><span class=\"fg-image-wrap\"><img height=\"60\" width=\"60\" class=\"skip-lazy fg-image\" data-src-fg=\"http:\/\/cieh-chre.org\/doposlednjeg\/wp-content\/uploads\/sites\/8\/cache\/2021\/07\/logo-light-bg\/1658304011.png\" src=\"data:image\/svg+xml,%3Csvg%20xmlns%3D%22http%3A%2F%2Fwww.w3.org%2F2000%2Fsvg%22%20width%3D%2260%22%20height%3D%2260%22%20viewBox%3D%220%200%2060%2060%22%3E%3C%2Fsvg%3E\"><\/span><span class=\"fg-image-overlay\"><\/span><\/a><figcaption class=\"fg-caption\"><div class=\"fg-caption-inner\"><\/div><\/figcaption><\/figure><div class=\"fg-loader\"><\/div><\/div><div class=\"fg-item fg-type-image fg-idle\"><figure class=\"fg-item-inner\"><a href=\"https:\/\/www.teamcad.rs\/index.php\/srb\/\" target=\"_blank\" data-attachment-id=\"725\" class=\"fg-thumb\"><span class=\"fg-image-wrap\"><img height=\"60\" width=\"154\" class=\"skip-lazy fg-image\" data-src-fg=\"http:\/\/cieh-chre.org\/doposlednjeg\/wp-content\/uploads\/sites\/8\/2021\/07\/LOGO_TeamCAD_logo.png\" src=\"data:image\/svg+xml,%3Csvg%20xmlns%3D%22http%3A%2F%2Fwww.w3.org%2F2000%2Fsvg%22%20width%3D%22154%22%20height%3D%2260%22%20viewBox%3D%220%200%20154%2060%22%3E%3C%2Fsvg%3E\"><\/span><span class=\"fg-image-overlay\"><\/span><\/a><figcaption class=\"fg-caption\"><div class=\"fg-caption-inner\"><\/div><\/figcaption><\/figure><div class=\"fg-loader\"><\/div><\/div><\/div>\r\n\n<\/div>\n<\/div><\/div><div id=\"panel-169-1-0-2\" class=\"so-panel widget widget_sow-editor panel-last-child\" data-index=\"5\" ><div class=\"so-widget-sow-editor so-widget-sow-editor-base\">\n<div class=\"siteorigin-widget-tinymce textwidget\">\n\t<hr \/>\n<p style=\"text-align: center;\"><span style=\"color: #003366;\">Kontakt: Centar za istra\u017eivanje i edukaciju\u00a0o Holokaustu - CIEH, <\/span><span style=\"color: #003366;\">tel: <span style=\"color: #993300;\">+38163247856<\/span>, e-mail: <span style=\"color: #993300;\"><a style=\"color: #993300;\" href=\"mailto:\/\/cieh1chre@gmail.com\" target=\"_blank\" rel=\"noopener noreferrer\">cieh1chre@gmail.com<\/a><\/span> web: <span style=\"color: #993300;\"><a style=\"color: #993300;\" href=\"www.cieh-chre.org\" target=\"_blank\" rel=\"noopener noreferrer\">www.cieh-chre.org<\/a><\/span><\/span><\/p>\n<hr \/>\n<\/div>\n<\/div><\/div><\/div><\/div><\/div>","protected":false},"excerpt":{"rendered":"<p>\u00a0\u00a0\u00a0\u00a0\u00a0\u00a0\u00a0\u00a0\u00a0\u00a0\u00a0\u00a0\u00a0\u00a0\u00a0 Ra\u0111eno 28. januara 1942. godine u Odelenjuspecijalne policije Uprave grada Beograda.Z\u00a0 A\u00a0 P\u00a0 I\u00a0 S\u00a0 N\u00a0 I\u00a0 K\u00a0\u00a0\u00a0\u00a0\u00a0\u00a0\u00a0\u00a0\u00a0\u00a0\u00a0\u00a0\u00a0\u00a0\u00a0 o saslu\u0161anju Dr. Benjamina Nogrodskog (Novogradskog), op\u0161tinskog lekara u penziji, ro\u0111enog 20. juna 1885. godine u Vilni,-Rusija, od oca Ilije i majke Ljubov, podanika srpskog, po narodnosti Rus, o\u017eenjen, Jelenom , ro\u0111enom xxxxx Lendvaj, otac jednog [&hellip;]<\/p>\n","protected":false},"author":2,"featured_media":0,"parent":0,"menu_order":0,"comment_status":"closed","ping_status":"closed","template":"","meta":[],"acf":[],"wps_subtitle":"","_links":{"self":[{"href":"http:\/\/cieh-chre.org\/doposlednjeg\/wp-json\/wp\/v2\/pages\/169"}],"collection":[{"href":"http:\/\/cieh-chre.org\/doposlednjeg\/wp-json\/wp\/v2\/pages"}],"about":[{"href":"http:\/\/cieh-chre.org\/doposlednjeg\/wp-json\/wp\/v2\/types\/page"}],"author":[{"embeddable":true,"href":"http:\/\/cieh-chre.org\/doposlednjeg\/wp-json\/wp\/v2\/users\/2"}],"replies":[{"embeddable":true,"href":"http:\/\/cieh-chre.org\/doposlednjeg\/wp-json\/wp\/v2\/comments?post=169"}],"version-history":[{"count":14,"href":"http:\/\/cieh-chre.org\/doposlednjeg\/wp-json\/wp\/v2\/pages\/169\/revisions"}],"predecessor-version":[{"id":683,"href":"http:\/\/cieh-chre.org\/doposlednjeg\/wp-json\/wp\/v2\/pages\/169\/revisions\/683"}],"wp:attachment":[{"href":"http:\/\/cieh-chre.org\/doposlednjeg\/wp-json\/wp\/v2\/media?parent=169"}],"curies":[{"name":"wp","href":"https:\/\/api.w.org\/{rel}","templated":true}]}}