{"id":280,"date":"2019-02-24T12:15:27","date_gmt":"2019-02-24T12:15:27","guid":{"rendered":"http:\/\/cieh-chre.org\/doposlednjeg\/?page_id=280"},"modified":"2021-07-07T01:00:20","modified_gmt":"2021-07-07T00:00:20","slug":"rozenberg-erna-2-2-9","status":"publish","type":"page","link":"http:\/\/cieh-chre.org\/doposlednjeg\/rozenberg-erna-2-2-9\/","title":{"rendered":"Rozenberg Erna"},"content":{"rendered":"<div id=\"pl-280\"  class=\"panel-layout\" ><div id=\"pg-280-0\"  class=\"panel-grid panel-no-style\" ><div id=\"pgc-280-0-0\"  class=\"panel-grid-cell\" ><div id=\"panel-280-0-0-0\" class=\"so-panel widget widget_foogallery_widget foogallery_widget panel-first-child panel-last-child\" data-index=\"0\" ><div class=\"foogallery foogallery-container foogallery-default foogallery-lightbox-foobox fg-gutter-10 fg-center fg-default fg-light fg-border-thin fg-shadow-outline fg-loading-partial fg-loaded-fade-in fg-caption-hover fg-hover-fade fg-hover-zoom fg-ready\" id=\"foogallery-gallery-290\" data-foogallery=\"{&quot;item&quot;:{&quot;showCaptionTitle&quot;:true,&quot;showCaptionDescription&quot;:true},&quot;lazy&quot;:true}\" >\r\n\t<div class=\"fg-item fg-type-image fg-idle\"><figure class=\"fg-item-inner\"><a href=\"http:\/\/cieh-chre.org\/doposlednjeg\/wp-content\/uploads\/sites\/8\/2019\/02\/MG_1551.jpg\" data-attachment-id=\"285\" class=\"fg-thumb\"><span class=\"fg-image-wrap\"><img width=\"1446\" height=\"2084\" class=\"skip-lazy fg-image\" data-src-fg=\"http:\/\/cieh-chre.org\/doposlednjeg\/wp-content\/uploads\/sites\/8\/2019\/02\/MG_1551.jpg\" src=\"data:image\/svg+xml,%3Csvg%20xmlns%3D%22http%3A%2F%2Fwww.w3.org%2F2000%2Fsvg%22%20width%3D%221446%22%20height%3D%222084%22%20viewBox%3D%220%200%201446%202084%22%3E%3C%2Fsvg%3E\"><\/span><span class=\"fg-image-overlay\"><\/span><\/a><figcaption class=\"fg-caption\"><div class=\"fg-caption-inner\"><\/div><\/figcaption><\/figure><div class=\"fg-loader\"><\/div><\/div><div class=\"fg-item fg-type-image fg-idle\"><figure class=\"fg-item-inner\"><a href=\"http:\/\/cieh-chre.org\/doposlednjeg\/wp-content\/uploads\/sites\/8\/2019\/02\/MG_1550.jpg\" data-attachment-id=\"286\" class=\"fg-thumb\"><span class=\"fg-image-wrap\"><img width=\"1446\" height=\"2084\" class=\"skip-lazy fg-image\" data-src-fg=\"http:\/\/cieh-chre.org\/doposlednjeg\/wp-content\/uploads\/sites\/8\/2019\/02\/MG_1550.jpg\" src=\"data:image\/svg+xml,%3Csvg%20xmlns%3D%22http%3A%2F%2Fwww.w3.org%2F2000%2Fsvg%22%20width%3D%221446%22%20height%3D%222084%22%20viewBox%3D%220%200%201446%202084%22%3E%3C%2Fsvg%3E\"><\/span><span class=\"fg-image-overlay\"><\/span><\/a><figcaption class=\"fg-caption\"><div class=\"fg-caption-inner\"><\/div><\/figcaption><\/figure><div class=\"fg-loader\"><\/div><\/div><div class=\"fg-item fg-type-image fg-idle\"><figure class=\"fg-item-inner\"><a href=\"http:\/\/cieh-chre.org\/doposlednjeg\/wp-content\/uploads\/sites\/8\/2019\/02\/MG_1524.jpg\" data-caption-desc=\"Zapisnik o saslu\u0161anju Rozenberg Erne\n\nSig. IAB UGB SP IV -  k 234\" data-attachment-id=\"288\" class=\"fg-thumb\"><span class=\"fg-image-wrap\"><img width=\"1300\" height=\"2084\" class=\"skip-lazy fg-image\" data-src-fg=\"http:\/\/cieh-chre.org\/doposlednjeg\/wp-content\/uploads\/sites\/8\/2019\/02\/MG_1524.jpg\" src=\"data:image\/svg+xml,%3Csvg%20xmlns%3D%22http%3A%2F%2Fwww.w3.org%2F2000%2Fsvg%22%20width%3D%221300%22%20height%3D%222084%22%20viewBox%3D%220%200%201300%202084%22%3E%3C%2Fsvg%3E\"><\/span><span class=\"fg-image-overlay\"><\/span><\/a><figcaption class=\"fg-caption\"><div class=\"fg-caption-inner\"><div class=\"fg-caption-desc\">Zapisnik o saslu\u0161anju Rozenberg Erne\n\nSig. IAB UGB SP IV -  k 234<\/div><\/div><\/figcaption><\/figure><div class=\"fg-loader\"><\/div><\/div><div class=\"fg-item fg-type-image fg-idle\"><figure class=\"fg-item-inner\"><a href=\"http:\/\/cieh-chre.org\/doposlednjeg\/wp-content\/uploads\/sites\/8\/2019\/02\/MG_1525.jpg\" data-caption-desc=\"Zapisnik o saslu\u0161anju Rozenberg Erne P2\n\nSig. IAB UGB SP IV -  k 234\" data-attachment-id=\"289\" class=\"fg-thumb\"><span class=\"fg-image-wrap\"><img width=\"1314\" height=\"2084\" class=\"skip-lazy fg-image\" data-src-fg=\"http:\/\/cieh-chre.org\/doposlednjeg\/wp-content\/uploads\/sites\/8\/2019\/02\/MG_1525.jpg\" src=\"data:image\/svg+xml,%3Csvg%20xmlns%3D%22http%3A%2F%2Fwww.w3.org%2F2000%2Fsvg%22%20width%3D%221314%22%20height%3D%222084%22%20viewBox%3D%220%200%201314%202084%22%3E%3C%2Fsvg%3E\"><\/span><span class=\"fg-image-overlay\"><\/span><\/a><figcaption class=\"fg-caption\"><div class=\"fg-caption-inner\"><div class=\"fg-caption-desc\">Zapisnik o saslu\u0161anju Rozenberg Erne P2\n\nSig. IAB UGB SP IV -  k 234<\/div><\/div><\/figcaption><\/figure><div class=\"fg-loader\"><\/div><\/div><div class=\"fg-item fg-type-image fg-idle\"><figure class=\"fg-item-inner\"><a href=\"http:\/\/cieh-chre.org\/doposlednjeg\/wp-content\/uploads\/sites\/8\/2019\/02\/MG_1547.jpg\" data-attachment-id=\"287\" class=\"fg-thumb\"><span class=\"fg-image-wrap\"><img width=\"1230\" height=\"1246\" class=\"skip-lazy fg-image\" data-src-fg=\"http:\/\/cieh-chre.org\/doposlednjeg\/wp-content\/uploads\/sites\/8\/2019\/02\/MG_1547.jpg\" src=\"data:image\/svg+xml,%3Csvg%20xmlns%3D%22http%3A%2F%2Fwww.w3.org%2F2000%2Fsvg%22%20width%3D%221230%22%20height%3D%221246%22%20viewBox%3D%220%200%201230%201246%22%3E%3C%2Fsvg%3E\"><\/span><span class=\"fg-image-overlay\"><\/span><\/a><figcaption class=\"fg-caption\"><div class=\"fg-caption-inner\"><\/div><\/figcaption><\/figure><div class=\"fg-loader\"><\/div><\/div><\/div>\r\n<\/div><\/div><div id=\"pgc-280-0-1\"  class=\"panel-grid-cell\" ><div id=\"panel-280-0-1-0\" class=\"so-panel widget widget_sow-button panel-first-child\" data-index=\"1\" ><div class=\"so-widget-sow-button so-widget-sow-button-flat-f9ef2d797013-280\"><div class=\"ow-button-base ow-button-align-left\">\n\t<a href=\"https:\/\/geogis.org\/mapesvedocenja\/#19\/44.81670\/20.46073\" class=\"ow-icon-placement-left ow-button-hover\" target=\"_blank\" rel=\"noopener noreferrer\" \t\t>\n\t\t<span>\n\t\t\t<span class=\"sow-icon-fontawesome sow-far\" data-sow-icon=\"&#xf2bb;\"\n\t\t ><\/span>\n\t\t\tLokacija na mapi\t\t<\/span>\n\t<\/a>\n<\/div>\n<\/div><\/div><div id=\"panel-280-0-1-1\" class=\"so-panel widget widget_sow-editor panel-last-child\" data-index=\"2\" ><div class=\"so-widget-sow-editor so-widget-sow-editor-base\"><h3 class=\"widget-title\">Transkript zapisnika o isle\u0111ivanju Rozenberg Erne<\/h3>\n<div class=\"siteorigin-widget-tinymce textwidget\">\n\t<hr \/>\n<p style=\"text-align: right;\">Ra\u0111eno 8 avgusta 1942 godine<\/p>\n<p style=\"text-align: right;\">u Odeljenju specijalne policije U. g. B:<\/p>\n<p>\u00a0<\/p>\n<p style=\"text-align: center;\"><u>Z\u00a0 A\u00a0 P\u00a0 I\u00a0 S\u00a0 N\u00a0 I\u00a0 K<\/u><\/p>\n<p>\u00a0<\/p>\n<p>o saslu\u0161anju Rozenberg Erne, biv. u\u010denice gimnazije iz Beograda, sada nastanjene u Kragujevcu u Svetozara Mileti\u0107a ul. br. 5.<\/p>\n<p style=\"text-align: center;\">I<\/p>\n<p>\u00a0\u00a0\u00a0\u00a0\u00a0\u00a0\u00a0\u00a0\u00a0\u00a0\u00a0\u00a0\u00a0\u00a0\u00a0 Zovem se Erna Rozenberg, ro\u0111ena sam 15 februara 1926 godine u Beogradu od oca Aleksandra i majke Marije, ro\u0111. Verber, jevrejka, mojsijeve vere, neudata, neosu\u0111ivana, policiski neka\u017enjavana. Fizi\u010dki i du\u0161evno zdrava.<\/p>\n<p style=\"text-align: center;\">II<\/p>\n<p>\u00a0\u00a0\u00a0\u00a0\u00a0\u00a0\u00a0\u00a0\u00a0\u00a0\u00a0\u00a0\u00a0\u00a0\u00a0 U decembru mesecu pro\u0161le godine pre\u0161la sam u ilegalnost zbog toga, \u0161to su u to vreme vlasti po\u010dele da hapse i stavljaju u koncentracioni logor jevrejke i jevrejsku decu. U prvo vreme sam se skrivala u jednoj gra\u0111evini na uglu \u0160arplaninske ulice i Mirijevskog puta, a kasnije sam pre\u0161la na \u010cukaricu, gde sam se skrivala u jednoj napu\u0161tenoj ku\u0107i i, zatim, u jednoj pe\u0107ini ispod Nema\u010dkog\u00a0 vojni\u010dkog groblja. Jelnog dana idu\u0107i \u010cukari\u010dkim ulicama srela sam se sa svojom sestrom Anitom, za koju ni\u0161ta nisam znala od dana bekstva. Anita je bila u dru\u0161tvu Fruhter Marte, tako\u0111e jevrejke, koju iz vi\u0111enja poznajem od ranije, po\u0161to je jedno vreme bila zaposlena u bivnoj na\u0161oj fabrici stakla. Po\u0161to smo tada uspostavile vezu, ja sam se s vremena na vrems vi\u0111ala sa Anitom i Martom, pa je jedlog dana do\u0161lo do razgovora izme\u0111u nas o tome, kako bi meni mogla da se pribavi neka isprava sa arijevehim imenom. Marta je to preuzela na sebe i u toku maja meseca ove godine donela mi je jednog dana li\u010dnu kartu sa mojom fotografijom ali sa imenom \"Vera Mihailovi\u0107\". Za ovu uslugu Mart nisam neposredno ni\u0161ta isplatila, ali sam pre toga s vremena na vreme davala po izvesnu sumu novca, onoliko koliko bih zaradila svojim radom, u ukupnom iznosu oko 2000 dinara. Od koga je Marta dobila ovu li\u010dnu kartu i da li je \u0161to za uslugu platila nije mi poznato.<\/p>\n<p>\u00a0\u00a0\u00a0\u00a0\u00a0\u00a0\u00a0\u00a0\u00a0\u00a0\u00a0\u00a0\u00a0\u00a0\u00a0 \u010cim sam dobila la\u017enu li\u010dnu kartu, ja sam otputovala u Kragujevac, gde sam nakon kra\u0107eg bavljenja bila zaposlena u jednoj poslasti\u010darnici. Zatim sam pre\u0161la u Vojno tehni\u010dki zavod, gde sam bila zaposlena na prebiranju \u010daura, a posle toga sam pre\u0161la u Javnu berzu rada gde sam slu\u017eila kao tuma\u010dica nema\u010dkog jezika. U Javnoj berzi rada do\u0161la sam na pomisao da otputujem u Nema\u010dku na rad i sklopila sam ugovor o uposlenju u preduze\u0107u A.E.G. U Berlinu. Za vreme bavljenja u Kragujevcu izvadila sam u tamo\u0161njem Pretstojni\u0161tvu gradske policije\u00a0 li\u010dnu kartu na isto ime kao i na li\u010dnoj karti dobijenoj u Beogradu, misle\u0107i da \u0107e ova karta, koja je uredno izdata, biti sigurnija od la\u017ene li\u010dne karte dobijene u Beogradu.<\/p>\n<p>\u00a0\u00a0\u00a0\u00a0\u00a0\u00a0\u00a0\u00a0\u00a0\u00a0\u00a0\u00a0\u00a0\u00a0\u00a0 Po\u0161to sam pribavila potrebne isprave za putu Nema\u010dku, ja sam napisala jednu dopisnicu svojoj strini <u>Aranki Rozenberg<\/u>\u00a0 koja se u Beogradu krije pod la\u017enim imenom \"Ljubica Nikoli\u0107\u201c, sa stanom u Skerli\u0107evoj ul. br. 20, da \u0107u do\u0107i u Beograd i kada sam, 31 julja, stigla u Beograd, srela sam se sa sestrom Anitom u blizini Narodnog pozori\u0161ta, te smo nameravale da po\u0111emo u stan Marte Fruhter. Po\u0161to smo se sastale sa Martom po\u0161le smo zajedno u varo\u0161 da bih na\u0161la gde \u0107u da preno\u0107im i u tome smo uhap\u0161ene od strane policiskih organa.<\/p>\n<p>Samnom u dru\u0161tvu doputovala je iz Kragujevca i Savi\u0107 Bogdana kod koje sam u Poslednje vreme stanovala u Kragujevcu. I Bogdana je dobila ugovor o uposlenju U Nema\u010dkoj, pa je po\u0161la na ovaj put, ali kako je bila samnom u dru\u0161tvu uhap\u0161ena je i ona. Me\u0111utim, Bogdana nije upoznata sa time da sam ja jevrejka, niti ima bilo kakvih bli\u017eih veza samnom.<\/p>\n<p>To je sve \u0161to imam da ka\u017eem o sebi rimesam po\u010dela da se skrivam od vlasti, pa do hap\u0161enja. Dodajem, da nisam pripadnik bilo koje ilegalne organizacije, a najmanje da sam pripadnik komunisti\u010dke partije ili komunisti\u010dke omladine. Na prikrivanje sam bila prinu\u0111ena kao jevrejka jer sam se pla\u0161ila da \u0107u biti streljaina, a iz istih razloga sam se snabdela i la\u017enim ispravama.<\/p>\n<p>Ispit mi je pro\u010ditan i moje su re\u010di verno zapisane.<\/p>\n<p style=\"text-align: right;\">Potpis: Rozenberg Erna<\/p>\n<p>Saslu\u0161ao i overava,<\/p>\n<p>Potpis: Be\u0107arevi\u0107<\/p>\n<\/div>\n<\/div><\/div><\/div><\/div><div id=\"pg-280-1\"  class=\"panel-grid panel-no-style\" ><div id=\"pgc-280-1-0\"  class=\"panel-grid-cell\" ><div id=\"panel-280-1-0-0\" class=\"so-panel widget widget_sow-editor panel-first-child\" data-index=\"3\" ><div class=\"so-widget-sow-editor so-widget-sow-editor-base\"><h3 class=\"widget-title\">Projekat su podr\u017eali<\/h3>\n<div class=\"siteorigin-widget-tinymce textwidget\">\n\t<hr \/>\n<p style=\"text-align: center;\">Projekat je realizovan sredstvima iz prvog ciklusa finansiranja programa iz oblasti nauke, kulture i obrazovanja Saveza jevrejskih op\u0161tina Srbije, vezanih za Holokaust u Srbiji, podr\u017eanih sredstvima Republike Srbije na osnovu Zakona o otklanjanju posledica oduzimanja imovine \u017ertava Holokausta bez \u017eivih zakonskih naslednika. Dodatna sredstva obezbe\u0111ena su ljubazno\u0161\u0107u Westbury group. Tehnolo\u0161ki partner: GDI Solutions d.o.o.<\/p>\n<\/div>\n<\/div><\/div><div id=\"panel-280-1-0-1\" class=\"so-panel widget widget_sow-editor\" data-index=\"4\" ><div class=\"so-widget-sow-editor so-widget-sow-editor-base\">\n<div class=\"siteorigin-widget-tinymce textwidget\">\n\t<hr \/>\n<div class=\"foogallery foogallery-container foogallery-default foogallery-lightbox-foobox fg-gutter-10 fg-center fg-default fg-light fg-loaded-fade-in fg-hover-fade fg-ready\" id=\"foogallery-gallery-485\" data-foogallery=\"{&quot;item&quot;:{&quot;showCaptionTitle&quot;:false,&quot;showCaptionDescription&quot;:false},&quot;lazy&quot;:true}\" >\r\n\t<div class=\"fg-item fg-type-image fg-idle\"><figure class=\"fg-item-inner\"><a href=\"http:\/\/cieh-chre.org\/\" data-attachment-id=\"481\" class=\"fg-thumb\"><span class=\"fg-image-wrap\"><img height=\"60\" width=\"101\" class=\"skip-lazy fg-image\" data-src-fg=\"http:\/\/cieh-chre.org\/doposlednjeg\/wp-content\/uploads\/sites\/8\/cache\/2019\/03\/CHRE-logo-reconstruct-pg4-5-lat-2-e1552014023403\/235735445.png\" src=\"data:image\/svg+xml,%3Csvg%20xmlns%3D%22http%3A%2F%2Fwww.w3.org%2F2000%2Fsvg%22%20width%3D%22101%22%20height%3D%2260%22%20viewBox%3D%220%200%20101%2060%22%3E%3C%2Fsvg%3E\"><\/span><span class=\"fg-image-overlay\"><\/span><\/a><figcaption class=\"fg-caption\"><div class=\"fg-caption-inner\"><\/div><\/figcaption><\/figure><div class=\"fg-loader\"><\/div><\/div><div class=\"fg-item fg-type-image fg-idle\"><figure class=\"fg-item-inner\"><a href=\"http:\/\/www.mfin.gov.rs\/\" target=\"_blank\" data-attachment-id=\"524\" class=\"fg-thumb\"><span class=\"fg-image-wrap\"><img height=\"60\" width=\"170\" class=\"skip-lazy fg-image\" data-src-fg=\"http:\/\/cieh-chre.org\/doposlednjeg\/wp-content\/uploads\/sites\/8\/cache\/2019\/03\/RS-min-fin-e1552044420166\/4181945008.png\" src=\"data:image\/svg+xml,%3Csvg%20xmlns%3D%22http%3A%2F%2Fwww.w3.org%2F2000%2Fsvg%22%20width%3D%22170%22%20height%3D%2260%22%20viewBox%3D%220%200%20170%2060%22%3E%3C%2Fsvg%3E\"><\/span><span class=\"fg-image-overlay\"><\/span><\/a><figcaption class=\"fg-caption\"><div class=\"fg-caption-inner\"><\/div><\/figcaption><\/figure><div class=\"fg-loader\"><\/div><\/div><div class=\"fg-item fg-type-image fg-idle\"><figure class=\"fg-item-inner\"><a href=\"http:\/\/www.savezjos.org\/\" target=\"_blank\" data-caption-desc=\"&lt;a href=&quot;http:\/\/www.savezjos.org\/&quot; rel=&quot;noopener&quot; target=&quot;_blank&quot;&gt;&lt;\/a&gt;\" data-attachment-id=\"521\" class=\"fg-thumb\"><span class=\"fg-image-wrap\"><img height=\"60\" width=\"182\" class=\"skip-lazy fg-image\" data-src-fg=\"http:\/\/cieh-chre.org\/doposlednjeg\/wp-content\/uploads\/sites\/8\/cache\/2019\/03\/sjos-siv-e1552040012356\/780951359.jpg\" src=\"data:image\/svg+xml,%3Csvg%20xmlns%3D%22http%3A%2F%2Fwww.w3.org%2F2000%2Fsvg%22%20width%3D%22182%22%20height%3D%2260%22%20viewBox%3D%220%200%20182%2060%22%3E%3C%2Fsvg%3E\"><\/span><span class=\"fg-image-overlay\"><\/span><\/a><figcaption class=\"fg-caption\"><div class=\"fg-caption-inner\"><\/div><\/figcaption><\/figure><div class=\"fg-loader\"><\/div><\/div><div class=\"fg-item fg-type-image fg-idle\"><figure class=\"fg-item-inner\"><a href=\"http:\/\/westburyeurope.org\/\" target=\"_blank\" data-caption-desc=\"&lt;a href=&quot;http:\/\/westburyeurope.org\/&quot; rel=&quot;noopener&quot; target=&quot;_blank&quot;&gt;&lt;\/a&gt;\" data-attachment-id=\"484\" class=\"fg-thumb\"><span class=\"fg-image-wrap\"><img height=\"60\" width=\"287\" class=\"skip-lazy fg-image\" data-src-fg=\"http:\/\/cieh-chre.org\/doposlednjeg\/wp-content\/uploads\/sites\/8\/cache\/2019\/03\/westbury-450-e1552014096489\/1505565951.png\" src=\"data:image\/svg+xml,%3Csvg%20xmlns%3D%22http%3A%2F%2Fwww.w3.org%2F2000%2Fsvg%22%20width%3D%22287%22%20height%3D%2260%22%20viewBox%3D%220%200%20287%2060%22%3E%3C%2Fsvg%3E\"><\/span><span class=\"fg-image-overlay\"><\/span><\/a><figcaption class=\"fg-caption\"><div class=\"fg-caption-inner\"><\/div><\/figcaption><\/figure><div class=\"fg-loader\"><\/div><\/div><div class=\"fg-item fg-type-image fg-idle\"><figure class=\"fg-item-inner\"><a href=\"https:\/\/www.geogis.org\/index.html\" target=\"_blank\" data-attachment-id=\"726\" class=\"fg-thumb\"><span class=\"fg-image-wrap\"><img height=\"60\" width=\"60\" class=\"skip-lazy fg-image\" data-src-fg=\"http:\/\/cieh-chre.org\/doposlednjeg\/wp-content\/uploads\/sites\/8\/cache\/2021\/07\/logo-light-bg\/1658304011.png\" src=\"data:image\/svg+xml,%3Csvg%20xmlns%3D%22http%3A%2F%2Fwww.w3.org%2F2000%2Fsvg%22%20width%3D%2260%22%20height%3D%2260%22%20viewBox%3D%220%200%2060%2060%22%3E%3C%2Fsvg%3E\"><\/span><span class=\"fg-image-overlay\"><\/span><\/a><figcaption class=\"fg-caption\"><div class=\"fg-caption-inner\"><\/div><\/figcaption><\/figure><div class=\"fg-loader\"><\/div><\/div><div class=\"fg-item fg-type-image fg-idle\"><figure class=\"fg-item-inner\"><a href=\"https:\/\/www.teamcad.rs\/index.php\/srb\/\" target=\"_blank\" data-attachment-id=\"725\" class=\"fg-thumb\"><span class=\"fg-image-wrap\"><img height=\"60\" width=\"154\" class=\"skip-lazy fg-image\" data-src-fg=\"http:\/\/cieh-chre.org\/doposlednjeg\/wp-content\/uploads\/sites\/8\/2021\/07\/LOGO_TeamCAD_logo.png\" src=\"data:image\/svg+xml,%3Csvg%20xmlns%3D%22http%3A%2F%2Fwww.w3.org%2F2000%2Fsvg%22%20width%3D%22154%22%20height%3D%2260%22%20viewBox%3D%220%200%20154%2060%22%3E%3C%2Fsvg%3E\"><\/span><span class=\"fg-image-overlay\"><\/span><\/a><figcaption class=\"fg-caption\"><div class=\"fg-caption-inner\"><\/div><\/figcaption><\/figure><div class=\"fg-loader\"><\/div><\/div><\/div>\r\n\n<\/div>\n<\/div><\/div><div id=\"panel-280-1-0-2\" class=\"so-panel widget widget_sow-editor panel-last-child\" data-index=\"5\" ><div class=\"so-widget-sow-editor so-widget-sow-editor-base\">\n<div class=\"siteorigin-widget-tinymce textwidget\">\n\t<hr \/>\n<p style=\"text-align: center;\"><span style=\"color: #003366;\">Kontakt: Centar za istra\u017eivanje i edukaciju\u00a0o Holokaustu - CIEH, <\/span><span style=\"color: #003366;\">tel: <span style=\"color: #993300;\">+38163247856<\/span>, e-mail: <span style=\"color: #993300;\"><a style=\"color: #993300;\" href=\"mailto:\/\/cieh1chre@gmail.com\" target=\"_blank\" rel=\"noopener noreferrer\">cieh1chre@gmail.com<\/a><\/span> web: <span style=\"color: #993300;\"><a style=\"color: #993300;\" href=\"www.cieh-chre.org\" target=\"_blank\" rel=\"noopener noreferrer\">www.cieh-chre.org<\/a><\/span><\/span><\/p>\n<hr \/>\n<\/div>\n<\/div><\/div><\/div><\/div><\/div>","protected":false},"excerpt":{"rendered":"<p>Ra\u0111eno 8 avgusta 1942 godineu Odeljenju specijalne policije U. g. B:\u00a0Z\u00a0 A\u00a0 P\u00a0 I\u00a0 S\u00a0 N\u00a0 I\u00a0 K\u00a0o saslu\u0161anju Rozenberg Erne, biv. u\u010denice gimnazije iz Beograda, sada nastanjene u Kragujevcu u Svetozara Mileti\u0107a ul. br. 5.I\u00a0\u00a0\u00a0\u00a0\u00a0\u00a0\u00a0\u00a0\u00a0\u00a0\u00a0\u00a0\u00a0\u00a0\u00a0 Zovem se Erna Rozenberg, ro\u0111ena sam 15 februara 1926 godine u Beogradu od oca Aleksandra i majke Marije, ro\u0111. [&hellip;]<\/p>\n","protected":false},"author":2,"featured_media":0,"parent":0,"menu_order":0,"comment_status":"closed","ping_status":"closed","template":"","meta":[],"acf":[],"wps_subtitle":"","_links":{"self":[{"href":"http:\/\/cieh-chre.org\/doposlednjeg\/wp-json\/wp\/v2\/pages\/280"}],"collection":[{"href":"http:\/\/cieh-chre.org\/doposlednjeg\/wp-json\/wp\/v2\/pages"}],"about":[{"href":"http:\/\/cieh-chre.org\/doposlednjeg\/wp-json\/wp\/v2\/types\/page"}],"author":[{"embeddable":true,"href":"http:\/\/cieh-chre.org\/doposlednjeg\/wp-json\/wp\/v2\/users\/2"}],"replies":[{"embeddable":true,"href":"http:\/\/cieh-chre.org\/doposlednjeg\/wp-json\/wp\/v2\/comments?post=280"}],"version-history":[{"count":17,"href":"http:\/\/cieh-chre.org\/doposlednjeg\/wp-json\/wp\/v2\/pages\/280\/revisions"}],"predecessor-version":[{"id":714,"href":"http:\/\/cieh-chre.org\/doposlednjeg\/wp-json\/wp\/v2\/pages\/280\/revisions\/714"}],"wp:attachment":[{"href":"http:\/\/cieh-chre.org\/doposlednjeg\/wp-json\/wp\/v2\/media?parent=280"}],"curies":[{"name":"wp","href":"https:\/\/api.w.org\/{rel}","templated":true}]}}