{"id":81,"date":"2019-02-18T12:57:36","date_gmt":"2019-02-18T12:57:36","guid":{"rendered":"http:\/\/cieh-chre.org\/doposlednjeg\/?page_id=81"},"modified":"2021-07-07T01:02:20","modified_gmt":"2021-07-07T00:02:20","slug":"sljivic-tereza-2-2-4","status":"publish","type":"page","link":"http:\/\/cieh-chre.org\/doposlednjeg\/sljivic-tereza-2-2-4\/","title":{"rendered":"\u0160ljivi\u0107 Tereza"},"content":{"rendered":"<div id=\"pl-81\"  class=\"panel-layout\" ><div id=\"pg-81-0\"  class=\"panel-grid panel-no-style\" ><div id=\"pgc-81-0-0\"  class=\"panel-grid-cell\" ><div id=\"panel-81-0-0-0\" class=\"so-panel widget widget_foogallery_widget foogallery_widget panel-first-child panel-last-child\" data-index=\"0\" ><div class=\"foogallery foogallery-container foogallery-default foogallery-lightbox-foobox fg-gutter-10 fg-center fg-default fg-light fg-border-thin fg-shadow-outline fg-loading-partial fg-loaded-fade-in fg-caption-hover fg-hover-fade fg-hover-zoom fg-ready\" id=\"foogallery-gallery-339\" data-foogallery=\"{&quot;item&quot;:{&quot;showCaptionTitle&quot;:true,&quot;showCaptionDescription&quot;:true},&quot;lazy&quot;:true}\" >\r\n\t<div class=\"fg-item fg-type-image fg-idle\"><figure class=\"fg-item-inner\"><a href=\"http:\/\/cieh-chre.org\/doposlednjeg\/wp-content\/uploads\/sites\/8\/2019\/02\/MG_2544.jpg\" data-caption-desc=\"Zapisnik o isle\u0111ivanju \u0160ljivi\u0107 Fi\u0161er Tereze \n \nSig. IAB UGB SP III - 8\/18, k 144\/20\" data-attachment-id=\"337\" class=\"fg-thumb\"><span class=\"fg-image-wrap\"><img width=\"1283\" height=\"2084\" class=\"skip-lazy fg-image\" data-src-fg=\"http:\/\/cieh-chre.org\/doposlednjeg\/wp-content\/uploads\/sites\/8\/2019\/02\/MG_2544.jpg\" src=\"data:image\/svg+xml,%3Csvg%20xmlns%3D%22http%3A%2F%2Fwww.w3.org%2F2000%2Fsvg%22%20width%3D%221283%22%20height%3D%222084%22%20viewBox%3D%220%200%201283%202084%22%3E%3C%2Fsvg%3E\"><\/span><span class=\"fg-image-overlay\"><\/span><\/a><figcaption class=\"fg-caption\"><div class=\"fg-caption-inner\"><div class=\"fg-caption-desc\">Zapisnik o isle\u0111ivanju \u0160ljivi\u0107 Fi\u0161er Tereze \n \nSig. IAB UGB SP III - 8\/18, k 144\/20<\/div><\/div><\/figcaption><\/figure><div class=\"fg-loader\"><\/div><\/div><div class=\"fg-item fg-type-image fg-idle\"><figure class=\"fg-item-inner\"><a href=\"http:\/\/cieh-chre.org\/doposlednjeg\/wp-content\/uploads\/sites\/8\/2019\/02\/MG_2539.jpg\" data-caption-desc=\"Odluka o upu\u0107ivanju \u0160ljivi\u0107 Fi\u0161er Tereze u logor.\n \nSig. IAB UGB SP III - 8\/18, k 144\/20\" data-attachment-id=\"338\" class=\"fg-thumb\"><span class=\"fg-image-wrap\"><img width=\"1299\" height=\"2084\" class=\"skip-lazy fg-image\" data-src-fg=\"http:\/\/cieh-chre.org\/doposlednjeg\/wp-content\/uploads\/sites\/8\/2019\/02\/MG_2539.jpg\" src=\"data:image\/svg+xml,%3Csvg%20xmlns%3D%22http%3A%2F%2Fwww.w3.org%2F2000%2Fsvg%22%20width%3D%221299%22%20height%3D%222084%22%20viewBox%3D%220%200%201299%202084%22%3E%3C%2Fsvg%3E\"><\/span><span class=\"fg-image-overlay\"><\/span><\/a><figcaption class=\"fg-caption\"><div class=\"fg-caption-inner\"><div class=\"fg-caption-desc\">Odluka o upu\u0107ivanju \u0160ljivi\u0107 Fi\u0161er Tereze u logor.\n \nSig. IAB UGB SP III - 8\/18, k 144\/20<\/div><\/div><\/figcaption><\/figure><div class=\"fg-loader\"><\/div><\/div><\/div>\r\n<\/div><\/div><div id=\"pgc-81-0-1\"  class=\"panel-grid-cell\" ><div id=\"panel-81-0-1-0\" class=\"so-panel widget widget_sow-button panel-first-child\" data-index=\"1\" ><div class=\"so-widget-sow-button so-widget-sow-button-flat-f9ef2d797013-81\"><div class=\"ow-button-base ow-button-align-left\">\n\t<a href=\"https:\/\/geogis.org\/mapesvedocenja\/#19\/44.80201\/20.47874\" class=\"ow-icon-placement-left ow-button-hover\" target=\"_blank\" rel=\"noopener noreferrer\" \t\t>\n\t\t<span>\n\t\t\t<span class=\"sow-icon-fontawesome sow-far\" data-sow-icon=\"&#xf2bb;\"\n\t\t ><\/span>\n\t\t\tLokacija na mapi\t\t<\/span>\n\t<\/a>\n<\/div>\n<\/div><\/div><div id=\"panel-81-0-1-1\" class=\"so-panel widget widget_sow-editor panel-last-child\" data-index=\"2\" ><div class=\"so-widget-sow-editor so-widget-sow-editor-base\"><h3 class=\"widget-title\">Transkript zapisnika o isle\u0111ivanju \u0160ljivi\u0107-Fi\u0161er Tereze<\/h3>\n<div class=\"siteorigin-widget-tinymce textwidget\">\n\t<hr \/>\n<p style=\"text-align: right;\">Ra\u0111eno na dan 18 februara<\/p>\n<p style=\"text-align: right;\">1942 godine u Odeljenju specijalne<\/p>\n<p style=\"text-align: right;\">policije Uprave grada Beograda.<\/p>\n<p>\u00a0<\/p>\n<p>\u00a0\u00a0\u00a0\u00a0\u00a0\u00a0\u00a0\u00a0\u00a0\u00a0\u00a0\u00a0\u00a0\u00a0\u00a0 O saslu\u0161anju \u0160LJIVI\u0106-FI\u0160ER TEREZE; doma\u0107ice, ro\u0111ena 1 oktobra 1893 god. u Perlezu, srez Be\u010dkerek, od oca Marka Fi\u0161era i majke Ernestine, ro\u0111. First, nadle\u017ena u Perlezu, po narodnosti Jevrejka, neka\u017enjavana, sa stanom u Beogradu u Po\u017eareva\u010dkoj ul. br.2, koja na postavljena pitanja izjavi:<\/p>\n<p>\u00a0\u00a0\u00a0\u00a0\u00a0\u00a0\u00a0\u00a0\u00a0\u00a0\u00a0\u00a0\u00a0\u00a0\u00a0 Kao \u0161to sam napred navela.ro\u0111ena sam u Perlezu, kao Jevre ka, gde sam du\u017ee vreljena \u017eivela. Ranije sam bila name\u0161tena kao po\u0161tanska \u010dinovnjica u Novom Sadu, gde sam se upoznala sa po\u010d. \u0160ljivi\u0107 Ostojom, trgovcem, sa kojim sam se docnije gra\u0111anskim brakom i ven\u010dala. U novom Sadu sa \u0160ljivi\u0107em sam \u017eivela od 1927 do 1935 godine, posle toga smo se preselili u Beograd, gde smo \u017eiveli sve do njegove smrti, a on je umro 1939 godine.<\/p>\n<p>\u00a0\u00a0\u00a0\u00a0\u00a0\u00a0\u00a0\u00a0\u00a0\u00a0\u00a0\u00a0\u00a0\u00a0\u00a0 Samnom u zajednici u Beogradu \u017eivela je i moja majka Ernestina Fi\u0161er, koja je stara 71 godinu, i istu kao Jevrejku prvi put sam prijavila u jevrejski otsek, no drugi put prilikom prijavljivanja svih jevreja uop\u0161te nisam je prijavila, a to nisam u\u010dinila iz razloga toga, \u0161to sam se pla\u0161ila za nju u logoru i na taj na\u010din htela sam la je sklonim. Prilikom ven\u010danja sa mojim mu\u017eem, ja sam bila pre\u0161la u pravoslavnu veru ali dokaza o tome nemam, te se zbog toga i dalje smatram Jevrejkom. \u00a0<\/p>\n<p>\u00a0\u00a0\u00a0\u00a0\u00a0\u00a0\u00a0\u00a0\u00a0\u00a0\u00a0\u00a0\u00a0\u00a0\u00a0 Prilikom prebacivanja pojedinih jevre skih porodica iz banata, kod mene su poslednjih dana dolazili razni Jevreji u glavnom iz Perleza i Pan\u010deva, koje sam sa hranila i po nekad i pomagala. Ovi Jevreji prilikom posete kod mene ostavljali su i izvesne svoje vrednosne stvari, kao zlatninu, gotov novac, odela, ve\u0161 i t.sl. Tako sam ja posle odvo\u0111enja ovih jevreja u logor u svom stanu dr\u017eala sakriveno jedno d\u017eak\u010de zlatnog nakita, u kome d\u017eak\u010detu se pored toga nalazio i gotov novac, ali nezkam koliko je bilo. Isto tako kod mene je bila skrivena ve\u0107a koli\u010dina ve\u0161a, odela i cipela, a sve mi je ovo bilo skriveno u podrumu. Zlatnina-nakit i gotov novac bio mi je skriven u ve\u0161u u mome ormanu u mojoj spava\u0107oj sobi. Jednoga dana, a to je bilo na dan 12 o.m. meni je pokraden stan i tom prilikom mi je iz stana odne\u0161eno samo ono \u0161to be pripadalo tim Jevrejima, koji su kod mene ostavili, naime celokupno zlato i gotov novac. Ko je tu kra\u0111u izvr\u0161io meni je nepoznato.<\/p>\n<p>\u00a0\u00a0\u00a0\u00a0\u00a0\u00a0\u00a0\u00a0\u00a0\u00a0\u00a0\u00a0\u00a0\u00a0\u00a0 Poznato mi je bilo da je zabranjeno bilo skrivati jevrejsku imovinu i da se vlastima morala ista prijavljivati , ja to nisam u\u010dinila svesno iz razloga toga, \u0161to sam se pla\u0161ila vlasti i \u0161to sam mislila da \u0107e ista zlatnina i novac u izvesnom danom momentu biti mo\u017eda vra\u0107ena sopstvenicima, ili pak da \u0107e docnije koristiti meni. U vezi sa gornjom izjavom izjavljujem da su kod mene dolazili slede\u0107i Jevreji: porodica Miler, iz Pan\u010deva, porodica Nada\u0161, iz Pan\u010deva, porodica Heler iz Perleza i gospo\u0111a \u0160ulman iz Be\u010dkereka. Sada se svi ovi Jevreji nalaze u logoru.<\/p>\n<p>\u00a0\u00a0\u00a0\u00a0\u00a0\u00a0\u00a0\u00a0\u00a0\u00a0\u00a0\u00a0\u00a0\u00a0\u00a0 Ja sam se u glavnom izdr\u017eavala od svoje zarade, jer sam bila zaposleka kao \u010dinovnica u gara\u017ei \"Progres\u201c, gde sam primala prinadle\u017enosti u sumi od 2.000 dinara, a pored toga izdavala sam podstanarima stan i od toga primala oko 1.000 dinara.<\/p>\n<p>\u00a0\u00a0\u00a0\u00a0\u00a0\u00a0\u00a0\u00a0\u00a0\u00a0\u00a0\u00a0\u00a0\u00a0\u00a0 Priznajem da sam u\u010dinila napred pobrojane krivice svesno i svojevoljno, a to sve sam u\u010dinila iz bo jazni za svoju majku i sebe, \u0161to se smatramo jevrejima, da \u0107emo biti odvedeni u logor, kao i svi ostali Jevreji. Drugo ni\u0161ta nemam da ka\u017eem. lspit mi je pro\u010ditan i u svemu ga za svoj priznajem.<\/p>\n<p style=\"text-align: right;\">Pismena,<\/p>\n<p style=\"text-align: right;\">Potpis: \u0160ljivi\u0107 Tereza<\/p>\n<p>SASLU\u0160AO I OVERAVA<\/p>\n<p>Pe\u010dat: \u00a0 Po naredbi\u00a0 \u0160efa Otseka specijalne policije<\/p>\n<p>\u00a0\u00a0\u00a0\u00a0\u00a0\u00a0\u00a0\u00a0\u00a0\u00a0\u00a0\u00a0\u00a0\u00a0\u00a0 \u0160ef Otseka, (ne\u010ditko)<\/p>\n<hr \/>\n<p>\u00a0<\/p>\n<\/div>\n<\/div><\/div><\/div><\/div><div id=\"pg-81-1\"  class=\"panel-grid panel-no-style\" ><div id=\"pgc-81-1-0\"  class=\"panel-grid-cell\" ><div id=\"panel-81-1-0-0\" class=\"so-panel widget widget_sow-editor panel-first-child\" data-index=\"3\" ><div class=\"so-widget-sow-editor so-widget-sow-editor-base\"><h3 class=\"widget-title\">Projekat su podr\u017eali<\/h3>\n<div class=\"siteorigin-widget-tinymce textwidget\">\n\t<hr \/>\n<p style=\"text-align: center;\">Projekat je realizovan sredstvima iz prvog ciklusa finansiranja programa iz oblasti nauke, kulture i obrazovanja Saveza jevrejskih op\u0161tina Srbije, vezanih za Holokaust u Srbiji, podr\u017eanih sredstvima Republike Srbije na osnovu Zakona o otklanjanju posledica oduzimanja imovine \u017ertava Holokausta bez \u017eivih zakonskih naslednika. Dodatna sredstva obezbe\u0111ena su ljubazno\u0161\u0107u Westbury group. Tehnolo\u0161ki partner: GDI Solutions d.o.o.<\/p>\n<\/div>\n<\/div><\/div><div id=\"panel-81-1-0-1\" class=\"so-panel widget widget_sow-editor\" data-index=\"4\" ><div class=\"so-widget-sow-editor so-widget-sow-editor-base\">\n<div class=\"siteorigin-widget-tinymce textwidget\">\n\t<hr \/>\n<div class=\"foogallery foogallery-container foogallery-default foogallery-lightbox-foobox fg-gutter-10 fg-center fg-default fg-light fg-loaded-fade-in fg-hover-fade fg-ready\" id=\"foogallery-gallery-485\" data-foogallery=\"{&quot;item&quot;:{&quot;showCaptionTitle&quot;:false,&quot;showCaptionDescription&quot;:false},&quot;lazy&quot;:true}\" >\r\n\t<div class=\"fg-item fg-type-image fg-idle\"><figure class=\"fg-item-inner\"><a href=\"http:\/\/cieh-chre.org\/\" data-attachment-id=\"481\" class=\"fg-thumb\"><span class=\"fg-image-wrap\"><img height=\"60\" width=\"101\" class=\"skip-lazy fg-image\" data-src-fg=\"http:\/\/cieh-chre.org\/doposlednjeg\/wp-content\/uploads\/sites\/8\/cache\/2019\/03\/CHRE-logo-reconstruct-pg4-5-lat-2-e1552014023403\/235735445.png\" src=\"data:image\/svg+xml,%3Csvg%20xmlns%3D%22http%3A%2F%2Fwww.w3.org%2F2000%2Fsvg%22%20width%3D%22101%22%20height%3D%2260%22%20viewBox%3D%220%200%20101%2060%22%3E%3C%2Fsvg%3E\"><\/span><span class=\"fg-image-overlay\"><\/span><\/a><figcaption class=\"fg-caption\"><div class=\"fg-caption-inner\"><\/div><\/figcaption><\/figure><div class=\"fg-loader\"><\/div><\/div><div class=\"fg-item fg-type-image fg-idle\"><figure class=\"fg-item-inner\"><a href=\"http:\/\/www.mfin.gov.rs\/\" target=\"_blank\" data-attachment-id=\"524\" class=\"fg-thumb\"><span class=\"fg-image-wrap\"><img height=\"60\" width=\"170\" class=\"skip-lazy fg-image\" data-src-fg=\"http:\/\/cieh-chre.org\/doposlednjeg\/wp-content\/uploads\/sites\/8\/cache\/2019\/03\/RS-min-fin-e1552044420166\/4181945008.png\" src=\"data:image\/svg+xml,%3Csvg%20xmlns%3D%22http%3A%2F%2Fwww.w3.org%2F2000%2Fsvg%22%20width%3D%22170%22%20height%3D%2260%22%20viewBox%3D%220%200%20170%2060%22%3E%3C%2Fsvg%3E\"><\/span><span class=\"fg-image-overlay\"><\/span><\/a><figcaption class=\"fg-caption\"><div class=\"fg-caption-inner\"><\/div><\/figcaption><\/figure><div class=\"fg-loader\"><\/div><\/div><div class=\"fg-item fg-type-image fg-idle\"><figure class=\"fg-item-inner\"><a href=\"http:\/\/www.savezjos.org\/\" target=\"_blank\" data-caption-desc=\"&lt;a href=&quot;http:\/\/www.savezjos.org\/&quot; rel=&quot;noopener&quot; target=&quot;_blank&quot;&gt;&lt;\/a&gt;\" data-attachment-id=\"521\" class=\"fg-thumb\"><span class=\"fg-image-wrap\"><img height=\"60\" width=\"182\" class=\"skip-lazy fg-image\" data-src-fg=\"http:\/\/cieh-chre.org\/doposlednjeg\/wp-content\/uploads\/sites\/8\/cache\/2019\/03\/sjos-siv-e1552040012356\/780951359.jpg\" src=\"data:image\/svg+xml,%3Csvg%20xmlns%3D%22http%3A%2F%2Fwww.w3.org%2F2000%2Fsvg%22%20width%3D%22182%22%20height%3D%2260%22%20viewBox%3D%220%200%20182%2060%22%3E%3C%2Fsvg%3E\"><\/span><span class=\"fg-image-overlay\"><\/span><\/a><figcaption class=\"fg-caption\"><div class=\"fg-caption-inner\"><\/div><\/figcaption><\/figure><div class=\"fg-loader\"><\/div><\/div><div class=\"fg-item fg-type-image fg-idle\"><figure class=\"fg-item-inner\"><a href=\"http:\/\/westburyeurope.org\/\" target=\"_blank\" data-caption-desc=\"&lt;a href=&quot;http:\/\/westburyeurope.org\/&quot; rel=&quot;noopener&quot; target=&quot;_blank&quot;&gt;&lt;\/a&gt;\" data-attachment-id=\"484\" class=\"fg-thumb\"><span class=\"fg-image-wrap\"><img height=\"60\" width=\"287\" class=\"skip-lazy fg-image\" data-src-fg=\"http:\/\/cieh-chre.org\/doposlednjeg\/wp-content\/uploads\/sites\/8\/cache\/2019\/03\/westbury-450-e1552014096489\/1505565951.png\" src=\"data:image\/svg+xml,%3Csvg%20xmlns%3D%22http%3A%2F%2Fwww.w3.org%2F2000%2Fsvg%22%20width%3D%22287%22%20height%3D%2260%22%20viewBox%3D%220%200%20287%2060%22%3E%3C%2Fsvg%3E\"><\/span><span class=\"fg-image-overlay\"><\/span><\/a><figcaption class=\"fg-caption\"><div class=\"fg-caption-inner\"><\/div><\/figcaption><\/figure><div class=\"fg-loader\"><\/div><\/div><div class=\"fg-item fg-type-image fg-idle\"><figure class=\"fg-item-inner\"><a href=\"https:\/\/www.geogis.org\/index.html\" target=\"_blank\" data-attachment-id=\"726\" class=\"fg-thumb\"><span class=\"fg-image-wrap\"><img height=\"60\" width=\"60\" class=\"skip-lazy fg-image\" data-src-fg=\"http:\/\/cieh-chre.org\/doposlednjeg\/wp-content\/uploads\/sites\/8\/cache\/2021\/07\/logo-light-bg\/1658304011.png\" src=\"data:image\/svg+xml,%3Csvg%20xmlns%3D%22http%3A%2F%2Fwww.w3.org%2F2000%2Fsvg%22%20width%3D%2260%22%20height%3D%2260%22%20viewBox%3D%220%200%2060%2060%22%3E%3C%2Fsvg%3E\"><\/span><span class=\"fg-image-overlay\"><\/span><\/a><figcaption class=\"fg-caption\"><div class=\"fg-caption-inner\"><\/div><\/figcaption><\/figure><div class=\"fg-loader\"><\/div><\/div><div class=\"fg-item fg-type-image fg-idle\"><figure class=\"fg-item-inner\"><a href=\"https:\/\/www.teamcad.rs\/index.php\/srb\/\" target=\"_blank\" data-attachment-id=\"725\" class=\"fg-thumb\"><span class=\"fg-image-wrap\"><img height=\"60\" width=\"154\" class=\"skip-lazy fg-image\" data-src-fg=\"http:\/\/cieh-chre.org\/doposlednjeg\/wp-content\/uploads\/sites\/8\/2021\/07\/LOGO_TeamCAD_logo.png\" src=\"data:image\/svg+xml,%3Csvg%20xmlns%3D%22http%3A%2F%2Fwww.w3.org%2F2000%2Fsvg%22%20width%3D%22154%22%20height%3D%2260%22%20viewBox%3D%220%200%20154%2060%22%3E%3C%2Fsvg%3E\"><\/span><span class=\"fg-image-overlay\"><\/span><\/a><figcaption class=\"fg-caption\"><div class=\"fg-caption-inner\"><\/div><\/figcaption><\/figure><div class=\"fg-loader\"><\/div><\/div><\/div>\r\n\n<\/div>\n<\/div><\/div><div id=\"panel-81-1-0-2\" class=\"so-panel widget widget_sow-editor panel-last-child\" data-index=\"5\" ><div class=\"so-widget-sow-editor so-widget-sow-editor-base\">\n<div class=\"siteorigin-widget-tinymce textwidget\">\n\t<hr \/>\n<p style=\"text-align: center;\"><span style=\"color: #003366;\">Kontakt: Centar za istra\u017eivanje i edukaciju\u00a0o Holokaustu - CIEH, <\/span><span style=\"color: #003366;\">tel: <span style=\"color: #993300;\">+38163247856<\/span>, e-mail: <span style=\"color: #993300;\"><a style=\"color: #993300;\" href=\"mailto:\/\/cieh1chre@gmail.com\" target=\"_blank\" rel=\"noopener noreferrer\">cieh1chre@gmail.com<\/a><\/span> web: <span style=\"color: #993300;\"><a style=\"color: #993300;\" href=\"www.cieh-chre.org\" target=\"_blank\" rel=\"noopener noreferrer\">www.cieh-chre.org<\/a><\/span><\/span><\/p>\n<hr \/>\n<\/div>\n<\/div><\/div><\/div><\/div><\/div>","protected":false},"excerpt":{"rendered":"<p>Ra\u0111eno na dan 18 februara1942 godine u Odeljenju specijalnepolicije Uprave grada Beograda.\u00a0\u00a0\u00a0\u00a0\u00a0\u00a0\u00a0\u00a0\u00a0\u00a0\u00a0\u00a0\u00a0\u00a0\u00a0\u00a0 O saslu\u0161anju \u0160LJIVI\u0106-FI\u0160ER TEREZE; doma\u0107ice, ro\u0111ena 1 oktobra 1893 god. u Perlezu, srez Be\u010dkerek, od oca Marka Fi\u0161era i majke Ernestine, ro\u0111. First, nadle\u017ena u Perlezu, po narodnosti Jevrejka, neka\u017enjavana, sa stanom u Beogradu u Po\u017eareva\u010dkoj ul. br.2, koja na postavljena pitanja izjavi:\u00a0\u00a0\u00a0\u00a0\u00a0\u00a0\u00a0\u00a0\u00a0\u00a0\u00a0\u00a0\u00a0\u00a0\u00a0 [&hellip;]<\/p>\n","protected":false},"author":2,"featured_media":0,"parent":0,"menu_order":0,"comment_status":"closed","ping_status":"closed","template":"","meta":[],"acf":[],"wps_subtitle":"","_links":{"self":[{"href":"http:\/\/cieh-chre.org\/doposlednjeg\/wp-json\/wp\/v2\/pages\/81"}],"collection":[{"href":"http:\/\/cieh-chre.org\/doposlednjeg\/wp-json\/wp\/v2\/pages"}],"about":[{"href":"http:\/\/cieh-chre.org\/doposlednjeg\/wp-json\/wp\/v2\/types\/page"}],"author":[{"embeddable":true,"href":"http:\/\/cieh-chre.org\/doposlednjeg\/wp-json\/wp\/v2\/users\/2"}],"replies":[{"embeddable":true,"href":"http:\/\/cieh-chre.org\/doposlednjeg\/wp-json\/wp\/v2\/comments?post=81"}],"version-history":[{"count":13,"href":"http:\/\/cieh-chre.org\/doposlednjeg\/wp-json\/wp\/v2\/pages\/81\/revisions"}],"predecessor-version":[{"id":716,"href":"http:\/\/cieh-chre.org\/doposlednjeg\/wp-json\/wp\/v2\/pages\/81\/revisions\/716"}],"wp:attachment":[{"href":"http:\/\/cieh-chre.org\/doposlednjeg\/wp-json\/wp\/v2\/media?parent=81"}],"curies":[{"name":"wp","href":"https:\/\/api.w.org\/{rel}","templated":true}]}}