{"id":84,"date":"2019-02-18T13:01:24","date_gmt":"2019-02-18T13:01:24","guid":{"rendered":"http:\/\/cieh-chre.org\/doposlednjeg\/?page_id=84"},"modified":"2021-07-07T00:15:01","modified_gmt":"2021-07-06T23:15:01","slug":"majirovic-hana-2-2-5","status":"publish","type":"page","link":"http:\/\/cieh-chre.org\/doposlednjeg\/majirovic-hana-2-2-5\/","title":{"rendered":"Majirovi\u0107 Hana"},"content":{"rendered":"<div id=\"pl-84\"  class=\"panel-layout\" ><div id=\"pg-84-0\"  class=\"panel-grid panel-no-style\" ><div id=\"pgc-84-0-0\"  class=\"panel-grid-cell\" ><div id=\"panel-84-0-0-0\" class=\"so-panel widget widget_foogallery_widget foogallery_widget panel-first-child panel-last-child\" data-index=\"0\" ><div class=\"foogallery foogallery-container foogallery-default foogallery-lightbox-foobox fg-gutter-10 fg-center fg-default fg-light fg-border-thin fg-shadow-outline fg-loading-partial fg-loaded-fade-in fg-caption-hover fg-hover-fade fg-hover-zoom fg-ready\" id=\"foogallery-gallery-332\" data-foogallery=\"{&quot;item&quot;:{&quot;showCaptionTitle&quot;:true,&quot;showCaptionDescription&quot;:true},&quot;lazy&quot;:true}\" >\r\n\t<div class=\"fg-item fg-type-image fg-idle\"><figure class=\"fg-item-inner\"><a href=\"http:\/\/cieh-chre.org\/doposlednjeg\/wp-content\/uploads\/sites\/8\/2019\/02\/MG_0841.jpg\" data-caption-desc=\"Zapisnik o isle\u0111ivanju Majirovi\u0107 Hane P1 \nSig. IAB UGB SP IV - 26\/27 a k 234\/16\" data-attachment-id=\"330\" class=\"fg-thumb\"><span class=\"fg-image-wrap\"><img width=\"1319\" height=\"2084\" class=\"skip-lazy fg-image\" data-src-fg=\"http:\/\/cieh-chre.org\/doposlednjeg\/wp-content\/uploads\/sites\/8\/2019\/02\/MG_0841.jpg\" src=\"data:image\/svg+xml,%3Csvg%20xmlns%3D%22http%3A%2F%2Fwww.w3.org%2F2000%2Fsvg%22%20width%3D%221319%22%20height%3D%222084%22%20viewBox%3D%220%200%201319%202084%22%3E%3C%2Fsvg%3E\"><\/span><span class=\"fg-image-overlay\"><\/span><\/a><figcaption class=\"fg-caption\"><div class=\"fg-caption-inner\"><div class=\"fg-caption-desc\">Zapisnik o isle\u0111ivanju Majirovi\u0107 Hane P1 \nSig. IAB UGB SP IV - 26\/27 a k 234\/16<\/div><\/div><\/figcaption><\/figure><div class=\"fg-loader\"><\/div><\/div><div class=\"fg-item fg-type-image fg-idle\"><figure class=\"fg-item-inner\"><a href=\"http:\/\/cieh-chre.org\/doposlednjeg\/wp-content\/uploads\/sites\/8\/2019\/02\/MG_0842.jpg\" data-caption-desc=\"Zapisnik o isle\u0111ivanju Majirovi\u0107 Hane P2 \nSig. IAB UGB SP IV - 26\/27 a k 234\/16\" data-attachment-id=\"331\" class=\"fg-thumb\"><span class=\"fg-image-wrap\"><img width=\"1280\" height=\"2084\" class=\"skip-lazy fg-image\" data-src-fg=\"http:\/\/cieh-chre.org\/doposlednjeg\/wp-content\/uploads\/sites\/8\/2019\/02\/MG_0842.jpg\" src=\"data:image\/svg+xml,%3Csvg%20xmlns%3D%22http%3A%2F%2Fwww.w3.org%2F2000%2Fsvg%22%20width%3D%221280%22%20height%3D%222084%22%20viewBox%3D%220%200%201280%202084%22%3E%3C%2Fsvg%3E\"><\/span><span class=\"fg-image-overlay\"><\/span><\/a><figcaption class=\"fg-caption\"><div class=\"fg-caption-inner\"><div class=\"fg-caption-desc\">Zapisnik o isle\u0111ivanju Majirovi\u0107 Hane P2 \nSig. IAB UGB SP IV - 26\/27 a k 234\/16<\/div><\/div><\/figcaption><\/figure><div class=\"fg-loader\"><\/div><\/div><\/div>\r\n<\/div><\/div><div id=\"pgc-84-0-1\"  class=\"panel-grid-cell\" ><div id=\"panel-84-0-1-0\" class=\"so-panel widget widget_sow-button panel-first-child\" data-index=\"1\" ><div class=\"so-widget-sow-button so-widget-sow-button-flat-f9ef2d797013-84\"><div class=\"ow-button-base ow-button-align-left\">\n\t<a href=\"https:\/\/geogis.org\/mapesvedocenja\/#19\/44.79186\/20.49742\" class=\"ow-icon-placement-left ow-button-hover\" target=\"_blank\" rel=\"noopener noreferrer\" \t\t>\n\t\t<span>\n\t\t\t<span class=\"sow-icon-fontawesome sow-far\" data-sow-icon=\"&#xf2bb;\"\n\t\t ><\/span>\n\t\t\tLokacija na mapi\t\t<\/span>\n\t<\/a>\n<\/div>\n<\/div><\/div><div id=\"panel-84-0-1-1\" class=\"so-panel widget widget_sow-editor panel-last-child\" data-index=\"2\" ><div class=\"so-widget-sow-editor so-widget-sow-editor-base\"><h3 class=\"widget-title\">Transkript zapisnika o isle\u0111ivanju Majirovi\u0107 Hane<\/h3>\n<div class=\"siteorigin-widget-tinymce textwidget\">\n\t<hr \/>\n<p style=\"text-align: right;\"><u>Ra\u0111eno 28 aprila 1942 godine u<\/u><\/p>\n<p style=\"text-align: right;\"><u>Odeljenju specijalne policije<\/u><\/p>\n<p style=\"text-align: right;\"><u>Uprave grada Beograda.<\/u><\/p>\n<p><u>\u00a0<\/u><\/p>\n<p style=\"text-align: center;\"><u>Z_A_P_I_S_N_I_K<\/u><\/p>\n<p>\u00a0\u00a0\u00a0\u00a0\u00a0\u00a0\u00a0\u00a0\u00a0\u00a0\u00a0\u00a0\u00a0\u00a0\u00a0 O izvr\u0161enom saslu\u0161anju MAJIROVI\u0106 HANE, doma\u0107ice is Beograda.<\/p>\n<p>\u00a0<\/p>\n<p style=\"text-align: center;\">I<\/p>\n<p>\u00a0<\/p>\n<p>\u00a0\u00a0\u00a0\u00a0\u00a0\u00a0\u00a0\u00a0\u00a0\u00a0\u00a0\u00a0\u00a0\u00a0\u00a0 Zovem se MAJIROVI\u0106 HANA\/rodjeno SEKULOVI\u0106 ANDJA\/,po zanimanju doma\u0107ica, rodjena 1905 godine u Prolo\u0161cu, sreza imotskog, od oca Pavla i majke Anice rodjene Glehdja, po narodnosti Srpkinja, prekr\u0161tena na mojsijevu veru, udata za Jevrejina Mirka Majirovi\u0107a,neosudjivana i policijski neka\u017enjavana, nepismena, sa stanom u ulici Vojislava Ili\u0107a br. 81.<\/p>\n<p>\u00a0<\/p>\n<p style=\"text-align: center;\">II<\/p>\n<p>\u00a0<\/p>\n<p>U Beogradu \u017eivim stalno od 1926 godine. Do 1934 godine r\u0430dila sam po privatnim ku\u0111ama kao bedinerka, a te godine udala sam s\u0435 za Jevrejina Mirka Majirovi\u0107a, trgova\u010dkog pomo\u0107nika, sa kojim sam \u017eivela u braku sve do na\u0161eg hap\u0161enja, odnosno \u0434\u043e 7 aprila ove godine.<\/p>\n<p>\u00a0\u00a0\u00a0\u00a0\u00a0\u00a0\u00a0\u00a0\u00a0\u00a0\u00a0\u00a0\u00a0\u00a0\u00a0 Ja i moj mu\u017e nismo se nikada bavili politikom, po\u0161to nas politika nije ni interesovala, a ja kao nepismena \u017eena nisam imala za nju ni smisla. Od godine 1938 pa sve do 1 marta ove godine stanovali smo u Sti\u0161koj ulici br. 26, kada smo se otselili u Ulicu Vojislava Ili\u0107a br. 81, gde i sada stanujemo. Od rata pa na ovamo moj mu\u017e je bio stalno kod ku\u0107e i nigde nije izlazio, po\u0161to s\u0435 kao Jevrejin skrivao, iz straha da ne bude streljan. Kada je iza\u0161lo poslednje naredjenje, prema kome su se imali prijaviti svi Jevreji, ja sam rekla mome mu\u017eu da bi i on trebao da se prijavi, ali je on odgovorio da ne\u0107e, jer d\u0430 s\u0435 boji da ne bud\u0435 streljan. Tako je on ostao i dalje dh se skriva, sve do na\u0161eg hap\u0161enja od strane Uprave grada. Za ovo vreme,kao \u0161to sam ve\u0107 navela, Mirko nije odlazio nigde od ku\u0107e. Ta\u010dno je da smo mi po ki put odlazili kod Krivoku\u0107e Savke,koja je stanovala u istoj ku\u0107i, i to samo radi izvesnih ku\u0111nih potreba. Nikakve politi\u010dke razgovore i diskusije u njenom stanu nismo vodili. Savka je imala je\u0111an radio-aparat, ali ga Savka u na\u0161em prisustvu nije nikada upotrebljavala, i prema tome nije ta\u010dno da smo mi kod nje u stanu slu\u0161ali emisije radio-Londona i Moskve,a isto tako nije mi poznato da je to kod nje ko drugi \u010dinio. \u0160to se ti\u010de Olge Jovanovi\u0107, privatne \u010dinovnice, koja je kod Savke stanovala kao samica, izjavljujem \u0111a sam je ja slabo\u00a0 \u0440\u043ezn\u0430vla, pa prema tome sa njom nisam ni imala neke veze.<\/p>\n<p>\u00a0\u00a0\u00a0\u00a0\u00a0\u00a0\u00a0\u00a0\u00a0\u00a0\u00a0\u00a0\u00a0\u00a0\u00a0 Dok sam sa mu\u017eem stanovala u Sti\u0161koj ulici br. 26, dolazio je, koliko se se\u0107am svega jedanput, u na\u0161 stan Milivoje Pavlovi\u0107, \u0161ofer ina\u010de mu\u017e moje prijateljice, neke Slovenke Marice. Sem njega niko nas vi\u0161e nije pose\u0111ivao, kako u Sti\u0161koj, tako ni u ulici Vojislava Ili\u0107a.<\/p>\n<p>\u00a0\u00a0\u00a0\u00a0\u00a0\u00a0\u00a0\u00a0\u00a0\u00a0\u00a0\u00a0\u00a0\u00a0\u00a0 To je sve \u0160to imam da ka\u017eem po prednjem slu\u010daju,nisam komunistkinja,i sa komunistima nemam nikakve veze. Po\u0161to nisam u\u010dinila ni\u0161ta \u0161to bi bilo protivno zakonu i postoje\u0107em poretku,a u stvari sam Arijevka, odnosno Srpkinja vere pravoslavne, to molim da bu\u0111em pu\u0161tena na slobodu.<\/p>\n<p>\u00a0\u00a0\u00a0\u00a0\u00a0\u00a0\u00a0\u00a0\u00a0\u00a0\u00a0\u00a0\u00a0\u00a0\u00a0 Saslu\u0161anje mi je pro\u010ditano, i sve su moje re\u010di u njemu verno zabele\u017eene.<\/p>\n<p>\u00a0<\/p>\n<p>Nepismena,<\/p>\n<p>Potpis: palcem<\/p>\n<p>Zapisni\u010dar - referent<\/p>\n<p>(ne\u010ditko)<\/p>\n<p>OVERAVA:<\/p>\n<p>Pe\u010dat:<\/p>\n<p>Po naredbi \u0160efa Odeljenja specijalne policije<\/p>\n<p>\u0160ef IV Otseka<\/p>\n<p>Potpis: Be\u0107arevi\u0107<\/p>\n<p>\u00a0<\/p>\n<p>Sig. IAB UGB SP IV - 26\/27 a k 234\/16<\/p>\n<p>\u00a0<\/p>\n<p>Verso:<\/p>\n<p>R.<\/p>\n<p><strong>\u00a0<\/strong><\/p>\n<p>\u00a0\u00a0\u00a0\u00a0\u00a0\u00a0\u00a0\u00a0\u00a0\u00a0\u00a0\u00a0\u00a0\u00a0\u00a0 Po\u0161to se istragom nije moglo ustanoviti ni\u0161ta konkretno, \u0161to bi dalo povoda sumnji da je imenovana komunistkinja, to je, po\u0161to je pre\u0161la u mojsijevu veru, sprovesti Otseku za Jevreje U.g.B., a predmet ustupiti Kartoteci radi evidencije.<\/p>\n<p>\u00a0<\/p>\n<p>Pe\u010dat:<\/p>\n<p>Po naredbi \u0160efa Odeljenja specijalne policije<\/p>\n<p>\u0160ef IV Otseka<\/p>\n<p>Potpis: Be\u0107arevi\u0107<\/p>\n<p>\u00a0<\/p>\n<p>\u00a0<\/p>\n<hr \/>\n<p>\u00a0<\/p>\n<\/div>\n<\/div><\/div><\/div><\/div><div id=\"pg-84-1\"  class=\"panel-grid panel-no-style\" ><div id=\"pgc-84-1-0\"  class=\"panel-grid-cell\" ><div id=\"panel-84-1-0-0\" class=\"so-panel widget widget_sow-editor panel-first-child\" data-index=\"3\" ><div class=\"so-widget-sow-editor so-widget-sow-editor-base\"><h3 class=\"widget-title\">Projekat su podr\u017eali<\/h3>\n<div class=\"siteorigin-widget-tinymce textwidget\">\n\t<hr \/>\n<p style=\"text-align: center;\">Projekat je realizovan sredstvima iz prvog ciklusa finansiranja programa iz oblasti nauke, kulture i obrazovanja Saveza jevrejskih op\u0161tina Srbije, vezanih za Holokaust u Srbiji, podr\u017eanih sredstvima Republike Srbije na osnovu Zakona o otklanjanju posledica oduzimanja imovine \u017ertava Holokausta bez \u017eivih zakonskih naslednika. Dodatna sredstva obezbe\u0111ena su ljubazno\u0161\u0107u Westbury group. Tehnolo\u0161ki partner: GDI Solutions d.o.o.<\/p>\n<\/div>\n<\/div><\/div><div id=\"panel-84-1-0-1\" class=\"so-panel widget widget_sow-editor\" data-index=\"4\" ><div class=\"so-widget-sow-editor so-widget-sow-editor-base\">\n<div class=\"siteorigin-widget-tinymce textwidget\">\n\t<hr \/>\n<div class=\"foogallery foogallery-container foogallery-default foogallery-lightbox-foobox fg-gutter-10 fg-center fg-default fg-light fg-loaded-fade-in fg-hover-fade fg-ready\" id=\"foogallery-gallery-485\" data-foogallery=\"{&quot;item&quot;:{&quot;showCaptionTitle&quot;:false,&quot;showCaptionDescription&quot;:false},&quot;lazy&quot;:true}\" >\r\n\t<div class=\"fg-item fg-type-image fg-idle\"><figure class=\"fg-item-inner\"><a href=\"http:\/\/cieh-chre.org\/\" data-attachment-id=\"481\" class=\"fg-thumb\"><span class=\"fg-image-wrap\"><img height=\"60\" width=\"101\" class=\"skip-lazy fg-image\" data-src-fg=\"http:\/\/cieh-chre.org\/doposlednjeg\/wp-content\/uploads\/sites\/8\/cache\/2019\/03\/CHRE-logo-reconstruct-pg4-5-lat-2-e1552014023403\/235735445.png\" src=\"data:image\/svg+xml,%3Csvg%20xmlns%3D%22http%3A%2F%2Fwww.w3.org%2F2000%2Fsvg%22%20width%3D%22101%22%20height%3D%2260%22%20viewBox%3D%220%200%20101%2060%22%3E%3C%2Fsvg%3E\"><\/span><span class=\"fg-image-overlay\"><\/span><\/a><figcaption class=\"fg-caption\"><div class=\"fg-caption-inner\"><\/div><\/figcaption><\/figure><div class=\"fg-loader\"><\/div><\/div><div class=\"fg-item fg-type-image fg-idle\"><figure class=\"fg-item-inner\"><a href=\"http:\/\/www.mfin.gov.rs\/\" target=\"_blank\" data-attachment-id=\"524\" class=\"fg-thumb\"><span class=\"fg-image-wrap\"><img height=\"60\" width=\"170\" class=\"skip-lazy fg-image\" data-src-fg=\"http:\/\/cieh-chre.org\/doposlednjeg\/wp-content\/uploads\/sites\/8\/cache\/2019\/03\/RS-min-fin-e1552044420166\/4181945008.png\" src=\"data:image\/svg+xml,%3Csvg%20xmlns%3D%22http%3A%2F%2Fwww.w3.org%2F2000%2Fsvg%22%20width%3D%22170%22%20height%3D%2260%22%20viewBox%3D%220%200%20170%2060%22%3E%3C%2Fsvg%3E\"><\/span><span class=\"fg-image-overlay\"><\/span><\/a><figcaption class=\"fg-caption\"><div class=\"fg-caption-inner\"><\/div><\/figcaption><\/figure><div class=\"fg-loader\"><\/div><\/div><div class=\"fg-item fg-type-image fg-idle\"><figure class=\"fg-item-inner\"><a href=\"http:\/\/www.savezjos.org\/\" target=\"_blank\" data-caption-desc=\"&lt;a href=&quot;http:\/\/www.savezjos.org\/&quot; rel=&quot;noopener&quot; target=&quot;_blank&quot;&gt;&lt;\/a&gt;\" data-attachment-id=\"521\" class=\"fg-thumb\"><span class=\"fg-image-wrap\"><img height=\"60\" width=\"182\" class=\"skip-lazy fg-image\" data-src-fg=\"http:\/\/cieh-chre.org\/doposlednjeg\/wp-content\/uploads\/sites\/8\/cache\/2019\/03\/sjos-siv-e1552040012356\/780951359.jpg\" src=\"data:image\/svg+xml,%3Csvg%20xmlns%3D%22http%3A%2F%2Fwww.w3.org%2F2000%2Fsvg%22%20width%3D%22182%22%20height%3D%2260%22%20viewBox%3D%220%200%20182%2060%22%3E%3C%2Fsvg%3E\"><\/span><span class=\"fg-image-overlay\"><\/span><\/a><figcaption class=\"fg-caption\"><div class=\"fg-caption-inner\"><\/div><\/figcaption><\/figure><div class=\"fg-loader\"><\/div><\/div><div class=\"fg-item fg-type-image fg-idle\"><figure class=\"fg-item-inner\"><a href=\"http:\/\/westburyeurope.org\/\" target=\"_blank\" data-caption-desc=\"&lt;a href=&quot;http:\/\/westburyeurope.org\/&quot; rel=&quot;noopener&quot; target=&quot;_blank&quot;&gt;&lt;\/a&gt;\" data-attachment-id=\"484\" class=\"fg-thumb\"><span class=\"fg-image-wrap\"><img height=\"60\" width=\"287\" class=\"skip-lazy fg-image\" data-src-fg=\"http:\/\/cieh-chre.org\/doposlednjeg\/wp-content\/uploads\/sites\/8\/cache\/2019\/03\/westbury-450-e1552014096489\/1505565951.png\" src=\"data:image\/svg+xml,%3Csvg%20xmlns%3D%22http%3A%2F%2Fwww.w3.org%2F2000%2Fsvg%22%20width%3D%22287%22%20height%3D%2260%22%20viewBox%3D%220%200%20287%2060%22%3E%3C%2Fsvg%3E\"><\/span><span class=\"fg-image-overlay\"><\/span><\/a><figcaption class=\"fg-caption\"><div class=\"fg-caption-inner\"><\/div><\/figcaption><\/figure><div class=\"fg-loader\"><\/div><\/div><div class=\"fg-item fg-type-image fg-idle\"><figure class=\"fg-item-inner\"><a href=\"https:\/\/www.geogis.org\/index.html\" target=\"_blank\" data-attachment-id=\"726\" class=\"fg-thumb\"><span class=\"fg-image-wrap\"><img height=\"60\" width=\"60\" class=\"skip-lazy fg-image\" data-src-fg=\"http:\/\/cieh-chre.org\/doposlednjeg\/wp-content\/uploads\/sites\/8\/cache\/2021\/07\/logo-light-bg\/1658304011.png\" src=\"data:image\/svg+xml,%3Csvg%20xmlns%3D%22http%3A%2F%2Fwww.w3.org%2F2000%2Fsvg%22%20width%3D%2260%22%20height%3D%2260%22%20viewBox%3D%220%200%2060%2060%22%3E%3C%2Fsvg%3E\"><\/span><span class=\"fg-image-overlay\"><\/span><\/a><figcaption class=\"fg-caption\"><div class=\"fg-caption-inner\"><\/div><\/figcaption><\/figure><div class=\"fg-loader\"><\/div><\/div><div class=\"fg-item fg-type-image fg-idle\"><figure class=\"fg-item-inner\"><a href=\"https:\/\/www.teamcad.rs\/index.php\/srb\/\" target=\"_blank\" data-attachment-id=\"725\" class=\"fg-thumb\"><span class=\"fg-image-wrap\"><img height=\"60\" width=\"154\" class=\"skip-lazy fg-image\" data-src-fg=\"http:\/\/cieh-chre.org\/doposlednjeg\/wp-content\/uploads\/sites\/8\/2021\/07\/LOGO_TeamCAD_logo.png\" src=\"data:image\/svg+xml,%3Csvg%20xmlns%3D%22http%3A%2F%2Fwww.w3.org%2F2000%2Fsvg%22%20width%3D%22154%22%20height%3D%2260%22%20viewBox%3D%220%200%20154%2060%22%3E%3C%2Fsvg%3E\"><\/span><span class=\"fg-image-overlay\"><\/span><\/a><figcaption class=\"fg-caption\"><div class=\"fg-caption-inner\"><\/div><\/figcaption><\/figure><div class=\"fg-loader\"><\/div><\/div><\/div>\r\n\n<\/div>\n<\/div><\/div><div id=\"panel-84-1-0-2\" class=\"so-panel widget widget_sow-editor panel-last-child\" data-index=\"5\" ><div class=\"so-widget-sow-editor so-widget-sow-editor-base\">\n<div class=\"siteorigin-widget-tinymce textwidget\">\n\t<hr \/>\n<p style=\"text-align: center;\"><span style=\"color: #003366;\">Kontakt: Centar za istra\u017eivanje i edukaciju\u00a0o Holokaustu - CIEH, <\/span><span style=\"color: #003366;\">tel: <span style=\"color: #993300;\">+38163247856<\/span>, e-mail: <span style=\"color: #993300;\"><a style=\"color: #993300;\" href=\"mailto:\/\/cieh1chre@gmail.com\" target=\"_blank\" rel=\"noopener noreferrer\">cieh1chre@gmail.com<\/a><\/span> web: <span style=\"color: #993300;\"><a style=\"color: #993300;\" href=\"www.cieh-chre.org\" target=\"_blank\" rel=\"noopener noreferrer\">www.cieh-chre.org<\/a><\/span><\/span><\/p>\n<hr \/>\n<\/div>\n<\/div><\/div><\/div><\/div><\/div>","protected":false},"excerpt":{"rendered":"<p>Ra\u0111eno 28 aprila 1942 godine uOdeljenju specijalne policijeUprave grada Beograda.\u00a0Z_A_P_I_S_N_I_K\u00a0\u00a0\u00a0\u00a0\u00a0\u00a0\u00a0\u00a0\u00a0\u00a0\u00a0\u00a0\u00a0\u00a0\u00a0 O izvr\u0161enom saslu\u0161anju MAJIROVI\u0106 HANE, doma\u0107ice is Beograda.\u00a0I\u00a0\u00a0\u00a0\u00a0\u00a0\u00a0\u00a0\u00a0\u00a0\u00a0\u00a0\u00a0\u00a0\u00a0\u00a0\u00a0 Zovem se MAJIROVI\u0106 HANA\/rodjeno SEKULOVI\u0106 ANDJA\/,po zanimanju doma\u0107ica, rodjena 1905 godine u Prolo\u0161cu, sreza imotskog, od oca Pavla i majke Anice rodjene Glehdja, po narodnosti Srpkinja, prekr\u0161tena na mojsijevu veru, udata za Jevrejina Mirka Majirovi\u0107a,neosudjivana i policijski [&hellip;]<\/p>\n","protected":false},"author":2,"featured_media":0,"parent":0,"menu_order":0,"comment_status":"closed","ping_status":"closed","template":"","meta":[],"acf":[],"wps_subtitle":"","_links":{"self":[{"href":"http:\/\/cieh-chre.org\/doposlednjeg\/wp-json\/wp\/v2\/pages\/84"}],"collection":[{"href":"http:\/\/cieh-chre.org\/doposlednjeg\/wp-json\/wp\/v2\/pages"}],"about":[{"href":"http:\/\/cieh-chre.org\/doposlednjeg\/wp-json\/wp\/v2\/types\/page"}],"author":[{"embeddable":true,"href":"http:\/\/cieh-chre.org\/doposlednjeg\/wp-json\/wp\/v2\/users\/2"}],"replies":[{"embeddable":true,"href":"http:\/\/cieh-chre.org\/doposlednjeg\/wp-json\/wp\/v2\/comments?post=84"}],"version-history":[{"count":17,"href":"http:\/\/cieh-chre.org\/doposlednjeg\/wp-json\/wp\/v2\/pages\/84\/revisions"}],"predecessor-version":[{"id":700,"href":"http:\/\/cieh-chre.org\/doposlednjeg\/wp-json\/wp\/v2\/pages\/84\/revisions\/700"}],"wp:attachment":[{"href":"http:\/\/cieh-chre.org\/doposlednjeg\/wp-json\/wp\/v2\/media?parent=84"}],"curies":[{"name":"wp","href":"https:\/\/api.w.org\/{rel}","templated":true}]}}