{"id":392,"date":"2018-04-15T22:57:57","date_gmt":"2018-04-15T20:57:57","guid":{"rendered":"http:\/\/cieh-chre.org\/forcedlabourinserbia\/?page_id=392"},"modified":"2018-04-16T01:00:51","modified_gmt":"2018-04-15T23:00:51","slug":"241-2-2-4","status":"publish","type":"page","link":"http:\/\/cieh-chre.org\/forcedlabourinserbia\/241-2-2-4\/","title":{"rendered":"Sanela Schmid"},"content":{"rendered":"<div id=\"pl-392\"  class=\"panel-layout\" ><div id=\"pg-392-0\"  class=\"panel-grid panel-no-style\" ><div id=\"pgc-392-0-0\"  class=\"panel-grid-cell\" ><div id=\"panel-392-0-0-0\" class=\"so-panel widget widget_sow-editor panel-first-child panel-last-child\" data-index=\"0\" ><div class=\"so-widget-sow-editor so-widget-sow-editor-base\">\n<div class=\"siteorigin-widget-tinymce textwidget\">\n\t<p class=\"p1\"><span class=\"s1\"><b><img loading=\"lazy\" class=\"alignleft wp-image-397 size-full\" src=\"http:\/\/cieh-chre.org\/forcedlabourinserbia\/wp-content\/uploads\/sites\/4\/2018\/04\/SANELA-SCHMID-SQS.png\" alt=\"\" width=\"150\" height=\"150\" \/><\/b><\/span><\/p>\n<p><span style=\"color: #993300;\"><em><a style=\"color: #993300;\" href=\"https:\/\/www.geschichte.hu-berlin.de\/de\/bereiche-und-lehrstuehle\/dtge-20jhd\/personen\/dr-phil-sanela-schmid\" target=\"_blank\" rel=\"noopener noreferrer\"><strong>Sanela \u0160mid<\/strong><\/a><\/em><\/span><\/p>\n<p><em>Humbolt univerzitet, Berlin<\/em><\/p>\n<p>Sanela \u0160mid je 2012. godine doktorirala na Univerzitetu u Bernu doktorskom disertacijom po nazivom \u201eNema\u010dka i italijanska okupacija u Nezavisnoj dr\u017eavi Hrvatskoj 1941\u20121943\/45\u201c. Od 2012. do 2016. godine radila je na tomu 14 \u201eOkupirana jugoisto\u010dna Evropa i Italija\u201c zbirke dokumenata \u201eProgon i ubistvo evropskih Jevreja od strane nacisti\u010dke Nema\u010dke, 1933\u20121945\u201c. Trenutno organizuje nau\u010dnu mre\u017eu na temu \u201ePlja\u010dka jevrejske imovine u Jugoslaviji od 1940. do 1945. godine\u201c sa sedi\u0161tem na Humbolt univerzitetu u Berlinu (Katedra za nema\u010dku istoriju u 20. veku). Autorka je brojnih nau\u010dnih publikacija iz oblasti Drugog svetskog rata i Holokausta.<\/p>\n<p><span style=\"color: #993300;\">Tragom srpskih civila\u00a0- prinudnih radnika u Nirnbergu<\/span><\/p>\n<p>Sanela \u0160mid je u svom izlaganju na Simpozijumu u Beogradu predstavila svoje istra\u017eivanje o civilima iz Srbije koji su tokom Drugog svetskog rata bili na prinudnom radu u Nema\u010dkoj, a posebno u Nirnbergu. Autorka je predo\u010dila arhivske nalaze 153 osobe koje su registrovane iz Srbije a bile su na prinudnom radu u Nirnbergu.<\/p>\n<\/div>\n<\/div><\/div><\/div><\/div><div id=\"pg-392-1\"  class=\"panel-grid panel-no-style\" ><div id=\"pgc-392-1-0\"  class=\"panel-grid-cell\" ><div id=\"panel-392-1-0-0\" class=\"so-panel widget widget_sow-editor panel-first-child panel-last-child\" data-index=\"1\" ><div class=\"so-widget-sow-editor so-widget-sow-editor-base\">\n<div class=\"siteorigin-widget-tinymce textwidget\">\n\t<p><iframe loading=\"lazy\" src=\"https:\/\/www.youtube.com\/embed\/Pe7qf1YHuUc?rel=0&showinfo=0\" width=\"920\" height=\"560\" frameborder=\"0\" allowfullscreen=\"allowfullscreen\"><\/iframe><br \/> Izlaganje <em><strong>Sanele \u0160mid<\/strong><\/em>\u00a0na\u00a0seminaru\u00a0\u201cProizvo\u0111a\u010di, korisnici i posledice prinudnog rada -\u00a0Srbija 1941-1944\u201du\u00a0<span style=\"color: #993300;\"><a style=\"color: #993300;\" href=\"https:\/\/museums.nuernberg.de\/documentation-center\/\" target=\"_blank\" rel=\"noopener noreferrer\">Documentation Center Nazi Party Rallying Grounds<\/a><\/span><\/p>\n<p class=\"p1\">\u00a0<\/p>\n<\/div>\n<\/div><\/div><\/div><\/div><div id=\"pg-392-2\"  class=\"panel-grid panel-no-style\" ><div id=\"pgc-392-2-0\"  class=\"panel-grid-cell\" ><div id=\"panel-392-2-0-0\" class=\"so-panel widget widget_sow-editor panel-first-child panel-last-child\" data-index=\"2\" ><div class=\"so-widget-sow-editor so-widget-sow-editor-base\">\n<div class=\"siteorigin-widget-tinymce textwidget\">\n\t<p><iframe loading=\"lazy\" src=\"https:\/\/www.youtube.com\/embed\/SQHpxDF_SWo?rel=0&showinfo=0\" width=\"920\" height=\"560\" frameborder=\"0\" allowfullscreen=\"allowfullscreen\"><\/iframe>\u00a0Izlaganje <em><strong>Sanele \u0160mid<\/strong><\/em>\u00a0na\u00a0seminaru \u201cPrinudni rad u Srbiji 1941-1944: Istorijska kontekstualizacija i topografija se\u0107anja\u201d u<span style=\"color: #993300;\">\u00a0<a style=\"color: #993300;\" href=\"https:\/\/jobeograd.org\/\" target=\"_blank\" rel=\"noopener noreferrer\">Jevrejskoj op\u0161tini Beograd<\/a><\/span><\/p>\n<p class=\"p1\">\u00a0<\/p>\n<\/div>\n<\/div><\/div><\/div><\/div><\/div>","protected":false},"excerpt":{"rendered":"<p>Sanela \u0160midHumbolt univerzitet, BerlinSanela \u0160mid je 2012. godine doktorirala na Univerzitetu u Bernu doktorskom disertacijom po nazivom \u201eNema\u010dka i italijanska okupacija u Nezavisnoj dr\u017eavi Hrvatskoj 1941\u20121943\/45\u201c. Od 2012. do 2016. [&hellip;]<\/p>\n","protected":false},"author":2,"featured_media":0,"parent":0,"menu_order":0,"comment_status":"closed","ping_status":"closed","template":"","meta":[],"acf":[],"wps_subtitle":"","_links":{"self":[{"href":"http:\/\/cieh-chre.org\/forcedlabourinserbia\/wp-json\/wp\/v2\/pages\/392"}],"collection":[{"href":"http:\/\/cieh-chre.org\/forcedlabourinserbia\/wp-json\/wp\/v2\/pages"}],"about":[{"href":"http:\/\/cieh-chre.org\/forcedlabourinserbia\/wp-json\/wp\/v2\/types\/page"}],"author":[{"embeddable":true,"href":"http:\/\/cieh-chre.org\/forcedlabourinserbia\/wp-json\/wp\/v2\/users\/2"}],"replies":[{"embeddable":true,"href":"http:\/\/cieh-chre.org\/forcedlabourinserbia\/wp-json\/wp\/v2\/comments?post=392"}],"version-history":[{"count":8,"href":"http:\/\/cieh-chre.org\/forcedlabourinserbia\/wp-json\/wp\/v2\/pages\/392\/revisions"}],"predecessor-version":[{"id":401,"href":"http:\/\/cieh-chre.org\/forcedlabourinserbia\/wp-json\/wp\/v2\/pages\/392\/revisions\/401"}],"wp:attachment":[{"href":"http:\/\/cieh-chre.org\/forcedlabourinserbia\/wp-json\/wp\/v2\/media?parent=392"}],"curies":[{"name":"wp","href":"https:\/\/api.w.org\/{rel}","templated":true}]}}