{"id":68,"date":"2019-02-18T12:40:50","date_gmt":"2019-02-18T12:40:50","guid":{"rendered":"http:\/\/cieh-chre.org\/doposlednjeg\/?page_id=68"},"modified":"2021-07-07T00:49:28","modified_gmt":"2021-07-06T23:49:28","slug":"rozenberg-anita-2","status":"publish","type":"page","link":"https:\/\/cieh-chre.org\/doposlednjeg\/rozenberg-anita-2\/","title":{"rendered":"Rozenberg Anita"},"content":{"rendered":"<div id=\"pl-68\"  class=\"panel-layout\" ><div id=\"pg-68-0\"  class=\"panel-grid panel-no-style\" ><div id=\"pgc-68-0-0\"  class=\"panel-grid-cell\" ><div id=\"panel-68-0-0-0\" class=\"so-panel widget widget_foogallery_widget foogallery_widget panel-first-child panel-last-child\" data-index=\"0\" ><div class=\"foogallery foogallery-container foogallery-default foogallery-lightbox-foobox fg-gutter-10 fg-center fg-default fg-light fg-border-thin fg-shadow-outline fg-loading-partial fg-loaded-fade-in fg-caption-hover fg-hover-fade fg-hover-zoom fg-ready\" id=\"foogallery-gallery-264\" data-foogallery=\"{&quot;item&quot;:{&quot;showCaptionTitle&quot;:true,&quot;showCaptionDescription&quot;:true},&quot;lazy&quot;:true}\" >\r\n\t<div class=\"fg-item fg-type-image fg-idle\"><figure class=\"fg-item-inner\"><a href=\"https:\/\/cieh-chre.org\/doposlednjeg\/wp-content\/uploads\/sites\/8\/2019\/02\/MG_1617.jpg\" data-attachment-id=\"260\" class=\"fg-thumb\"><span class=\"fg-image-wrap\"><img width=\"1658\" height=\"1207\" class=\"skip-lazy fg-image\" data-src-fg=\"https:\/\/cieh-chre.org\/doposlednjeg\/wp-content\/uploads\/sites\/8\/2019\/02\/MG_1617.jpg\" data-srcset-fg=\"https:\/\/cieh-chre.org\/doposlednjeg\/wp-content\/uploads\/sites\/8\/2019\/02\/MG_1617.jpg 2x,https:\/\/cieh-chre.org\/doposlednjeg\/wp-content\/uploads\/sites\/8\/2019\/02\/MG_1617.jpg 3x,https:\/\/cieh-chre.org\/doposlednjeg\/wp-content\/uploads\/sites\/8\/2019\/02\/MG_1617.jpg 4x\" src=\"data:image\/svg+xml,%3Csvg%20xmlns%3D%22http%3A%2F%2Fwww.w3.org%2F2000%2Fsvg%22%20width%3D%221658%22%20height%3D%221207%22%20viewBox%3D%220%200%201658%201207%22%3E%3C%2Fsvg%3E\"><\/span><span class=\"fg-image-overlay\"><\/span><\/a><figcaption class=\"fg-caption\"><div class=\"fg-caption-inner\"><\/div><\/figcaption><\/figure><div class=\"fg-loader\"><\/div><\/div><div class=\"fg-item fg-type-image fg-idle\"><figure class=\"fg-item-inner\"><a href=\"https:\/\/cieh-chre.org\/doposlednjeg\/wp-content\/uploads\/sites\/8\/2019\/02\/MG_1619.jpg\" data-attachment-id=\"261\" class=\"fg-thumb\"><span class=\"fg-image-wrap\"><img width=\"1658\" height=\"1207\" class=\"skip-lazy fg-image\" data-src-fg=\"https:\/\/cieh-chre.org\/doposlednjeg\/wp-content\/uploads\/sites\/8\/2019\/02\/MG_1619.jpg\" data-srcset-fg=\"https:\/\/cieh-chre.org\/doposlednjeg\/wp-content\/uploads\/sites\/8\/2019\/02\/MG_1619.jpg 2x,https:\/\/cieh-chre.org\/doposlednjeg\/wp-content\/uploads\/sites\/8\/2019\/02\/MG_1619.jpg 3x,https:\/\/cieh-chre.org\/doposlednjeg\/wp-content\/uploads\/sites\/8\/2019\/02\/MG_1619.jpg 4x\" src=\"data:image\/svg+xml,%3Csvg%20xmlns%3D%22http%3A%2F%2Fwww.w3.org%2F2000%2Fsvg%22%20width%3D%221658%22%20height%3D%221207%22%20viewBox%3D%220%200%201658%201207%22%3E%3C%2Fsvg%3E\"><\/span><span class=\"fg-image-overlay\"><\/span><\/a><figcaption class=\"fg-caption\"><div class=\"fg-caption-inner\"><\/div><\/figcaption><\/figure><div class=\"fg-loader\"><\/div><\/div><div class=\"fg-item fg-type-image fg-idle\"><figure class=\"fg-item-inner\"><a href=\"https:\/\/cieh-chre.org\/doposlednjeg\/wp-content\/uploads\/sites\/8\/2019\/02\/MG_1613.jpg\" data-caption-desc=\"Zapisnik o saslu\u0161anju Rozenberg Anite\n\nIAB UGB SP IV -  k 234\" data-attachment-id=\"262\" class=\"fg-thumb\"><span class=\"fg-image-wrap\"><img width=\"1314\" height=\"2084\" class=\"skip-lazy fg-image\" data-src-fg=\"https:\/\/cieh-chre.org\/doposlednjeg\/wp-content\/uploads\/sites\/8\/2019\/02\/MG_1613.jpg\" data-srcset-fg=\"https:\/\/cieh-chre.org\/doposlednjeg\/wp-content\/uploads\/sites\/8\/2019\/02\/MG_1613.jpg 2x,https:\/\/cieh-chre.org\/doposlednjeg\/wp-content\/uploads\/sites\/8\/2019\/02\/MG_1613.jpg 3x,https:\/\/cieh-chre.org\/doposlednjeg\/wp-content\/uploads\/sites\/8\/2019\/02\/MG_1613.jpg 4x\" src=\"data:image\/svg+xml,%3Csvg%20xmlns%3D%22http%3A%2F%2Fwww.w3.org%2F2000%2Fsvg%22%20width%3D%221314%22%20height%3D%222084%22%20viewBox%3D%220%200%201314%202084%22%3E%3C%2Fsvg%3E\"><\/span><span class=\"fg-image-overlay\"><\/span><\/a><figcaption class=\"fg-caption\"><div class=\"fg-caption-inner\"><div class=\"fg-caption-desc\">Zapisnik o saslu\u0161anju Rozenberg Anite\n\nIAB UGB SP IV -  k 234<\/div><\/div><\/figcaption><\/figure><div class=\"fg-loader\"><\/div><\/div><div class=\"fg-item fg-type-image fg-idle\"><figure class=\"fg-item-inner\"><a href=\"https:\/\/cieh-chre.org\/doposlednjeg\/wp-content\/uploads\/sites\/8\/2019\/02\/MG_1614.jpg\" data-caption-desc=\"Zapisnik o saslu\u0161anju Rozenberg Anite\n\nIAB UGB SP IV -  k 234\" data-attachment-id=\"263\" class=\"fg-thumb\"><span class=\"fg-image-wrap\"><img width=\"1303\" height=\"2084\" class=\"skip-lazy fg-image\" data-src-fg=\"https:\/\/cieh-chre.org\/doposlednjeg\/wp-content\/uploads\/sites\/8\/2019\/02\/MG_1614.jpg\" data-srcset-fg=\"https:\/\/cieh-chre.org\/doposlednjeg\/wp-content\/uploads\/sites\/8\/2019\/02\/MG_1614.jpg 2x,https:\/\/cieh-chre.org\/doposlednjeg\/wp-content\/uploads\/sites\/8\/2019\/02\/MG_1614.jpg 3x,https:\/\/cieh-chre.org\/doposlednjeg\/wp-content\/uploads\/sites\/8\/2019\/02\/MG_1614.jpg 4x\" src=\"data:image\/svg+xml,%3Csvg%20xmlns%3D%22http%3A%2F%2Fwww.w3.org%2F2000%2Fsvg%22%20width%3D%221303%22%20height%3D%222084%22%20viewBox%3D%220%200%201303%202084%22%3E%3C%2Fsvg%3E\"><\/span><span class=\"fg-image-overlay\"><\/span><\/a><figcaption class=\"fg-caption\"><div class=\"fg-caption-inner\"><div class=\"fg-caption-desc\">Zapisnik o saslu\u0161anju Rozenberg Anite\n\nIAB UGB SP IV -  k 234<\/div><\/div><\/figcaption><\/figure><div class=\"fg-loader\"><\/div><\/div><\/div>\r\n<\/div><\/div><div id=\"pgc-68-0-1\"  class=\"panel-grid-cell\" ><div id=\"panel-68-0-1-0\" class=\"so-panel widget widget_sow-button panel-first-child\" data-index=\"1\" ><div class=\"so-widget-sow-button so-widget-sow-button-flat-f9ef2d797013-68\"><div class=\"ow-button-base ow-button-align-left\">\n\t<a href=\"https:\/\/geogis.org\/mapesvedocenja\/#19\/44.81670\/20.46073\" class=\"ow-icon-placement-left ow-button-hover\" target=\"_blank\" rel=\"noopener noreferrer\" \t\t>\n\t\t<span>\n\t\t\t<span class=\"sow-icon-fontawesome sow-far\" data-sow-icon=\"&#xf2bb;\"\n\t\t ><\/span>\n\t\t\tLokacija na mapi\t\t<\/span>\n\t<\/a>\n<\/div>\n<\/div><\/div><div id=\"panel-68-0-1-1\" class=\"so-panel widget widget_sow-editor panel-last-child\" data-index=\"2\" ><div class=\"so-widget-sow-editor so-widget-sow-editor-base\"><h3 class=\"widget-title\">Transkript zapisnika o isle\u0111ivanju Rozenberg Anite<\/h3>\n<div class=\"siteorigin-widget-tinymce textwidget\">\n\t<hr \/>\n<p style=\"text-align: right;\">Ra\u0111eno 9 avgusta 1942 godine<br \/> u Odeljenju specijalne policije U.g. B.<\/p>\n<p style=\"text-align: center;\">Z\u00a0 A\u00a0 P\u00a0 I\u00a0 S\u00a0 N\u00a0 I\u00a0 K<\/p>\n<p>o saslu\u0161anju Rozenberg Anite, vaspita\u010dice dece iz Beograda, sa stanom u Njegspegoj ul. br. Va, kod Ivana Mar\u0161aleka.<\/p>\n<p style=\"text-align: center;\">I<\/p>\n<p>Zovem se Anita Rozenberg, ro\u0111ena sam 21 septembra 1924 godine u Beogradu od oca Aleksandra i majke Jelene, ro\u0111. Levi, jevrejka, mojsijeve vere, neudata, neosu\u0111ivana, policiski neka\u017enjavana. Fizi\u010dki i du\u0161evno zdrava.<\/p>\n<p style=\"text-align: center;\">II<\/p>\n<p>8 decembra pro\u0161le godine napustila sam roditeljski dom u Gorni\u010devskoj ul. 7, po\u0161to su toga dana vlasti po\u010dele da hapse i sprovode u koncentracione logore jevrejke i jevrejsku decu. U prvo vreme skrivala sam se po raznim gra\u0111evinama, ve\u0107inom u gra\u0111evini VI mu\u0161ke gimnazije, kod Gralske bolnice na Bulbulderu, a zatim na jednoj gra\u0111evini u blizini \u0161kole na \u010cukarici. Tokom meseca marta srela sam se u Beogradu sa Martom Fruhter tako\u0111e jevrejkom, koju poznajem sa rada u fabrici moga oca u Gorni\u010devskoj ul. br. 5, gde je radila jedno kra\u0107e vreme posle rata. Sa Martom sam u to vreme bila \u010desto zajedno i ve\u0107inom smo se zajsdno skrivale, obi\u010dno u kanalizacionim cevima u Ko\u0161utnjaku. U toku dru\u017eenja sa Martom \u010desto smo razgovarale na koji bi na\u010din mogle da do\u0111emo do urednih isprava te da ne moramo da se krijemo od vlasti. Tako\u0111e Marti palo na pamet la bi mogle da pre\u0111emo u neku hri\u0161\u0107ansku veru i da pomo\u0107u kr\u0161tenica izdejstvujemo li\u010dne isprave na arijevska imena. Tako smo oti\u0161le u \u017eupni ured katoli\u010dke crkve na \u010cukarici i obratili se \u017eupniku Andreju Tumpeju da nas prevede u rimo-katoli\u010dku veru. Me\u0111utim, \u017eupnik to nije hteo da u\u010dini, po\u0161to je to zabranjeno od strane vlasti. Po\u0161to nismo imale drugog izgleda, mi smo kroz nekoliko dana ponovo otke\u0161le \u017eupniku, ali nas je on opet odbio. Tada smo ga zamolile da nam na bilo koji na\u010din pomogne i on je obe\u0107ao da \u0107e potra\u017eiti neku mogu\u0107nost, a istovremeno nam je dao 100 dinara na ime pomo\u0107i. Kada smo slede\u0107i put do\u0161le kod \u017eupnika Tumpeja, u razgovogu smo pomenule i mogu\u0107nost da nam se izdadu la\u017ene izbegli\u010dke legitimacije i on je zatra\u017eio od nas po jednu fotografiju kako bi poku\u0161ao ne\u0161to sa te strane. Kada smo kroz nedelju dana do\u0161li hupniku, ovaj nam je dao po jednu izbegli\u010dku legitimaciju, i to meni na ime \"Branka Markovi\u0107\" a Marti na ime \"Jelica Stojanovi\u0107\u201c, kao \u0161to smo se na prethodnonm sastanku dogovorili. \u017dupnik Tumpej nije od nas zahtevao nikakvu nagradu za u\u010dinjenu uslugu oko dobijanja ove legitimaci je, niti smo mu mi sa svoje strane \u0161togod dale.<\/p>\n<p>Po\u0161to smo dobile izbegli\u010dke legitimacije na arijevska imena, Jelica je jednog dana otputovala bez putne objave u Zabre\u017eje i otuda se vratgla sa objavom Op\u0161tinske uprave, na osnovu koje je ovde dobila prijavnu listu u kvartu i kasnije se uposlila. Vide\u0107i, da se na ovaj na\u010din mos\u017ee re\u0161iti pitanje prijave stana u Beogradu, i ja sam 18 maja ove godine otputovala u Zabre\u017eje, gde sam u Op\u0161tinskoj upravi pretstavila kako sam iz Beograda deoputovala bez putne objave jer sam se \u017eurila na put, a da bi mi povratak bio nemogu\u0107 bez putne objave, te sam molila da mi Op\u0161tinska uprava izda putnu objavu. Op\u0161tinska uprava mi je putnu objavu izdala, a ja sam se istovremeno prijavila sa stanom u Zabre\u017eju. 19 maja ponovo sam otputovala u Zabre\u017eje, jer sam imala objavu koja je va\u017eila i za povratak, pa sam opet uzela novu putnu objavu, jer je staroj objavi istekla va\u017enost. Sa tom objavom do\u0161la sam u Beograd, gde sam na\u0161la uposlenje kod Ivana Mar\u0161aleka u Njego\u0161evoj ul. br. 28a, kao vaspita\u010dica njegovog deteta. Kasnije sam na osnovu izbegli\u010dke legitimacije i odobrenja za boravak dobila i li\u010dnu kartu u odseku za li\u010dne karte U.g.B., tako\u0111e na ime \"Branka Markovi\u0107\". |<br \/> To je sve \u0161to imam da ka\u017eem o svom radu od dana kada sam pre\u0161la u ilegalnost pa do hap\u0161enja. Dodajem, da sam na ovo bila prinu\u0111ena iz straha od hap\u0161enja i stavljanja u logor i da me ni\u0161ta drugo nije rukovodilo da pre\u0111em u ilegalnost. Za sve vreme svoga ilegalnog stanovanja, kao i pre toga, nisam imala nikakve veze sa komunisti\u010dkom organizacijom u Beogradu ili nekom drugom mestu, niti mi je poznato bilo koje lice da je komunisti\u010dki orijentisano. Ja li\u010dno nisam nskada bila pristalica komunisti\u010dkih na\u010dela niti sam bila \u010dlanma koje ilegalne organizacije .<br \/> Ispit mi je pro\u010ditan i moje su re\u010di verno zapisane.<\/p>\n<p>Potpis: Rozenberg Anita<\/p>\n<p>Pe\u010dat: Po naredbi \u0161efa odeljenja specijalne policije \u0160tab IV otseka polic. komande<br \/> Saslu\u0161ao i overava: Be\u0107arevi\u0107<\/p>\n<hr \/>\n<p>\u00a0<\/p>\n<\/div>\n<\/div><\/div><\/div><\/div><div id=\"pg-68-1\"  class=\"panel-grid panel-no-style\" ><div id=\"pgc-68-1-0\"  class=\"panel-grid-cell\" ><div id=\"panel-68-1-0-0\" class=\"so-panel widget widget_sow-editor panel-first-child\" data-index=\"3\" ><div class=\"so-widget-sow-editor so-widget-sow-editor-base\"><h3 class=\"widget-title\">Projekat su podr\u017eali<\/h3>\n<div class=\"siteorigin-widget-tinymce textwidget\">\n\t<hr \/>\n<p style=\"text-align: center;\">Projekat je realizovan sredstvima iz prvog ciklusa finansiranja programa iz oblasti nauke, kulture i obrazovanja Saveza jevrejskih op\u0161tina Srbije, vezanih za Holokaust u Srbiji, podr\u017eanih sredstvima Republike Srbije na osnovu Zakona o otklanjanju posledica oduzimanja imovine \u017ertava Holokausta bez \u017eivih zakonskih naslednika. Dodatna sredstva obezbe\u0111ena su ljubazno\u0161\u0107u Westbury group. Tehnolo\u0161ki partner: GDI Solutions d.o.o.<\/p>\n<\/div>\n<\/div><\/div><div id=\"panel-68-1-0-1\" class=\"so-panel widget widget_sow-editor\" data-index=\"4\" ><div class=\"so-widget-sow-editor so-widget-sow-editor-base\">\n<div class=\"siteorigin-widget-tinymce textwidget\">\n\t<hr \/>\n<div class=\"foogallery foogallery-container foogallery-default foogallery-lightbox-foobox fg-gutter-10 fg-center fg-default fg-light fg-loaded-fade-in fg-hover-fade fg-ready\" id=\"foogallery-gallery-485\" data-foogallery=\"{&quot;item&quot;:{&quot;showCaptionTitle&quot;:false,&quot;showCaptionDescription&quot;:false},&quot;lazy&quot;:true}\" >\r\n\t<div class=\"fg-item fg-type-image fg-idle\"><figure class=\"fg-item-inner\"><a href=\"http:\/\/cieh-chre.org\/\" data-attachment-id=\"481\" class=\"fg-thumb\"><span class=\"fg-image-wrap\"><img height=\"60\" width=\"101\" class=\"skip-lazy fg-image\" data-src-fg=\"https:\/\/cieh-chre.org\/doposlednjeg\/wp-content\/uploads\/sites\/8\/cache\/2019\/03\/CHRE-logo-reconstruct-pg4-5-lat-2-e1552014023403\/235735445.png\" src=\"data:image\/svg+xml,%3Csvg%20xmlns%3D%22http%3A%2F%2Fwww.w3.org%2F2000%2Fsvg%22%20width%3D%22101%22%20height%3D%2260%22%20viewBox%3D%220%200%20101%2060%22%3E%3C%2Fsvg%3E\"><\/span><span class=\"fg-image-overlay\"><\/span><\/a><figcaption class=\"fg-caption\"><div class=\"fg-caption-inner\"><\/div><\/figcaption><\/figure><div class=\"fg-loader\"><\/div><\/div><div class=\"fg-item fg-type-image fg-idle\"><figure class=\"fg-item-inner\"><a href=\"http:\/\/www.mfin.gov.rs\/\" target=\"_blank\" data-attachment-id=\"524\" class=\"fg-thumb\"><span class=\"fg-image-wrap\"><img height=\"60\" width=\"170\" class=\"skip-lazy fg-image\" data-src-fg=\"https:\/\/cieh-chre.org\/doposlednjeg\/wp-content\/uploads\/sites\/8\/cache\/2019\/03\/RS-min-fin-e1552044420166\/4181945008.png\" src=\"data:image\/svg+xml,%3Csvg%20xmlns%3D%22http%3A%2F%2Fwww.w3.org%2F2000%2Fsvg%22%20width%3D%22170%22%20height%3D%2260%22%20viewBox%3D%220%200%20170%2060%22%3E%3C%2Fsvg%3E\"><\/span><span class=\"fg-image-overlay\"><\/span><\/a><figcaption class=\"fg-caption\"><div class=\"fg-caption-inner\"><\/div><\/figcaption><\/figure><div class=\"fg-loader\"><\/div><\/div><div class=\"fg-item fg-type-image fg-idle\"><figure class=\"fg-item-inner\"><a href=\"http:\/\/www.savezjos.org\/\" target=\"_blank\" data-caption-desc=\"&lt;a href=&quot;http:\/\/www.savezjos.org\/&quot; rel=&quot;noopener&quot; target=&quot;_blank&quot;&gt;&lt;\/a&gt;\" data-attachment-id=\"521\" class=\"fg-thumb\"><span class=\"fg-image-wrap\"><img height=\"60\" width=\"182\" class=\"skip-lazy fg-image\" data-src-fg=\"https:\/\/cieh-chre.org\/doposlednjeg\/wp-content\/uploads\/sites\/8\/cache\/2019\/03\/sjos-siv-e1552040012356\/780951359.jpg\" src=\"data:image\/svg+xml,%3Csvg%20xmlns%3D%22http%3A%2F%2Fwww.w3.org%2F2000%2Fsvg%22%20width%3D%22182%22%20height%3D%2260%22%20viewBox%3D%220%200%20182%2060%22%3E%3C%2Fsvg%3E\"><\/span><span class=\"fg-image-overlay\"><\/span><\/a><figcaption class=\"fg-caption\"><div class=\"fg-caption-inner\"><\/div><\/figcaption><\/figure><div class=\"fg-loader\"><\/div><\/div><div class=\"fg-item fg-type-image fg-idle\"><figure class=\"fg-item-inner\"><a href=\"http:\/\/westburyeurope.org\/\" target=\"_blank\" data-caption-desc=\"&lt;a href=&quot;http:\/\/westburyeurope.org\/&quot; rel=&quot;noopener&quot; target=&quot;_blank&quot;&gt;&lt;\/a&gt;\" data-attachment-id=\"484\" class=\"fg-thumb\"><span class=\"fg-image-wrap\"><img height=\"60\" width=\"287\" class=\"skip-lazy fg-image\" data-src-fg=\"https:\/\/cieh-chre.org\/doposlednjeg\/wp-content\/uploads\/sites\/8\/cache\/2019\/03\/westbury-450-e1552014096489\/1505565951.png\" src=\"data:image\/svg+xml,%3Csvg%20xmlns%3D%22http%3A%2F%2Fwww.w3.org%2F2000%2Fsvg%22%20width%3D%22287%22%20height%3D%2260%22%20viewBox%3D%220%200%20287%2060%22%3E%3C%2Fsvg%3E\"><\/span><span class=\"fg-image-overlay\"><\/span><\/a><figcaption class=\"fg-caption\"><div class=\"fg-caption-inner\"><\/div><\/figcaption><\/figure><div class=\"fg-loader\"><\/div><\/div><div class=\"fg-item fg-type-image fg-idle\"><figure class=\"fg-item-inner\"><a href=\"https:\/\/www.geogis.org\/index.html\" target=\"_blank\" data-attachment-id=\"726\" class=\"fg-thumb\"><span class=\"fg-image-wrap\"><img height=\"60\" width=\"60\" class=\"skip-lazy fg-image\" data-src-fg=\"https:\/\/cieh-chre.org\/doposlednjeg\/wp-content\/uploads\/sites\/8\/cache\/2021\/07\/logo-light-bg\/1658304011.png\" src=\"data:image\/svg+xml,%3Csvg%20xmlns%3D%22http%3A%2F%2Fwww.w3.org%2F2000%2Fsvg%22%20width%3D%2260%22%20height%3D%2260%22%20viewBox%3D%220%200%2060%2060%22%3E%3C%2Fsvg%3E\"><\/span><span class=\"fg-image-overlay\"><\/span><\/a><figcaption class=\"fg-caption\"><div class=\"fg-caption-inner\"><\/div><\/figcaption><\/figure><div class=\"fg-loader\"><\/div><\/div><div class=\"fg-item fg-type-image fg-idle\"><figure class=\"fg-item-inner\"><a href=\"https:\/\/www.teamcad.rs\/index.php\/srb\/\" target=\"_blank\" data-attachment-id=\"725\" class=\"fg-thumb\"><span class=\"fg-image-wrap\"><img height=\"60\" width=\"154\" class=\"skip-lazy fg-image\" data-src-fg=\"https:\/\/cieh-chre.org\/doposlednjeg\/wp-content\/uploads\/sites\/8\/2021\/07\/LOGO_TeamCAD_logo.png\" src=\"data:image\/svg+xml,%3Csvg%20xmlns%3D%22http%3A%2F%2Fwww.w3.org%2F2000%2Fsvg%22%20width%3D%22154%22%20height%3D%2260%22%20viewBox%3D%220%200%20154%2060%22%3E%3C%2Fsvg%3E\"><\/span><span class=\"fg-image-overlay\"><\/span><\/a><figcaption class=\"fg-caption\"><div class=\"fg-caption-inner\"><\/div><\/figcaption><\/figure><div class=\"fg-loader\"><\/div><\/div><\/div>\r\n\n<\/div>\n<\/div><\/div><div id=\"panel-68-1-0-2\" class=\"so-panel widget widget_sow-editor panel-last-child\" data-index=\"5\" ><div class=\"so-widget-sow-editor so-widget-sow-editor-base\">\n<div class=\"siteorigin-widget-tinymce textwidget\">\n\t<hr \/>\n<p style=\"text-align: center;\"><span style=\"color: #003366;\">Kontakt: Centar za istra\u017eivanje i edukaciju\u00a0o Holokaustu - CIEH, <\/span><span style=\"color: #003366;\">tel: <span style=\"color: #993300;\">+38163247856<\/span>, e-mail: <span style=\"color: #993300;\"><a style=\"color: #993300;\" href=\"mailto:\/\/cieh1chre@gmail.com\" target=\"_blank\" rel=\"noopener noreferrer\">cieh1chre@gmail.com<\/a><\/span> web: <span style=\"color: #993300;\"><a style=\"color: #993300;\" href=\"www.cieh-chre.org\" target=\"_blank\" rel=\"noopener noreferrer\">www.cieh-chre.org<\/a><\/span><\/span><\/p>\n<hr \/>\n<\/div>\n<\/div><\/div><\/div><\/div><\/div>","protected":false},"excerpt":{"rendered":"<p>Ra\u0111eno 9 avgusta 1942 godine u Odeljenju specijalne policije U.g. B.Z\u00a0 A\u00a0 P\u00a0 I\u00a0 S\u00a0 N\u00a0 I\u00a0 Ko saslu\u0161anju Rozenberg Anite, vaspita\u010dice dece iz Beograda, sa stanom u Njegspegoj ul. br. Va, kod Ivana Mar\u0161aleka.IZovem se Anita Rozenberg, ro\u0111ena sam 21 septembra 1924 godine u Beogradu od oca Aleksandra i majke Jelene, ro\u0111. Levi, jevrejka, [&hellip;]<\/p>\n","protected":false},"author":2,"featured_media":0,"parent":0,"menu_order":0,"comment_status":"closed","ping_status":"closed","template":"","meta":[],"acf":[],"wps_subtitle":"","_links":{"self":[{"href":"https:\/\/cieh-chre.org\/doposlednjeg\/wp-json\/wp\/v2\/pages\/68"}],"collection":[{"href":"https:\/\/cieh-chre.org\/doposlednjeg\/wp-json\/wp\/v2\/pages"}],"about":[{"href":"https:\/\/cieh-chre.org\/doposlednjeg\/wp-json\/wp\/v2\/types\/page"}],"author":[{"embeddable":true,"href":"https:\/\/cieh-chre.org\/doposlednjeg\/wp-json\/wp\/v2\/users\/2"}],"replies":[{"embeddable":true,"href":"https:\/\/cieh-chre.org\/doposlednjeg\/wp-json\/wp\/v2\/comments?post=68"}],"version-history":[{"count":14,"href":"https:\/\/cieh-chre.org\/doposlednjeg\/wp-json\/wp\/v2\/pages\/68\/revisions"}],"predecessor-version":[{"id":712,"href":"https:\/\/cieh-chre.org\/doposlednjeg\/wp-json\/wp\/v2\/pages\/68\/revisions\/712"}],"wp:attachment":[{"href":"https:\/\/cieh-chre.org\/doposlednjeg\/wp-json\/wp\/v2\/media?parent=68"}],"curies":[{"name":"wp","href":"https:\/\/api.w.org\/{rel}","templated":true}]}}