{"id":148,"date":"2016-11-10T12:23:21","date_gmt":"2016-11-10T11:23:21","guid":{"rendered":"http:\/\/cieh-chre.org\/en\/?page_id=148"},"modified":"2019-06-17T13:29:43","modified_gmt":"2019-06-17T11:29:43","slug":"hp","status":"publish","type":"page","link":"https:\/\/cieh-chre.org\/en\/","title":{"rendered":"hp"},"content":{"rendered":"<div id=\"pl-148\"  class=\"panel-layout\" ><div id=\"pg-148-0\"  class=\"panel-grid panel-no-style\" ><div id=\"pgc-148-0-0\"  class=\"panel-grid-cell\" ><div id=\"panel-148-0-0-0\" class=\"so-panel widget widget_sow-editor panel-first-child\" data-index=\"0\" ><div class=\"so-widget-sow-editor so-widget-sow-editor-base\"><h3 class=\"widget-title\">About us<\/h3>\n<div class=\"siteorigin-widget-tinymce textwidget\">\n\t<hr \/>\n<p style=\"text-align: justify;\"><span style=\"font-size: 10pt;\"><span style=\"color: #993300;\">Center for Holocaust Research and Education (CHRE) Founded in late 2014, the center is seeking to actively contribute to the factual interpretation of the Holocaust in Serbia as well as the ways its legacy still influences society in Serbia and the region. The center aims to serve as the platform for independent research of historical sources, encompassing the entire scope of factors influencing the victims\u2019 communities, the German occupation, Serbian state, and society, in all their defining aspects \u2013 economy, military, ideological, religious and cultural. We believe that our primary topics \u2013 the killing sites, forced labor, the pre-war de-legitimization of Jewish and Roma communities, collaborationist government participation in Holocaust, can only become effective educational content, in a way that is relevant for the formation and strengthening of a democratic, civil society, in an engaging, informed, and open environment.<\/span><\/span><\/p>\n<hr \/>\n<\/div>\n<\/div><\/div><div id=\"panel-148-0-0-1\" class=\"so-panel widget widget_sow-editor\" data-index=\"1\" ><div class=\"so-widget-sow-editor so-widget-sow-editor-base\">\n<div class=\"siteorigin-widget-tinymce textwidget\">\n\t<hr \/>\n<h3>\u00a0<a href=\"http:\/\/cieh-chre.org\/untilthelastone\/\"><img loading=\"lazy\" class=\"alignleft wp-image-715 size-full\" src=\"http:\/\/cieh-chre.org\/en\/wp-content\/uploads\/sites\/3\/2019\/06\/until-the-last-one-logo-700.png\" alt=\"\" width=\"700\" height=\"91\" srcset=\"https:\/\/cieh-chre.org\/en\/wp-content\/uploads\/sites\/3\/2019\/06\/until-the-last-one-logo-700.png 700w, https:\/\/cieh-chre.org\/en\/wp-content\/uploads\/sites\/3\/2019\/06\/until-the-last-one-logo-700-500x65.png 500w\" sizes=\"(max-width: 700px) 100vw, 700px\" \/><\/a><\/h3>\n<p><span style=\"font-size: 10pt;\">On the site of the project\u00a0<\/span><span style=\"font-size: 10pt;\"><span style=\"color: #993300;\"><a style=\"color: #993300;\" href=\"http:\/\/cieh-chre.org\/untilthelastone\/\" target=\"_blank\" rel=\"noopener noreferrer\">Until the last one. Quisling authorities and the Holocaust victims in occupied Serbia<\/a>\u00a0<\/span><\/span><span style=\"font-size: 10pt;\">you can access a collection of primary historical resources systematized for use in research and education. The site contains: A database of persons brought in for questioning on the grounds of the Jewish origin or connected to the Jews, a selection of records of interrogations and the related documents of the special police and other parts of the collaborative and occupying apparatus, as well as the map of the city of Belgrade to the victims' locations mentioned in the records. An <span style=\"color: #993300;\"><a style=\"color: #993300;\" href=\"https:\/\/cloud.gdi.net\/visios\/holokaustusrbiji\" target=\"_blank\" rel=\"noopener noreferrer\">interactive map<\/a><\/span> offers the possibility of a comparative analysis of the city's pre-war and modern city planes, airborne photographs of the war period and satellite images. This geo-information system, on the platform of technology partner\u00a0<span style=\"color: #993300;\"><a style=\"color: #993300;\" href=\"https:\/\/gdi.net\/\">GDI Solutions d.o.o.<\/a><\/span>,\u00a0is the basis for further work on the geographical display of the history of the Jewish community before the war, the phase of its destruction during the Holocaust, and post-war reconstruction and status of sites of historical importance.\u00a0<\/span><span style=\"font-size: 10pt;\">The \"Map of the living\" is constantly being updated,\u00a0and\u00a0CHRE is calling upon the of the victims' descendants and communities, historians and archives to contribute the documents containing the names and addresses of residence and\/or hiding of victims and survivors. <span style=\"color: #993300;\"><a style=\"color: #993300;\" href=\"http:\/\/cieh-chre.org\/untilthelastone\/\" target=\"_blank\" rel=\"noopener noreferrer\">Project site &gt;&gt;&gt;<\/a><\/span><\/span><\/p>\n<hr \/>\n<\/div>\n<\/div><\/div><div id=\"panel-148-0-0-2\" class=\"so-panel widget widget_sow-editor\" data-index=\"2\" ><div class=\"panel-widget-style panel-widget-style-for-148-0-0-2\" ><div class=\"so-widget-sow-editor so-widget-sow-editor-base\">\n<div class=\"siteorigin-widget-tinymce textwidget\">\n\t<hr \/>\n<p style=\"text-align: justify;\"><span style=\"font-size: 10pt;\"><a href=\"http:\/\/cieh-chre.org\/porajmosinserbia\/\" target=\"_blank\" rel=\"noopener noreferrer\"><img loading=\"lazy\" class=\"alignleft wp-image-2078 size-full\" src=\"http:\/\/cieh-chre.org\/porajmosinserbia\/wp-content\/uploads\/sites\/7\/2018\/12\/porajmos-projekt-logo-en-s.png\" alt=\"\" width=\"350\" height=\"185\" \/><\/a><\/span><\/p>\n<p style=\"text-align: justify;\"><span style=\"font-size: 10pt;\"><em><span style=\"color: #993300;\">\"Porajmos in Serbia - mapping the past, changing the present\"<\/span><\/em> is a project on the legacy of genocide committed against the Roma in Serbia during the occupation and the collaborationist government of Milan Nedi\u0107. The project goal is the establishment of the basic facts on the Porajmos in Serbia, with distribution adapted to all segments of the education system, in Roma and Serbian, with online content available in English as well. <span style=\"color: #993300;\"><a style=\"color: #993300;\" href=\"http:\/\/cieh-chre.org\/porajmosinserbia\/\">&gt;&gt;&gt;<\/a>\u00a0<\/span><\/span><\/p>\n<hr \/>\n<\/div>\n<\/div><\/div><\/div><div id=\"panel-148-0-0-3\" class=\"so-panel widget widget_sow-editor\" data-index=\"3\" ><div class=\"so-widget-sow-editor so-widget-sow-editor-base\">\n<div class=\"siteorigin-widget-tinymce textwidget\">\n\t<hr \/>\n<p><a href=\"http:\/\/cieh-chre.org\/forcedlabourinserbia-en\"><img loading=\"lazy\" class=\"alignleft size-full wp-image-432\" src=\"http:\/\/cieh-chre.org\/en\/wp-content\/uploads\/sites\/3\/2015\/04\/FL-e-logo.png\" alt=\"\" width=\"374\" height=\"145\" \/><\/a><\/p>\n<p style=\"text-align: justify;\"><span style=\"font-size: 10pt;\">The project <span style=\"color: #993300;\"><em>Producers, Consumers and Consequences of Forced Labour - Serbia 1941 - 1944<\/em><\/span>, implemented by the Centre for Holocaust Research and Education, Belgrade and the Humboldt-University, Berlin, and funded by the Foundation Erinnerung, Verantwortung, Zukunft (EVZ), Berlin, aims to shed light on the most important aspects of Forced Labour\u00a0in Serbia during the period 1941-1944, when Serbia was both the supplier and the consumer of forced labour. The project team is striving to find the relevant points of causality and references connecting the project subject and the contemporary socio-economic situation in Serbia.\u00a0\u00a0<span style=\"color: #993300;\"><a style=\"color: #993300;\" href=\"http:\/\/cieh-chre.org\/forcedlabourinserbia-en\">&gt;&gt;&gt;<\/a><\/span>\u00a0\u00a0<\/span><\/p>\n<hr \/>\n<\/div>\n<\/div><\/div><div id=\"panel-148-0-0-4\" class=\"so-panel widget widget_sow-editor panel-last-child\" data-index=\"4\" ><div class=\"panel-widget-style panel-widget-style-for-148-0-0-4\" ><div class=\"so-widget-sow-editor so-widget-sow-editor-base\">\n<div class=\"siteorigin-widget-tinymce textwidget\">\n\t<hr \/>\n<p><a href=\"http:\/\/cieh-chre.org\/mesta-stradanja\" target=\"_blank\" rel=\"noopener noreferrer\"><img loading=\"lazy\" class=\"alignleft wp-image-484\" src=\"http:\/\/cieh-chre.org\/wp-content\/uploads\/2016\/11\/mesta-stradanja-logo-350.png\" alt=\"\" width=\"350\" height=\"120\" \/><\/a><\/p>\n<p style=\"text-align: justify;\"><span style=\"font-size: 10pt;\">The onset of the Holocaust in Serbia and Croatia is not a\u00a0sufficiently researched period. Its causes and methods of implementation demand additional understanding and historical explanation, but also, the common need to be reminded of the tragedies in order to prevent their repetition. By the acquiring the information and spreading the consciousness\u00a0and knowledge on the importance of the preservation of historical memory,\u00a0we intend to contribute to wider Holocaust education, as well as the acknowledgment and education on the genocide of the Roma\u00a0<span style=\"color: #993300;\"><a style=\"color: #993300;\" href=\"http:\/\/killingsites.org\/\" target=\"_blank\" rel=\"noopener noreferrer\">&gt;&gt;&gt;<\/a><\/span><strong><span style=\"color: #993300;\">\u00a0\u00a0<\/span><\/strong><\/span><\/p>\n<hr \/>\n<\/div>\n<\/div><\/div><\/div><\/div><\/div><div id=\"pg-148-1\"  class=\"panel-grid panel-no-style\" ><div id=\"pgc-148-1-0\"  class=\"panel-grid-cell\" ><div id=\"panel-148-1-0-0\" class=\"so-panel widget widget_sow-editor panel-first-child panel-last-child\" data-index=\"5\" ><div class=\"panel-widget-style panel-widget-style-for-148-1-0-0\" ><div class=\"so-widget-sow-editor so-widget-sow-editor-base\">\n<div class=\"siteorigin-widget-tinymce textwidget\">\n\t<hr \/>\n<p style=\"text-align: justify;\"><a href=\"http:\/\/cieh-chre.org\/porajmosinserbia\/publikacija\/\"><img loading=\"lazy\" class=\"wp-image-511 aligncenter\" src=\"http:\/\/cieh-chre.org\/en\/wp-content\/uploads\/sites\/3\/2018\/07\/Dzanes-ko-sem-EN-WEB-S5.jpg\" alt=\"\" width=\"324\" height=\"450\" \/><\/a><span style=\"font-size: 10pt;\"><em><span style=\"color: #993300;\">\u00a0<\/span><\/em><\/span><\/p>\n<p style=\"text-align: justify;\"><span style=\"font-size: 10pt; color: #003366;\"><em><span style=\"color: #993300;\"><strong>D\u017eanes ko sem?\u00a0<\/strong>(Do you know who I am?)<\/span> <span style=\"color: #993300;\">Educational materials about the genocide against the Roma during World War II and Antigypsyism in Serbia<\/span><\/em> <span style=\"color: #000000;\">- has been published in English and is available for download <span style=\"color: #993300;\"><a style=\"color: #993300;\" href=\"http:\/\/cieh-chre.org\/porajmosinserbia\/publikacija\/\">here<\/a><\/span>\u00a0 The print edition of the publication has been published in Serbian, with Roma also available. The publication is part of the project\u00a0<\/span><\/span><span style=\"font-size: 10pt;\"><em><span style=\"color: #993300;\">\"Porajmos in Serbia - mapping the past, changing the present\",<\/span><\/em>\u00a0a project on the legacy of genocide committed against the Roma in Serbia during the occupation and the collaborationist government of Milan Nedi\u0107. The project goal is the establishment of the basic facts on the Porajmos in Serbia, with distribution adapted to all segments of the education system, in Roma and Serbian, with online content available in English as well. <span style=\"color: #993300;\"><a style=\"color: #993300;\" href=\"http:\/\/cieh-chre.org\/porajmosinserbia\/publikacija\/\">&gt;&gt;&gt;<\/a>\u00a0<\/span><\/span><\/p>\n<hr \/>\n<\/div>\n<\/div><\/div><\/div><\/div><div id=\"pgc-148-1-1\"  class=\"panel-grid-cell\" ><div id=\"panel-148-1-1-0\" class=\"so-panel widget widget_sow-editor panel-first-child panel-last-child\" data-index=\"6\" ><div class=\"panel-widget-style panel-widget-style-for-148-1-1-0\" ><div class=\"so-widget-sow-editor so-widget-sow-editor-base\">\n<div class=\"siteorigin-widget-tinymce textwidget\">\n\t<hr \/>\n<p><a href=\"http:\/\/cieh-chre.org\/forcedlabourinserbia-en\/historical-publication\/\" target=\"_blank\" rel=\"noopener noreferrer\"><img loading=\"lazy\" class=\"wp-image-628 aligncenter\" src=\"http:\/\/cieh-chre.org\/en\/wp-content\/uploads\/sites\/3\/2018\/09\/Collection-EN-WEB-ISBN-3-COVER.jpg\" alt=\"\" width=\"420\" height=\"568\" srcset=\"https:\/\/cieh-chre.org\/en\/wp-content\/uploads\/sites\/3\/2018\/09\/Collection-EN-WEB-ISBN-3-COVER.jpg 600w, https:\/\/cieh-chre.org\/en\/wp-content\/uploads\/sites\/3\/2018\/09\/Collection-EN-WEB-ISBN-3-COVER-369x500.jpg 369w\" sizes=\"(max-width: 420px) 100vw, 420px\" \/><\/a><\/p>\n<p>\u00a0<\/p>\n<p><span style=\"font-size: 10pt; color: #993300;\"><strong><em>Forced Labour in Serbia<\/em><\/strong><\/span><br \/> <span style=\"font-size: 10pt; color: #993300;\"><em>Producers, Consumers, and Consequences of Forced Labour 1941-1944.<\/em><\/span><\/p>\n<p style=\"text-align: justify;\"><span style=\"font-size: 10pt;\">is a historiographic publication on\u00a0forced labour<\/span><span style=\"font-size: 10pt;\">\u00a0in Serbia during the World War Two produced by CHRE in cooperation with the Humboldt University Berlin, and kindly supported by the \"Remembrance, Responsibility and Future\u201c Foundation. This collection presents papers by seven authors on subjects ranging from the role of forced labour in the Holocaust, the aspects of forced labour in occupying National-socialist and Serbian collaborationist economy, the export of forced labourers to the Reich and occupied Norway, through the local use of labour, to the post-war return of labourers to Yugoslavia. <em><strong>Available in print in Serbian and German, web edition in English.<\/strong><\/em> <span style=\"color: #993300;\"><a style=\"color: #993300;\" href=\"http:\/\/cieh-chre.org\/forcedlabourinserbia-en\/historical-publication\/\" target=\"_blank\" rel=\"noopener noreferrer\">&gt;&gt;&gt;<\/a><\/span><\/span><\/p>\n<hr \/>\n<\/div>\n<\/div><\/div><\/div><\/div><\/div><div id=\"pg-148-2\"  class=\"panel-grid panel-no-style\" ><div id=\"pgc-148-2-0\"  class=\"panel-grid-cell\" ><div id=\"panel-148-2-0-0\" class=\"so-panel widget widget_sow-editor panel-first-child\" data-index=\"7\" ><div class=\"so-widget-sow-editor so-widget-sow-editor-base\"><h3 class=\"widget-title\">Book launch<\/h3>\n<div class=\"siteorigin-widget-tinymce textwidget\">\n\t<hr \/>\n<p><a href=\"https:\/\/www.dz-ns-zwangsarbeit.de\" target=\"_blank\" rel=\"noopener noreferrer\"><img loading=\"lazy\" class=\"aligncenter wp-image-558 size-full\" src=\"http:\/\/cieh-chre.org\/en\/wp-content\/uploads\/sites\/3\/2018\/09\/Serbien_engl.jpg\" alt=\"\" width=\"848\" height=\"1200\" srcset=\"https:\/\/cieh-chre.org\/en\/wp-content\/uploads\/sites\/3\/2018\/09\/Serbien_engl.jpg 848w, https:\/\/cieh-chre.org\/en\/wp-content\/uploads\/sites\/3\/2018\/09\/Serbien_engl-353x500.jpg 353w, https:\/\/cieh-chre.org\/en\/wp-content\/uploads\/sites\/3\/2018\/09\/Serbien_engl-768x1087.jpg 768w, https:\/\/cieh-chre.org\/en\/wp-content\/uploads\/sites\/3\/2018\/09\/Serbien_engl-724x1024.jpg 724w, https:\/\/cieh-chre.org\/en\/wp-content\/uploads\/sites\/3\/2018\/09\/Serbien_engl-810x1146.jpg 810w\" sizes=\"(max-width: 848px) 100vw, 848px\" \/><\/a><\/p>\n<\/div>\n<\/div><\/div><div id=\"panel-148-2-0-1\" class=\"so-panel widget widget_sow-editor\" data-index=\"8\" ><div class=\"panel-widget-style panel-widget-style-for-148-2-0-1\" ><div class=\"so-widget-sow-editor so-widget-sow-editor-base\">\n<div class=\"siteorigin-widget-tinymce textwidget\">\n\t<hr \/>\n<p><span style=\"font-size: 10pt;\">Thursday, September <\/span>27<span style=\"font-size: 10pt;\"><sup>th <\/sup>2018, <\/span>7pm<\/p>\n<p><span style=\"font-size: 10pt;\"><em><strong>Forced Labour in Serbia<\/strong><\/em><\/span><\/p>\n<p><span style=\"font-size: 10pt;\"><em>Producers, Consumers, and Consequences of Forced Labour 1941\u20131944<\/em><\/span><\/p>\n<p><span style=\"font-size: 10pt;\">At the:<\/span><\/p>\n<p><span style=\"font-size: 10pt;\"><strong>Nazi Forced Labour Documentation Centre<\/strong><\/span><\/p>\n<p><span style=\"font-size: 10pt;\">Britzer Str. 5 I 12439 Berlin I <a href=\"www.ns-zwangsarbeit.de%20\">www.ns-zwangsarbeit.de<\/a><\/span><\/p>\n<p><span style=\"font-size: 10pt;\">Opening hours: Tue-Su 10am-6pm, Thu 10am-8pm<\/span><\/p>\n<p><span style=\"font-size: 10pt;\"><strong>Welcoming speech: Corinna Jentzsch (Berlin) <\/strong><\/span><\/p>\n<p><span style=\"font-size: 10pt;\">Foundation Erinnerung, Verantwortung und Zukunft<\/span><\/p>\n<p><span style=\"font-size: 10pt;\"><strong>Project presentation: Nikola Radi\u0107 (Belgrade) <\/strong><\/span><\/p>\n<p><span style=\"font-size: 10pt;\">Center for Holocaust Research and Education<\/span><\/p>\n<p><span style=\"font-size: 10pt;\"><strong>Book presentation: Sanela Schmid Ph.D. (N\u00fcrnberg) <\/strong><\/span><\/p>\n<p><span style=\"font-size: 10pt;\">Humboldt-Universit\u00e4t Berlin<\/span><\/p>\n<p><span style=\"font-size: 10pt;\"><strong>Lecture: Milovan Pisarri (Belgrade) <\/strong><\/span><\/p>\n<p><span style=\"font-size: 10pt;\">Historian, Centre for\u00a0Applied History<\/span><\/p>\n<p><span style=\"font-size: 10pt;\"><strong>Lecture: Thomas Porena (Berlin) <\/strong><\/span><\/p>\n<p><span style=\"font-size: 10pt;\">Historian, PhD-student at Humboldt-Universit\u00e4t Berlin<\/span><\/p>\n<p><span style=\"font-size: 10pt;\"><strong>Chair: Andrea Genest PhD <\/strong><\/span><\/p>\n<p><span style=\"font-size: 10pt;\">Nazi Forced Labour Documentation Centre<\/span><\/p>\n<p><span style=\"font-size: 10pt;\"><strong>The anthology analyses Nazi forced labour in occupied Ser\u00adbia as well as the forced labour of Serbs in Germany and in oc\u00adcupied Europe. <\/strong><\/span><\/p>\n<p><span style=\"font-size: 10pt;\">The book is part of a project of the Center for Holocaust Rese\u00adarch and Education in Belgrade in cooperation with the Hum\u00adboldt-Universit\u00e4t Berlin. It is funded by the Foundation Erinne\u00adrung, Verantwortung und Zukunft.<\/span><\/p>\n<p><span style=\"font-size: 10pt;\">The event will be simultaneously translated into German and English.<\/span><\/p>\n<hr \/>\n<\/div>\n<\/div><\/div><\/div><div id=\"panel-148-2-0-2\" class=\"so-panel widget widget_black-studio-tinymce widget_black_studio_tinymce panel-last-child\" data-index=\"9\" ><div class=\"textwidget\"><div class=\"issuuembed\" style=\"width: 100%; height: 700px;\" data-configid=\"17157386\/49138303\"><\/div>\n<p><script src=\"\/\/e.issuu.com\/embed.js\" async=\"true\" type=\"text\/javascript\">\/\/ <![CDATA[\n<\/scrip \/\/ ]]><\/script><\/p>\n<\/div><\/div><\/div><\/div><div id=\"pg-148-3\"  class=\"panel-grid panel-no-style\" ><div id=\"pgc-148-3-0\"  class=\"panel-grid-cell\" ><div id=\"panel-148-3-0-0\" class=\"so-panel widget widget_sow-editor panel-first-child panel-last-child\" data-index=\"10\" ><div class=\"so-widget-sow-editor so-widget-sow-editor-base\">\n<div class=\"siteorigin-widget-tinymce textwidget\">\n\t<h3><span style=\"font-size: 10pt;\">International Holocaust Remembrance Day<\/span><\/h3>\n<p><span style=\"font-size: 10pt;\"><img loading=\"lazy\" class=\"alignleft wp-image-2059\" src=\"http:\/\/cieh-chre.org\/wp-content\/uploads\/2016\/11\/Topovske-2-b-f-500x500.jpg\" alt=\"\" width=\"350\" height=\"350\" \/><\/span><\/p>\n<p>\u00a0<\/p>\n<p><span style=\"font-size: 10pt;\">In 2005, the UN General Assembly has adopted the resolution on the International Holocaust Remembrance day. The chosen date of remembering millions of victims perished in the Holocaust during the Second World War, was the 27<sup>th<\/sup> of January, the day when Soviet army had liberated Auschwitz in 1945. Some 7500 survivors that Nazis had left behind, were freed then. Even as\u00a0all official commemorative events in Serbia were rescheduled for 26<sup>th<\/sup>, CHRE invites you to gather at the site of the memorial plaque on <span style=\"color: #993300;\">January 27<sup>th<\/sup>, at 13h<\/span>.<\/span><\/p>\n<\/div>\n<\/div><\/div><\/div><div id=\"pgc-148-3-1\"  class=\"panel-grid-cell\" ><div id=\"panel-148-3-1-0\" class=\"so-panel widget widget_sow-editor panel-first-child panel-last-child\" data-index=\"11\" ><div class=\"so-widget-sow-editor so-widget-sow-editor-base\">\n<div class=\"siteorigin-widget-tinymce textwidget\">\n\t<h5>Workshop<br \/>\n<span style=\"font-size: 8pt;\">Donnerstag, 15. M\u00e4rz 2018, 9.30 Uhr bis 17.30 Uhr<\/span><\/h5>\n<h5><span style=\"font-size: 10pt;\">Forced Labor, Serbia and Germany 1941-1945<\/span><\/h5>\n<div id=\"attachment_2049\" style=\"width: 360px\" class=\"wp-caption alignleft\"><a href=\"https:\/\/museen.nuernberg.de\/dokuzentrum\/kalender-details\/workshop-forced-labor-1457\/\" target=\"_blank\" rel=\"noopener noreferrer\"><img aria-describedby=\"caption-attachment-2049\" loading=\"lazy\" class=\"wp-image-2049\" src=\"http:\/\/cieh-chre.org\/wp-content\/uploads\/2016\/11\/workshop-forced-labor.jpg\" alt=\"\" width=\"350\" height=\"261\" \/><\/a><p id=\"caption-attachment-2049\" class=\"wp-caption-text\"><span style=\"font-size: 8pt; color: #993300;\">Zwangsarbeit in der Kupfermine Bor in Serbien. Bildnachweis: Narodna biblioteka Bor, Serbien<\/span><\/p><\/div>\n<p><span style=\"font-size: 10pt;\">Das von der Stiftung EVZ gef\u00f6rderte Projekt<span style=\"color: #993300;\"> \"Forced Labor, Serbia and Germany 1941-1945\"<\/span> untersucht die Rolle Serbiens als einem Ort von NS-Zwangsarbeit. Das zu dieser Zeit vom Deutschen Reich besetzte Land lieferte gleichzeitig auch Arbeiter f\u00fcr das Deutsche Reich. Im Workshop wird die Verbindung zwischen Serbien und Deutschland am Beispiel von N\u00fcrnberg und seiner Umgebung hergestellt. Zun\u00e4chst werden die Anwerbungen von Arbeitern in Serbien, das Lager Semlin sowie die Zwangsarbeit in der Kupfermine Bor thematisiert. Im Anschluss wird der Fokus auf die zivilen (serbischen) Zwangsarbeiter und die Kriegsgefangenen in N\u00fcrnberg sowie die serbischen Gefangenen und Zwangsarbeiter in dem Konzentrationslager Flossenb\u00fcrg und dessen Au\u00dfenlager Hersbruck gelegt.<\/span><\/p>\n<p><span style=\"font-size: 10pt;\">Die Veranstaltung wird in englischer Sprache abgehalten.<\/span><\/p>\n<p><span style=\"font-size: 10pt;\">Um Anmeldung wird gebeten unter<\/span><br \/>\n<span style=\"color: #993300; font-size: 10pt;\"><a style=\"color: #993300;\" href=\"mailto:\/\/buero.dokumentationszentrum@stadt.nuernberg.de\">buero.dokumentationszentrum@stadt.nuernberg.de<\/a><\/span><\/p>\n<p><span style=\"font-size: 10pt;\">Forschungsprojekt \"Kriegsgefangene in N\u00fcrnberg\"<\/span><\/p>\n<p><a href=\"https:\/\/www.hu-berlin.de\/en\/\" target=\"_blank\" rel=\"noopener noreferrer\"><img loading=\"lazy\" class=\"alignleft wp-image-2050\" src=\"http:\/\/cieh-chre.org\/wp-content\/uploads\/2016\/11\/csm_forced-labor-logos_7a56989065.png\" alt=\"\" width=\"250\" height=\"129\" \/><\/a><\/p>\n<\/div>\n<\/div><\/div><\/div><\/div><\/div>","protected":false},"excerpt":{"rendered":"<p>Center for Holocaust Research and Education (CHRE) Founded in late 2014, the center is seeking to actively contribute to the factual interpretation of the Holocaust in Serbia as well as the ways its legacy still influences society in Serbia and the region. The center aims to serve as the platform for independent research of historical [&hellip;]<\/p>\n","protected":false},"author":1,"featured_media":0,"parent":0,"menu_order":0,"comment_status":"closed","ping_status":"closed","template":"","meta":[],"acf":[],"wps_subtitle":"","_links":{"self":[{"href":"https:\/\/cieh-chre.org\/en\/wp-json\/wp\/v2\/pages\/148"}],"collection":[{"href":"https:\/\/cieh-chre.org\/en\/wp-json\/wp\/v2\/pages"}],"about":[{"href":"https:\/\/cieh-chre.org\/en\/wp-json\/wp\/v2\/types\/page"}],"author":[{"embeddable":true,"href":"https:\/\/cieh-chre.org\/en\/wp-json\/wp\/v2\/users\/1"}],"replies":[{"embeddable":true,"href":"https:\/\/cieh-chre.org\/en\/wp-json\/wp\/v2\/comments?post=148"}],"version-history":[{"count":210,"href":"https:\/\/cieh-chre.org\/en\/wp-json\/wp\/v2\/pages\/148\/revisions"}],"predecessor-version":[{"id":734,"href":"https:\/\/cieh-chre.org\/en\/wp-json\/wp\/v2\/pages\/148\/revisions\/734"}],"wp:attachment":[{"href":"https:\/\/cieh-chre.org\/en\/wp-json\/wp\/v2\/media?parent=148"}],"curies":[{"name":"wp","href":"https:\/\/api.w.org\/{rel}","templated":true}]}}