{"id":103,"date":"2018-04-03T13:57:08","date_gmt":"2018-04-03T11:57:08","guid":{"rendered":"http:\/\/cieh-chre.org\/forcedlabourinserbia\/?page_id=103"},"modified":"2018-09-05T22:00:19","modified_gmt":"2018-09-05T20:00:19","slug":"edukativni-materijali","status":"publish","type":"page","link":"https:\/\/cieh-chre.org\/forcedlabourinserbia\/edukativni-materijali\/","title":{"rendered":"Edukativni materijali"},"content":{"rendered":"<div id=\"pl-103\"  class=\"panel-layout\" ><div id=\"pg-103-0\"  class=\"panel-grid panel-no-style\" ><div id=\"pgc-103-0-0\"  class=\"panel-grid-cell\" ><div id=\"panel-103-0-0-0\" class=\"so-panel widget widget_sow-editor panel-first-child\" data-index=\"0\" ><div class=\"so-widget-sow-editor so-widget-sow-editor-base\">\n<div class=\"siteorigin-widget-tinymce textwidget\">\n\t<p style=\"padding-left: 30px;\"><strong>Uvod o u\u010denju o prinudnom radu u Drugom svetskom ratu<\/strong><\/p>\n<p style=\"padding-left: 30px;\"><strong>Napomena za nastavnike<\/strong><\/p>\n<p style=\"text-align: justify; padding-left: 30px;\">Ovaj materijal je namenjen kao dodatni materijal nastavi predmeta Istorija, Sociologija i Gra\u0111ansko vaspitanje u srednjim \u0161kolama u Srbiji i predstavlja uvod u tematiku prinudnog rada, ljudskih i radnih prava u vreme Holokausta i genocida tokom Drugog svetskog rata i nacisti\u010dke i kolaboracionisti\u010dke okupacione uprave u Srbiji. Materijal pred vama je namenjen izvo\u0111enju na jednom \u010dasu, po\u017eeljno po\u0161to su op\u0161te tematike Drugog svetskog rata, Holokausta i genocida ve\u0107 obra\u0111ene. Materijal vam osim osnovnog uvoda i pojmova sa vremenskom linijom, nudi i linkove na nau\u010dne radove autora objavljene u publikaciji <em><strong>\u201cPrinudni rad u Srbiji - Proizvo\u0111a\u010di, korisnici i posledice prinudnog rada 1941-1944\u201d<\/strong><\/em> u okviru istoimenog projekta koje je Centar za istra\u017eivanje i edukaciju o Holokaustu izveo u saradnji sa Humboldt univerzitetom iz Berlina, a sa podr\u0161kom Fondacije za se\u0107anje, odgovornost i budu\u0107nost u Nema\u010dkoj (Stiftung Erinnerung, Verantwortung und Zukunft\u201c - EVZ).<\/p>\n<p style=\"text-align: justify; padding-left: 30px;\">Materijal je 13mb PDF namenjen kako \u0161tampi, tako i online upotrebi, sa aktivnim linkovima ka organizacijama i dodatnim sadr\u017eajima. Download je slobodan, vreme u\u010ditavanja oko 20 sek.<\/p>\n<\/div>\n<\/div><\/div><div id=\"panel-103-0-0-1\" class=\"so-panel widget widget_sow-editor panel-last-child\" data-index=\"1\" ><div class=\"so-widget-sow-editor so-widget-sow-editor-base\">\n<div class=\"siteorigin-widget-tinymce textwidget\">\n\t<a href=\"https:\/\/cieh-chre.org\/forcedlabourinserbia\/wp-content\/uploads\/sites\/4\/2018\/08\/Prinudni-rad-u-Srbiji-1941-1944-edu.pdf\" class=\"pdfemb-viewer\" style=\"\" data-width=\"max\" data-height=\"max\" data-mobile-width=\"500\"  data-scrollbar=\"vertical\" data-download=\"on\" data-tracking=\"on\" data-newwindow=\"on\" data-pagetextbox=\"off\" data-scrolltotop=\"off\" data-startzoom=\"100\" data-startfpzoom=\"100\" data-toolbar=\"bottom\" data-toolbar-fixed=\"on\">Prinudni rad u Srbiji 1941-1944-edu<br\/><\/a>\n<\/div>\n<\/div><\/div><\/div><\/div><div id=\"pg-103-1\"  class=\"panel-grid panel-no-style\" ><div id=\"pgc-103-1-0\"  class=\"panel-grid-cell\" ><div id=\"panel-103-1-0-0\" class=\"so-panel widget widget_sow-editor panel-first-child panel-last-child\" data-index=\"2\" ><div class=\"so-widget-sow-editor so-widget-sow-editor-base\">\n<div class=\"siteorigin-widget-tinymce textwidget\">\n\t<hr style=\"padding-left: 30px;\" \/>\n<p style=\"padding-left: 30px;\">Objavljeno uz ljubaznu podr\u0161ku Fondacije \u201eSe\u0107anje, odgovornost i budu\u0107nost\u201c - EVZ.<\/p>\n<p style=\"padding-left: 30px;\">Creative Commons Autorstvo -<br \/> Nekomercijalno - Bez prerada 4.0<br \/> Me\u0111unarodna javna licenca<br \/> <span style=\"color: #993300;\"><a style=\"color: #993300;\" href=\"https:\/\/creativecommons.org\/licenses\/by-nc-nd\/4.0\/legalcode.hr\" target=\"_blank\" rel=\"noopener noreferrer\">https:\/\/creativecommons.org\/licenses\/by-nc-nd\/4.0\/legalcode.hr<\/a><\/span><\/p>\n<p style=\"padding-left: 30px;\">ISBN 978-86-81246-03-0<\/p>\n<p style=\"padding-left: 30px;\"><em><strong>Izdava\u010d<\/strong><\/em><\/p>\n<p style=\"padding-left: 30px;\">Center for Holocaust<br \/> Research and Education - CHRE<\/p>\n<p style=\"padding-left: 30px;\">Luke Vojvodi\u0107a 35\/4,<br \/> 11000 Belgrad, Serbien<br \/> +38163247856<br \/> <span style=\"color: #993300;\"><a style=\"color: #993300;\" href=\"http:\/\/www.cieh-chre.org\" target=\"_blank\" rel=\"noopener noreferrer\">www.cieh-chre.org<\/a><\/span><br \/> <span style=\"color: #993300;\"><a style=\"color: #993300;\" href=\"mailto:office@cieh-chre.org\" target=\"_blank\" rel=\"noopener noreferrer\">office@cieh-chre.org<\/a><\/span><\/p>\n<p style=\"padding-left: 30px;\">Stavovi autora izneti u ovoj publikaciji ne odra\u017eavaju neophodno i stavove CIEH i Fondacije \u201eSe\u0107anje, odgovornost i budu\u0107nost\u201c - EVZ.<\/p>\n<p style=\"padding-left: 30px;\">Odgovornost za sadr\u017eaj snose autori.<\/p>\n<\/div>\n<\/div><\/div><\/div><div id=\"pgc-103-1-1\"  class=\"panel-grid-cell\" ><div id=\"panel-103-1-1-0\" class=\"so-panel widget widget_sow-editor panel-first-child panel-last-child\" data-index=\"3\" ><div class=\"so-widget-sow-editor so-widget-sow-editor-base\">\n<div class=\"siteorigin-widget-tinymce textwidget\">\n\t<hr style=\"padding-left: 30px;\" \/>\n<p style=\"padding-left: 30px;\"><em><strong>Citirani radovi autora:<\/strong><\/em><\/p>\n<p style=\"padding-left: 30px;\"><span style=\"color: #993300;\"><a style=\"color: #993300;\" href=\"http:\/\/cieh-chre.org\/forcedlabourinserbia\/241-2-2\/\"><em>Milan Koljanin<\/em><\/a><\/span><br \/> Institut za Savremenu istoriju, Beograd<br \/> <span style=\"color: #993300;\"><a style=\"color: #993300;\" href=\"http:\/\/cieh-chre.org\/forcedlabourinserbia\/241-2-2-2\/\"><em>Sabine Rutar<\/em><\/a><\/span><br \/> Leibniz-Institut f\u00fcr Ost- und S\u00fcdosteuropaforschung (IOS), Regensburg<br \/> <span style=\"color: #993300;\"><a style=\"color: #993300;\" href=\"http:\/\/cieh-chre.org\/forcedlabourinserbia\/241-2-2-4\/\"><em>Sanela Schmid<\/em><\/a><\/span><br \/> Humboldt University, Berlin<br \/> <span style=\"color: #993300;\"><a style=\"color: #993300;\" href=\"http:\/\/cieh-chre.org\/forcedlabourinserbia\/241-2-2-3\/\"><em>Tomislav Duli\u0107<\/em><\/a><\/span><br \/> Hugo Valentin-centrum, Uppsala University<\/p>\n<p style=\"padding-left: 30px;\">Tekst:<br \/> <em>Milovan Pisarri, Ru\u017eica Devi\u0107<\/em><br \/> Dizajn i fotografije:<br \/> <em>Nikola Radi\u0107 Lucati,<\/em> CIEH<\/p>\n<\/div>\n<\/div><\/div><\/div><\/div><\/div>","protected":false},"excerpt":{"rendered":"<p>Uvod o u\u010denju o prinudnom radu u Drugom svetskom ratuNapomena za nastavnikeOvaj materijal je namenjen kao dodatni materijal nastavi predmeta Istorija, Sociologija i Gra\u0111ansko vaspitanje u srednjim \u0161kolama u Srbiji [&hellip;]<\/p>\n","protected":false},"author":2,"featured_media":0,"parent":0,"menu_order":0,"comment_status":"closed","ping_status":"closed","template":"","meta":[],"acf":[],"wps_subtitle":"","_links":{"self":[{"href":"https:\/\/cieh-chre.org\/forcedlabourinserbia\/wp-json\/wp\/v2\/pages\/103"}],"collection":[{"href":"https:\/\/cieh-chre.org\/forcedlabourinserbia\/wp-json\/wp\/v2\/pages"}],"about":[{"href":"https:\/\/cieh-chre.org\/forcedlabourinserbia\/wp-json\/wp\/v2\/types\/page"}],"author":[{"embeddable":true,"href":"https:\/\/cieh-chre.org\/forcedlabourinserbia\/wp-json\/wp\/v2\/users\/2"}],"replies":[{"embeddable":true,"href":"https:\/\/cieh-chre.org\/forcedlabourinserbia\/wp-json\/wp\/v2\/comments?post=103"}],"version-history":[{"count":20,"href":"https:\/\/cieh-chre.org\/forcedlabourinserbia\/wp-json\/wp\/v2\/pages\/103\/revisions"}],"predecessor-version":[{"id":561,"href":"https:\/\/cieh-chre.org\/forcedlabourinserbia\/wp-json\/wp\/v2\/pages\/103\/revisions\/561"}],"wp:attachment":[{"href":"https:\/\/cieh-chre.org\/forcedlabourinserbia\/wp-json\/wp\/v2\/media?parent=103"}],"curies":[{"name":"wp","href":"https:\/\/api.w.org\/{rel}","templated":true}]}}