{"id":253,"date":"2018-04-15T02:22:16","date_gmt":"2018-04-15T00:22:16","guid":{"rendered":"http:\/\/cieh-chre.org\/forcedlabourinserbia\/?page_id=253"},"modified":"2018-04-15T19:52:43","modified_gmt":"2018-04-15T17:52:43","slug":"241-2-2-2","status":"publish","type":"page","link":"https:\/\/cieh-chre.org\/forcedlabourinserbia\/241-2-2-2\/","title":{"rendered":"Sabine Rutar"},"content":{"rendered":"<div id=\"pl-253\"  class=\"panel-layout\" ><div id=\"pg-253-0\"  class=\"panel-grid panel-no-style\" ><div id=\"pgc-253-0-0\"  class=\"panel-grid-cell\" ><div id=\"panel-253-0-0-0\" class=\"so-panel widget widget_sow-editor panel-first-child panel-last-child\" data-index=\"0\" ><div class=\"so-widget-sow-editor so-widget-sow-editor-base\">\n<div class=\"siteorigin-widget-tinymce textwidget\">\n\t<p class=\"p1\"><span class=\"s1\"><b><img loading=\"lazy\" class=\"alignleft wp-image-246 size-full\" src=\"http:\/\/cieh-chre.org\/forcedlabourinserbia\/wp-content\/uploads\/sites\/4\/2018\/04\/SABINE-RUTAR-SQS.png\" alt=\"\" width=\"150\" height=\"150\" \/><\/b><\/span><\/p>\n<p><em><a href=\"https:\/\/www.ios-regensburg.de\/personen\/mitarbeiterinnen\/sabine-rutar.html\" target=\"_blank\" rel=\"noopener noreferrer\"><span style=\"color: #993300;\"><strong>Sabine Rutar<\/strong><\/span><\/a><\/em><\/p>\n<p><em>Lajbnic institut za studije isto\u010dne i jugoisto\u010dne Evrope, Regensburg<\/em><\/p>\n<p>Sabine Rutar je istra\u017eiva\u010dica na Lajbnic institutu za studije isto\u010dne i jugoisto\u010dne Evrope i glavna urednica nau\u010dnog \u017eurnala <em><a href=\"https:\/\/www.ios-regensburg.de\/ios-publikationen\/zeitschriften\/suedosteuropa.html\" target=\"_blank\" rel=\"noopener noreferrer\"><span style=\"color: #993300;\">Su\u0308dosteuropa. Journal of Politics and Society.<\/span><\/a>\u00a0<\/em>Glavni fokus njenog istra\u017eivanja je istorija Evrope izme\u0111u XIX i XXI veka, sa posebnim naglaskom na istoriju rada, nacionalizam, nacizam, komunizam i politike se\u0107anja.<\/p>\n<p><em><strong>Fizi\u010dki rad i opstanak: Obezbe\u0111ivanje rudara u Jugoslaviji<\/strong><\/em><\/p>\n<p>U svom radu predstavljenom na Simpozijumu u Nirnbergu, Sabine Rutar se fokusirala na Borski rudnik kao jedan od zna\u010dajnijih za nema\u010dku ekonomiju tokom Drugog svetskog rata, bave\u0107i se pitanjima snabdevanja hranom prinudnih radnika -\u00a0upore\u0111uju\u0107i ga sa situacijom u rudnicima u Sloveniji.<\/p>\n<\/div>\n<\/div><\/div><\/div><\/div><div id=\"pg-253-1\"  class=\"panel-grid panel-no-style\" ><div id=\"pgc-253-1-0\"  class=\"panel-grid-cell\" ><div id=\"panel-253-1-0-0\" class=\"so-panel widget widget_sow-editor panel-first-child panel-last-child\" data-index=\"1\" ><div class=\"so-widget-sow-editor so-widget-sow-editor-base\">\n<div class=\"siteorigin-widget-tinymce textwidget\">\n\t<p><iframe loading=\"lazy\" src=\"https:\/\/www.youtube.com\/embed\/ksa0RyGYB0Q?rel=0&showinfo=0\" width=\"920\" height=\"560\" frameborder=\"0\" allowfullscreen=\"allowfullscreen\"><\/iframe><\/p>\n<p>&nbsp;Izlaganje\u00a0<em><strong>Sabine Rutar<\/strong><\/em> na\u00a0seminaru \u201cProizvo\u0111a\u010di, korisnici i posledice prinudnog rada -\u00a0Srbija 1941-1944\u201d u\u00a0<span style=\"color: #993300;\"><a style=\"color: #993300;\" href=\"https:\/\/museums.nuernberg.de\/documentation-center\/\" target=\"_blank\" rel=\"noopener noreferrer\">Documentation Center Nazi Party Rallying Grounds<\/a><\/span><\/p>\n<p class=\"p1\">\n<\/div>\n<\/div><\/div><\/div><\/div><\/div>","protected":false},"excerpt":{"rendered":"<p>Sabine RutarLajbnic institut za studije isto\u010dne i jugoisto\u010dne Evrope, RegensburgSabine Rutar je istra\u017eiva\u010dica na Lajbnic institutu za studije isto\u010dne i jugoisto\u010dne Evrope i glavna urednica nau\u010dnog \u017eurnala Su\u0308dosteuropa. Journal of [&hellip;]<\/p>\n","protected":false},"author":2,"featured_media":0,"parent":0,"menu_order":0,"comment_status":"closed","ping_status":"closed","template":"","meta":[],"acf":[],"wps_subtitle":"","_links":{"self":[{"href":"https:\/\/cieh-chre.org\/forcedlabourinserbia\/wp-json\/wp\/v2\/pages\/253"}],"collection":[{"href":"https:\/\/cieh-chre.org\/forcedlabourinserbia\/wp-json\/wp\/v2\/pages"}],"about":[{"href":"https:\/\/cieh-chre.org\/forcedlabourinserbia\/wp-json\/wp\/v2\/types\/page"}],"author":[{"embeddable":true,"href":"https:\/\/cieh-chre.org\/forcedlabourinserbia\/wp-json\/wp\/v2\/users\/2"}],"replies":[{"embeddable":true,"href":"https:\/\/cieh-chre.org\/forcedlabourinserbia\/wp-json\/wp\/v2\/comments?post=253"}],"version-history":[{"count":9,"href":"https:\/\/cieh-chre.org\/forcedlabourinserbia\/wp-json\/wp\/v2\/pages\/253\/revisions"}],"predecessor-version":[{"id":347,"href":"https:\/\/cieh-chre.org\/forcedlabourinserbia\/wp-json\/wp\/v2\/pages\/253\/revisions\/347"}],"wp:attachment":[{"href":"https:\/\/cieh-chre.org\/forcedlabourinserbia\/wp-json\/wp\/v2\/media?parent=253"}],"curies":[{"name":"wp","href":"https:\/\/api.w.org\/{rel}","templated":true}]}}