{"id":296,"date":"2018-04-15T13:39:49","date_gmt":"2018-04-15T11:39:49","guid":{"rendered":"http:\/\/cieh-chre.org\/forcedlabourinserbia\/?page_id=296"},"modified":"2018-04-15T17:50:51","modified_gmt":"2018-04-15T15:50:51","slug":"241-2-2","status":"publish","type":"page","link":"https:\/\/cieh-chre.org\/forcedlabourinserbia\/241-2-2\/","title":{"rendered":"Milan Koljanin"},"content":{"rendered":"<div id=\"pl-296\"  class=\"panel-layout\" ><div id=\"pg-296-0\"  class=\"panel-grid panel-no-style\" ><div id=\"pgc-296-0-0\"  class=\"panel-grid-cell\" ><div id=\"panel-296-0-0-0\" class=\"so-panel widget widget_sow-editor panel-first-child panel-last-child\" data-index=\"0\" ><div class=\"so-widget-sow-editor so-widget-sow-editor-base\">\n<div class=\"siteorigin-widget-tinymce textwidget\">\n\t<p class=\"p1\"><span class=\"s1\"><b><img loading=\"lazy\" class=\"alignleft wp-image-297 size-full\" src=\"http:\/\/cieh-chre.org\/forcedlabourinserbia\/wp-content\/uploads\/sites\/4\/2018\/04\/MILAN-KOLJANIN-SQS.png\" alt=\"\" width=\"150\" height=\"150\" \/><\/b><\/span><\/p>\n<p><span style=\"color: #993300;\"><em><a style=\"color: #993300;\" href=\"http:\/\/isi.co.rs\/saradnici\/dr-milan-b-koljanin\/\" target=\"_blank\" rel=\"noopener noreferrer\"><strong>Milan Koljanin<\/strong><\/a><\/em><\/span><\/p>\n<p><strong>Institut za savremenu istoriju, Beograd<\/strong><\/p>\n<p>Milan Koljanin je jedan od zna\u010dajnijih istori\u010dara i stru\u010dnjaka iz Srbije, koji se bavi Drugim svetskim ratom i Holokaustom. Tako\u0111e, Koljanin je i nau\u010dni saradnik Instituta za savremenu istoriju u Beogradu. Oblast njegovog nau\u010dnog istra\u017eivanja obuhvata oblasti od istorije Jugoslavije, dru\u0161tvene istorije Jugoslavije izme\u0111u dva rata i Drugog svetskog rata, do represivnih sistema, genocida i Holokausta. Autor je brojnih nau\u010dnih radova, publikacija, monografija i \u010dlanaka.<\/p>\n<p><strong>\u00a0<\/strong><em><strong>Logori kao izvor prinudne radne snage u Srbiji (1941-1944)<\/strong><\/em><\/p>\n<p>Tokom svog izlaganja Koljanin se bavio temom prisilnog rada tokom Drugog svetskog rata u Srbiji, a posebno koncentracionim logorima kao izvorima prinudnog rada.<\/p>\n<\/div>\n<\/div><\/div><\/div><\/div><div id=\"pg-296-1\"  class=\"panel-grid panel-no-style\" ><div id=\"pgc-296-1-0\"  class=\"panel-grid-cell\" ><div id=\"panel-296-1-0-0\" class=\"so-panel widget widget_sow-editor panel-first-child panel-last-child\" data-index=\"1\" ><div class=\"so-widget-sow-editor so-widget-sow-editor-base\">\n<div class=\"siteorigin-widget-tinymce textwidget\">\n\t<p><iframe loading=\"lazy\" src=\"https:\/\/www.youtube.com\/embed\/udYHqVRigqY?rel=0&showinfo=0\" width=\"920\" height=\"560\" frameborder=\"0\" allowfullscreen=\"allowfullscreen\"><\/iframe><br \/>\nIzlaganje <em><strong>Milana Koljanina<\/strong><\/em>\u00a0na\u00a0seminaru\u00a0\u201cProizvo\u0111a\u010di, korisnici i posledice prinudnog rada -\u00a0Srbija 1941-1944\u201du\u00a0<span style=\"color: #993300;\"><a style=\"color: #993300;\" href=\"https:\/\/museums.nuernberg.de\/documentation-center\/\" target=\"_blank\" rel=\"noopener noreferrer\">Documentation Center Nazi Party Rallying Grounds<\/a><\/span><\/p>\n<p class=\"p1\">\n<\/div>\n<\/div><\/div><\/div><\/div><div id=\"pg-296-2\"  class=\"panel-grid panel-no-style\" ><div id=\"pgc-296-2-0\"  class=\"panel-grid-cell\" ><div id=\"panel-296-2-0-0\" class=\"so-panel widget widget_sow-editor panel-first-child panel-last-child\" data-index=\"2\" ><div class=\"so-widget-sow-editor so-widget-sow-editor-base\">\n<div class=\"siteorigin-widget-tinymce textwidget\">\n\t<p><iframe loading=\"lazy\" src=\"https:\/\/www.youtube.com\/embed\/6nN_Nz6G-BM?rel=0&showinfo=0\" width=\"920\" height=\"560\" frameborder=\"0\" allowfullscreen=\"allowfullscreen\"><\/iframe><\/p>\n<p>\u00a0Izlaganje <em><strong>Milana Koljanina<\/strong><\/em>\u00a0na\u00a0seminaru \u201cPrinudni rad u Srbiji 1941-1944: Istorijska kontekstualizacija i topografija se\u0107anja\u201d u<span style=\"color: #993300;\">\u00a0<a style=\"color: #993300;\" href=\"https:\/\/jobeograd.org\/\" target=\"_blank\" rel=\"noopener noreferrer\">Jevrejskoj op\u0161tini Beograd<\/a><\/span><\/p>\n<p class=\"p1\">\u00a0<\/p>\n<\/div>\n<\/div><\/div><\/div><\/div><\/div>","protected":false},"excerpt":{"rendered":"<p>Milan KoljaninInstitut za savremenu istoriju, BeogradMilan Koljanin je jedan od zna\u010dajnijih istori\u010dara i stru\u010dnjaka iz Srbije, koji se bavi Drugim svetskim ratom i Holokaustom. Tako\u0111e, Koljanin je i nau\u010dni saradnik [&hellip;]<\/p>\n","protected":false},"author":2,"featured_media":0,"parent":0,"menu_order":0,"comment_status":"closed","ping_status":"closed","template":"","meta":[],"acf":[],"wps_subtitle":"","_links":{"self":[{"href":"https:\/\/cieh-chre.org\/forcedlabourinserbia\/wp-json\/wp\/v2\/pages\/296"}],"collection":[{"href":"https:\/\/cieh-chre.org\/forcedlabourinserbia\/wp-json\/wp\/v2\/pages"}],"about":[{"href":"https:\/\/cieh-chre.org\/forcedlabourinserbia\/wp-json\/wp\/v2\/types\/page"}],"author":[{"embeddable":true,"href":"https:\/\/cieh-chre.org\/forcedlabourinserbia\/wp-json\/wp\/v2\/users\/2"}],"replies":[{"embeddable":true,"href":"https:\/\/cieh-chre.org\/forcedlabourinserbia\/wp-json\/wp\/v2\/comments?post=296"}],"version-history":[{"count":14,"href":"https:\/\/cieh-chre.org\/forcedlabourinserbia\/wp-json\/wp\/v2\/pages\/296\/revisions"}],"predecessor-version":[{"id":345,"href":"https:\/\/cieh-chre.org\/forcedlabourinserbia\/wp-json\/wp\/v2\/pages\/296\/revisions\/345"}],"wp:attachment":[{"href":"https:\/\/cieh-chre.org\/forcedlabourinserbia\/wp-json\/wp\/v2\/media?parent=296"}],"curies":[{"name":"wp","href":"https:\/\/api.w.org\/{rel}","templated":true}]}}