{"id":320,"date":"2018-04-15T14:51:19","date_gmt":"2018-04-15T12:51:19","guid":{"rendered":"http:\/\/cieh-chre.org\/forcedlabourinserbia\/?page_id=320"},"modified":"2018-04-15T17:45:22","modified_gmt":"2018-04-15T15:45:22","slug":"241-2-2-3","status":"publish","type":"page","link":"https:\/\/cieh-chre.org\/forcedlabourinserbia\/241-2-2-3\/","title":{"rendered":"Tomislav Duli\u0107"},"content":{"rendered":"<div id=\"pl-320\"  class=\"panel-layout\" ><div id=\"pg-320-0\"  class=\"panel-grid panel-no-style\" ><div id=\"pgc-320-0-0\"  class=\"panel-grid-cell\" ><div id=\"panel-320-0-0-0\" class=\"so-panel widget widget_sow-editor panel-first-child panel-last-child\" data-index=\"0\" ><div class=\"so-widget-sow-editor so-widget-sow-editor-base\">\n<div class=\"siteorigin-widget-tinymce textwidget\">\n\t<p class=\"p1\"><span class=\"s1\"><b><img loading=\"lazy\" class=\"alignleft wp-image-321 size-full\" src=\"http:\/\/cieh-chre.org\/forcedlabourinserbia\/wp-content\/uploads\/sites\/4\/2018\/04\/TOMISLAV-DULIC-SQS.png\" alt=\"\" width=\"150\" height=\"150\" \/><\/b><\/span><\/p>\n<p><span style=\"color: #993300;\"><em><a style=\"color: #993300;\" href=\"http:\/\/uppsala.academia.edu\/TomislavDulic\" target=\"_blank\" rel=\"noopener noreferrer\"><strong>Tomislav Duli\u0107<\/strong><\/a><\/em><\/span><\/p>\n<p><em><span style=\"color: #993300;\"><a style=\"color: #993300;\" href=\"https:\/\/www.uu.se\/en\" target=\"_blank\" rel=\"noopener noreferrer\">Institut Hugo Valentin, Upsala univerzitet<\/a><\/span><\/em><\/p>\n<p>Tomislav Duli\u0107 je istori\u010dar, a od 2013. godine i direktor Hugo Valentin centra na Upsala univerzitetu u \u0160vedskoj. Predaje na master programu <em>Holokaust i studije genocida<\/em>. U svojim istra\u017eivanjima se uglavnom bavi izvorima masovnih nasilja, \u010demu pridaje interdisciplinarni karakter, istra\u017euju\u0107i dru\u0161tvene i dru\u0161tveno-psiholo\u0161ke procese, kao i vezu izme\u0111u geografskih lokacija i nasilja.<\/p>\n<p><strong>Kod Hiperborejaca: Jugoslovenski zarobljenici u Norve\u0161koj 1942 - 1945<\/strong><\/p>\n<p>Duli\u0107 je na Simpozijumu u Beogradu predstavio svoje istra\u017eivanje o 4.500 zatvorenika iz Jugoslavije, koji su poslati u Norve\u0161ku tokom Drugog svetskog rata, gde su uglavnom bili podvrgnuti prinudnom radu.<\/p>\n<\/div>\n<\/div><\/div><\/div><\/div><div id=\"pg-320-1\"  class=\"panel-grid panel-no-style\" ><div id=\"pgc-320-1-0\"  class=\"panel-grid-cell\" ><div id=\"panel-320-1-0-0\" class=\"so-panel widget widget_sow-editor panel-first-child panel-last-child\" data-index=\"1\" ><div class=\"so-widget-sow-editor so-widget-sow-editor-base\">\n<div class=\"siteorigin-widget-tinymce textwidget\">\n\t<p><iframe loading=\"lazy\" src=\"https:\/\/www.youtube.com\/embed\/egOwUEhbSH8?rel=0&showinfo=0\" width=\"920\" height=\"560\" frameborder=\"0\" allowfullscreen=\"allowfullscreen\"><\/iframe><\/p>\n<p>\u00a0Izlaganje <em><strong>Tomislava Duli\u0107a<\/strong><\/em>na\u00a0seminaru \u201cPrinudni rad u Srbiji 1941-1944: Istorijska kontekstualizacija i topografija se\u0107anja\u201d u<span style=\"color: #993300;\">\u00a0<a style=\"color: #993300;\" href=\"https:\/\/jobeograd.org\/\" target=\"_blank\" rel=\"noopener noreferrer\">Jevrejskoj op\u0161tini Beograd<\/a><\/span><\/p>\n<p class=\"p1\">\u00a0<\/p>\n<\/div>\n<\/div><\/div><\/div><\/div><\/div>","protected":false},"excerpt":{"rendered":"<p>Tomislav Duli\u0107Institut Hugo Valentin, Upsala univerzitetTomislav Duli\u0107 je istori\u010dar, a od 2013. godine i direktor Hugo Valentin centra na Upsala univerzitetu u \u0160vedskoj. Predaje na master programu Holokaust i studije [&hellip;]<\/p>\n","protected":false},"author":2,"featured_media":0,"parent":0,"menu_order":0,"comment_status":"closed","ping_status":"closed","template":"","meta":[],"acf":[],"wps_subtitle":"","_links":{"self":[{"href":"https:\/\/cieh-chre.org\/forcedlabourinserbia\/wp-json\/wp\/v2\/pages\/320"}],"collection":[{"href":"https:\/\/cieh-chre.org\/forcedlabourinserbia\/wp-json\/wp\/v2\/pages"}],"about":[{"href":"https:\/\/cieh-chre.org\/forcedlabourinserbia\/wp-json\/wp\/v2\/types\/page"}],"author":[{"embeddable":true,"href":"https:\/\/cieh-chre.org\/forcedlabourinserbia\/wp-json\/wp\/v2\/users\/2"}],"replies":[{"embeddable":true,"href":"https:\/\/cieh-chre.org\/forcedlabourinserbia\/wp-json\/wp\/v2\/comments?post=320"}],"version-history":[{"count":10,"href":"https:\/\/cieh-chre.org\/forcedlabourinserbia\/wp-json\/wp\/v2\/pages\/320\/revisions"}],"predecessor-version":[{"id":341,"href":"https:\/\/cieh-chre.org\/forcedlabourinserbia\/wp-json\/wp\/v2\/pages\/320\/revisions\/341"}],"wp:attachment":[{"href":"https:\/\/cieh-chre.org\/forcedlabourinserbia\/wp-json\/wp\/v2\/media?parent=320"}],"curies":[{"name":"wp","href":"https:\/\/api.w.org\/{rel}","templated":true}]}}