{"id":384,"date":"2018-04-15T22:47:52","date_gmt":"2018-04-15T20:47:52","guid":{"rendered":"http:\/\/cieh-chre.org\/forcedlabourinserbia\/?page_id=384"},"modified":"2018-04-15T22:53:04","modified_gmt":"2018-04-15T20:53:04","slug":"241-2-2-3-3-2-3","status":"publish","type":"page","link":"https:\/\/cieh-chre.org\/forcedlabourinserbia\/241-2-2-3-3-2-3\/","title":{"rendered":"Marija Obradovi\u0107"},"content":{"rendered":"<div id=\"pl-384\"  class=\"panel-layout\" ><div id=\"pg-384-0\"  class=\"panel-grid panel-no-style\" ><div id=\"pgc-384-0-0\"  class=\"panel-grid-cell\" ><div id=\"panel-384-0-0-0\" class=\"so-panel widget widget_sow-editor panel-first-child panel-last-child\" data-index=\"0\" ><div class=\"so-widget-sow-editor so-widget-sow-editor-base\">\n<div class=\"siteorigin-widget-tinymce textwidget\">\n\t<p class=\"p1\"><span class=\"s1\"><b><img loading=\"lazy\" class=\"alignleft wp-image-385 size-full\" src=\"http:\/\/cieh-chre.org\/forcedlabourinserbia\/wp-content\/uploads\/sites\/4\/2018\/04\/MARIJA-OBRADOVIC-SQS.png\" alt=\"\" width=\"150\" height=\"150\" \/><\/b><\/span><\/p>\n<p><em><span style=\"color: #993300;\"><a style=\"color: #993300;\" href=\"https:\/\/www.inisbgd.co.rs\/saradnici\/39-dr-marija-obradovic.html\" target=\"_blank\" rel=\"noopener noreferrer\"><strong>Marija Obradovi\u0107<\/strong><\/a><\/span><\/em><\/p>\n<p>Institut za noviju istoriju Srbije<\/p>\n<p>Marija Obradovi\u0107 je istori\u010darka i saradnica Instituta za noviju istoriju Srbije u Beogradu. Objavila je veliki broj nau\u010dnih radova u zemlji i inostranstvu.<\/p>\n<p>\u00a0<\/p>\n<p><span style=\"color: #993300;\">Kolaboracionizam i prinudni rad u Srbiji 1941 - 1944<\/span><\/p>\n<p>Autorka je na Simpozijumu u Beogradu predstavila istoriografsku rekonstrukciju ratnih zlo\u010dina prisilne mobilizacije radne snage okupiranog stanovni\u0161tva zarad anga\u017eovanja u ratnoj privredi Nema\u010dke. Osim toga, bavila se i ulogom Nedi\u0107eve kvislin\u0161ke uprave u tom procesu eksploatacije.<\/p>\n<\/div>\n<\/div><\/div><\/div><\/div><div id=\"pg-384-1\"  class=\"panel-grid panel-no-style\" ><div id=\"pgc-384-1-0\"  class=\"panel-grid-cell\" ><div id=\"panel-384-1-0-0\" class=\"so-panel widget widget_sow-editor panel-first-child panel-last-child\" data-index=\"1\" ><div class=\"so-widget-sow-editor so-widget-sow-editor-base\">\n<div class=\"siteorigin-widget-tinymce textwidget\">\n\t<p><iframe loading=\"lazy\" src=\"https:\/\/www.youtube.com\/embed\/yuNgFaAgHm4?rel=0&showinfo=0\" width=\"920\" height=\"560\" frameborder=\"0\" allowfullscreen=\"allowfullscreen\"><\/iframe>\u00a0Izlaganje\u00a0<em><strong>Marije Obradovi\u0107<\/strong><\/em> na\u00a0seminaru \u201cPrinudni rad u Srbiji 1941-1944: Istorijska kontekstualizacija i topografija se\u0107anja\u201d u<span style=\"color: #993300;\">\u00a0<a style=\"color: #993300;\" href=\"https:\/\/jobeograd.org\/\" target=\"_blank\" rel=\"noopener noreferrer\">Jevrejskoj op\u0161tini Beograd<\/a><\/span><\/p>\n<p class=\"p1\">\u00a0<\/p>\n<\/div>\n<\/div><\/div><\/div><\/div><\/div>","protected":false},"excerpt":{"rendered":"<p>Marija Obradovi\u0107Institut za noviju istoriju SrbijeMarija Obradovi\u0107 je istori\u010darka i saradnica Instituta za noviju istoriju Srbije u Beogradu. Objavila je veliki broj nau\u010dnih radova u zemlji i inostranstvu.\u00a0Kolaboracionizam i prinudni [&hellip;]<\/p>\n","protected":false},"author":2,"featured_media":0,"parent":0,"menu_order":0,"comment_status":"closed","ping_status":"closed","template":"","meta":[],"acf":[],"wps_subtitle":"","_links":{"self":[{"href":"https:\/\/cieh-chre.org\/forcedlabourinserbia\/wp-json\/wp\/v2\/pages\/384"}],"collection":[{"href":"https:\/\/cieh-chre.org\/forcedlabourinserbia\/wp-json\/wp\/v2\/pages"}],"about":[{"href":"https:\/\/cieh-chre.org\/forcedlabourinserbia\/wp-json\/wp\/v2\/types\/page"}],"author":[{"embeddable":true,"href":"https:\/\/cieh-chre.org\/forcedlabourinserbia\/wp-json\/wp\/v2\/users\/2"}],"replies":[{"embeddable":true,"href":"https:\/\/cieh-chre.org\/forcedlabourinserbia\/wp-json\/wp\/v2\/comments?post=384"}],"version-history":[{"count":6,"href":"https:\/\/cieh-chre.org\/forcedlabourinserbia\/wp-json\/wp\/v2\/pages\/384\/revisions"}],"predecessor-version":[{"id":391,"href":"https:\/\/cieh-chre.org\/forcedlabourinserbia\/wp-json\/wp\/v2\/pages\/384\/revisions\/391"}],"wp:attachment":[{"href":"https:\/\/cieh-chre.org\/forcedlabourinserbia\/wp-json\/wp\/v2\/media?parent=384"}],"curies":[{"name":"wp","href":"https:\/\/api.w.org\/{rel}","templated":true}]}}