{"id":83,"date":"2018-04-03T13:43:02","date_gmt":"2018-04-03T11:43:02","guid":{"rendered":"http:\/\/cieh-chre.org\/forcedlabourinserbia\/?page_id=83"},"modified":"2018-04-16T06:01:00","modified_gmt":"2018-04-16T04:01:00","slug":"flosenburg-i-hersbruck","status":"publish","type":"page","link":"https:\/\/cieh-chre.org\/forcedlabourinserbia\/flosenburg-i-hersbruck\/","title":{"rendered":"Flosenburg i Hersbruck"},"content":{"rendered":"<div id=\"pl-83\"  class=\"panel-layout\" ><div id=\"pg-83-0\"  class=\"panel-grid panel-no-style\" ><div id=\"pgc-83-0-0\"  class=\"panel-grid-cell\" ><div id=\"panel-83-0-0-0\" class=\"so-panel widget widget_master-slider-main-widget master-slider-main-widget panel-first-child\" data-index=\"0\" >\n\t\t<!-- MasterSlider -->\n\t\t<div id=\"P_MS69f3b7e52e674\" class=\"master-slider-parent ms-parent-id-4\" style=\"\" >\n\n\t\t\t\n\t\t\t<!-- MasterSlider Main -->\n\t\t\t<div id=\"MS69f3b7e52e674\" class=\"master-slider ms-skin-light-6 round-skin\" >\n\t\t\t\t \t\t\t\t \n\t\t\t<div  class=\"ms-slide\" data-delay=\"3\" data-fill-mode=\"fill\"   >\n\t\t\t\t\t<img src=\"https:\/\/cieh-chre.org\/forcedlabourinserbia\/wp-content\/plugins\/masterslider\/public\/assets\/css\/blank.gif\" alt=\"{{title}}\" title=\"{{title}}\" data-src=\"{{image}}\" \/>\n\n\n\t\t\t\t<\/div>\n\n\t\t\t<\/div>\n\t\t\t<!-- END MasterSlider Main -->\n\n\t\t\t \n\t\t<\/div>\n\t\t<!-- END MasterSlider -->\n\n\t\t<script>\n\t\t( window.MSReady = window.MSReady || [] ).push( function( $ ) {\n\n\t\t\t\"use strict\";\n\t\t\tvar masterslider_e674 = new MasterSlider();\n\n\t\t\t\/\/ slider controls\n\t\t\tmasterslider_e674.control('arrows'     ,{ autohide:true, overVideo:true  });\n\t\t\t\/\/ slider setup\n\t\t\tmasterslider_e674.setup(\"MS69f3b7e52e674\", {\n\t\t\t\twidth           : 1000,\n\t\t\t\theight          : 500,\n\t\t\t\tminHeight       : 0,\n\t\t\t\tspace           : 1,\n\t\t\t\tstart           : 11,\n\t\t\t\tgrabCursor      : true,\n\t\t\t\tswipe           : true,\n\t\t\t\tmouse           : true,\n\t\t\t\tkeyboard        : false,\n\t\t\t\tlayout          : \"fillwidth\",\n\t\t\t\twheel           : false,\n\t\t\t\tautoplay        : false,\n                instantStartLayers:false,\n\t\t\t\tmobileBGVideo:false,\n\t\t\t\tloop            : false,\n\t\t\t\tshuffle         : false,\n\t\t\t\tpreload         : 457,\n\t\t\t\theightLimit     : true,\n\t\t\t\tautoHeight      : false,\n\t\t\t\tsmoothHeight    : true,\n\t\t\t\tendPause        : false,\n\t\t\t\toverPause       : true,\n\t\t\t\tfillMode        : \"fill\",\n\t\t\t\tcenterControls  : true,\n\t\t\t\tstartOnAppear   : false,\n\t\t\t\tlayersMode      : \"center\",\n\t\t\t\tautofillTarget  : \"\",\n\t\t\t\thideLayers      : false,\n\t\t\t\tfullscreenMargin: 0,\n\t\t\t\tspeed           : 17,\n\t\t\t\tdir             : \"h\",\n\t\t\t\tresponsive      : true,\n\t\t\t\ttabletWidth     : 768,\n\t\t\t\ttabletHeight    : null,\n\t\t\t\tphoneWidth      : 480,\n\t\t\t\tphoneHeight    : null,\n\t\t\t\tsizingReference : window,\n\t\t\t\tparallaxMode    : 'swipe',\n\t\t\t\tdeepLink        : 'ms-1',\n\t\t\t\tdeepLinkType    : 'path',\n\t\t\t\tview            : \"fadeBasic\"\n\t\t\t});\n\n\t\t\tnew MSFlickrV2( masterslider_e674, { key:'de2fab0e6d9076a905dd9158abb41612', id:'72157695301858485', count:132182434, thumbSize:'s',imgSize:'c', type:'photoset' });\n\t\t\twindow.masterslider_instances = window.masterslider_instances || [];\n\t\t\twindow.masterslider_instances.push( masterslider_e674 );\n\t\t});\n\t\t<\/script>\n\n<\/div><div id=\"panel-83-0-0-1\" class=\"so-panel widget widget_sow-editor\" data-index=\"1\" ><div class=\"so-widget-sow-editor so-widget-sow-editor-base\"><h3 class=\"widget-title\">Flosenburg i Hersbruck<\/h3>\n<div class=\"siteorigin-widget-tinymce textwidget\">\n\t<hr \/>\n<p style=\"padding-left: 30px; text-align: justify;\">Nakon Simpozijuma u Nirnbergu, 16. marta, u\u010desnici skupa su posetili Flosenburg Memorijal i Dokumentacioni centar Hersbruk u Nema\u010dkoj.<\/p>\n<p style=\"padding-left: 30px; text-align: justify;\">Koncentracioni logor Flosenburg osnovale su 1938. godine SS jedinice kao jedan od prvih radnih logora, s ciljem kori\u0161\u0107enja logora\u0161a za eksploataciju rude granita. Od 1942. godine je vec\u0301ina zatvorenika ipak radila u sektoru naoru\u017eanja i to ve\u0107inom u novouspostavljenim satelitskim logorima. Najvec\u0301i od tih satelitskih logora u Bavarskoj bio je koncentracioni logor Hersbruk, gde su zatvorenici radili na potkopavanju obli\u017enje planine. Iako je Flosenburg zami\u0161ljen kao radni logor, ekonomska razmatranja nisu bila u fokusu iskori\u0161tavanja zatvorenika, nego njihovo poni\u017eenje i uni\u0161tenje. U osam godina svog postojanja u Flosenburg i njegove satelitske logore internirano je 84.000 mu\u0161karaca i 16.000 \u017eena iz vi\u0161e od trideset zemalja. Oko 30.000 njih je umrlo pod nehumanim \u017eivotnim i radnim uslovima ili ih je SS ubila u logorima ili na smrtnim mar\u0161evima.<\/p>\n<p style=\"padding-left: 30px; text-align: justify;\">Tokom studijske posete Hersbruku grupu je vodio jedan od predstavnika organizacije Dokumentacionog centra Koncentracioni logor Hersbruk. Na mestu biv\u0161eg koncentracionog logora, koje danas ima drugu namenu, nalaze se informativne plo\u010de te jedna mala izlo\u017eba. U Flosenburgu zaposlenica Flosenburg Memorijala je vodila grupu preko terena i kroz stalnu izlo\u017ebu.<\/p>\n<\/div>\n<\/div><\/div><div id=\"panel-83-0-0-2\" class=\"so-panel widget widget_master-slider-main-widget master-slider-main-widget panel-last-child\" data-index=\"2\" >\n\t\t<!-- MasterSlider -->\n\t\t<div id=\"P_MS69f3b7e52ea6b\" class=\"master-slider-parent ms-parent-id-5\" style=\"\" >\n\n\t\t\t\n\t\t\t<!-- MasterSlider Main -->\n\t\t\t<div id=\"MS69f3b7e52ea6b\" class=\"master-slider ms-skin-light-6 round-skin\" >\n\t\t\t\t \t\t\t\t \n\t\t\t<div  class=\"ms-slide\" data-delay=\"3\" data-fill-mode=\"fill\"   >\n\t\t\t\t\t<img src=\"https:\/\/cieh-chre.org\/forcedlabourinserbia\/wp-content\/plugins\/masterslider\/public\/assets\/css\/blank.gif\" alt=\"{{title}}\" title=\"{{title}}\" data-src=\"{{image}}\" \/>\n\n\n\t\t\t\t<\/div>\n\n\t\t\t<\/div>\n\t\t\t<!-- END MasterSlider Main -->\n\n\t\t\t \n\t\t<\/div>\n\t\t<!-- END MasterSlider -->\n\n\t\t<script>\n\t\t( window.MSReady = window.MSReady || [] ).push( function( $ ) {\n\n\t\t\t\"use strict\";\n\t\t\tvar masterslider_ea6b = new MasterSlider();\n\n\t\t\t\/\/ slider controls\n\t\t\tmasterslider_ea6b.control('arrows'     ,{ autohide:true, overVideo:true  });\n\t\t\t\/\/ slider setup\n\t\t\tmasterslider_ea6b.setup(\"MS69f3b7e52ea6b\", {\n\t\t\t\twidth           : 1000,\n\t\t\t\theight          : 500,\n\t\t\t\tminHeight       : 0,\n\t\t\t\tspace           : 1,\n\t\t\t\tstart           : 11,\n\t\t\t\tgrabCursor      : true,\n\t\t\t\tswipe           : true,\n\t\t\t\tmouse           : true,\n\t\t\t\tkeyboard        : false,\n\t\t\t\tlayout          : \"fillwidth\",\n\t\t\t\twheel           : false,\n\t\t\t\tautoplay        : false,\n                instantStartLayers:false,\n\t\t\t\tmobileBGVideo:false,\n\t\t\t\tloop            : false,\n\t\t\t\tshuffle         : false,\n\t\t\t\tpreload         : 457,\n\t\t\t\theightLimit     : true,\n\t\t\t\tautoHeight      : false,\n\t\t\t\tsmoothHeight    : true,\n\t\t\t\tendPause        : false,\n\t\t\t\toverPause       : true,\n\t\t\t\tfillMode        : \"fill\",\n\t\t\t\tcenterControls  : true,\n\t\t\t\tstartOnAppear   : false,\n\t\t\t\tlayersMode      : \"center\",\n\t\t\t\tautofillTarget  : \"\",\n\t\t\t\thideLayers      : false,\n\t\t\t\tfullscreenMargin: 0,\n\t\t\t\tspeed           : 17,\n\t\t\t\tdir             : \"h\",\n\t\t\t\tresponsive      : true,\n\t\t\t\ttabletWidth     : 768,\n\t\t\t\ttabletHeight    : null,\n\t\t\t\tphoneWidth      : 480,\n\t\t\t\tphoneHeight    : null,\n\t\t\t\tsizingReference : window,\n\t\t\t\tparallaxMode    : 'swipe',\n\t\t\t\tdeepLink        : 'ms-1',\n\t\t\t\tdeepLinkType    : 'path',\n\t\t\t\tview            : \"fadeBasic\"\n\t\t\t});\n\n\t\t\tnew MSFlickrV2( masterslider_ea6b, { key:'de2fab0e6d9076a905dd9158abb41612', id:'72157689508404770', count:132182434, thumbSize:'s',imgSize:'c', type:'photoset' });\n\t\t\twindow.masterslider_instances = window.masterslider_instances || [];\n\t\t\twindow.masterslider_instances.push( masterslider_ea6b );\n\t\t});\n\t\t<\/script>\n\n<\/div><\/div><\/div><\/div>","protected":false},"excerpt":{"rendered":"<p>Nakon Simpozijuma u Nirnbergu, 16. marta, u\u010desnici skupa su posetili Flosenburg Memorijal i Dokumentacioni centar Hersbruk u Nema\u010dkoj.Koncentracioni logor Flosenburg osnovale su 1938. godine SS jedinice kao jedan od prvih [&hellip;]<\/p>\n","protected":false},"author":2,"featured_media":0,"parent":0,"menu_order":0,"comment_status":"closed","ping_status":"closed","template":"","meta":[],"acf":[],"wps_subtitle":"","_links":{"self":[{"href":"https:\/\/cieh-chre.org\/forcedlabourinserbia\/wp-json\/wp\/v2\/pages\/83"}],"collection":[{"href":"https:\/\/cieh-chre.org\/forcedlabourinserbia\/wp-json\/wp\/v2\/pages"}],"about":[{"href":"https:\/\/cieh-chre.org\/forcedlabourinserbia\/wp-json\/wp\/v2\/types\/page"}],"author":[{"embeddable":true,"href":"https:\/\/cieh-chre.org\/forcedlabourinserbia\/wp-json\/wp\/v2\/users\/2"}],"replies":[{"embeddable":true,"href":"https:\/\/cieh-chre.org\/forcedlabourinserbia\/wp-json\/wp\/v2\/comments?post=83"}],"version-history":[{"count":14,"href":"https:\/\/cieh-chre.org\/forcedlabourinserbia\/wp-json\/wp\/v2\/pages\/83\/revisions"}],"predecessor-version":[{"id":483,"href":"https:\/\/cieh-chre.org\/forcedlabourinserbia\/wp-json\/wp\/v2\/pages\/83\/revisions\/483"}],"wp:attachment":[{"href":"https:\/\/cieh-chre.org\/forcedlabourinserbia\/wp-json\/wp\/v2\/media?parent=83"}],"curies":[{"name":"wp","href":"https:\/\/api.w.org\/{rel}","templated":true}]}}