{"id":15,"date":"2018-11-16T20:30:59","date_gmt":"2018-11-16T20:30:59","guid":{"rendered":"http:\/\/cieh-chre.org\/porajmosinserbia\/?p=15"},"modified":"2021-07-19T02:11:58","modified_gmt":"2021-07-19T00:11:58","slug":"publikacija","status":"publish","type":"page","link":"https:\/\/cieh-chre.org\/porajmosinserbia\/publikacija\/","title":{"rendered":"Publication"},"content":{"rendered":"<div id=\"pl-15\"  class=\"panel-layout\" ><div id=\"pg-15-0\"  class=\"panel-grid panel-no-style\" ><div id=\"pgc-15-0-0\"  class=\"panel-grid-cell\" ><div id=\"panel-15-0-0-0\" class=\"so-panel widget widget_sow-editor panel-first-child\" data-index=\"0\" ><div class=\"so-widget-sow-editor so-widget-sow-editor-base\"><h3 class=\"widget-title\">\u201cD\u017eanes ko sem? - Do you know who I am?\u201d<\/h3>\n<div class=\"siteorigin-widget-tinymce textwidget\">\n\t<hr \/>\n<p><span style=\"color: #003366;\">Is an educational publication for use in teaching, offering the basic information on Roma culture, language, and history, with focus on Roma suffering during the World War Two, the genocide (Porajmos\/Samudaripen), and Roma rights in Serbia today. In this publication, you will also find group workshops on discrimination and human rights. In English, 72 pages, a free download PDF file with QR codes for mobile devices and active links to additional content. Creative Commons license. 26MB file, loading time cca 30 seconds.\u00a0<\/span><\/p>\n<hr \/>\n<\/div>\n<\/div><\/div><div id=\"panel-15-0-0-1\" class=\"so-panel widget widget_sow-editor panel-last-child\" data-index=\"1\" ><div class=\"so-widget-sow-editor so-widget-sow-editor-base\">\n<div class=\"siteorigin-widget-tinymce textwidget\">\n\t<a href=\"https:\/\/cieh-chre.org\/porajmosinserbia\/wp-content\/uploads\/sites\/7\/2019\/01\/Dzanes-ko-sem-EN-WEB-S7-compressed.pdf\" class=\"pdfemb-viewer\" style=\"\" data-width=\"max\" data-height=\"max\" data-mobile-width=\"500\"  data-scrollbar=\"vertical\" data-download=\"on\" data-tracking=\"on\" data-newwindow=\"on\" data-pagetextbox=\"off\" data-scrolltotop=\"off\" data-startzoom=\"100\" data-startfpzoom=\"100\" data-toolbar=\"bottom\" data-toolbar-fixed=\"on\">Dzanes ko sem-EN-WEB-S7-compressed<br\/><\/a>\n<p>\u00a0<\/p>\n<\/div>\n<\/div><\/div><\/div><\/div><div id=\"pg-15-1\"  class=\"panel-grid panel-no-style\" ><div id=\"pgc-15-1-0\"  class=\"panel-grid-cell\" ><div id=\"panel-15-1-0-0\" class=\"so-panel widget widget_sow-editor panel-first-child\" data-index=\"2\" ><div class=\"so-widget-sow-editor so-widget-sow-editor-base\"><h3 class=\"widget-title\">Foreword<\/h3>\n<div class=\"siteorigin-widget-tinymce textwidget\">\n\t<hr \/>\n<p><span style=\"color: #993300;\"><em>Sr\u0111an Hercigonja, forumZfD<\/em><\/span><\/p>\n<p><span style=\"color: #003366;\">In 2012, in Berlin\u2019s central Tiergarten park a memorial was unveiled in honor of the Roma and Sinti victims of National Socialism, that is, a memorial to the victims of Porajmos, which is the accepted, but also a contested name given to the genocide against the Roma and Sinti before and during World War II. Some forms of public commemoration of such a systematic elimination of Roma have been registered in Western Europe before, while the suffering of Roma in other countries has remained marginalized in collective memory as well as in contemporary historiography.<\/span><\/p>\n<p><span style=\"color: #003366;\">The aim of the partnership between the Belgrade-based Center for Holocaust Research and Education, ForumZFD in Serbia and Romanipen, which resulted in this publication, is to develop and use the new methodology in broaching the subject of genocide against Roma in the education curricula in Serbia, thus focusing more on history, but also on the present situation of one of the most marginalised groups in our society. Through this publication entitled \u201cD\u017eanes ko sem? - Do You Know Who I Am?\u201dauthors and implementers of this project provide support for teachers of humanities in primary and secondary schools in working with their students on issues related to genocide against Roma during World War II and discrimination of Roma in the contemporary society. Fostering critical thinking on the issue of Antigypsyism today, but also the emancipation of Roma in the educational system of Serbia have been identified as the project\u2019s indirect objectives.<\/span><\/p>\n<p><span style=\"color: #003366;\">This publication comprises six parts, which constitute the training material for the teachers of humanities-related to sensitive topics such as the mass crimes and genocide. The content focuses also on Roma history and culture. Finally, through the examples of workshops, it further develops the topics of stereotypes and prejudices and their connection with the mass crimes and genocide. The publication is issued in the Roma, Serbian, and English languages.<\/span><\/p>\n<p><span style=\"color: #003366;\">Milovan Pisarri is the editor and author of the history section. The recommendations for teachers and four workshops proposals have been developed by Nada Banjanin \u0110uri\u010di\u0107, while Sla\u0111ana Miladinovi\u0107 and Bo\u017eidar Nikoli\u0107 are the authors of the text on the language and culture of Roma. Marijana Stoj\u010di\u0107 worked on this publication as a consulting expert.<\/span><\/p>\n<p><span style=\"color: #003366;\">This publication was realized through the generous support of forum ZfD, International Alliance for Holocaust Remembrance - IHRA within the scope of the project \u201cPorajmos in Serbia - Mapping the Past, Changing the Future\u201d, and the Ministry of Culture and Information of the Republic of Serbia.<\/span><\/p>\n<\/div>\n<\/div><\/div><div id=\"panel-15-1-0-1\" class=\"so-panel widget widget_sow-editor panel-last-child\" data-index=\"3\" ><div class=\"so-widget-sow-editor so-widget-sow-editor-base\">\n<div class=\"siteorigin-widget-tinymce textwidget\">\n\t<hr \/>\n<p><span style=\"color: #003366;\">Web edition<\/span><br \/><span style=\"color: #003366;\"> Belgrade, 2018<\/span><br \/><span style=\"color: #003366;\"> ISBN 978-86-81246-02-3<\/span><\/p>\n<p><span style=\"color: #003366;\">All contributions express the views of the authors, not necessarily of the editors or CHRE.<\/span><\/p>\n<p><span style=\"color: #003366;\">This publication is subject to copyright and is distributed under the terms of the following<\/span><\/p>\n<p><span style=\"color: #003366;\">Creative Commons license:<\/span><\/p>\n<p><span style=\"color: #993300;\"><a style=\"color: #993300;\" href=\"https:\/\/creativecommons.org\/licenses\/by-nc-nd\/3.0\/\">Attribution-NonCommercial-NoDerivs 3.0 Unported (CC BY-NC-ND 3.0)<\/a><\/span><\/p>\n<p><span style=\"color: #003366;\">For use outside the scope of the license, please contact:<\/span><\/p>\n<p><span style=\"color: #003366;\">Center for Holocaust Research and Education:<\/span><\/p>\n<p><span style=\"color: #993300;\"><a style=\"color: #993300;\" href=\"www.cieh-chre.org\">www.cieh-chre.org<\/a><\/span><\/p>\n<p><span style=\"color: #993300;\"><a style=\"color: #993300;\" href=\"cieh1chre@gmail.com\">cieh1chre@gmail.com<\/a><\/span><\/p>\n<p><span style=\"color: #003366;\">+38163247856<\/span><\/p>\n<\/div>\n<\/div><\/div><\/div><div id=\"pgc-15-1-1\"  class=\"panel-grid-cell\" ><div id=\"panel-15-1-1-0\" class=\"so-panel widget widget_sow-editor panel-first-child panel-last-child\" data-index=\"4\" ><div class=\"so-widget-sow-editor so-widget-sow-editor-base\"><h3 class=\"widget-title\">Impressum<\/h3>\n<div class=\"siteorigin-widget-tinymce textwidget\">\n\t<hr \/>\n<p><span style=\"font-size: 12pt;\"><strong><span style=\"color: #003366;\">D\u017eanes ko sem?<\/span><\/strong><\/span><br \/> <span style=\"color: #003366; font-size: 12pt;\">(Do you know who I am?)<\/span><\/p>\n<p><span style=\"color: #993300; font-size: 10pt;\">Educational materials<\/span><br \/> <span style=\"color: #993300; font-size: 10pt;\">about the genocide<\/span><br \/> <span style=\"color: #993300; font-size: 10pt;\">against the Roma<\/span><br \/> <span style=\"color: #993300; font-size: 10pt;\">during World War II<\/span><br \/> <span style=\"color: #993300; font-size: 10pt;\">and antigypsyism<\/span><br \/> <span style=\"color: #993300; font-size: 10pt;\">in Serbia<\/span><\/p>\n<p>\u00a0<\/p>\n<p><span style=\"font-size: 10pt; color: #993300;\">Publisher: <\/span><\/p>\n<p><span style=\"font-size: 10pt;\"><span style=\"color: #003366;\">Center for <\/span>Holocaust<span style=\"color: #003366;\"> Research and Education<\/span><\/span><\/p>\n<p><span style=\"color: #993300; font-size: 10pt;\">For the publisher: <\/span><\/p>\n<p><span style=\"color: #003366; font-size: 10pt;\">Nikola Radi\u0107<\/span><\/p>\n<p><span style=\"color: #993300; font-size: 10pt;\">Editor: <\/span><\/p>\n<p><span style=\"color: #003366; font-size: 10pt;\">Milovan Pisarri<\/span><\/p>\n<p><span style=\"color: #993300; font-size: 10pt;\">Authors: <\/span><\/p>\n<p><span style=\"color: #003366; font-size: 10pt;\">Nada Banjanin Djuri\u010di\u0107, <\/span><\/p>\n<p><span style=\"color: #003366; font-size: 10pt;\">Sla\u0111ana Miladinovi\u0107,<\/span><\/p>\n<p><span style=\"color: #003366; font-size: 10pt;\">Bo\u017eidar Nikoli\u0107, <\/span><\/p>\n<p><span style=\"color: #003366; font-size: 10pt;\">Milovan Pisarri<\/span><\/p>\n<p><span style=\"color: #993300; font-size: 10pt;\">Coordinators: <\/span><\/p>\n<p><span style=\"color: #003366; font-size: 10pt;\">Milica Cime\u0161a, <\/span><\/p>\n<p><span style=\"color: #003366; font-size: 10pt;\">Sr\u0111an Hercigonja<\/span><\/p>\n<p><span style=\"color: #993300; font-size: 10pt;\">Consulting expert: <\/span><\/p>\n<p><span style=\"color: #003366; font-size: 10pt;\">Marijana Stoj\u010di\u0107<\/span><\/p>\n<p><span style=\"color: #993300; font-size: 10pt;\">Translation into English: <\/span><\/p>\n<p><span style=\"color: #003366; font-size: 10pt;\">Irena \u017dnidar\u0161i\u0107 - Trbojevi\u0107<\/span><\/p>\n<p><span style=\"color: #993300; font-size: 10pt;\">Translation into Romani: <\/span><\/p>\n<p><span style=\"color: #003366; font-size: 10pt;\">Maja Jovanovi\u0107, <\/span><\/p>\n<p><span style=\"color: #003366; font-size: 10pt;\">Rajko Jovanovi\u0107<\/span><\/p>\n<p><span style=\"color: #993300; font-size: 10pt;\">Proofreading and editing: <\/span><\/p>\n<p><span style=\"color: #003366; font-size: 10pt;\">Hristina Piskulidis<\/span><\/p>\n<p><span style=\"color: #993300; font-size: 10pt;\">Design and illustration: <\/span><\/p>\n<p><span style=\"color: #003366; font-size: 10pt;\">Nikola Radi\u0107<\/span><\/p>\n<p>\u00a0<\/p>\n<\/div>\n<\/div><\/div><\/div><\/div><div id=\"pg-15-2\"  class=\"panel-grid panel-no-style\" ><div id=\"pgc-15-2-0\"  class=\"panel-grid-cell\" ><div id=\"panel-15-2-0-0\" class=\"so-panel widget widget_sow-editor panel-first-child panel-last-child\" data-index=\"5\" ><div class=\"so-widget-sow-editor so-widget-sow-editor-base\">\n<div class=\"siteorigin-widget-tinymce textwidget\">\n\t<p><span style=\"color: #003366;\">Project partners:<\/span><\/p>\n<hr \/>\n\t\t\t<style>\r\n                #foogallery-gallery-725.fg-justified .fg-item {\r\n                    margin-right: 1px;\r\n                    margin-bottom: 1px;\r\n                }\r\n\r\n                #foogallery-gallery-725.fg-justified .fg-image {\r\n                    height: 70px;\r\n                }\r\n\t\t\t<\/style>\r\n\t\t\t<div class=\"foogallery foogallery-container foogallery-justified foogallery-lightbox-none fg-justified fg-light fg-loaded-fade-in fg-hover-fade fg-ready\" id=\"foogallery-gallery-725\" data-foogallery=\"{&quot;item&quot;:{&quot;showCaptionTitle&quot;:true,&quot;showCaptionDescription&quot;:true},&quot;lazy&quot;:true,&quot;template&quot;:{&quot;rowHeight&quot;:70,&quot;maxRowHeight&quot;:140,&quot;margins&quot;:1,&quot;align&quot;:&quot;center&quot;,&quot;lastRow&quot;:&quot;smart&quot;}}\" >\r\n\t<div class=\"fg-item fg-type-image fg-idle\"><figure class=\"fg-item-inner\"><a href=\"http:\/\/www.cieh-chre.org\" target=\"_blank\" data-attachment-id=\"717\" class=\"fg-thumb\"><span class=\"fg-image-wrap\"><img height=\"140\" width=\"339.11111111111\" class=\"skip-lazy fg-image\" data-src-fg=\"https:\/\/cieh-chre.org\/porajmosinserbia\/wp-content\/uploads\/sites\/7\/2018\/12\/CHRE-logo-e-e1544266420249.png\" src=\"data:image\/svg+xml,%3Csvg%20xmlns%3D%22http%3A%2F%2Fwww.w3.org%2F2000%2Fsvg%22%20width%3D%22339.11111111111%22%20height%3D%22140%22%20viewBox%3D%220%200%20339.11111111111%20140%22%3E%3C%2Fsvg%3E\"><\/span><span class=\"fg-image-overlay\"><\/span><\/a><figcaption class=\"fg-caption\"><div class=\"fg-caption-inner\"><\/div><\/figcaption><\/figure><div class=\"fg-loader\"><\/div><\/div><div class=\"fg-item fg-type-image fg-idle\"><figure class=\"fg-item-inner\"><a href=\"http:\/\/www.romanipen.org.rs\/\" target=\"_blank\" data-attachment-id=\"936\" class=\"fg-thumb\"><span class=\"fg-image-wrap\"><img height=\"140\" width=\"450\" class=\"skip-lazy fg-image\" data-src-fg=\"https:\/\/cieh-chre.org\/porajmosinserbia\/wp-content\/uploads\/sites\/7\/2018\/12\/rromanipen-logo-copy-H70.png\" src=\"data:image\/svg+xml,%3Csvg%20xmlns%3D%22http%3A%2F%2Fwww.w3.org%2F2000%2Fsvg%22%20width%3D%22450%22%20height%3D%22140%22%20viewBox%3D%220%200%20450%20140%22%3E%3C%2Fsvg%3E\"><\/span><span class=\"fg-image-overlay\"><\/span><\/a><figcaption class=\"fg-caption\"><div class=\"fg-caption-inner\"><\/div><\/figcaption><\/figure><div class=\"fg-loader\"><\/div><\/div><div class=\"fg-item fg-type-image fg-idle\"><figure class=\"fg-item-inner\"><a href=\"https:\/\/www.geogis.org\/\" data-attachment-id=\"1279\" class=\"fg-thumb\"><span class=\"fg-image-wrap\"><img height=\"140\" width=\"140\" class=\"skip-lazy fg-image\" data-src-fg=\"https:\/\/cieh-chre.org\/porajmosinserbia\/wp-content\/uploads\/sites\/7\/2021\/07\/logo-light-bg.jpg\" src=\"data:image\/svg+xml,%3Csvg%20xmlns%3D%22http%3A%2F%2Fwww.w3.org%2F2000%2Fsvg%22%20width%3D%22140%22%20height%3D%22140%22%20viewBox%3D%220%200%20140%20140%22%3E%3C%2Fsvg%3E\"><\/span><span class=\"fg-image-overlay\"><\/span><\/a><figcaption class=\"fg-caption\"><div class=\"fg-caption-inner\"><\/div><\/figcaption><\/figure><div class=\"fg-loader\"><\/div><\/div><div class=\"fg-item fg-type-image fg-idle\"><figure class=\"fg-item-inner\"><a href=\"https:\/\/www.teamcad.rs\/index.php\/srb\/\" data-attachment-id=\"1280\" class=\"fg-thumb\"><span class=\"fg-image-wrap\"><img height=\"140\" width=\"359.33333333333\" class=\"skip-lazy fg-image\" data-src-fg=\"https:\/\/cieh-chre.org\/porajmosinserbia\/wp-content\/uploads\/sites\/7\/2021\/07\/LOGO_TeamCAD_logo.png\" src=\"data:image\/svg+xml,%3Csvg%20xmlns%3D%22http%3A%2F%2Fwww.w3.org%2F2000%2Fsvg%22%20width%3D%22359.33333333333%22%20height%3D%22140%22%20viewBox%3D%220%200%20359.33333333333%20140%22%3E%3C%2Fsvg%3E\"><\/span><span class=\"fg-image-overlay\"><\/span><\/a><figcaption class=\"fg-caption\"><div class=\"fg-caption-inner\"><\/div><\/figcaption><\/figure><div class=\"fg-loader\"><\/div><\/div><\/div>\r\n\n<\/div>\n<\/div><\/div><\/div><div id=\"pgc-15-2-1\"  class=\"panel-grid-cell\" ><div id=\"panel-15-2-1-0\" class=\"so-panel widget widget_sow-editor panel-first-child panel-last-child\" data-index=\"6\" ><div class=\"so-widget-sow-editor so-widget-sow-editor-base\">\n<div class=\"siteorigin-widget-tinymce textwidget\">\n\t<p><span style=\"color: #003366;\">Project supported by:<\/span><\/p>\n<hr \/>\n\t\t\t<style>\r\n                #foogallery-gallery-722.fg-justified .fg-item {\r\n                    margin-right: 1px;\r\n                    margin-bottom: 1px;\r\n                }\r\n\r\n                #foogallery-gallery-722.fg-justified .fg-image {\r\n                    height: 70px;\r\n                }\r\n\t\t\t<\/style>\r\n\t\t\t<div class=\"foogallery foogallery-container foogallery-justified foogallery-lightbox-none fg-justified fg-light fg-loaded-fade-in fg-hover-fade fg-ready\" id=\"foogallery-gallery-722\" data-foogallery=\"{&quot;item&quot;:{&quot;showCaptionTitle&quot;:true,&quot;showCaptionDescription&quot;:true},&quot;lazy&quot;:true,&quot;template&quot;:{&quot;rowHeight&quot;:70,&quot;maxRowHeight&quot;:140,&quot;margins&quot;:1,&quot;align&quot;:&quot;center&quot;,&quot;lastRow&quot;:&quot;smart&quot;}}\" >\r\n\t<div class=\"fg-item fg-type-image fg-idle\"><figure class=\"fg-item-inner\"><a href=\"https:\/\/holocaustremembrance.com\/\" target=\"_blank\" data-attachment-id=\"721\" class=\"fg-thumb\"><span class=\"fg-image-wrap\"><img height=\"140\" width=\"144\" class=\"skip-lazy fg-image\" data-src-fg=\"https:\/\/cieh-chre.org\/porajmosinserbia\/wp-content\/uploads\/sites\/7\/cache\/2018\/12\/IHRA-LOGO-e1544235284936\/1588421938.png\" src=\"data:image\/svg+xml,%3Csvg%20xmlns%3D%22http%3A%2F%2Fwww.w3.org%2F2000%2Fsvg%22%20width%3D%22144%22%20height%3D%22140%22%20viewBox%3D%220%200%20144%20140%22%3E%3C%2Fsvg%3E\"><\/span><span class=\"fg-image-overlay\"><\/span><\/a><figcaption class=\"fg-caption\"><div class=\"fg-caption-inner\"><\/div><\/figcaption><\/figure><div class=\"fg-loader\"><\/div><\/div><div class=\"fg-item fg-type-image fg-idle\"><figure class=\"fg-item-inner\"><a href=\"http:\/\/www.kultura.gov.rs\/\" target=\"_blank\" data-attachment-id=\"755\" class=\"fg-thumb\"><span class=\"fg-image-wrap\"><img height=\"140\" width=\"249.2\" class=\"skip-lazy fg-image\" data-src-fg=\"https:\/\/cieh-chre.org\/porajmosinserbia\/wp-content\/uploads\/sites\/7\/2018\/12\/ministarstvo_kulture-i-informisanja.png\" src=\"data:image\/svg+xml,%3Csvg%20xmlns%3D%22http%3A%2F%2Fwww.w3.org%2F2000%2Fsvg%22%20width%3D%22249.2%22%20height%3D%22140%22%20viewBox%3D%220%200%20249.2%20140%22%3E%3C%2Fsvg%3E\"><\/span><span class=\"fg-image-overlay\"><\/span><\/a><figcaption class=\"fg-caption\"><div class=\"fg-caption-inner\"><\/div><\/figcaption><\/figure><div class=\"fg-loader\"><\/div><\/div><div class=\"fg-item fg-type-image fg-idle\"><figure class=\"fg-item-inner\"><a href=\"https:\/\/www.forumzfd.de\/en\/western-balkans\" target=\"_blank\" data-attachment-id=\"933\" class=\"fg-thumb\"><span class=\"fg-image-wrap\"><img height=\"140\" width=\"106\" class=\"skip-lazy fg-image\" data-src-fg=\"https:\/\/cieh-chre.org\/porajmosinserbia\/wp-content\/uploads\/sites\/7\/2018\/12\/forumZFD-blue-H70.png\" src=\"data:image\/svg+xml,%3Csvg%20xmlns%3D%22http%3A%2F%2Fwww.w3.org%2F2000%2Fsvg%22%20width%3D%22106%22%20height%3D%22140%22%20viewBox%3D%220%200%20106%20140%22%3E%3C%2Fsvg%3E\"><\/span><span class=\"fg-image-overlay\"><\/span><\/a><figcaption class=\"fg-caption\"><div class=\"fg-caption-inner\"><\/div><\/figcaption><\/figure><div class=\"fg-loader\"><\/div><\/div><\/div>\r\n\n<\/div>\n<\/div><\/div><\/div><\/div><div id=\"pg-15-3\"  class=\"panel-grid panel-no-style\" ><div id=\"pgc-15-3-0\"  class=\"panel-grid-cell\" ><div id=\"panel-15-3-0-0\" class=\"so-panel widget widget_sow-editor panel-first-child\" data-index=\"7\" ><div class=\"so-widget-sow-editor so-widget-sow-editor-base\">\n<div class=\"siteorigin-widget-tinymce textwidget\">\n\t<hr \/>\n<p style=\"text-align: center;\"><span style=\"color: #003366;\">Contact: Center for Holocaust Research and Education - CHRE, <\/span><span style=\"color: #003366;\">tel: <span style=\"color: #993300;\">+38163247856<\/span>, e-mail: <span style=\"color: #993300;\"><a style=\"color: #993300;\" href=\"mailto:\/\/cieh1chre@gmail.com\" target=\"_blank\" rel=\"noopener noreferrer\">cieh1chre@gmail.com<\/a><\/span> web: <span style=\"color: #993300;\"><a style=\"color: #993300;\" href=\"www.cieh-chre.org\" target=\"_blank\" rel=\"noopener noreferrer\">www.cieh-chre.org<\/a><\/span><\/span><\/p>\n<hr \/>\n<\/div>\n<\/div><\/div><div id=\"panel-15-3-0-1\" class=\"so-panel widget widget_sow-editor panel-last-child\" data-index=\"8\" ><div class=\"so-widget-sow-editor so-widget-sow-editor-base\">\n<div class=\"siteorigin-widget-tinymce textwidget\">\n\t<p style=\"text-align: center;\"><span style=\"font-size: 8pt; color: #003366;\">*\u00a0All parts of this website and project are the intellectual property of their authors, partner organizations and companies whose software and licenses\u00a0and are used on the website, and as such enjoy the legal protection, so no third party can use them without the explicit permission of the authors. (This relates in particular to the concepts, methods and structural elements of the website, map, exhibitions, texts, and visual materials, but is not limited to, and does not exclude other derivatives and authors rights associated with them.) The use of the publication is governed by the Creative Commons license stated on the publication which is free to download.<\/span><\/p>\n<hr \/>\n<\/div>\n<\/div><\/div><\/div><\/div><\/div>","protected":false},"excerpt":{"rendered":"<p>Is an educational publication for use in teaching, offering the basic information on Roma culture, language, and history, with focus on Roma suffering during the World War Two, the genocide [&hellip;]<\/p>\n","protected":false},"author":2,"featured_media":0,"parent":0,"menu_order":0,"comment_status":"closed","ping_status":"closed","template":"page-fullwidth.php","meta":[],"acf":[],"wps_subtitle":"","_links":{"self":[{"href":"https:\/\/cieh-chre.org\/porajmosinserbia\/wp-json\/wp\/v2\/pages\/15"}],"collection":[{"href":"https:\/\/cieh-chre.org\/porajmosinserbia\/wp-json\/wp\/v2\/pages"}],"about":[{"href":"https:\/\/cieh-chre.org\/porajmosinserbia\/wp-json\/wp\/v2\/types\/page"}],"author":[{"embeddable":true,"href":"https:\/\/cieh-chre.org\/porajmosinserbia\/wp-json\/wp\/v2\/users\/2"}],"replies":[{"embeddable":true,"href":"https:\/\/cieh-chre.org\/porajmosinserbia\/wp-json\/wp\/v2\/comments?post=15"}],"version-history":[{"count":78,"href":"https:\/\/cieh-chre.org\/porajmosinserbia\/wp-json\/wp\/v2\/pages\/15\/revisions"}],"predecessor-version":[{"id":1300,"href":"https:\/\/cieh-chre.org\/porajmosinserbia\/wp-json\/wp\/v2\/pages\/15\/revisions\/1300"}],"wp:attachment":[{"href":"https:\/\/cieh-chre.org\/porajmosinserbia\/wp-json\/wp\/v2\/media?parent=15"}],"curies":[{"name":"wp","href":"https:\/\/api.w.org\/{rel}","templated":true}]}}