{"id":845,"date":"2018-12-10T22:20:26","date_gmt":"2018-12-10T21:20:26","guid":{"rendered":"http:\/\/cieh-chre.org\/porajmosinserbia\/?page_id=845"},"modified":"2021-07-19T02:20:19","modified_gmt":"2021-07-19T00:20:19","slug":"dusan-jovanovic","status":"publish","type":"page","link":"https:\/\/cieh-chre.org\/porajmosinserbia\/dusan-jovanovic\/","title":{"rendered":"Du\u0161an Jovanovi\u0107"},"content":{"rendered":"<div id=\"pl-845\"  class=\"panel-layout\" ><div id=\"pg-845-0\"  class=\"panel-grid panel-no-style\" ><div id=\"pgc-845-0-0\"  class=\"panel-grid-cell\" ><div id=\"panel-845-0-0-0\" class=\"so-panel widget widget_sow-editor panel-first-child\" data-index=\"0\" ><div class=\"so-widget-sow-editor so-widget-sow-editor-base\"><h3 class=\"widget-title\">Du\u0161an Jovanovi\u0107<\/h3>\n<div class=\"siteorigin-widget-tinymce textwidget\">\n\t<hr \/>\n<p><span style=\"color: #003366;\">Dusan Jovanovic, a thirteen-year-old Roma boy was beaten to death on 18 October 1997 in the center of Belgrade, at No. 30 Beogradska street, next to the house where he lived with his family. He was killed by two skinheads, Milan Cujic and Istvan Fendrik from Zemun, minors at the time. On his last evening, Dusan Jovanovic went to a drugstore to buy juice and was beaten on his way back by four of angry thugs with shaven heads. They used fists and a dismantled gutter and then kept kicking him as he lay on the ground. The judicial epilogue included maximum prison sentences for older juveniles Cujic and Fendrik of ten years in prison, of which they served six. Their sentence was reduced by a special decision of the District Court in Belgrade. The two other thugs were not prosecuted.<\/span><\/p>\n<hr \/>\n<\/div>\n<\/div><\/div><div id=\"panel-845-0-0-1\" class=\"so-panel widget widget_foogallery_widget foogallery_widget\" data-index=\"1\" ><style type=\"text\/css\">\r\n\t#foogallery-gallery-844 .fg-image {\r\n        width: 370px;\r\n    }\r\n<\/style>\r\n\t\t\t\t<div class=\"foogallery foogallery-container foogallery-default foogallery-lightbox-foobox fg-gutter-10 fg-center fg-default fg-light fg-border-thin fg-loaded-fade-in fg-hover-fade fg-ready\" id=\"foogallery-gallery-844\" data-foogallery=\"{&quot;item&quot;:{&quot;showCaptionTitle&quot;:false,&quot;showCaptionDescription&quot;:false},&quot;lazy&quot;:true}\" >\r\n\t<div class=\"fg-item fg-type-image fg-idle\"><figure class=\"fg-item-inner\"><a href=\"https:\/\/cieh-chre.org\/porajmosinserbia\/wp-content\/uploads\/sites\/7\/2018\/12\/MG_1226.jpg\" data-attachment-id=\"841\" class=\"fg-thumb\"><span class=\"fg-image-wrap\"><img width=\"370\" height=\"250\" class=\"skip-lazy fg-image\" data-src-fg=\"https:\/\/cieh-chre.org\/porajmosinserbia\/wp-content\/uploads\/sites\/7\/cache\/2018\/12\/MG_1226\/3363382640.jpg\" src=\"data:image\/svg+xml,%3Csvg%20xmlns%3D%22http%3A%2F%2Fwww.w3.org%2F2000%2Fsvg%22%20width%3D%22370%22%20height%3D%22250%22%20viewBox%3D%220%200%20370%20250%22%3E%3C%2Fsvg%3E\"><\/span><span class=\"fg-image-overlay\"><\/span><\/a><figcaption class=\"fg-caption\"><div class=\"fg-caption-inner\"><\/div><\/figcaption><\/figure><div class=\"fg-loader\"><\/div><\/div><div class=\"fg-item fg-type-image fg-idle\"><figure class=\"fg-item-inner\"><a href=\"https:\/\/cieh-chre.org\/porajmosinserbia\/wp-content\/uploads\/sites\/7\/2018\/12\/MG_1242.jpg\" data-attachment-id=\"843\" class=\"fg-thumb\"><span class=\"fg-image-wrap\"><img width=\"370\" height=\"250\" class=\"skip-lazy fg-image\" data-src-fg=\"https:\/\/cieh-chre.org\/porajmosinserbia\/wp-content\/uploads\/sites\/7\/cache\/2018\/12\/MG_1242\/3795877668.jpg\" src=\"data:image\/svg+xml,%3Csvg%20xmlns%3D%22http%3A%2F%2Fwww.w3.org%2F2000%2Fsvg%22%20width%3D%22370%22%20height%3D%22250%22%20viewBox%3D%220%200%20370%20250%22%3E%3C%2Fsvg%3E\"><\/span><span class=\"fg-image-overlay\"><\/span><\/a><figcaption class=\"fg-caption\"><div class=\"fg-caption-inner\"><\/div><\/figcaption><\/figure><div class=\"fg-loader\"><\/div><\/div><div class=\"fg-item fg-type-image fg-idle\"><figure class=\"fg-item-inner\"><a href=\"https:\/\/cieh-chre.org\/porajmosinserbia\/wp-content\/uploads\/sites\/7\/2018\/12\/MG_1229.jpg\" data-attachment-id=\"842\" class=\"fg-thumb\"><span class=\"fg-image-wrap\"><img width=\"370\" height=\"250\" class=\"skip-lazy fg-image\" data-src-fg=\"https:\/\/cieh-chre.org\/porajmosinserbia\/wp-content\/uploads\/sites\/7\/cache\/2018\/12\/MG_1229\/2726595690.jpg\" src=\"data:image\/svg+xml,%3Csvg%20xmlns%3D%22http%3A%2F%2Fwww.w3.org%2F2000%2Fsvg%22%20width%3D%22370%22%20height%3D%22250%22%20viewBox%3D%220%200%20370%20250%22%3E%3C%2Fsvg%3E\"><\/span><span class=\"fg-image-overlay\"><\/span><\/a><figcaption class=\"fg-caption\"><div class=\"fg-caption-inner\"><\/div><\/figcaption><\/figure><div class=\"fg-loader\"><\/div><\/div><\/div>\r\n<\/div><div id=\"panel-845-0-0-2\" class=\"so-panel widget widget_sow-editor panel-last-child\" data-index=\"2\" ><div class=\"so-widget-sow-editor so-widget-sow-editor-base\">\n<div class=\"siteorigin-widget-tinymce textwidget\">\n\t<hr \/>\n<blockquote>\n<p><span style=\"color: #003366;\">The tragic murder of Dusan Jovanovic pointed to the connection between the neonazi ideology and the skinheads\u2019 practices. This is also the subject of the book entitled \u201cThey Killed his Eyes\u201d by\u00a0Dragoljub Ackovi\u0107 \u201cWe haven\u2019t had a racially motivated murder for fifty years in this area, someone said in the past month that shook the Roma community. It is true, the only thing is that the person who said it forgot (probably intentionally) to add the word publiclyto this assertion. For there have definitely been racially motivated murders in this area, meaning in Belgrade and Serbia. They have happened but they have all been classified in all other ways, rather than on racial grounds\u201d.\u00a0<\/span><\/p>\n<\/blockquote>\n<p><span style=\"color: #003366;\">On the tenth anniversary of the crime, a memorial plaque was placed on the site where the boy was killed. The people have gradually stopped talking about the anniversary of the murder and about one of many important reasons why the society should deal with the deep problems of racism, hatred, and violence, especially among young people. Most of the media ceremoniously marked the murder anniversary in 2013 and it has since then rarely been mentioned.<\/span><\/p>\n<blockquote>\n<p><span style=\"color: #003366;\">In an interview given in November 2010, Vojin Dimitrijevi\u0107 (Director of Belgrade Centre for Human Rights), had stated: \u201cMembers of minority groups are victims of the culture of violence that was enthroned in the nineties. Let me recall young Dusan Jovanovic, who was killed in 1997 just for being Roma, the famous actor Dragan Maksimovic, who was beaten to death in 2000 because they thought that he was a Roma, Dejan Nebrigic, who died in 1999 in Pancevo, following a series of threats he received as a gay and peace activist, Zivorad Siskovic, a sixty-year old boxing coach, who lost his life in 2002 while trying to protect a Chinese fan from the mob which found him to be a nuisance just for being racially different.\u201d<\/span><\/p>\n<\/blockquote>\n<p><span style=\"color: #003366;\">The shop selling religious books and artifacts in front of which Du\u0161an was murdered still sells nationalist and antisemitic literature. Father and sister of Du\u0161an Jovanovi\u0107 have moved since to <\/span>Orlovsko naselje<span style=\"color: #003366;\"> where they still live, and one of the streets bears Du\u0161an's name. The families Jovanovi\u0107 and Deki\u0107 are keeping the memory of Du\u0161an and his mother alive.\u00a0<\/span><\/p>\n<hr \/>\n<\/div>\n<\/div><\/div><\/div><\/div><div id=\"pg-845-1\"  class=\"panel-grid panel-no-style\" ><div id=\"pgc-845-1-0\"  class=\"panel-grid-cell\" ><div id=\"panel-845-1-0-0\" class=\"so-panel widget widget_sow-editor panel-first-child panel-last-child\" data-index=\"3\" ><div class=\"so-widget-sow-editor so-widget-sow-editor-base\">\n<div class=\"siteorigin-widget-tinymce textwidget\">\n\t<p><span style=\"color: #003366;\">Project partners:<\/span><\/p>\n<hr \/>\n\t\t\t<style>\r\n                #foogallery-gallery-725.fg-justified .fg-item {\r\n                    margin-right: 1px;\r\n                    margin-bottom: 1px;\r\n                }\r\n\r\n                #foogallery-gallery-725.fg-justified .fg-image {\r\n                    height: 70px;\r\n                }\r\n\t\t\t<\/style>\r\n\t\t\t<div class=\"foogallery foogallery-container foogallery-justified foogallery-lightbox-none fg-justified fg-light fg-loaded-fade-in fg-hover-fade fg-ready\" id=\"foogallery-gallery-725\" data-foogallery=\"{&quot;item&quot;:{&quot;showCaptionTitle&quot;:true,&quot;showCaptionDescription&quot;:true},&quot;lazy&quot;:true,&quot;template&quot;:{&quot;rowHeight&quot;:70,&quot;maxRowHeight&quot;:140,&quot;margins&quot;:1,&quot;align&quot;:&quot;center&quot;,&quot;lastRow&quot;:&quot;smart&quot;}}\" >\r\n\t<div class=\"fg-item fg-type-image fg-idle\"><figure class=\"fg-item-inner\"><a href=\"http:\/\/www.cieh-chre.org\" target=\"_blank\" data-attachment-id=\"717\" class=\"fg-thumb\"><span class=\"fg-image-wrap\"><img height=\"140\" width=\"339.11111111111\" class=\"skip-lazy fg-image\" data-src-fg=\"https:\/\/cieh-chre.org\/porajmosinserbia\/wp-content\/uploads\/sites\/7\/2018\/12\/CHRE-logo-e-e1544266420249.png\" src=\"data:image\/svg+xml,%3Csvg%20xmlns%3D%22http%3A%2F%2Fwww.w3.org%2F2000%2Fsvg%22%20width%3D%22339.11111111111%22%20height%3D%22140%22%20viewBox%3D%220%200%20339.11111111111%20140%22%3E%3C%2Fsvg%3E\"><\/span><span class=\"fg-image-overlay\"><\/span><\/a><figcaption class=\"fg-caption\"><div class=\"fg-caption-inner\"><\/div><\/figcaption><\/figure><div class=\"fg-loader\"><\/div><\/div><div class=\"fg-item fg-type-image fg-idle\"><figure class=\"fg-item-inner\"><a href=\"http:\/\/www.romanipen.org.rs\/\" target=\"_blank\" data-attachment-id=\"936\" class=\"fg-thumb\"><span class=\"fg-image-wrap\"><img height=\"140\" width=\"450\" class=\"skip-lazy fg-image\" data-src-fg=\"https:\/\/cieh-chre.org\/porajmosinserbia\/wp-content\/uploads\/sites\/7\/2018\/12\/rromanipen-logo-copy-H70.png\" src=\"data:image\/svg+xml,%3Csvg%20xmlns%3D%22http%3A%2F%2Fwww.w3.org%2F2000%2Fsvg%22%20width%3D%22450%22%20height%3D%22140%22%20viewBox%3D%220%200%20450%20140%22%3E%3C%2Fsvg%3E\"><\/span><span class=\"fg-image-overlay\"><\/span><\/a><figcaption class=\"fg-caption\"><div class=\"fg-caption-inner\"><\/div><\/figcaption><\/figure><div class=\"fg-loader\"><\/div><\/div><div class=\"fg-item fg-type-image fg-idle\"><figure class=\"fg-item-inner\"><a href=\"https:\/\/www.geogis.org\/\" data-attachment-id=\"1279\" class=\"fg-thumb\"><span class=\"fg-image-wrap\"><img height=\"140\" width=\"140\" class=\"skip-lazy fg-image\" data-src-fg=\"https:\/\/cieh-chre.org\/porajmosinserbia\/wp-content\/uploads\/sites\/7\/2021\/07\/logo-light-bg.jpg\" src=\"data:image\/svg+xml,%3Csvg%20xmlns%3D%22http%3A%2F%2Fwww.w3.org%2F2000%2Fsvg%22%20width%3D%22140%22%20height%3D%22140%22%20viewBox%3D%220%200%20140%20140%22%3E%3C%2Fsvg%3E\"><\/span><span class=\"fg-image-overlay\"><\/span><\/a><figcaption class=\"fg-caption\"><div class=\"fg-caption-inner\"><\/div><\/figcaption><\/figure><div class=\"fg-loader\"><\/div><\/div><div class=\"fg-item fg-type-image fg-idle\"><figure class=\"fg-item-inner\"><a href=\"https:\/\/www.teamcad.rs\/index.php\/srb\/\" data-attachment-id=\"1280\" class=\"fg-thumb\"><span class=\"fg-image-wrap\"><img height=\"140\" width=\"359.33333333333\" class=\"skip-lazy fg-image\" data-src-fg=\"https:\/\/cieh-chre.org\/porajmosinserbia\/wp-content\/uploads\/sites\/7\/2021\/07\/LOGO_TeamCAD_logo.png\" src=\"data:image\/svg+xml,%3Csvg%20xmlns%3D%22http%3A%2F%2Fwww.w3.org%2F2000%2Fsvg%22%20width%3D%22359.33333333333%22%20height%3D%22140%22%20viewBox%3D%220%200%20359.33333333333%20140%22%3E%3C%2Fsvg%3E\"><\/span><span class=\"fg-image-overlay\"><\/span><\/a><figcaption class=\"fg-caption\"><div class=\"fg-caption-inner\"><\/div><\/figcaption><\/figure><div class=\"fg-loader\"><\/div><\/div><\/div>\r\n\n<\/div>\n<\/div><\/div><\/div><div id=\"pgc-845-1-1\"  class=\"panel-grid-cell\" ><div id=\"panel-845-1-1-0\" class=\"so-panel widget widget_sow-editor panel-first-child panel-last-child\" data-index=\"4\" ><div class=\"so-widget-sow-editor so-widget-sow-editor-base\">\n<div class=\"siteorigin-widget-tinymce textwidget\">\n\t<p><span style=\"color: #003366;\">Project supported by<\/span><span style=\"color: #003366;\">:<\/span><\/p>\n<hr \/>\n\t\t\t<style>\r\n                #foogallery-gallery-722.fg-justified .fg-item {\r\n                    margin-right: 1px;\r\n                    margin-bottom: 1px;\r\n                }\r\n\r\n                #foogallery-gallery-722.fg-justified .fg-image {\r\n                    height: 70px;\r\n                }\r\n\t\t\t<\/style>\r\n\t\t\t<div class=\"foogallery foogallery-container foogallery-justified foogallery-lightbox-none fg-justified fg-light fg-loaded-fade-in fg-hover-fade fg-ready\" id=\"foogallery-gallery-722\" data-foogallery=\"{&quot;item&quot;:{&quot;showCaptionTitle&quot;:true,&quot;showCaptionDescription&quot;:true},&quot;lazy&quot;:true,&quot;template&quot;:{&quot;rowHeight&quot;:70,&quot;maxRowHeight&quot;:140,&quot;margins&quot;:1,&quot;align&quot;:&quot;center&quot;,&quot;lastRow&quot;:&quot;smart&quot;}}\" >\r\n\t<div class=\"fg-item fg-type-image fg-idle\"><figure class=\"fg-item-inner\"><a href=\"https:\/\/holocaustremembrance.com\/\" target=\"_blank\" data-attachment-id=\"721\" class=\"fg-thumb\"><span class=\"fg-image-wrap\"><img height=\"140\" width=\"144\" class=\"skip-lazy fg-image\" data-src-fg=\"https:\/\/cieh-chre.org\/porajmosinserbia\/wp-content\/uploads\/sites\/7\/cache\/2018\/12\/IHRA-LOGO-e1544235284936\/1588421938.png\" src=\"data:image\/svg+xml,%3Csvg%20xmlns%3D%22http%3A%2F%2Fwww.w3.org%2F2000%2Fsvg%22%20width%3D%22144%22%20height%3D%22140%22%20viewBox%3D%220%200%20144%20140%22%3E%3C%2Fsvg%3E\"><\/span><span class=\"fg-image-overlay\"><\/span><\/a><figcaption class=\"fg-caption\"><div class=\"fg-caption-inner\"><\/div><\/figcaption><\/figure><div class=\"fg-loader\"><\/div><\/div><div class=\"fg-item fg-type-image fg-idle\"><figure class=\"fg-item-inner\"><a href=\"http:\/\/www.kultura.gov.rs\/\" target=\"_blank\" data-attachment-id=\"755\" class=\"fg-thumb\"><span class=\"fg-image-wrap\"><img height=\"140\" width=\"249.2\" class=\"skip-lazy fg-image\" data-src-fg=\"https:\/\/cieh-chre.org\/porajmosinserbia\/wp-content\/uploads\/sites\/7\/2018\/12\/ministarstvo_kulture-i-informisanja.png\" src=\"data:image\/svg+xml,%3Csvg%20xmlns%3D%22http%3A%2F%2Fwww.w3.org%2F2000%2Fsvg%22%20width%3D%22249.2%22%20height%3D%22140%22%20viewBox%3D%220%200%20249.2%20140%22%3E%3C%2Fsvg%3E\"><\/span><span class=\"fg-image-overlay\"><\/span><\/a><figcaption class=\"fg-caption\"><div class=\"fg-caption-inner\"><\/div><\/figcaption><\/figure><div class=\"fg-loader\"><\/div><\/div><div class=\"fg-item fg-type-image fg-idle\"><figure class=\"fg-item-inner\"><a href=\"https:\/\/www.forumzfd.de\/en\/western-balkans\" target=\"_blank\" data-attachment-id=\"933\" class=\"fg-thumb\"><span class=\"fg-image-wrap\"><img height=\"140\" width=\"106\" class=\"skip-lazy fg-image\" data-src-fg=\"https:\/\/cieh-chre.org\/porajmosinserbia\/wp-content\/uploads\/sites\/7\/2018\/12\/forumZFD-blue-H70.png\" src=\"data:image\/svg+xml,%3Csvg%20xmlns%3D%22http%3A%2F%2Fwww.w3.org%2F2000%2Fsvg%22%20width%3D%22106%22%20height%3D%22140%22%20viewBox%3D%220%200%20106%20140%22%3E%3C%2Fsvg%3E\"><\/span><span class=\"fg-image-overlay\"><\/span><\/a><figcaption class=\"fg-caption\"><div class=\"fg-caption-inner\"><\/div><\/figcaption><\/figure><div class=\"fg-loader\"><\/div><\/div><\/div>\r\n\n<\/div>\n<\/div><\/div><\/div><\/div><div id=\"pg-845-2\"  class=\"panel-grid panel-no-style\" ><div id=\"pgc-845-2-0\"  class=\"panel-grid-cell\" ><div id=\"panel-845-2-0-0\" class=\"so-panel widget widget_sow-editor panel-first-child\" data-index=\"5\" ><div class=\"so-widget-sow-editor so-widget-sow-editor-base\">\n<div class=\"siteorigin-widget-tinymce textwidget\">\n\t<hr \/>\n<p style=\"text-align: center;\"><span style=\"color: #003366;\">Contact: Center\u00a0for Holocaust Research and Education - CHRE, <\/span><span style=\"color: #003366;\">tel: <span style=\"color: #993300;\">+38163247856<\/span>, e-mail: <span style=\"color: #993300;\"><a style=\"color: #993300;\" href=\"mailto:\/\/cieh1chre@gmail.com\" target=\"_blank\" rel=\"noopener noreferrer\">cieh1chre@gmail.com<\/a><\/span> web: <span style=\"color: #993300;\"><a style=\"color: #993300;\" href=\"www.cieh-chre.org\" target=\"_blank\" rel=\"noopener noreferrer\">www.cieh-chre.org<\/a><\/span><\/span><\/p>\n<hr \/>\n<\/div>\n<\/div><\/div><div id=\"panel-845-2-0-1\" class=\"so-panel widget widget_sow-editor panel-last-child\" data-index=\"6\" ><div class=\"so-widget-sow-editor so-widget-sow-editor-base\">\n<div class=\"siteorigin-widget-tinymce textwidget\">\n\t<p style=\"text-align: center;\"><span style=\"font-size: 8pt; color: #003366;\">*\u00a0All parts of this website and project are the intellectual property of their authors, partner organizations and companies whose software and licenses\u00a0and are used on the website, and as such enjoy the legal protection, so no third party can use them without the explicit permission of the authors. (This relates in particular to the concepts, methods and structural elements of the website, map, exhibitions, texts, and visual materials, but is not limited to, and does not exclude other derivatives and authors rights associated with them.) The use of the publication is governed by the Creative Commons license stated on the publication which is free to download.<\/span><\/p>\n<hr \/>\n<\/div>\n<\/div><\/div><\/div><\/div><\/div>","protected":false},"excerpt":{"rendered":"<p>Dusan Jovanovic, a thirteen-year-old Roma boy was beaten to death on 18 October 1997 in the center of Belgrade, at No. 30 Beogradska street, next to the house where he [&hellip;]<\/p>\n","protected":false},"author":2,"featured_media":0,"parent":0,"menu_order":0,"comment_status":"closed","ping_status":"closed","template":"page-fullwidth.php","meta":[],"acf":[],"wps_subtitle":"","_links":{"self":[{"href":"https:\/\/cieh-chre.org\/porajmosinserbia\/wp-json\/wp\/v2\/pages\/845"}],"collection":[{"href":"https:\/\/cieh-chre.org\/porajmosinserbia\/wp-json\/wp\/v2\/pages"}],"about":[{"href":"https:\/\/cieh-chre.org\/porajmosinserbia\/wp-json\/wp\/v2\/types\/page"}],"author":[{"embeddable":true,"href":"https:\/\/cieh-chre.org\/porajmosinserbia\/wp-json\/wp\/v2\/users\/2"}],"replies":[{"embeddable":true,"href":"https:\/\/cieh-chre.org\/porajmosinserbia\/wp-json\/wp\/v2\/comments?post=845"}],"version-history":[{"count":30,"href":"https:\/\/cieh-chre.org\/porajmosinserbia\/wp-json\/wp\/v2\/pages\/845\/revisions"}],"predecessor-version":[{"id":1310,"href":"https:\/\/cieh-chre.org\/porajmosinserbia\/wp-json\/wp\/v2\/pages\/845\/revisions\/1310"}],"wp:attachment":[{"href":"https:\/\/cieh-chre.org\/porajmosinserbia\/wp-json\/wp\/v2\/media?parent=845"}],"curies":[{"name":"wp","href":"https:\/\/api.w.org\/{rel}","templated":true}]}}