{"id":15,"date":"2018-11-16T20:30:59","date_gmt":"2018-11-16T20:30:59","guid":{"rendered":"http:\/\/cieh-chre.org\/porajmosusrbiji\/?p=15"},"modified":"2021-07-19T02:39:15","modified_gmt":"2021-07-19T00:39:15","slug":"publikacija","status":"publish","type":"page","link":"https:\/\/cieh-chre.org\/porajmosusrbiji\/publikacija\/","title":{"rendered":"Publikacija"},"content":{"rendered":"<div id=\"pl-15\"  class=\"panel-layout\" ><div id=\"pg-15-0\"  class=\"panel-grid panel-no-style\" ><div id=\"pgc-15-0-0\"  class=\"panel-grid-cell\" ><div id=\"panel-15-0-0-0\" class=\"so-panel widget widget_sow-editor panel-first-child\" data-index=\"0\" ><div class=\"so-widget-sow-editor so-widget-sow-editor-base\"><h3 class=\"widget-title\">\u201cD\u017eanes ko sem? - Da li zna\u0161 ko sam?\u201d<\/h3>\n<div class=\"siteorigin-widget-tinymce textwidget\">\n\t<hr \/>\n<p><span style=\"color: #003366;\">Je edukaciona\u00a0publikacija za upotrebu u nastavi\u00a0koja\u00a0nudi\u00a0osnovne informacije\u00a0o\u00a0kulturi, jeziku i istoriji Roma, a sa fokusom na istoriju stradanja Roma u Drugom svetskom ratu, genocidu (Porajmos, Samudaripen) i pravima Roma u savremenoj Srbiji. U ovoj publikaciji \u0107ete na\u0107i i grupne radionice koje obra\u0111uju polje diskriminacije i ljudskih prava. Jezik: Srpski, \u0106irilica, 72 strane, PDF za bespatni download sa QR kodovima za o\u010ditavanje QR reader aplikacijama na mobilnim ure\u0111ajima i tabletima. Aktivni linkovi na dodatne sadr\u017eaje i druge organizacije. Creative Commons licenca, fajl 28MB\u201a Vreme u\u010ditavanja, oko 20 sekundi.\u00a0<\/span><\/p>\n<hr \/>\n<p>\u00a0<\/p>\n<\/div>\n<\/div><\/div><div id=\"panel-15-0-0-1\" class=\"so-panel widget widget_sow-editor panel-last-child\" data-index=\"1\" ><div class=\"so-widget-sow-editor so-widget-sow-editor-base\">\n<div class=\"siteorigin-widget-tinymce textwidget\">\n\t<a href=\"https:\/\/cieh-chre.org\/porajmosusrbiji\/wp-content\/uploads\/sites\/6\/2018\/11\/Dzanes-ko-sem-SR-WEB2-min.pdf\" class=\"pdfemb-viewer\" style=\"\" data-width=\"max\" data-height=\"max\" data-mobile-width=\"500\"  data-scrollbar=\"vertical\" data-download=\"on\" data-tracking=\"on\" data-newwindow=\"on\" data-pagetextbox=\"off\" data-scrolltotop=\"off\" data-startzoom=\"100\" data-startfpzoom=\"100\" data-toolbar=\"bottom\" data-toolbar-fixed=\"on\">Dzanes ko sem-SR-WEB2-min<br\/><\/a>\n<\/div>\n<\/div><\/div><\/div><\/div><div id=\"pg-15-1\"  class=\"panel-grid panel-no-style\" ><div id=\"pgc-15-1-0\"  class=\"panel-grid-cell\" ><div id=\"panel-15-1-0-0\" class=\"so-panel widget widget_sow-editor panel-first-child\" data-index=\"2\" ><div class=\"so-widget-sow-editor so-widget-sow-editor-base\"><h3 class=\"widget-title\">Uvodna re\u010d<\/h3>\n<div class=\"siteorigin-widget-tinymce textwidget\">\n\t<hr \/>\n<p><span style=\"color: #993300;\"><em>Sr\u0111an Hercigonja, forumZFD<\/em><\/span><\/p>\n<p><span style=\"color: #003366;\">U centralnom berlinskom parku Tirgartenu otvoren je 2012. godine Memorijal Romima i Sintima, \u017ertvama nacionalsocijalizma, odnosno memorijal \u017ertvama Porajmosa, prihva\u0107enog, ali i osporavanog naziva za genocid nad Romima i Sintima pre i tokom Drugog svetskog rata. Neki od oblika javnih komemoracija takve sistematske eliminacije Roma zabele\u017eene su u Zapadnoj Evropi i ranije, dok je stradanje Roma u drugim zemljama ostalo marginalizovano u domenu javnog se\u0107anja, ali i savremene istoriografije.<\/span><\/p>\n<p><span style=\"color: #003366;\">Partnerstvom Centra za istra\u017eivanje i edukaciju o Holokaustu iz Beograda, forumZFD u Srbiji i Romanipena, \u010diji je rezultat i ova publikacija, te\u017ei se razvoju i kori\u0161\u0107enju novih metodologija pristupa temi genocida nad Romima u obrazovnom i nastavnom programu u Srbiji, te da se tako posveti ve\u0107a pa\u017enja istoriji, ali i sada\u0161njosti jedne od najmarginalizovanijih grupa u na\u0161em dru\u0161tvu. Publikacijom \u201eD\u017eanes ko sem? (Da li zna\u0161 ko sam?) - Edukativni materijali o genocidu nad Romima u Drugom svetskom ratu i dana\u0161njem anticiganizmu u Srbiji\u201d, autori i nosioci ovog projekta obezbe\u0111uju podr\u0161ku nastavnicima humanisti\u010dkih predmeta u osnovnim i srednjim \u0161kolama u radu sa u\u010denicima na temu genocida nad Romima u Drugom svetskom ratu i diskriminacije Roma u savremenom dru\u0161tvu. Kao indirektni ciljevi projekta identifikuju se negovanje kriti\u010dke misli o pitanju anticiganizma danas, ali i emancipacija Roma u obrazovnom sistemu Srbije.<\/span><\/p>\n<p><span style=\"color: #003366;\">Publikacija se sastoji od \u0161est delova koji zajedno \u010dine materijal za edukaciju nastavnika humanisti\u010dkih predmeta u vezi sa osetljivim temama poput masovnih zlo\u010dina i genocida. Sadr\u017eaj se osvr\u0107e i na istoriju i kulturu Roma, te se najzad, kroz primere radionica, dalje razvijaju i obra\u0111uju teme stereotipa i predrasuda, i njihova povezanost sa masovnim zlo\u010dinima i genocidom. Publikacija se izdaje na romskom, srpskom i engleskom jeziku.<\/span><\/p>\n<p><span style=\"color: #003366;\">Urednik i autor istorijskog dela je Milovan Pisari (Milovan Pisarri). Tekst o preporukama za nastavnike i predloge \u010detiri radionice je pripremila Nada Banjanin \u0110uri\u010di\u0107, dok su autori teksta o jeziku i kulturi Roma Sla\u0111ana Miladinovi\u0107 i Bo\u017eidar Nikoli\u0107. Stru\u010dna konsultantkinja na ovoj publikaciji bila je Marijana Stoj\u010di\u0107.<\/span><\/p>\n<p><span style=\"color: #003366;\">Realizaciju ove publikacije omogu\u0107io je forumZFD, uz podr\u0161ku Me\u0111unarodne alijanse za se\u0107anje na Holokaust (IHRA) i Ministarstva kulture i informisanja Republike Srbije.<\/span><\/p>\n<\/div>\n<\/div><\/div><div id=\"panel-15-1-0-1\" class=\"so-panel widget widget_sow-editor panel-last-child\" data-index=\"3\" ><div class=\"so-widget-sow-editor so-widget-sow-editor-base\">\n<div class=\"siteorigin-widget-tinymce textwidget\">\n\t<hr \/>\n<p><span style=\"color: #003366;\">Web\u00a0izdanje<\/span><br \/> <span style=\"color: #003366;\">Beograd, 2018<\/span><br \/> <span style=\"color: #003366;\">ISBN 978-86-81246-00-9<\/span><\/p>\n<p><span style=\"color: #003366;\">Svi tekstovi odra\u017eavaju stavove autora, ne neophodno urednika i CIEH.<\/span><\/p>\n<p><span style=\"color: #003366;\">Ova publikacija podle\u017ee autorskim pravima i distribuirana je pod\u00a0<\/span><span style=\"color: #003366;\">Creative Commons licencom:<\/span><\/p>\n<p><span style=\"color: #993300;\"><a style=\"color: #993300;\" href=\"https:\/\/creativecommons.org\/licenses\/by-nc-nd\/3.0\/\">Attribution-NonCommercial-NoDerivs 3.0 Unported (CC BY-NC-ND 3.0)<\/a><\/span><\/p>\n<p><span style=\"color: #003366;\">Za upotrebu van opsega ove licence, kontaktirajte:<\/span><\/p>\n<p><span style=\"color: #003366;\">Centar za istra\u017eivanje i edukaciju o Holokaustu<\/span><\/p>\n<p><span style=\"color: #993300;\"><a style=\"color: #993300;\" href=\"http:\/\/cieh-chre.org\/en\/do-you-know-who-i-am-publication\/www.cieh-chre.org\">www.cieh-chre.org<\/a><\/span><\/p>\n<p><span style=\"color: #993300;\"><a style=\"color: #993300;\" href=\"http:\/\/cieh-chre.org\/en\/do-you-know-who-i-am-publication\/cieh1chre@gmail.com\">cieh1chre@gmail.com<\/a><\/span><\/p>\n<p><span style=\"color: #003366;\">+38163247856<\/span><\/p>\n<\/div>\n<\/div><\/div><\/div><div id=\"pgc-15-1-1\"  class=\"panel-grid-cell\" ><div id=\"panel-15-1-1-0\" class=\"so-panel widget widget_sow-editor panel-first-child panel-last-child\" data-index=\"4\" ><div class=\"so-widget-sow-editor so-widget-sow-editor-base\"><h3 class=\"widget-title\">Impresum<\/h3>\n<div class=\"siteorigin-widget-tinymce textwidget\">\n\t<hr \/>\n<p><span style=\"color: #993300;\"><strong>D\u017eanes ko sem?<\/strong><\/span><br \/> <span style=\"color: #993300;\"> (Da li zna\u0161 ko sam?)<\/span><\/p>\n<p><span style=\"color: #003366;\">Edukacioni materijali<\/span><br \/> <span style=\"color: #003366;\"> o genocidu\u00a0nad Romima<\/span><br \/> <span style=\"color: #003366;\"> tokom\u00a0Drugog svetskog\u00a0rata<\/span><br \/> <span style=\"color: #003366;\"> i anticiganizmu u Srbiji<\/span><\/p>\n<p><span style=\"color: #993300;\">Izdava\u010d:<\/span><\/p>\n<p><span style=\"color: #003366;\">Centar\u00a0za\u00a0Istra\u017eivanje i Edukaciju o Holokaustu<\/span><\/p>\n<p><span style=\"color: #993300;\">Za izdava\u010da:<\/span><\/p>\n<p><span style=\"color: #003366;\">Nikola Radi\u0107<\/span><\/p>\n<p><span style=\"color: #993300;\">Urednik:<\/span><\/p>\n<p><span style=\"color: #003366;\">Milovan Pisarri<\/span><\/p>\n<p><span style=\"color: #993300;\">Autori:<\/span><\/p>\n<p><span style=\"color: #003366;\">Nada Banjanin Djuri\u010di\u0107,<\/span><\/p>\n<p><span style=\"color: #003366;\">Sla\u0111ana Miladinovi\u0107,<\/span><\/p>\n<p><span style=\"color: #003366;\">Bo\u017eidar Nikoli\u0107,<\/span><\/p>\n<p><span style=\"color: #003366;\">Milovan Pisarri<\/span><\/p>\n<p><span style=\"color: #993300;\">Koordinatori:<\/span><\/p>\n<p><span style=\"color: #003366;\">Milica Cime\u0161a,<\/span><\/p>\n<p><span style=\"color: #003366;\">Sr\u0111an Hercigonja<\/span><\/p>\n<p><span style=\"color: #993300;\">Konsultant:<\/span><\/p>\n<p><span style=\"color: #003366;\">Marijana Stoj\u010di\u0107<\/span><\/p>\n<p><span style=\"color: #993300;\">Lektura:<\/span><\/p>\n<p><span style=\"color: #003366;\">Hristina Piskulidis<\/span><\/p>\n<p><span style=\"color: #993300;\">Dizajn i ilustracija:<\/span><\/p>\n<p><span style=\"color: #003366;\">Nikola Radi\u0107<\/span><\/p>\n<\/div>\n<\/div><\/div><\/div><\/div><div id=\"pg-15-2\"  class=\"panel-grid panel-no-style\" ><div id=\"pgc-15-2-0\"  class=\"panel-grid-cell\" ><div id=\"panel-15-2-0-0\" class=\"so-panel widget widget_sow-editor panel-first-child panel-last-child\" data-index=\"5\" ><div class=\"so-widget-sow-editor so-widget-sow-editor-base\">\n<div class=\"siteorigin-widget-tinymce textwidget\">\n\t<p><span style=\"color: #003366;\">Partneri na\u00a0projektu:<\/span><\/p>\n<hr \/>\n\t\t\t<style>\r\n                #foogallery-gallery-725.fg-justified .fg-item {\r\n                    margin-right: 1px;\r\n                    margin-bottom: 1px;\r\n                }\r\n\r\n                #foogallery-gallery-725.fg-justified .fg-image {\r\n                    height: 70px;\r\n                }\r\n\t\t\t<\/style>\r\n\t\t\t<div class=\"foogallery foogallery-container foogallery-justified foogallery-lightbox-none fg-justified fg-light fg-loaded-fade-in fg-hover-fade fg-ready\" id=\"foogallery-gallery-725\" data-foogallery=\"{&quot;item&quot;:{&quot;showCaptionTitle&quot;:true,&quot;showCaptionDescription&quot;:true},&quot;lazy&quot;:true,&quot;template&quot;:{&quot;rowHeight&quot;:70,&quot;maxRowHeight&quot;:140,&quot;margins&quot;:1,&quot;align&quot;:&quot;center&quot;,&quot;lastRow&quot;:&quot;smart&quot;}}\" >\r\n\t<div class=\"fg-item fg-type-image fg-idle\"><figure class=\"fg-item-inner\"><a href=\"http:\/\/www.cieh-chre.org\" target=\"_blank\" data-attachment-id=\"717\" class=\"fg-thumb\"><span class=\"fg-image-wrap\"><img height=\"140\" width=\"339.11111111111\" class=\"skip-lazy fg-image\" data-src-fg=\"https:\/\/cieh-chre.org\/porajmosusrbiji\/wp-content\/uploads\/sites\/6\/2018\/12\/CHRE-logo-e-e1544266420249.png\" src=\"data:image\/svg+xml,%3Csvg%20xmlns%3D%22http%3A%2F%2Fwww.w3.org%2F2000%2Fsvg%22%20width%3D%22339.11111111111%22%20height%3D%22140%22%20viewBox%3D%220%200%20339.11111111111%20140%22%3E%3C%2Fsvg%3E\"><\/span><span class=\"fg-image-overlay\"><\/span><\/a><figcaption class=\"fg-caption\"><div class=\"fg-caption-inner\"><\/div><\/figcaption><\/figure><div class=\"fg-loader\"><\/div><\/div><div class=\"fg-item fg-type-image fg-idle\"><figure class=\"fg-item-inner\"><a href=\"http:\/\/www.romanipen.org.rs\/\" target=\"_blank\" data-attachment-id=\"936\" class=\"fg-thumb\"><span class=\"fg-image-wrap\"><img height=\"140\" width=\"450\" class=\"skip-lazy fg-image\" data-src-fg=\"https:\/\/cieh-chre.org\/porajmosusrbiji\/wp-content\/uploads\/sites\/6\/2018\/12\/rromanipen-logo-copy-H70.png\" src=\"data:image\/svg+xml,%3Csvg%20xmlns%3D%22http%3A%2F%2Fwww.w3.org%2F2000%2Fsvg%22%20width%3D%22450%22%20height%3D%22140%22%20viewBox%3D%220%200%20450%20140%22%3E%3C%2Fsvg%3E\"><\/span><span class=\"fg-image-overlay\"><\/span><\/a><figcaption class=\"fg-caption\"><div class=\"fg-caption-inner\"><\/div><\/figcaption><\/figure><div class=\"fg-loader\"><\/div><\/div><div class=\"fg-item fg-type-image fg-idle\"><figure class=\"fg-item-inner\"><a href=\"https:\/\/www.geogis.org\/\" data-attachment-id=\"1135\" class=\"fg-thumb\"><span class=\"fg-image-wrap\"><img height=\"140\" width=\"140\" class=\"skip-lazy fg-image\" data-src-fg=\"https:\/\/cieh-chre.org\/porajmosusrbiji\/wp-content\/uploads\/sites\/6\/2021\/07\/logo-light-bg.jpg\" src=\"data:image\/svg+xml,%3Csvg%20xmlns%3D%22http%3A%2F%2Fwww.w3.org%2F2000%2Fsvg%22%20width%3D%22140%22%20height%3D%22140%22%20viewBox%3D%220%200%20140%20140%22%3E%3C%2Fsvg%3E\"><\/span><span class=\"fg-image-overlay\"><\/span><\/a><figcaption class=\"fg-caption\"><div class=\"fg-caption-inner\"><\/div><\/figcaption><\/figure><div class=\"fg-loader\"><\/div><\/div><div class=\"fg-item fg-type-image fg-idle\"><figure class=\"fg-item-inner\"><a href=\"https:\/\/www.teamcad.rs\/index.php\/srb\/\" data-attachment-id=\"1136\" class=\"fg-thumb\"><span class=\"fg-image-wrap\"><img height=\"140\" width=\"359.33333333333\" class=\"skip-lazy fg-image\" data-src-fg=\"https:\/\/cieh-chre.org\/porajmosusrbiji\/wp-content\/uploads\/sites\/6\/2021\/07\/LOGO_TeamCAD_logo.png\" src=\"data:image\/svg+xml,%3Csvg%20xmlns%3D%22http%3A%2F%2Fwww.w3.org%2F2000%2Fsvg%22%20width%3D%22359.33333333333%22%20height%3D%22140%22%20viewBox%3D%220%200%20359.33333333333%20140%22%3E%3C%2Fsvg%3E\"><\/span><span class=\"fg-image-overlay\"><\/span><\/a><figcaption class=\"fg-caption\"><div class=\"fg-caption-inner\"><\/div><\/figcaption><\/figure><div class=\"fg-loader\"><\/div><\/div><\/div>\r\n\n<\/div>\n<\/div><\/div><\/div><div id=\"pgc-15-2-1\"  class=\"panel-grid-cell\" ><div id=\"panel-15-2-1-0\" class=\"so-panel widget widget_sow-editor panel-first-child panel-last-child\" data-index=\"6\" ><div class=\"so-widget-sow-editor so-widget-sow-editor-base\">\n<div class=\"siteorigin-widget-tinymce textwidget\">\n\t<p><span style=\"color: #003366;\">Projekat su\u00a0podr\u017eali:<\/span><\/p>\n<hr \/>\n\t\t\t<style>\r\n                #foogallery-gallery-722.fg-justified .fg-item {\r\n                    margin-right: 1px;\r\n                    margin-bottom: 1px;\r\n                }\r\n\r\n                #foogallery-gallery-722.fg-justified .fg-image {\r\n                    height: 70px;\r\n                }\r\n\t\t\t<\/style>\r\n\t\t\t<div class=\"foogallery foogallery-container foogallery-justified foogallery-lightbox-none fg-justified fg-light fg-hover-scale fg-hover-instant fg-ready\" id=\"foogallery-gallery-722\" data-foogallery=\"{&quot;item&quot;:{&quot;showCaptionTitle&quot;:false,&quot;showCaptionDescription&quot;:false},&quot;lazy&quot;:true,&quot;template&quot;:{&quot;rowHeight&quot;:70,&quot;maxRowHeight&quot;:140,&quot;margins&quot;:1,&quot;align&quot;:&quot;center&quot;,&quot;lastRow&quot;:&quot;smart&quot;}}\" >\r\n\t<div class=\"fg-item fg-type-image fg-idle\"><figure class=\"fg-item-inner\"><a href=\"https:\/\/holocaustremembrance.com\/\" target=\"_blank\" data-attachment-id=\"721\" class=\"fg-thumb\"><span class=\"fg-image-wrap\"><img height=\"140\" width=\"144\" class=\"skip-lazy fg-image\" data-src-fg=\"https:\/\/cieh-chre.org\/porajmosusrbiji\/wp-content\/uploads\/sites\/6\/cache\/2018\/12\/IHRA-LOGO-e1544235284936\/3065705875.png\" src=\"data:image\/svg+xml,%3Csvg%20xmlns%3D%22http%3A%2F%2Fwww.w3.org%2F2000%2Fsvg%22%20width%3D%22144%22%20height%3D%22140%22%20viewBox%3D%220%200%20144%20140%22%3E%3C%2Fsvg%3E\"><\/span><span class=\"fg-image-overlay\"><\/span><\/a><figcaption class=\"fg-caption\"><div class=\"fg-caption-inner\"><\/div><\/figcaption><\/figure><div class=\"fg-loader\"><\/div><\/div><div class=\"fg-item fg-type-image fg-idle\"><figure class=\"fg-item-inner\"><a href=\"http:\/\/www.kultura.gov.rs\/\" target=\"_blank\" data-attachment-id=\"755\" class=\"fg-thumb\"><span class=\"fg-image-wrap\"><img height=\"140\" width=\"249.2\" class=\"skip-lazy fg-image\" data-src-fg=\"https:\/\/cieh-chre.org\/porajmosusrbiji\/wp-content\/uploads\/sites\/6\/2018\/12\/ministarstvo_kulture-i-informisanja.png\" src=\"data:image\/svg+xml,%3Csvg%20xmlns%3D%22http%3A%2F%2Fwww.w3.org%2F2000%2Fsvg%22%20width%3D%22249.2%22%20height%3D%22140%22%20viewBox%3D%220%200%20249.2%20140%22%3E%3C%2Fsvg%3E\"><\/span><span class=\"fg-image-overlay\"><\/span><\/a><figcaption class=\"fg-caption\"><div class=\"fg-caption-inner\"><\/div><\/figcaption><\/figure><div class=\"fg-loader\"><\/div><\/div><div class=\"fg-item fg-type-image fg-idle\"><figure class=\"fg-item-inner\"><a href=\"https:\/\/www.forumzfd.de\/en\/western-balkans\" target=\"_blank\" data-attachment-id=\"933\" class=\"fg-thumb\"><span class=\"fg-image-wrap\"><img height=\"140\" width=\"106\" class=\"skip-lazy fg-image\" data-src-fg=\"https:\/\/cieh-chre.org\/porajmosusrbiji\/wp-content\/uploads\/sites\/6\/2018\/12\/forumZFD-blue-H70.png\" src=\"data:image\/svg+xml,%3Csvg%20xmlns%3D%22http%3A%2F%2Fwww.w3.org%2F2000%2Fsvg%22%20width%3D%22106%22%20height%3D%22140%22%20viewBox%3D%220%200%20106%20140%22%3E%3C%2Fsvg%3E\"><\/span><span class=\"fg-image-overlay\"><\/span><\/a><figcaption class=\"fg-caption\"><div class=\"fg-caption-inner\"><\/div><\/figcaption><\/figure><div class=\"fg-loader\"><\/div><\/div><\/div>\r\n\n<\/div>\n<\/div><\/div><\/div><\/div><div id=\"pg-15-3\"  class=\"panel-grid panel-no-style\" ><div id=\"pgc-15-3-0\"  class=\"panel-grid-cell\" ><div id=\"panel-15-3-0-0\" class=\"so-panel widget widget_sow-editor panel-first-child\" data-index=\"7\" ><div class=\"so-widget-sow-editor so-widget-sow-editor-base\">\n<div class=\"siteorigin-widget-tinymce textwidget\">\n\t<hr \/>\n<p style=\"text-align: center;\"><span style=\"color: #003366;\">Kontakt: Centar za istra\u017eivanje i edukaciju\u00a0o Holokaustu - CIEH, <\/span><span style=\"color: #003366;\">tel: <span style=\"color: #993300;\">+38163247856<\/span>, e-mail: <span style=\"color: #993300;\"><a style=\"color: #993300;\" href=\"mailto:\/\/cieh1chre@gmail.com\" target=\"_blank\" rel=\"noopener noreferrer\">cieh1chre@gmail.com<\/a><\/span> web: <span style=\"color: #993300;\"><a style=\"color: #993300;\" href=\"www.cieh-chre.org\" target=\"_blank\" rel=\"noopener noreferrer\">www.cieh-chre.org<\/a><\/span><\/span><\/p>\n<hr \/>\n<\/div>\n<\/div><\/div><div id=\"panel-15-3-0-1\" class=\"so-panel widget widget_sow-editor panel-last-child\" data-index=\"8\" ><div class=\"so-widget-sow-editor so-widget-sow-editor-base\">\n<div class=\"siteorigin-widget-tinymce textwidget\">\n\t<p style=\"text-align: center;\"><span style=\"font-size: 8pt; color: #003366;\">* Svi delovi ovog web-sajta i projekta predstavljaju autorsko delo i intelektualnu svojinu autora, partnerskih organizacija i kompanija \u010diji se programi i licence koriste na sajtu, i kao takvi u\u017eivaju zakonsku za\u0161titu te ih niko tre\u0107i ne mo\u017ee koristiti u bilo kojoj formi ili obliku bez izri\u010dite saglasnosti autora. (To se posebno odnosi na koncepte, metode i elemente strukture web sajta, baze podataka, mape, izlo\u017ebi, tekstova i vizuelnih materijala ali ne isklju\u010duje i sve ostale derivate i autorska prava koji iz njih proisti\u010du.) Upotreba publikacije je regulisana Creative Commons licencom navedenom na publikaciji, \u010diji je preuzimanje dozvoljeno.<\/span><\/p>\n<hr \/>\n<p style=\"text-align: center;\">\n<\/div>\n<\/div><\/div><\/div><\/div><\/div>","protected":false},"excerpt":{"rendered":"<p>Je edukaciona\u00a0publikacija za upotrebu u nastavi\u00a0koja\u00a0nudi\u00a0osnovne informacije\u00a0o\u00a0kulturi, jeziku i istoriji Roma, a sa fokusom na istoriju stradanja Roma u Drugom svetskom ratu, genocidu (Porajmos, Samudaripen) i pravima Roma u savremenoj [&hellip;]<\/p>\n","protected":false},"author":2,"featured_media":0,"parent":0,"menu_order":0,"comment_status":"closed","ping_status":"closed","template":"page-fullwidth.php","meta":[],"acf":[],"wps_subtitle":"","_links":{"self":[{"href":"https:\/\/cieh-chre.org\/porajmosusrbiji\/wp-json\/wp\/v2\/pages\/15"}],"collection":[{"href":"https:\/\/cieh-chre.org\/porajmosusrbiji\/wp-json\/wp\/v2\/pages"}],"about":[{"href":"https:\/\/cieh-chre.org\/porajmosusrbiji\/wp-json\/wp\/v2\/types\/page"}],"author":[{"embeddable":true,"href":"https:\/\/cieh-chre.org\/porajmosusrbiji\/wp-json\/wp\/v2\/users\/2"}],"replies":[{"embeddable":true,"href":"https:\/\/cieh-chre.org\/porajmosusrbiji\/wp-json\/wp\/v2\/comments?post=15"}],"version-history":[{"count":58,"href":"https:\/\/cieh-chre.org\/porajmosusrbiji\/wp-json\/wp\/v2\/pages\/15\/revisions"}],"predecessor-version":[{"id":1150,"href":"https:\/\/cieh-chre.org\/porajmosusrbiji\/wp-json\/wp\/v2\/pages\/15\/revisions\/1150"}],"wp:attachment":[{"href":"https:\/\/cieh-chre.org\/porajmosusrbiji\/wp-json\/wp\/v2\/media?parent=15"}],"curies":[{"name":"wp","href":"https:\/\/api.w.org\/{rel}","templated":true}]}}