{"id":594,"date":"2018-12-03T18:38:22","date_gmt":"2018-12-03T17:38:22","guid":{"rendered":"http:\/\/cieh-chre.org\/porajmosusrbiji\/?page_id=594"},"modified":"2021-07-19T02:49:11","modified_gmt":"2021-07-19T00:49:11","slug":"memorijal-sinta-i-roma-berlin","status":"publish","type":"page","link":"https:\/\/cieh-chre.org\/porajmosusrbiji\/memorijal-sinta-i-roma-berlin\/","title":{"rendered":""},"content":{"rendered":"<div id=\"pl-594\"  class=\"panel-layout\" ><div id=\"pg-594-0\"  class=\"panel-grid panel-no-style\" ><div id=\"pgc-594-0-0\"  class=\"panel-grid-cell\" ><div id=\"panel-594-0-0-0\" class=\"so-panel widget widget_sow-editor panel-first-child\" data-index=\"0\" ><div class=\"so-widget-sow-editor so-widget-sow-editor-base\"><h3 class=\"widget-title\">Memorijal ubijenim Sintima i Romima, Berlin<\/h3>\n<div class=\"siteorigin-widget-tinymce textwidget\">\n\t<hr \/>\n<p><span style=\"color: #003366;\"><em>\"Svaki dan cvet nestaje i biva zamenjen; to je kao molitva koja nas podsec\u0301a da nikada ne zaboravimo, nikad. \" - Danny Karavan, vajar<\/em><\/span><\/p>\n<p><span style=\"color: #003366;\"><strong><span style=\"color: #993300;\"><a style=\"color: #993300;\" href=\"https:\/\/www.stiftung-denkmal.de\/en\/memorials\/sinti-and-roma-memorial\/dani-karavan.html\" target=\"_blank\" rel=\"noopener noreferrer\">Danny Karavan<\/a><\/span> o Memorijalu<\/strong><\/span><\/p>\n<p><span style=\"color: #003366;\">Proplanak u Berlinskom parku Tiergarten je okru\u017een drvec\u0301em i grmljem, i nalazi se u blizini zgrade Reichstaga. Mirno, neupadljivo mesto, za\u0161ti\u0107eno od gradske vreve. Mesto za setu i bol, za pamc\u0301enje koje ne dozvoljava da uni\u0161tenje Sinta i Roma pod nacionalsocijalisti\u010dkim re\u017eimom padne u zaborav. Da li je takvo mesto moguc\u0301e? Ili ga je mogu\u0107e na\u0107i samo u praznini, u ni\u0161tavilu? Da li imam snage da stvorim mesto praznine? Mesto li\u0161eno svega. Bez re\u010di, bez imena, bez metala, bez kamena. Samo suze, samo voda, okru\u017eene pre\u017eivjelima, onima koji se sec\u0301aju \u0161ta se desilo, od onih koji poznaju u\u017eas, kao i oni koji ga nikad nisu do\u017eiveli. Oni se ogledaju, preokrenuti, u vodi duboke crne jame, pokrivene nebom - voda i suze. Tek mali kamen, koji tone i ponovo izranja, dan za danom. I na njemu svakoga dana - novi pupoljak, tako da se svaki dan mo\u017eemo se\u0107ati iznova, stalno, i za sva vremena. Voda u sebi dr\u017ei nebo, plavo, sivo, crno nebo. Oblake, svetlost, tamu. Virovita, voda ih pro\u017edire sve. \u00a0Sve \u0161to preostaje je zvuk usamljene violine koja uzdi\u017ee ubijenu melodiju, dostojanstvenu u\u00a0svome bolu.<\/span><\/p>\n<hr \/>\n<\/div>\n<\/div><\/div><div id=\"panel-594-0-0-1\" class=\"so-panel widget widget_master-slider-main-widget master-slider-main-widget\" data-index=\"1\" >\n\t\t<!-- MasterSlider -->\n\t\t<div id=\"P_MS69e5e82a7cc8b\" class=\"master-slider-parent ms-parent-id-5\" style=\"\" >\n\n\t\t\t\n\t\t\t<!-- MasterSlider Main -->\n\t\t\t<div id=\"MS69e5e82a7cc8b\" class=\"master-slider ms-skin-light-6 round-skin\" >\n\t\t\t\t \t\t\t\t \n\t\t\t<div  class=\"ms-slide\" data-delay=\"3\" data-fill-mode=\"stretch\"   >\n\t\t\t\t\t<img src=\"https:\/\/cieh-chre.org\/porajmosusrbiji\/wp-content\/plugins\/masterslider\/public\/assets\/css\/blank.gif\" alt=\"{{title}}\" title=\"{{title}}\" data-src=\"{{image}}\" \/>\n\n\n\t\t\t\t<\/div>\n\n\t\t\t<\/div>\n\t\t\t<!-- END MasterSlider Main -->\n\n\t\t\t \n\t\t<\/div>\n\t\t<!-- END MasterSlider -->\n\n\t\t<script>\n\t\t( window.MSReady = window.MSReady || [] ).push( function( $ ) {\n\n\t\t\t\"use strict\";\n\t\t\tvar masterslider_cc8b = new MasterSlider();\n\n\t\t\t\/\/ slider controls\n\t\t\tmasterslider_cc8b.control('arrows'     ,{ autohide:true, overVideo:true  });\n\t\t\t\/\/ slider setup\n\t\t\tmasterslider_cc8b.setup(\"MS69e5e82a7cc8b\", {\n\t\t\t\twidth           : 1000,\n\t\t\t\theight          : 500,\n\t\t\t\tminHeight       : 0,\n\t\t\t\tspace           : 0,\n\t\t\t\tstart           : 1,\n\t\t\t\tgrabCursor      : true,\n\t\t\t\tswipe           : true,\n\t\t\t\tmouse           : true,\n\t\t\t\tkeyboard        : false,\n\t\t\t\tlayout          : \"fillwidth\",\n\t\t\t\twheel           : true,\n\t\t\t\tautoplay        : false,\n                instantStartLayers:false,\n\t\t\t\tmobileBGVideo:false,\n\t\t\t\tloop            : false,\n\t\t\t\tshuffle         : false,\n\t\t\t\tpreload         : 0,\n\t\t\t\theightLimit     : true,\n\t\t\t\tautoHeight      : true,\n\t\t\t\tsmoothHeight    : true,\n\t\t\t\tendPause        : false,\n\t\t\t\toverPause       : true,\n\t\t\t\tfillMode        : \"fill\",\n\t\t\t\tcenterControls  : true,\n\t\t\t\tstartOnAppear   : false,\n\t\t\t\tlayersMode      : \"center\",\n\t\t\t\tautofillTarget  : \"\",\n\t\t\t\thideLayers      : false,\n\t\t\t\tfullscreenMargin: 0,\n\t\t\t\tspeed           : 20,\n\t\t\t\tdir             : \"h\",\n\t\t\t\tresponsive      : true,\n\t\t\t\ttabletWidth     : 768,\n\t\t\t\ttabletHeight    : null,\n\t\t\t\tphoneWidth      : 480,\n\t\t\t\tphoneHeight    : null,\n\t\t\t\tsizingReference : window,\n\t\t\t\tparallaxMode    : 'swipe',\n\t\t\t\tview            : \"fadeBasic\"\n\t\t\t});\n\n\t\t\tnew MSFlickrV2( masterslider_cc8b, { key:'19cfd3af8f57960bb103fa21294e1c40', id:'72157704235033304', count:165, thumbSize:'s',imgSize:'b', type:'photoset' });\n\t\t\twindow.masterslider_instances = window.masterslider_instances || [];\n\t\t\twindow.masterslider_instances.push( masterslider_cc8b );\n\t\t});\n\t\t<\/script>\n\n<\/div><div id=\"panel-594-0-0-2\" class=\"so-panel widget widget_sow-editor\" data-index=\"2\" ><div class=\"so-widget-sow-editor so-widget-sow-editor-base\">\n<div class=\"siteorigin-widget-tinymce textwidget\">\n\t<p><iframe width=\"1470\" height=\"155\" scrolling=\"no\" frameborder=\"no\" src=\"https:\/\/w.soundcloud.com\/player\/?visual=true&url=https%3A%2F%2Fapi.soundcloud.com%2Ftracks%2F509499375&show_artwork=true&maxwidth=1470&maxheight=155\"><\/iframe><\/p>\n<\/div>\n<\/div><\/div><div id=\"panel-594-0-0-3\" class=\"so-panel widget widget_sow-editor panel-last-child\" data-index=\"3\" ><div class=\"so-widget-sow-editor so-widget-sow-editor-base\">\n<div class=\"siteorigin-widget-tinymce textwidget\">\n\t<hr \/>\n<p><span style=\"color: #003366;\"><span style=\"color: #993300;\"><a style=\"color: #993300;\" href=\"https:\/\/www.stiftung-denkmal.de\/en\/memorials\/sinti-and-roma-memorial.html\" target=\"_blank\" rel=\"noopener noreferrer\">Memorijal\u00a0ubijanim\u00a0Sintima i Romima<\/a><\/span> u periodu nacionalsocijalizma je deo \u0161iroke mre\u017ee memorijalnih centara, muzeja i ustanova sa fokusom na javno se\u0107anje u Nem\u010dkoj i Evropi. Spomen-prostor memorijala je otvoren svima i namenjen je pam\u0107enju, komemoraciji i refleksiji pred simbolom tragedije, ali jo\u0161 vi\u0161e i u\u010denju o donedavno retko prou\u010davanoj i obele\u017eavanoj komponenti zlo\u010dina nacizma. Na staklenim plo\u010dama koje okru\u017euju prostor, ispisana je hronologija stradanja Sinta i Roma pod nacizmom. Memorijal se odnosi na sve \u017ertve Sinta i Roma iz cele okupirane Evrope. Na kamenim plo\u010dama, medju mestima stradanja iz cele Evrope, uklesani su i nazivi velikih logora i strati\u0161ta gde su stradali Sinti i Romi Jugoslavije. Ovime je stradanje romskog naroda na\u0161e zemlje, prikazano kad neodvojivi deo nema\u010dke i evropske istorije.\u00a0 \u00a0<\/span><\/p>\n<hr \/>\n<\/div>\n<\/div><\/div><\/div><\/div><div id=\"pg-594-1\"  class=\"panel-grid panel-no-style\" ><div id=\"pgc-594-1-0\"  class=\"panel-grid-cell\" ><div id=\"panel-594-1-0-0\" class=\"so-panel widget widget_sow-editor panel-first-child panel-last-child\" data-index=\"4\" ><div class=\"so-widget-sow-editor so-widget-sow-editor-base\">\n<div class=\"siteorigin-widget-tinymce textwidget\">\n\t<p><span style=\"color: #003366;\">Partneri na\u00a0projektu:<\/span><\/p>\n<hr \/>\n\t\t\t<style>\r\n                #foogallery-gallery-725.fg-justified .fg-item {\r\n                    margin-right: 1px;\r\n                    margin-bottom: 1px;\r\n                }\r\n\r\n                #foogallery-gallery-725.fg-justified .fg-image {\r\n                    height: 70px;\r\n                }\r\n\t\t\t<\/style>\r\n\t\t\t<div class=\"foogallery foogallery-container foogallery-justified foogallery-lightbox-none fg-justified fg-light fg-loaded-fade-in fg-hover-fade fg-ready\" id=\"foogallery-gallery-725\" data-foogallery=\"{&quot;item&quot;:{&quot;showCaptionTitle&quot;:true,&quot;showCaptionDescription&quot;:true},&quot;lazy&quot;:true,&quot;template&quot;:{&quot;rowHeight&quot;:70,&quot;maxRowHeight&quot;:140,&quot;margins&quot;:1,&quot;align&quot;:&quot;center&quot;,&quot;lastRow&quot;:&quot;smart&quot;}}\" >\r\n\t<div class=\"fg-item fg-type-image fg-idle\"><figure class=\"fg-item-inner\"><a href=\"http:\/\/www.cieh-chre.org\" target=\"_blank\" data-attachment-id=\"717\" class=\"fg-thumb\"><span class=\"fg-image-wrap\"><img height=\"140\" width=\"339.11111111111\" class=\"skip-lazy fg-image\" data-src-fg=\"https:\/\/cieh-chre.org\/porajmosusrbiji\/wp-content\/uploads\/sites\/6\/2018\/12\/CHRE-logo-e-e1544266420249.png\" src=\"data:image\/svg+xml,%3Csvg%20xmlns%3D%22http%3A%2F%2Fwww.w3.org%2F2000%2Fsvg%22%20width%3D%22339.11111111111%22%20height%3D%22140%22%20viewBox%3D%220%200%20339.11111111111%20140%22%3E%3C%2Fsvg%3E\"><\/span><span class=\"fg-image-overlay\"><\/span><\/a><figcaption class=\"fg-caption\"><div class=\"fg-caption-inner\"><\/div><\/figcaption><\/figure><div class=\"fg-loader\"><\/div><\/div><div class=\"fg-item fg-type-image fg-idle\"><figure class=\"fg-item-inner\"><a href=\"http:\/\/www.romanipen.org.rs\/\" target=\"_blank\" data-attachment-id=\"936\" class=\"fg-thumb\"><span class=\"fg-image-wrap\"><img height=\"140\" width=\"450\" class=\"skip-lazy fg-image\" data-src-fg=\"https:\/\/cieh-chre.org\/porajmosusrbiji\/wp-content\/uploads\/sites\/6\/2018\/12\/rromanipen-logo-copy-H70.png\" src=\"data:image\/svg+xml,%3Csvg%20xmlns%3D%22http%3A%2F%2Fwww.w3.org%2F2000%2Fsvg%22%20width%3D%22450%22%20height%3D%22140%22%20viewBox%3D%220%200%20450%20140%22%3E%3C%2Fsvg%3E\"><\/span><span class=\"fg-image-overlay\"><\/span><\/a><figcaption class=\"fg-caption\"><div class=\"fg-caption-inner\"><\/div><\/figcaption><\/figure><div class=\"fg-loader\"><\/div><\/div><div class=\"fg-item fg-type-image fg-idle\"><figure class=\"fg-item-inner\"><a href=\"https:\/\/www.geogis.org\/\" data-attachment-id=\"1135\" class=\"fg-thumb\"><span class=\"fg-image-wrap\"><img height=\"140\" width=\"140\" class=\"skip-lazy fg-image\" data-src-fg=\"https:\/\/cieh-chre.org\/porajmosusrbiji\/wp-content\/uploads\/sites\/6\/2021\/07\/logo-light-bg.jpg\" src=\"data:image\/svg+xml,%3Csvg%20xmlns%3D%22http%3A%2F%2Fwww.w3.org%2F2000%2Fsvg%22%20width%3D%22140%22%20height%3D%22140%22%20viewBox%3D%220%200%20140%20140%22%3E%3C%2Fsvg%3E\"><\/span><span class=\"fg-image-overlay\"><\/span><\/a><figcaption class=\"fg-caption\"><div class=\"fg-caption-inner\"><\/div><\/figcaption><\/figure><div class=\"fg-loader\"><\/div><\/div><div class=\"fg-item fg-type-image fg-idle\"><figure class=\"fg-item-inner\"><a href=\"https:\/\/www.teamcad.rs\/index.php\/srb\/\" data-attachment-id=\"1136\" class=\"fg-thumb\"><span class=\"fg-image-wrap\"><img height=\"140\" width=\"359.33333333333\" class=\"skip-lazy fg-image\" data-src-fg=\"https:\/\/cieh-chre.org\/porajmosusrbiji\/wp-content\/uploads\/sites\/6\/2021\/07\/LOGO_TeamCAD_logo.png\" src=\"data:image\/svg+xml,%3Csvg%20xmlns%3D%22http%3A%2F%2Fwww.w3.org%2F2000%2Fsvg%22%20width%3D%22359.33333333333%22%20height%3D%22140%22%20viewBox%3D%220%200%20359.33333333333%20140%22%3E%3C%2Fsvg%3E\"><\/span><span class=\"fg-image-overlay\"><\/span><\/a><figcaption class=\"fg-caption\"><div class=\"fg-caption-inner\"><\/div><\/figcaption><\/figure><div class=\"fg-loader\"><\/div><\/div><\/div>\r\n\n<\/div>\n<\/div><\/div><\/div><div id=\"pgc-594-1-1\"  class=\"panel-grid-cell\" ><div id=\"panel-594-1-1-0\" class=\"so-panel widget widget_sow-editor panel-first-child panel-last-child\" data-index=\"5\" ><div class=\"so-widget-sow-editor so-widget-sow-editor-base\">\n<div class=\"siteorigin-widget-tinymce textwidget\">\n\t<p><span style=\"color: #003366;\">Projekat su\u00a0podr\u017eali:<\/span><\/p>\n<hr \/>\n\t\t\t<style>\r\n                #foogallery-gallery-722.fg-justified .fg-item {\r\n                    margin-right: 1px;\r\n                    margin-bottom: 1px;\r\n                }\r\n\r\n                #foogallery-gallery-722.fg-justified .fg-image {\r\n                    height: 70px;\r\n                }\r\n\t\t\t<\/style>\r\n\t\t\t<div class=\"foogallery foogallery-container foogallery-justified foogallery-lightbox-none fg-justified fg-light fg-hover-scale fg-hover-instant fg-ready\" id=\"foogallery-gallery-722\" data-foogallery=\"{&quot;item&quot;:{&quot;showCaptionTitle&quot;:false,&quot;showCaptionDescription&quot;:false},&quot;lazy&quot;:true,&quot;template&quot;:{&quot;rowHeight&quot;:70,&quot;maxRowHeight&quot;:140,&quot;margins&quot;:1,&quot;align&quot;:&quot;center&quot;,&quot;lastRow&quot;:&quot;smart&quot;}}\" >\r\n\t<div class=\"fg-item fg-type-image fg-idle\"><figure class=\"fg-item-inner\"><a href=\"https:\/\/holocaustremembrance.com\/\" target=\"_blank\" data-attachment-id=\"721\" class=\"fg-thumb\"><span class=\"fg-image-wrap\"><img height=\"140\" width=\"144\" class=\"skip-lazy fg-image\" data-src-fg=\"https:\/\/cieh-chre.org\/porajmosusrbiji\/wp-content\/uploads\/sites\/6\/cache\/2018\/12\/IHRA-LOGO-e1544235284936\/3065705875.png\" src=\"data:image\/svg+xml,%3Csvg%20xmlns%3D%22http%3A%2F%2Fwww.w3.org%2F2000%2Fsvg%22%20width%3D%22144%22%20height%3D%22140%22%20viewBox%3D%220%200%20144%20140%22%3E%3C%2Fsvg%3E\"><\/span><span class=\"fg-image-overlay\"><\/span><\/a><figcaption class=\"fg-caption\"><div class=\"fg-caption-inner\"><\/div><\/figcaption><\/figure><div class=\"fg-loader\"><\/div><\/div><div class=\"fg-item fg-type-image fg-idle\"><figure class=\"fg-item-inner\"><a href=\"http:\/\/www.kultura.gov.rs\/\" target=\"_blank\" data-attachment-id=\"755\" class=\"fg-thumb\"><span class=\"fg-image-wrap\"><img height=\"140\" width=\"249.2\" class=\"skip-lazy fg-image\" data-src-fg=\"https:\/\/cieh-chre.org\/porajmosusrbiji\/wp-content\/uploads\/sites\/6\/2018\/12\/ministarstvo_kulture-i-informisanja.png\" src=\"data:image\/svg+xml,%3Csvg%20xmlns%3D%22http%3A%2F%2Fwww.w3.org%2F2000%2Fsvg%22%20width%3D%22249.2%22%20height%3D%22140%22%20viewBox%3D%220%200%20249.2%20140%22%3E%3C%2Fsvg%3E\"><\/span><span class=\"fg-image-overlay\"><\/span><\/a><figcaption class=\"fg-caption\"><div class=\"fg-caption-inner\"><\/div><\/figcaption><\/figure><div class=\"fg-loader\"><\/div><\/div><div class=\"fg-item fg-type-image fg-idle\"><figure class=\"fg-item-inner\"><a href=\"https:\/\/www.forumzfd.de\/en\/western-balkans\" target=\"_blank\" data-attachment-id=\"933\" class=\"fg-thumb\"><span class=\"fg-image-wrap\"><img height=\"140\" width=\"106\" class=\"skip-lazy fg-image\" data-src-fg=\"https:\/\/cieh-chre.org\/porajmosusrbiji\/wp-content\/uploads\/sites\/6\/2018\/12\/forumZFD-blue-H70.png\" src=\"data:image\/svg+xml,%3Csvg%20xmlns%3D%22http%3A%2F%2Fwww.w3.org%2F2000%2Fsvg%22%20width%3D%22106%22%20height%3D%22140%22%20viewBox%3D%220%200%20106%20140%22%3E%3C%2Fsvg%3E\"><\/span><span class=\"fg-image-overlay\"><\/span><\/a><figcaption class=\"fg-caption\"><div class=\"fg-caption-inner\"><\/div><\/figcaption><\/figure><div class=\"fg-loader\"><\/div><\/div><\/div>\r\n\n<\/div>\n<\/div><\/div><\/div><\/div><div id=\"pg-594-2\"  class=\"panel-grid panel-no-style\" ><div id=\"pgc-594-2-0\"  class=\"panel-grid-cell\" ><div id=\"panel-594-2-0-0\" class=\"so-panel widget widget_sow-editor panel-first-child\" data-index=\"6\" ><div class=\"so-widget-sow-editor so-widget-sow-editor-base\">\n<div class=\"siteorigin-widget-tinymce textwidget\">\n\t<hr \/>\n<p style=\"text-align: center;\"><span style=\"color: #003366;\">Kontakt: Centar za istra\u017eivanje i edukaciju\u00a0o Holokaustu - CIEH, <\/span><span style=\"color: #003366;\">tel: <span style=\"color: #993300;\">+38163247856<\/span>, e-mail: <span style=\"color: #993300;\"><a style=\"color: #993300;\" href=\"mailto:\/\/cieh1chre@gmail.com\" target=\"_blank\" rel=\"noopener noreferrer\">cieh1chre@gmail.com<\/a><\/span> web: <span style=\"color: #993300;\"><a style=\"color: #993300;\" href=\"www.cieh-chre.org\" target=\"_blank\" rel=\"noopener noreferrer\">www.cieh-chre.org<\/a><\/span><\/span><\/p>\n<hr \/>\n<\/div>\n<\/div><\/div><div id=\"panel-594-2-0-1\" class=\"so-panel widget widget_sow-editor panel-last-child\" data-index=\"7\" ><div class=\"so-widget-sow-editor so-widget-sow-editor-base\">\n<div class=\"siteorigin-widget-tinymce textwidget\">\n\t<p style=\"text-align: center;\"><span style=\"font-size: 8pt; color: #003366;\">* Svi delovi ovog web-sajta i projekta predstavljaju autorsko delo i intelektualnu svojinu autora, partnerskih organizacija i kompanija \u010diji se programi i licence koriste na sajtu, i kao takvi u\u017eivaju zakonsku za\u0161titu te ih niko tre\u0107i ne mo\u017ee koristiti u bilo kojoj formi ili obliku bez izri\u010dite saglasnosti autora. (To se posebno odnosi na koncepte, metode i elemente strukture web sajta, baze podataka, mape, izlo\u017ebi, tekstova i vizuelnih materijala ali ne isklju\u010duje i sve ostale derivate i autorska prava koji iz njih proisti\u010du.) Upotreba publikacije je regulisana Creative Commons licencom navedenom na publikaciji, \u010diji je preuzimanje dozvoljeno.<\/span><\/p>\n<hr \/>\n<p style=\"text-align: center;\">\n<\/div>\n<\/div><\/div><\/div><\/div><\/div>","protected":false},"excerpt":{"rendered":"<p>&#8220;Svaki dan cvet nestaje i biva zamenjen; to je kao molitva koja nas podsec\u0301a da nikada ne zaboravimo, nikad. &#8221; &#8211; Danny Karavan, vajar Danny Karavan o Memorijalu Proplanak u [&hellip;]<\/p>\n","protected":false},"author":2,"featured_media":0,"parent":0,"menu_order":0,"comment_status":"closed","ping_status":"closed","template":"page-fullwidth.php","meta":[],"acf":[],"wps_subtitle":"","_links":{"self":[{"href":"https:\/\/cieh-chre.org\/porajmosusrbiji\/wp-json\/wp\/v2\/pages\/594"}],"collection":[{"href":"https:\/\/cieh-chre.org\/porajmosusrbiji\/wp-json\/wp\/v2\/pages"}],"about":[{"href":"https:\/\/cieh-chre.org\/porajmosusrbiji\/wp-json\/wp\/v2\/types\/page"}],"author":[{"embeddable":true,"href":"https:\/\/cieh-chre.org\/porajmosusrbiji\/wp-json\/wp\/v2\/users\/2"}],"replies":[{"embeddable":true,"href":"https:\/\/cieh-chre.org\/porajmosusrbiji\/wp-json\/wp\/v2\/comments?post=594"}],"version-history":[{"count":44,"href":"https:\/\/cieh-chre.org\/porajmosusrbiji\/wp-json\/wp\/v2\/pages\/594\/revisions"}],"predecessor-version":[{"id":1166,"href":"https:\/\/cieh-chre.org\/porajmosusrbiji\/wp-json\/wp\/v2\/pages\/594\/revisions\/1166"}],"wp:attachment":[{"href":"https:\/\/cieh-chre.org\/porajmosusrbiji\/wp-json\/wp\/v2\/media?parent=594"}],"curies":[{"name":"wp","href":"https:\/\/api.w.org\/{rel}","templated":true}]}}