{"id":988,"date":"2018-12-16T19:18:05","date_gmt":"2018-12-16T18:18:05","guid":{"rendered":"http:\/\/cieh-chre.org\/porajmosusrbiji\/?page_id=988"},"modified":"2021-07-19T02:47:51","modified_gmt":"2021-07-19T00:47:51","slug":"jabuka","status":"publish","type":"page","link":"https:\/\/cieh-chre.org\/porajmosusrbiji\/jabuka\/","title":{"rendered":"Jabuka"},"content":{"rendered":"<div id=\"pl-988\"  class=\"panel-layout\" ><div id=\"pg-988-0\"  class=\"panel-grid panel-no-style\" ><div id=\"pgc-988-0-0\"  class=\"panel-grid-cell\" ><div id=\"panel-988-0-0-0\" class=\"so-panel widget widget_sow-editor panel-first-child\" data-index=\"0\" ><div class=\"so-widget-sow-editor so-widget-sow-editor-base\"><h3 class=\"widget-title\">Forme se\u0107anja - Jabuka<\/h3>\n<div class=\"siteorigin-widget-tinymce textwidget\">\n\t<hr \/>\n<p><span style=\"color: #003366;\">Spomeni\u010dki kompleks na strati\u0161tu na\u00a0Jabuci\u00a0je\u00a0centralno\u00a0mesto\u00a0javnog se\u0107anja i komemoracije masovnih zlo\u010dina okupatora nad civilnim stanovni\u0161tvom za Banat. Mesto masovnih streljanja Jevreja i Roma je ure\u0111eno 1981, i rad je arhitekte Neboj\u0161e Delje. Na Jabuci se manifestacije de\u0161avaju dva puta godi\u0161nje - na dane stradanja Jevreja, i Roma. Dan stradanja Roma, 16. Decembar 2018. je obele\u017een u organizaciji \"Odbora Vlade Republike Srbije za negovanje tradicija oslobodila\u010dkih ratova Srbije\" i Skup\u0161tine grada Pan\u010deva, uz u\u010de\u0161\u0107e predstavnika Vojske Republike Srbije, vojnih ata\u0161ea vi\u0161e evropskih zemalja i \"Nacionalnog saveta romske nacionalne manjine\". Protokolom su prisutni pozvani da odaju p\u0161tovanje \u017ertvama minutom \u0107utanja, posle \u010dega su horski intonirane himne \"Bo\u017ee pravde\" i \"\u0110elem, \u0111elem\", a posle govora predstavnika vlade, grada i romskog nacionalnog saveta, izveden je i kra\u0107i dramski program.<\/span><\/p>\n<hr \/>\n<h6><span style=\"color: #003366;\">Vi\u0161e o istoriji Jabuke kao mesta stradanja na:<\/span> <span style=\"color: #993300;\"><a style=\"color: #993300;\" href=\"http:\/\/cieh-chre.org\/jabuka\/\" target=\"_blank\" rel=\"noopener noreferrer\">http:\/\/cieh-chre.org\/jabuka\/<\/a><\/span><\/h6>\n<hr \/>\n<\/div>\n<\/div><\/div><div id=\"panel-988-0-0-1\" class=\"so-panel widget widget_master-slider-main-widget master-slider-main-widget\" data-index=\"1\" >\n\t\t<!-- MasterSlider -->\n\t\t<div id=\"P_MS69e88ea35b1d7\" class=\"master-slider-parent ms-parent-id-8\" style=\"\" >\n\n\t\t\t\n\t\t\t<!-- MasterSlider Main -->\n\t\t\t<div id=\"MS69e88ea35b1d7\" class=\"master-slider ms-skin-light-6 round-skin\" >\n\t\t\t\t \t\t\t\t \n\t\t\t<div  class=\"ms-slide\" data-delay=\"3\" data-fill-mode=\"stretch\"   >\n\t\t\t\t\t<img src=\"https:\/\/cieh-chre.org\/porajmosusrbiji\/wp-content\/plugins\/masterslider\/public\/assets\/css\/blank.gif\" alt=\"{{title}}\" title=\"{{title}}\" data-src=\"{{image}}\" \/>\n\n\n\t\t\t\t<\/div>\n\n\t\t\t<\/div>\n\t\t\t<!-- END MasterSlider Main -->\n\n\t\t\t \n\t\t<\/div>\n\t\t<!-- END MasterSlider -->\n\n\t\t<script>\n\t\t( window.MSReady = window.MSReady || [] ).push( function( $ ) {\n\n\t\t\t\"use strict\";\n\t\t\tvar masterslider_b1d7 = new MasterSlider();\n\n\t\t\t\/\/ slider controls\n\t\t\tmasterslider_b1d7.control('arrows'     ,{ autohide:true, overVideo:true  });\n\t\t\tmasterslider_b1d7.control('bullets'    ,{ autohide:true, overVideo:true, dir:'h', align:'bottom', space:6 , margin:10  });\n\t\t\t\/\/ slider setup\n\t\t\tmasterslider_b1d7.setup(\"MS69e88ea35b1d7\", {\n\t\t\t\twidth           : 1000,\n\t\t\t\theight          : 500,\n\t\t\t\tminHeight       : 0,\n\t\t\t\tspace           : 0,\n\t\t\t\tstart           : 1,\n\t\t\t\tgrabCursor      : true,\n\t\t\t\tswipe           : true,\n\t\t\t\tmouse           : true,\n\t\t\t\tkeyboard        : false,\n\t\t\t\tlayout          : \"fillwidth\",\n\t\t\t\twheel           : true,\n\t\t\t\tautoplay        : false,\n                instantStartLayers:false,\n\t\t\t\tmobileBGVideo:false,\n\t\t\t\tloop            : false,\n\t\t\t\tshuffle         : false,\n\t\t\t\tpreload         : 0,\n\t\t\t\theightLimit     : true,\n\t\t\t\tautoHeight      : true,\n\t\t\t\tsmoothHeight    : true,\n\t\t\t\tendPause        : false,\n\t\t\t\toverPause       : true,\n\t\t\t\tfillMode        : \"fill\",\n\t\t\t\tcenterControls  : true,\n\t\t\t\tstartOnAppear   : false,\n\t\t\t\tlayersMode      : \"center\",\n\t\t\t\tautofillTarget  : \"\",\n\t\t\t\thideLayers      : false,\n\t\t\t\tfullscreenMargin: 0,\n\t\t\t\tspeed           : 20,\n\t\t\t\tdir             : \"h\",\n\t\t\t\tresponsive      : true,\n\t\t\t\ttabletWidth     : 768,\n\t\t\t\ttabletHeight    : null,\n\t\t\t\tphoneWidth      : 480,\n\t\t\t\tphoneHeight    : null,\n\t\t\t\tsizingReference : window,\n\t\t\t\tparallaxMode    : 'swipe',\n\t\t\t\tview            : \"fadeBasic\"\n\t\t\t});\n\n\t\t\tnew MSFlickrV2( masterslider_b1d7, { key:'19cfd3af8f57960bb103fa21294e1c40', id:'72157674581004407', count:165, thumbSize:'s',imgSize:'b', type:'photoset' });\n\t\t\twindow.masterslider_instances = window.masterslider_instances || [];\n\t\t\twindow.masterslider_instances.push( masterslider_b1d7 );\n\t\t});\n\t\t<\/script>\n\n<\/div><div id=\"panel-988-0-0-2\" class=\"so-panel widget widget_sow-editor\" data-index=\"2\" ><div class=\"so-widget-sow-editor so-widget-sow-editor-base\">\n<div class=\"siteorigin-widget-tinymce textwidget\">\n\t<hr \/>\n<p><span style=\"color: #003366;\">Politika javnog\u00a0se\u0107anja je u Srbiji direktno vezana za rad i stavove vlade i specijalizovanih kancelarija i odbora koje propisuju protokol na javnim sve\u010danostima. Protokol memorijalnih manifestacija se nije zna\u010dajnije menjao zapravo, jo\u0161 od perioda socijalizma, iako su narativni sadr\u017eaji prilago\u0111avani politi\u010dkim potrebama. Tradicionalno, dominantna nota je militaristi\u010dko-nacionalna, sa sna\u017enim akcentom na dr\u017eavno-istorijsku interpretaciju narativa stradanja i se\u0107anja kao dominantno srpskog, a tek potom, vezanog i za manjine. To va\u017ei i u slu\u010dajevima mesta kao \u0161to je Jabuka, koje je vezano za period Oktobra 1941\u00a0kada u Beogradu i okolini gotovo isklju\u010divo stradaju manjine - Jevreji i Romi. Militarizacija se\u0107anja je protokolarno poja\u010dana\u00a0pozivom za prisutstvom stranih vojnih ata\u0161ea, a ne civilnih predtavnika diplomatskog kora. U ovakvom sistemu suverene projekcije ve\u0107inskog nacionalnog narativa, protagonisti istorije, sam doga\u0111aj i predstavnici zajednica \u017ertava, iako su u\u010desnici komemoracija, jo\u0161 uvek nemaju zna\u010dajniju ulogu u formiranju na\u010dina obele\u017eavanja javnog se\u0107anja na sopstvenu istoriju. Deo manjinskog glasa se ipak \u010duje u govoru lokalnih predstavnika gradova koji bolje poznaju i ljude i doga\u0111aje. Verujemo da bi javni dijalog i formiranje zajedni\u010dkih komisija za komemorativni rad doprineli stvaranju novih formi javnog obele\u017eavanja jednog perioda tragi\u010dne, a ipak zajedni\u010dke istorije.<\/span><\/p>\n<hr \/>\n<\/div>\n<\/div><\/div><div id=\"panel-988-0-0-3\" class=\"so-panel widget widget_sow-editor\" data-index=\"3\" ><div class=\"so-widget-sow-editor so-widget-sow-editor-base\"><h3 class=\"widget-title\">Komemoracija u Jabuci - TV Pan\u010devo<\/h3>\n<div class=\"siteorigin-widget-tinymce textwidget\">\n\t<hr \/>\n<p><iframe loading=\"lazy\" src=\"https:\/\/www.youtube.com\/embed\/bLuuZeRSlNs\" width=\"1252\" height=\"640\" frameborder=\"0\" allowfullscreen=\"allowfullscreen\"><\/iframe><\/p>\n<hr \/>\n<\/div>\n<\/div><\/div><div id=\"panel-988-0-0-4\" class=\"so-panel widget widget_sow-editor panel-last-child\" data-index=\"4\" ><div class=\"so-widget-sow-editor so-widget-sow-editor-base\"><h3 class=\"widget-title\">Tekst o komemoraciji na TV Pan\u010devo<\/h3>\n<div class=\"siteorigin-widget-tinymce textwidget\">\n\t<hr \/>\n<p><span style=\"color: #003366;\"><strong>Venci na Strati\u0161tu za stradale Rome, Srbe, Jevreje<\/strong><\/span><\/p>\n<p style=\"padding-left: 30px;\"><span style=\"color: #003366;\">16. decembra 2018.<\/span><\/p>\n<p><span style=\"color: #003366;\">Povodom Me\u0111unarodnog dana se\u0107anja na Rome stradale u Drugom svetskom ratu u okviru spomen-kompleska \u201eStrati\u0161te\u201c na putu za Jabuku vence su polo\u017eili gradona\u010delnik Pan\u010deva Sa\u0161a Pavlov,\u00a0 predsednik Nacionalnog romskog saveta Srbije Dalibor Naki\u0107 i dr\u017eavni sekretar u Ministarstvu za rad, zapo\u0161ljavanje Zoran Anti\u0107.<\/span><\/p>\n<p><span style=\"color: #003366;\">\u0160esnaestog decembra 1942. godine\u00a0 je Hajnrih Himler izdao naredbu za sistematsko uni\u0161tavanju Roma i upu\u0107ivanje u koncentracione logore radi njihove likvidacije. Godine 1943. zapo\u010dela masovna deportacija Roma u\u00a0 logor Au\u0161vic, u kome je tokom Drugog svetskog rata likvidirano 20 000 Roma. Na \u00a0mestu gde se nalazi \u00a0spomen-kompeks \u201eStrati\u0161te\u201c stradao je najve\u0107i broj civila u Drugom svetskom ratu, narod koji je bio strahotno \u017ertvovan i proganjan bili su Romi. Na ceremoniji koja je odr\u017eana na Spomen-obele\u017eju Strati\u0161te, Sa\u0161a Pavlov, gradona\u010delnik Pan\u010deva, istakao je da je na ovom mestu izvr\u0161en najve\u0107i genocid u Drugom svetskom ratu.<\/span><\/p>\n<blockquote>\n<p><span style=\"color: #003366;\">-Na\u0161a je du\u017enost da sa\u010duvamo od zaborava i da ne dozvolimo da se ovakva stradanja ponove, jer ideologija fa\u0161izma je ostavila dubok trag na \u010dove\u010danstvo. Mi imamo zadatak da se borimo protiv nepravde i ne\u010dove\u010dnosti, tako \u0161to \u0107emo vaspitavati na\u0161u decu u duhu negovanja pravih vrednosti. Ne smemo dozvoliti i ne tolerisati bilo koji oblik rasne diskriminacije, nasilja i netrpeljivosti. Pan\u010devo je grad multikuluralnosti, u kom \u017eivi 26 nacionalnih zajednica u miru, slozi i toleranciji.<\/span><\/p>\n<\/blockquote>\n<p><span style=\"color: #003366;\">Ovo je jedno od mesta najve\u0107eg stradanja Roma, pored njih mu\u010dki je ubijen veliki broj Jevreja i Srba.<\/span><\/p>\n<blockquote>\n<p><span style=\"color: #003366;\">-Moramo svedo\u010diti o ovom u\u017easnom zlo\u010dinu i stalno upozoravati \u010dove\u010danstvo kako se ovakve strahote vi\u0161e nikada ne bi ponovile nijednom narodu ni ljudskom bi\u0107u. Istorija je u\u010diteljica \u017eivota koja nas je na gorak na\u010din nau\u010dila koliko je va\u017eno po\u0161tovanje me\u0111u ljudima, bez obzira na rasne, verske nacionalne i bilo kakve druge razlike \u2013 rekao je Dalibor Naki\u0107, predsednik Nacionalnog saveta romske nacionalne manjine.<\/span><\/p>\n<\/blockquote>\n<p><span style=\"color: #003366;\">Drugi svetski rad je izrodio dve najve\u0107e monstruozne bolesti ljudskog roda \u2013 fa\u0161izam i nacizam. Strati\u0161te je mesto gde su ubijani Romi koji su nekim \u010dudom uspeli da pre\u017eive koncentracioni logor Au\u0161vic.<\/span><\/p>\n<blockquote>\n<p><span style=\"color: #003366;\">-Oni koji svoje \u017eivote nisu zavr\u0161ili u logorima dovodeni su na ovo Strati\u0161te gde su likvidirani. Samo iz topovskih \u0161uma je krajem 1941. ubijeno 5000 Jevreja, 1500 Roma iz Beograda i Banata. Procenjuje se da je na ovom mestu ubijeno 12000 ljudi, tako da pored Jasenovca Jabuka jedno od najve\u0107ih strati\u0161ta u biv\u0161oj Jugoslaviji. Stradali su zato \u0161to su po ne\u010dijoj odluci bili druga\u010diji \u2013 rekao je Zoran Anti\u0107, dr\u017eavni sekretar u Ministarstu za rad i zapo\u0161ljavanje.<\/span><\/p>\n<\/blockquote>\n<p><span style=\"color: #003366;\">Procenjuje se da je u Drugom svetskom ratu izgubilo \u017eivot 500 hiljada Roma. Povodom Dana se\u0107anja na stradale u Drugom svetskom ratu uprili\u010den je prigodan umetni\u010dki program i polo\u017eeni su venci i cve\u0107e na spomen-obele\u017eje \u201eStrati\u0161te\u201c.<\/span><\/p>\n<\/div>\n<\/div><\/div><\/div><\/div><div id=\"pg-988-1\"  class=\"panel-grid panel-no-style\" ><div id=\"pgc-988-1-0\"  class=\"panel-grid-cell\" ><div id=\"panel-988-1-0-0\" class=\"so-panel widget widget_sow-editor panel-first-child panel-last-child\" data-index=\"5\" ><div class=\"so-widget-sow-editor so-widget-sow-editor-base\">\n<div class=\"siteorigin-widget-tinymce textwidget\">\n\t<p><span style=\"color: #003366;\">Partneri\u00a0na\u00a0projektu:<\/span><\/p>\n<hr \/>\n\t\t\t<style>\r\n                #foogallery-gallery-725.fg-justified .fg-item {\r\n                    margin-right: 1px;\r\n                    margin-bottom: 1px;\r\n                }\r\n\r\n                #foogallery-gallery-725.fg-justified .fg-image {\r\n                    height: 70px;\r\n                }\r\n\t\t\t<\/style>\r\n\t\t\t<div class=\"foogallery foogallery-container foogallery-justified foogallery-lightbox-none fg-justified fg-light fg-loaded-fade-in fg-hover-fade fg-ready\" id=\"foogallery-gallery-725\" data-foogallery=\"{&quot;item&quot;:{&quot;showCaptionTitle&quot;:true,&quot;showCaptionDescription&quot;:true},&quot;lazy&quot;:true,&quot;template&quot;:{&quot;rowHeight&quot;:70,&quot;maxRowHeight&quot;:140,&quot;margins&quot;:1,&quot;align&quot;:&quot;center&quot;,&quot;lastRow&quot;:&quot;smart&quot;}}\" >\r\n\t<div class=\"fg-item fg-type-image fg-idle\"><figure class=\"fg-item-inner\"><a href=\"http:\/\/www.cieh-chre.org\" target=\"_blank\" data-attachment-id=\"717\" class=\"fg-thumb\"><span class=\"fg-image-wrap\"><img height=\"140\" width=\"339.11111111111\" class=\"skip-lazy fg-image\" data-src-fg=\"https:\/\/cieh-chre.org\/porajmosusrbiji\/wp-content\/uploads\/sites\/6\/2018\/12\/CHRE-logo-e-e1544266420249.png\" src=\"data:image\/svg+xml,%3Csvg%20xmlns%3D%22http%3A%2F%2Fwww.w3.org%2F2000%2Fsvg%22%20width%3D%22339.11111111111%22%20height%3D%22140%22%20viewBox%3D%220%200%20339.11111111111%20140%22%3E%3C%2Fsvg%3E\"><\/span><span class=\"fg-image-overlay\"><\/span><\/a><figcaption class=\"fg-caption\"><div class=\"fg-caption-inner\"><\/div><\/figcaption><\/figure><div class=\"fg-loader\"><\/div><\/div><div class=\"fg-item fg-type-image fg-idle\"><figure class=\"fg-item-inner\"><a href=\"http:\/\/www.romanipen.org.rs\/\" target=\"_blank\" data-attachment-id=\"936\" class=\"fg-thumb\"><span class=\"fg-image-wrap\"><img height=\"140\" width=\"450\" class=\"skip-lazy fg-image\" data-src-fg=\"https:\/\/cieh-chre.org\/porajmosusrbiji\/wp-content\/uploads\/sites\/6\/2018\/12\/rromanipen-logo-copy-H70.png\" src=\"data:image\/svg+xml,%3Csvg%20xmlns%3D%22http%3A%2F%2Fwww.w3.org%2F2000%2Fsvg%22%20width%3D%22450%22%20height%3D%22140%22%20viewBox%3D%220%200%20450%20140%22%3E%3C%2Fsvg%3E\"><\/span><span class=\"fg-image-overlay\"><\/span><\/a><figcaption class=\"fg-caption\"><div class=\"fg-caption-inner\"><\/div><\/figcaption><\/figure><div class=\"fg-loader\"><\/div><\/div><div class=\"fg-item fg-type-image fg-idle\"><figure class=\"fg-item-inner\"><a href=\"https:\/\/www.geogis.org\/\" data-attachment-id=\"1135\" class=\"fg-thumb\"><span class=\"fg-image-wrap\"><img height=\"140\" width=\"140\" class=\"skip-lazy fg-image\" data-src-fg=\"https:\/\/cieh-chre.org\/porajmosusrbiji\/wp-content\/uploads\/sites\/6\/2021\/07\/logo-light-bg.jpg\" src=\"data:image\/svg+xml,%3Csvg%20xmlns%3D%22http%3A%2F%2Fwww.w3.org%2F2000%2Fsvg%22%20width%3D%22140%22%20height%3D%22140%22%20viewBox%3D%220%200%20140%20140%22%3E%3C%2Fsvg%3E\"><\/span><span class=\"fg-image-overlay\"><\/span><\/a><figcaption class=\"fg-caption\"><div class=\"fg-caption-inner\"><\/div><\/figcaption><\/figure><div class=\"fg-loader\"><\/div><\/div><div class=\"fg-item fg-type-image fg-idle\"><figure class=\"fg-item-inner\"><a href=\"https:\/\/www.teamcad.rs\/index.php\/srb\/\" data-attachment-id=\"1136\" class=\"fg-thumb\"><span class=\"fg-image-wrap\"><img height=\"140\" width=\"359.33333333333\" class=\"skip-lazy fg-image\" data-src-fg=\"https:\/\/cieh-chre.org\/porajmosusrbiji\/wp-content\/uploads\/sites\/6\/2021\/07\/LOGO_TeamCAD_logo.png\" src=\"data:image\/svg+xml,%3Csvg%20xmlns%3D%22http%3A%2F%2Fwww.w3.org%2F2000%2Fsvg%22%20width%3D%22359.33333333333%22%20height%3D%22140%22%20viewBox%3D%220%200%20359.33333333333%20140%22%3E%3C%2Fsvg%3E\"><\/span><span class=\"fg-image-overlay\"><\/span><\/a><figcaption class=\"fg-caption\"><div class=\"fg-caption-inner\"><\/div><\/figcaption><\/figure><div class=\"fg-loader\"><\/div><\/div><\/div>\r\n\n<\/div>\n<\/div><\/div><\/div><div id=\"pgc-988-1-1\"  class=\"panel-grid-cell\" ><div id=\"panel-988-1-1-0\" class=\"so-panel widget widget_sow-editor panel-first-child panel-last-child\" data-index=\"6\" ><div class=\"so-widget-sow-editor so-widget-sow-editor-base\">\n<div class=\"siteorigin-widget-tinymce textwidget\">\n\t<p><span style=\"color: #003366;\">Projekat\u00a0su\u00a0podr\u017eali:<\/span><\/p>\n<hr \/>\n\t\t\t<style>\r\n                #foogallery-gallery-722.fg-justified .fg-item {\r\n                    margin-right: 1px;\r\n                    margin-bottom: 1px;\r\n                }\r\n\r\n                #foogallery-gallery-722.fg-justified .fg-image {\r\n                    height: 70px;\r\n                }\r\n\t\t\t<\/style>\r\n\t\t\t<div class=\"foogallery foogallery-container foogallery-justified foogallery-lightbox-none fg-justified fg-light fg-hover-scale fg-hover-instant fg-ready\" id=\"foogallery-gallery-722\" data-foogallery=\"{&quot;item&quot;:{&quot;showCaptionTitle&quot;:false,&quot;showCaptionDescription&quot;:false},&quot;lazy&quot;:true,&quot;template&quot;:{&quot;rowHeight&quot;:70,&quot;maxRowHeight&quot;:140,&quot;margins&quot;:1,&quot;align&quot;:&quot;center&quot;,&quot;lastRow&quot;:&quot;smart&quot;}}\" >\r\n\t<div class=\"fg-item fg-type-image fg-idle\"><figure class=\"fg-item-inner\"><a href=\"https:\/\/holocaustremembrance.com\/\" target=\"_blank\" data-attachment-id=\"721\" class=\"fg-thumb\"><span class=\"fg-image-wrap\"><img height=\"140\" width=\"144\" class=\"skip-lazy fg-image\" data-src-fg=\"https:\/\/cieh-chre.org\/porajmosusrbiji\/wp-content\/uploads\/sites\/6\/cache\/2018\/12\/IHRA-LOGO-e1544235284936\/3065705875.png\" src=\"data:image\/svg+xml,%3Csvg%20xmlns%3D%22http%3A%2F%2Fwww.w3.org%2F2000%2Fsvg%22%20width%3D%22144%22%20height%3D%22140%22%20viewBox%3D%220%200%20144%20140%22%3E%3C%2Fsvg%3E\"><\/span><span class=\"fg-image-overlay\"><\/span><\/a><figcaption class=\"fg-caption\"><div class=\"fg-caption-inner\"><\/div><\/figcaption><\/figure><div class=\"fg-loader\"><\/div><\/div><div class=\"fg-item fg-type-image fg-idle\"><figure class=\"fg-item-inner\"><a href=\"http:\/\/www.kultura.gov.rs\/\" target=\"_blank\" data-attachment-id=\"755\" class=\"fg-thumb\"><span class=\"fg-image-wrap\"><img height=\"140\" width=\"249.2\" class=\"skip-lazy fg-image\" data-src-fg=\"https:\/\/cieh-chre.org\/porajmosusrbiji\/wp-content\/uploads\/sites\/6\/2018\/12\/ministarstvo_kulture-i-informisanja.png\" src=\"data:image\/svg+xml,%3Csvg%20xmlns%3D%22http%3A%2F%2Fwww.w3.org%2F2000%2Fsvg%22%20width%3D%22249.2%22%20height%3D%22140%22%20viewBox%3D%220%200%20249.2%20140%22%3E%3C%2Fsvg%3E\"><\/span><span class=\"fg-image-overlay\"><\/span><\/a><figcaption class=\"fg-caption\"><div class=\"fg-caption-inner\"><\/div><\/figcaption><\/figure><div class=\"fg-loader\"><\/div><\/div><div class=\"fg-item fg-type-image fg-idle\"><figure class=\"fg-item-inner\"><a href=\"https:\/\/www.forumzfd.de\/en\/western-balkans\" target=\"_blank\" data-attachment-id=\"933\" class=\"fg-thumb\"><span class=\"fg-image-wrap\"><img height=\"140\" width=\"106\" class=\"skip-lazy fg-image\" data-src-fg=\"https:\/\/cieh-chre.org\/porajmosusrbiji\/wp-content\/uploads\/sites\/6\/2018\/12\/forumZFD-blue-H70.png\" src=\"data:image\/svg+xml,%3Csvg%20xmlns%3D%22http%3A%2F%2Fwww.w3.org%2F2000%2Fsvg%22%20width%3D%22106%22%20height%3D%22140%22%20viewBox%3D%220%200%20106%20140%22%3E%3C%2Fsvg%3E\"><\/span><span class=\"fg-image-overlay\"><\/span><\/a><figcaption class=\"fg-caption\"><div class=\"fg-caption-inner\"><\/div><\/figcaption><\/figure><div class=\"fg-loader\"><\/div><\/div><\/div>\r\n\n<\/div>\n<\/div><\/div><\/div><\/div><div id=\"pg-988-2\"  class=\"panel-grid panel-no-style\" ><div id=\"pgc-988-2-0\"  class=\"panel-grid-cell\" ><div id=\"panel-988-2-0-0\" class=\"so-panel widget widget_sow-editor panel-first-child\" data-index=\"7\" ><div class=\"so-widget-sow-editor so-widget-sow-editor-base\">\n<div class=\"siteorigin-widget-tinymce textwidget\">\n\t<hr \/>\n<p style=\"text-align: center;\"><span style=\"color: #003366;\">Kontakt: Centar za istra\u017eivanje i edukaciju\u00a0o Holokaustu - CIEH, <\/span><span style=\"color: #003366;\">tel: <span style=\"color: #993300;\">+38163247856<\/span>, e-mail: <span style=\"color: #993300;\"><a style=\"color: #993300;\" href=\"mailto:\/\/cieh1chre@gmail.com\" target=\"_blank\" rel=\"noopener noreferrer\">cieh1chre@gmail.com<\/a><\/span> web: <span style=\"color: #993300;\"><a style=\"color: #993300;\" href=\"www.cieh-chre.org\" target=\"_blank\" rel=\"noopener noreferrer\">www.cieh-chre.org<\/a><\/span><\/span><\/p>\n<hr \/>\n<\/div>\n<\/div><\/div><div id=\"panel-988-2-0-1\" class=\"so-panel widget widget_sow-editor panel-last-child\" data-index=\"8\" ><div class=\"so-widget-sow-editor so-widget-sow-editor-base\">\n<div class=\"siteorigin-widget-tinymce textwidget\">\n\t<p style=\"text-align: center;\"><span style=\"font-size: 8pt; color: #003366;\">* Svi delovi ovog web-sajta i projekta predstavljaju autorsko delo i intelektualnu svojinu autora, partnerskih organizacija i kompanija \u010diji se programi i licence koriste na sajtu, i kao takvi u\u017eivaju zakonsku za\u0161titu te ih niko tre\u0107i ne mo\u017ee koristiti u bilo kojoj formi ili obliku bez izri\u010dite saglasnosti autora. (To se posebno odnosi na koncepte, metode i elemente strukture web sajta, baze podataka, mape, izlo\u017ebi, tekstova i vizuelnih materijala ali ne isklju\u010duje i sve ostale derivate i autorska prava koji iz njih proisti\u010du.) Upotreba publikacije je regulisana Creative Commons licencom navedenom na publikaciji, \u010diji je preuzimanje dozvoljeno.<\/span><\/p>\n<hr \/>\n<p style=\"text-align: center;\">\n<\/div>\n<\/div><\/div><\/div><\/div><\/div>","protected":false},"excerpt":{"rendered":"<p>Spomeni\u010dki kompleks na strati\u0161tu na\u00a0Jabuci\u00a0je\u00a0centralno\u00a0mesto\u00a0javnog se\u0107anja i komemoracije masovnih zlo\u010dina okupatora nad civilnim stanovni\u0161tvom za Banat. Mesto masovnih streljanja Jevreja i Roma je ure\u0111eno 1981, i rad je arhitekte Neboj\u0161e [&hellip;]<\/p>\n","protected":false},"author":2,"featured_media":0,"parent":0,"menu_order":0,"comment_status":"closed","ping_status":"closed","template":"page-fullwidth.php","meta":[],"acf":[],"wps_subtitle":"","_links":{"self":[{"href":"https:\/\/cieh-chre.org\/porajmosusrbiji\/wp-json\/wp\/v2\/pages\/988"}],"collection":[{"href":"https:\/\/cieh-chre.org\/porajmosusrbiji\/wp-json\/wp\/v2\/pages"}],"about":[{"href":"https:\/\/cieh-chre.org\/porajmosusrbiji\/wp-json\/wp\/v2\/types\/page"}],"author":[{"embeddable":true,"href":"https:\/\/cieh-chre.org\/porajmosusrbiji\/wp-json\/wp\/v2\/users\/2"}],"replies":[{"embeddable":true,"href":"https:\/\/cieh-chre.org\/porajmosusrbiji\/wp-json\/wp\/v2\/comments?post=988"}],"version-history":[{"count":41,"href":"https:\/\/cieh-chre.org\/porajmosusrbiji\/wp-json\/wp\/v2\/pages\/988\/revisions"}],"predecessor-version":[{"id":1164,"href":"https:\/\/cieh-chre.org\/porajmosusrbiji\/wp-json\/wp\/v2\/pages\/988\/revisions\/1164"}],"wp:attachment":[{"href":"https:\/\/cieh-chre.org\/porajmosusrbiji\/wp-json\/wp\/v2\/media?parent=988"}],"curies":[{"name":"wp","href":"https:\/\/api.w.org\/{rel}","templated":true}]}}