{"id":62,"date":"2019-02-18T12:11:53","date_gmt":"2019-02-18T12:11:53","guid":{"rendered":"http:\/\/cieh-chre.org\/cieh-chre-2\/?page_id=62"},"modified":"2025-12-01T13:38:50","modified_gmt":"2025-12-01T13:38:50","slug":"fruhter-marta","status":"publish","type":"page","link":"https:\/\/cieh-chre.org\/untilthelastone\/fruhter-marta\/","title":{"rendered":"Fruhter Marta"},"content":{"rendered":"<div id=\"pl-62\"  class=\"panel-layout\" ><div id=\"pg-62-0\"  class=\"panel-grid panel-no-style\" ><div id=\"pgc-62-0-0\"  class=\"panel-grid-cell\" ><div id=\"panel-62-0-0-0\" class=\"so-panel widget widget_foogallery_widget foogallery_widget panel-first-child panel-last-child\" data-index=\"0\" ><div class=\"foogallery foogallery-container foogallery-default foogallery-lightbox-foobox fg-gutter-10 fg-center fg-default fg-light fg-border-thin fg-shadow-outline fg-loading-partial fg-loaded-fade-in fg-caption-hover fg-hover-fade fg-hover-zoom fg-ready\" id=\"foogallery-gallery-253\" data-foogallery=\"{&quot;item&quot;:{&quot;showCaptionTitle&quot;:true,&quot;showCaptionDescription&quot;:true},&quot;lazy&quot;:true}\" >\r\n\t<div class=\"fg-item fg-type-image fg-idle\"><figure class=\"fg-item-inner\"><a href=\"https:\/\/cieh-chre.org\/untilthelastone\/wp-content\/uploads\/sites\/9\/2019\/02\/MG_1565.jpg\" data-caption-desc=\"Record of interrogation of  Fruhter Marta \n\nIAB UGB SP IV - Q 191\/1 k 234\" data-attachment-id=\"251\" class=\"fg-thumb\"><span class=\"fg-image-wrap\"><img width=\"1289\" height=\"2084\" class=\"skip-lazy fg-image\" data-src-fg=\"https:\/\/cieh-chre.org\/untilthelastone\/wp-content\/uploads\/sites\/9\/2019\/02\/MG_1565.jpg\" data-srcset-fg=\"https:\/\/cieh-chre.org\/untilthelastone\/wp-content\/uploads\/sites\/9\/2019\/02\/MG_1565.jpg 2x,https:\/\/cieh-chre.org\/untilthelastone\/wp-content\/uploads\/sites\/9\/2019\/02\/MG_1565.jpg 3x,https:\/\/cieh-chre.org\/untilthelastone\/wp-content\/uploads\/sites\/9\/2019\/02\/MG_1565.jpg 4x\" src=\"data:image\/svg+xml,%3Csvg%20xmlns%3D%22http%3A%2F%2Fwww.w3.org%2F2000%2Fsvg%22%20width%3D%221289%22%20height%3D%222084%22%20viewBox%3D%220%200%201289%202084%22%3E%3C%2Fsvg%3E\"><\/span><span class=\"fg-image-overlay\"><\/span><\/a><figcaption class=\"fg-caption\"><div class=\"fg-caption-inner\"><div class=\"fg-caption-desc\">Record of interrogation of  Fruhter Marta \n\nIAB UGB SP IV - Q 191\/1 k 234<\/div><\/div><\/figcaption><\/figure><div class=\"fg-loader\"><\/div><\/div><div class=\"fg-item fg-type-image fg-idle\"><figure class=\"fg-item-inner\"><a href=\"https:\/\/cieh-chre.org\/untilthelastone\/wp-content\/uploads\/sites\/9\/2019\/02\/MG_1566.jpg\" data-caption-desc=\"Record of interrogation of  Fruhter Marta P2\n\nIAB UGB SP IV - Q 191\/1 k 234\" data-attachment-id=\"252\" class=\"fg-thumb\"><span class=\"fg-image-wrap\"><img width=\"1309\" height=\"2084\" class=\"skip-lazy fg-image\" data-src-fg=\"https:\/\/cieh-chre.org\/untilthelastone\/wp-content\/uploads\/sites\/9\/2019\/02\/MG_1566.jpg\" data-srcset-fg=\"https:\/\/cieh-chre.org\/untilthelastone\/wp-content\/uploads\/sites\/9\/2019\/02\/MG_1566.jpg 2x,https:\/\/cieh-chre.org\/untilthelastone\/wp-content\/uploads\/sites\/9\/2019\/02\/MG_1566.jpg 3x,https:\/\/cieh-chre.org\/untilthelastone\/wp-content\/uploads\/sites\/9\/2019\/02\/MG_1566.jpg 4x\" src=\"data:image\/svg+xml,%3Csvg%20xmlns%3D%22http%3A%2F%2Fwww.w3.org%2F2000%2Fsvg%22%20width%3D%221309%22%20height%3D%222084%22%20viewBox%3D%220%200%201309%202084%22%3E%3C%2Fsvg%3E\"><\/span><span class=\"fg-image-overlay\"><\/span><\/a><figcaption class=\"fg-caption\"><div class=\"fg-caption-inner\"><div class=\"fg-caption-desc\">Record of interrogation of  Fruhter Marta P2\n\nIAB UGB SP IV - Q 191\/1 k 234<\/div><\/div><\/figcaption><\/figure><div class=\"fg-loader\"><\/div><\/div><div class=\"fg-item fg-type-image fg-idle\"><figure class=\"fg-item-inner\"><a href=\"https:\/\/cieh-chre.org\/untilthelastone\/wp-content\/uploads\/sites\/9\/2019\/02\/MG_1586.jpg\" data-caption-desc=\"ID card of Stojanovi\u0107 Jelica (Marta Fruhter)\" data-attachment-id=\"256\" class=\"fg-thumb\"><span class=\"fg-image-wrap\"><img width=\"1750\" height=\"1273\" class=\"skip-lazy fg-image\" data-src-fg=\"https:\/\/cieh-chre.org\/untilthelastone\/wp-content\/uploads\/sites\/9\/2019\/02\/MG_1586.jpg\" data-srcset-fg=\"https:\/\/cieh-chre.org\/untilthelastone\/wp-content\/uploads\/sites\/9\/2019\/02\/MG_1586.jpg 2x,https:\/\/cieh-chre.org\/untilthelastone\/wp-content\/uploads\/sites\/9\/2019\/02\/MG_1586.jpg 3x,https:\/\/cieh-chre.org\/untilthelastone\/wp-content\/uploads\/sites\/9\/2019\/02\/MG_1586.jpg 4x\" src=\"data:image\/svg+xml,%3Csvg%20xmlns%3D%22http%3A%2F%2Fwww.w3.org%2F2000%2Fsvg%22%20width%3D%221750%22%20height%3D%221273%22%20viewBox%3D%220%200%201750%201273%22%3E%3C%2Fsvg%3E\"><\/span><span class=\"fg-image-overlay\"><\/span><\/a><figcaption class=\"fg-caption\"><div class=\"fg-caption-inner\"><div class=\"fg-caption-desc\">ID card of Stojanovi\u0107 Jelica (Marta Fruhter)<\/div><\/div><\/figcaption><\/figure><div class=\"fg-loader\"><\/div><\/div><div class=\"fg-item fg-type-image fg-idle\"><figure class=\"fg-item-inner\"><a href=\"https:\/\/cieh-chre.org\/untilthelastone\/wp-content\/uploads\/sites\/9\/2019\/02\/MG_1585.jpg\" data-caption-desc=\"ID card of Stojanovi\u0107 Jelica (Marta Fruhter)\" data-attachment-id=\"257\" class=\"fg-thumb\"><span class=\"fg-image-wrap\"><img width=\"1750\" height=\"1273\" class=\"skip-lazy fg-image\" data-src-fg=\"https:\/\/cieh-chre.org\/untilthelastone\/wp-content\/uploads\/sites\/9\/2019\/02\/MG_1585.jpg\" data-srcset-fg=\"https:\/\/cieh-chre.org\/untilthelastone\/wp-content\/uploads\/sites\/9\/2019\/02\/MG_1585.jpg 2x,https:\/\/cieh-chre.org\/untilthelastone\/wp-content\/uploads\/sites\/9\/2019\/02\/MG_1585.jpg 3x,https:\/\/cieh-chre.org\/untilthelastone\/wp-content\/uploads\/sites\/9\/2019\/02\/MG_1585.jpg 4x\" src=\"data:image\/svg+xml,%3Csvg%20xmlns%3D%22http%3A%2F%2Fwww.w3.org%2F2000%2Fsvg%22%20width%3D%221750%22%20height%3D%221273%22%20viewBox%3D%220%200%201750%201273%22%3E%3C%2Fsvg%3E\"><\/span><span class=\"fg-image-overlay\"><\/span><\/a><figcaption class=\"fg-caption\"><div class=\"fg-caption-inner\"><div class=\"fg-caption-desc\">ID card of Stojanovi\u0107 Jelica (Marta Fruhter)<\/div><\/div><\/figcaption><\/figure><div class=\"fg-loader\"><\/div><\/div><\/div>\r\n<\/div><\/div><div id=\"pgc-62-0-1\"  class=\"panel-grid-cell\" ><div id=\"panel-62-0-1-0\" class=\"so-panel widget widget_sow-button panel-first-child\" data-index=\"1\" ><div class=\"so-widget-sow-button so-widget-sow-button-flat-f9ef2d797013-62\"><div class=\"ow-button-base ow-button-align-left\">\n\t<a href=\"https:\/\/geogis.org\/mapesvedocenja\/#19\/44.81670\/20.46073\" class=\"ow-icon-placement-left ow-button-hover\" target=\"_blank\" rel=\"noopener noreferrer\" \t\t>\n\t\t<span>\n\t\t\t<span class=\"sow-icon-fontawesome sow-far\" data-sow-icon=\"&#xf2bb;\"\n\t\t ><\/span>\n\t\t\tLocation on map\t\t<\/span>\n\t<\/a>\n<\/div>\n<\/div><\/div><div id=\"panel-62-0-1-1\" class=\"so-panel widget widget_sow-editor\" data-index=\"2\" ><div class=\"so-widget-sow-editor so-widget-sow-editor-base\"><h3 class=\"widget-title\">Transcript of the record of the interrogation of Fruhter Marta<\/h3>\n<div class=\"siteorigin-widget-tinymce textwidget\">\n\t<hr \/>\n<p style=\"text-align: right;\">Created on August 8, 1942<\/p>\n<p style=\"text-align: right;\">in the Special Police Department U. g. B.<\/p>\n<p>\u00a0<\/p>\n<p style=\"text-align: center;\">A\u00a0 \u00a0 R\u00a0 E\u00a0 C\u00a0 O\u00a0 R\u00a0 D<\/p>\n<p>\u00a0<\/p>\n<p>on the hearing of Fruhter Marta, a private clerk from Belgrade, with an apartment in Dositejeva ul. no. 17, at Evgenija Polzovi\u0107.<\/p>\n<p style=\"text-align: center;\">I<\/p>\n<p>\u00a0\u00a0\u00a0\u00a0\u00a0\u00a0\u00a0\u00a0\u00a0\u00a0\u00a0\u00a0\u00a0\u00a0\u00a0\u00a0My name is Marta Fruhter, I was born on September 10, 1925, in Vr\u0161ac, father Dezider and mother Teresa, born. Dajch, Jewish, Mosesian religion, unmarried, not convicted, unpunished by the police. Physically and mentally healthy.<\/p>\n<p style=\"text-align: center;\">II<\/p>\n<p>\u00a0\u00a0\u00a0\u00a0\u00a0\u00a0\u00a0\u00a0\u00a0\u00a0\u00a0\u00a0\u00a0\u00a0\u00a0\u00a0After the end of the war between Germany and Yugoslavia, I lived legally in Belgrade until December last year, i.e. as long as the authorities did not start arresting Jewish and Jewish children, and sent them to concentration camps. Then I started to hide and spent the night in various buildings, mostly on the construction of the VI men's gymnasium, Near the City Hospital at Bulbulder. At that time, I did not have any personal documents, since I destroyed all my documents that I did not have to identify and arrest with them. Until I went into illegalness, I was employed for a shorter time in the hollow glass factory owned by Jewish Alexander Rosenberg, in Gorni\u010devskaya ul. no. 5, and at that time she was under the administration of the commissariat. In this factory, I met Rosenberg's daughters Anita and Erna, but at that time I had no close contact with them.<\/p>\n<p>During April of this year, I came to the idea to move to the Catholic faith, either by marriage or by direct conversion, and for that purpose, I went to the parish office of the Catholic Church in Cukarica, where I applied to the parish priest Andrej Tumpej. However, the bishop did not want to poke me, saying that there are now regulations that prohibit it. Since at that time I was without any luck for life, and in addition, I asked the parish priest to help me in any way, and he invited me to visit him from time to time, and to inform me if he was able to It helps me. During one visit, the parish priest gave me 100 dinars in the name of the aid, and he told me that he would take some steps and get me a legitimation on a Christian name, so he asked me for a photo I gave him. When the parish priest visited me again, he gave me a refugee ID issued by the Srebrenica Prison in Kru\u0161evac in the name of Stojanovi\u0107 Jelica, a private clerk, born on September 10, 1925, in Visegrad, whose name and data I invented also on\u00a0a visit to the parish. Since with this refugee legitimation I was unable to get a registration list and to permanently reside in Belgrade, I traveled to Zabrezje one day without a road trip and there<\/p>\n<p>In the Municipal Administration, I stated that during the journey I lost the travel announcement, so I asked that the municipal administration issue my travel announcement. In the municipal administration they issued me a publication based on a refugee ID and when I returned to Belgrade I applied in the VIII quarter with my stay in Moscow Street. no. 19 and in the quarter I was granted a stay of 15 days with that, to find myself a job and to please a permanent residence permit. I was employed in the paint shop of Zoran Sija\u010di\u0107 in Kara\u0111or\u0111eva ul. no. 42, and on the basis of these documents, I received a personal ID card under no. 217323 in the name of Jelica Stojanovi\u0107 and in the Central Application for a permanent residence permit. After obtaining these documents, I destroyed the fake refugee ID and travel announcement from Zabre\u017eje.<\/p>\n<p>About two weeks before I first went to the priest Tumpe, I met on the street with the aforementioned Anita Rosenberg and in the conversation, we were resolved what we should do to get proper documents. When I came to the idea of turning to the priest for the transition to the Catholic faith, Anita joined her, and together we went to the parish priest, You and Anita received a refugee ID from the parish priest, when I, Branka Markovi\u0107.<\/p>\n<p>Since Anita and I received bogus IDs, Anita made me once in touch with her sister Erna, who was begging me to obtain a fake document. Since I was afraid that Pastor Tumpej would not want to do these services to me, I addressed Radovic Milan, a lawyer from Belgrade, who was employed in a law office in France, ul. no. 17, whom I know from before, because he was my lawyer in a court suit against my ex. employer. Radovic agreed to my long exhortation that Erna obtained an ID card and asked for a photo of him, T.j. named last name and year of birth. I brought him a photo with the name \"Vera Mihailovic\" to which the name Erna was supposed to receive a false identity card and Radovic gave me a personal card with the above-mentioned false name two or three days later. On that occasion, there was no talk between Radovic and me about how much he asked for the service he did, but I later handed him over 3000 dinars, because in the meantime I sold my watch and ring.<\/p>\n<p>Whether the supporter Tumpej and the trainee Radovic have yet to obtain fake IDs, I do not know. In addition, I claim that Tumpej, for the refugee IDs obtained, did not ask for any reward, and neither did we give him anything to him.<\/p>\n<p>The announcement for the trip, which was found during my personal search, was issued by the Commissariat of the Steam Police, since I was employed in the immediate vicinity of the Commissariat, in the squares or in \u0160ija\u010di\u0107, so I met with the writer Aleksandar Nikoli\u0107 and the official \u0110ermanov which I was supposed to take part in a trip to Zabrezje just before my arrest.<\/p>\n<p>That's all I have to say about myself about my work from the day I went into illegality to arrest. By adding, I was not organized in any illegal organization, nor did I in any way cooperate with the Communists, nor do I know anything about communist work in Belgrade.<\/p>\n<p>\u00a0<\/p>\n<p style=\"text-align: right;\">The examination is read to me and my words are verbatim written.<\/p>\n<p style=\"text-align: right;\">Signature: Fruhter Marta<\/p>\n<p>\u00a0<\/p>\n<p>Saluted and certified:<\/p>\n<p>Seal: On the orders of the Head of the Special Police Department<\/p>\n<p>Head IV of the department - shelves. Commissioner<\/p>\n<p>Signature: Be\u0107arevi\u0107<\/p>\n<\/div>\n<\/div><\/div><div id=\"panel-62-0-1-2\" class=\"so-panel widget widget_sow-editor panel-last-child\" data-index=\"3\" ><div class=\"so-widget-sow-editor so-widget-sow-editor-base\"><h3 class=\"widget-title\">Letter of border police regarding the case of Fruhter Marta<\/h3>\n<div class=\"siteorigin-widget-tinymce textwidget\">\n\t<hr \/>\n<p>\u00a0<\/p>\n<p>THE CITY OF BELGRADE ADMINISTRATION<\/p>\n<p>COMMISSARIAT<\/p>\n<p>Border and steamboat police<\/p>\n<p>Received September 10, 1942<\/p>\n<p>Pov. 58<\/p>\n<p>\u00a0<\/p>\n<p>DETERMINATION OF THE SPECIAL POLICE OF THE ADMINISTRATION OF THE CITY OF BELGRADE<\/p>\n<p>BELGRADE<\/p>\n<p>\u00a0\u00a0\u00a0\u00a0\u00a0\u00a0\u00a0\u00a0\u00a0\u00a0\u00a0\u00a0\u00a0\u00a0\u00a0\u00a0Concerning the act of this Department of Pov ,. 11- \u0431\u0440. 1884 of September 2 this year, and on the occasion of the issued announcement for the trip FRUHTER Marti, a Jew who was hiding under the fake name \"STOJANOVIC Jelica\" annexed to the \/ 2-honor, Jevti\u0107 Vidosava, the deputy police, agents and \u0160ija\u010di\u0107 Zoran, square. ovd., with a request for jurisdiction.<\/p>\n<p>\u00a0\u00a0\u00a0\u00a0\u00a0\u00a0\u00a0\u00a0\u00a0\u00a0\u00a0\u00a0\u00a0\u00a0\u00a0\u00a0At xxxx the same time I have the honor to report to the Department that Mr. Jevtic's allegations are true and true and that, in my opinion, there is not much guilt to him. In the postal g. I do not really know the Jevtic, so I'm honored to have Mr. The Jevtic, in this case, will spare every sentence.<\/p>\n<p>\u00a0\u00a0\u00a0\u00a0\u00a0\u00a0\u00a0\u00a0\u00a0\u00a0\u00a0\u00a0\u00a0\u00a0\u00a0\u00a0Attachment: two hearings<\/p>\n<p>\u00a0<\/p>\n<p>Seal: THE CITY OF BELGRADE ADMINISTRATION<\/p>\n<p>\u00a0\u00a0\u00a0\u00a0\u00a0\u00a0\u00a0\u00a0\u00a0\u00a0\u00a0\u00a0\u00a0\u00a0\u00a0\u00a0special police department<\/p>\n<p>\u00a0\u00a0\u00a0\u00a0\u00a0\u00a0\u00a0\u00a0\u00a0\u00a0\u00a0\u00a0\u00a0\u00a0\u00a0\u00a0POLIZEIPRASIDIUM BELGRAD<\/p>\n<p>\u00a0\u00a0\u00a0\u00a0\u00a0\u00a0\u00a0\u00a0\u00a0\u00a0\u00a0\u00a0\u00a0\u00a0\u00a0\u00a0Spezialpolizeiabteilung<\/p>\n<p>\u00a0\u00a0\u00a0\u00a0\u00a0\u00a0\u00a0\u00a0\u00a0\u00a0\u00a0\u00a0\u00a0\u00a0\u00a0\u00a0II No. 2080-IV<\/p>\n<p>\u00a0\u00a0\u00a0\u00a0\u00a0\u00a0\u00a0\u00a0\u00a0\u00a0\u00a0\u00a0\u00a0\u00a0\u00a0\u00a011-IX 1942<\/p>\n<p>Seal: Commander Border and paroch. police,<\/p>\n<p>Signature: Unreadable<\/p>\n<p>Signature: Head of Section IV, Unreadable<\/p>\n<\/div>\n<\/div><\/div><\/div><\/div><div id=\"pg-62-1\"  class=\"panel-grid panel-no-style\" ><div id=\"pgc-62-1-0\"  class=\"panel-grid-cell\" ><div id=\"panel-62-1-0-0\" class=\"so-panel widget widget_sow-editor panel-first-child\" data-index=\"4\" ><div class=\"so-widget-sow-editor so-widget-sow-editor-base\"><h3 class=\"widget-title\">The project is supported by<\/h3>\n<div class=\"siteorigin-widget-tinymce textwidget\">\n\t<hr \/>\n<p style=\"text-align: center;\">The project was realized with funds from the first cycle of program funding in the field of science, culture and education of the Federation of Jewish Communities of Serbia related to the Holocaust in Serbia, supported by the funds of the Republic of Serbia on the basis of the Law on Removing the Consequences of the Dispossession of the Property of the Holocaust victims without living legal successors. Additional funds were obtained through the kind support of the Westbury group. Technology partners: Geospatial data systems, Team Cad.<\/p>\n<\/div>\n<\/div><\/div><div id=\"panel-62-1-0-1\" class=\"so-panel widget widget_sow-editor\" data-index=\"5\" ><div class=\"so-widget-sow-editor so-widget-sow-editor-base\">\n<div class=\"siteorigin-widget-tinymce textwidget\">\n\t<hr \/>\n<div class=\"foogallery foogallery-container foogallery-default foogallery-lightbox-foobox fg-gutter-10 fg-center fg-default fg-light fg-loaded-fade-in fg-hover-fade fg-ready\" id=\"foogallery-gallery-652\" data-foogallery=\"{&quot;item&quot;:{&quot;showCaptionTitle&quot;:false,&quot;showCaptionDescription&quot;:false},&quot;lazy&quot;:true}\" >\r\n\t<div class=\"fg-item fg-type-image fg-idle\"><figure class=\"fg-item-inner\"><a href=\"http:\/\/cieh-chre.org\/en\/\" target=\"_blank\" data-caption-desc=\"&lt;a href=&quot;http:\/\/cieh-chre.org\/en\/&quot; rel=&quot;noopener&quot; target=&quot;_blank&quot;&gt;&lt;\/a&gt;\" data-attachment-id=\"650\" class=\"fg-thumb\"><span class=\"fg-image-wrap\"><img height=\"50\" width=\"112\" class=\"skip-lazy fg-image\" data-src-fg=\"https:\/\/cieh-chre.org\/untilthelastone\/wp-content\/uploads\/sites\/9\/cache\/2019\/03\/CHRE-logo-e1552015433351\/24181395.jpg\" src=\"data:image\/svg+xml,%3Csvg%20xmlns%3D%22http%3A%2F%2Fwww.w3.org%2F2000%2Fsvg%22%20width%3D%22112%22%20height%3D%2250%22%20viewBox%3D%220%200%20112%2050%22%3E%3C%2Fsvg%3E\"><\/span><span class=\"fg-image-overlay\"><\/span><\/a><figcaption class=\"fg-caption\"><div class=\"fg-caption-inner\"><\/div><\/figcaption><\/figure><div class=\"fg-loader\"><\/div><\/div><div class=\"fg-item fg-type-image fg-idle\"><figure class=\"fg-item-inner\"><a href=\"http:\/\/www.mfin.gov.rs\/\" target=\"_blank\" data-caption-desc=\"&lt;a href=&quot;http:\/\/www.mfin.gov.rs\/&quot; rel=&quot;noopener&quot; target=&quot;_blank&quot;&gt;&lt;\/a&gt;\" data-attachment-id=\"666\" class=\"fg-thumb\"><span class=\"fg-image-wrap\"><img height=\"50\" width=\"141\" class=\"skip-lazy fg-image\" data-src-fg=\"https:\/\/cieh-chre.org\/untilthelastone\/wp-content\/uploads\/sites\/9\/cache\/2019\/03\/RS-min-fin-e1552044541772\/3699486489.png\" src=\"data:image\/svg+xml,%3Csvg%20xmlns%3D%22http%3A%2F%2Fwww.w3.org%2F2000%2Fsvg%22%20width%3D%22141%22%20height%3D%2250%22%20viewBox%3D%220%200%20141%2050%22%3E%3C%2Fsvg%3E\"><\/span><span class=\"fg-image-overlay\"><\/span><\/a><figcaption class=\"fg-caption\"><div class=\"fg-caption-inner\"><\/div><\/figcaption><\/figure><div class=\"fg-loader\"><\/div><\/div><div class=\"fg-item fg-type-image fg-idle\"><figure class=\"fg-item-inner\"><a href=\"http:\/\/www.savezjos.org\/\" target=\"_blank\" data-caption-desc=\"&lt;a href=&quot;http:\/\/www.savezjos.org\/&quot; rel=&quot;noopener&quot; target=&quot;_blank&quot;&gt;&lt;\/a&gt;\" data-attachment-id=\"665\" class=\"fg-thumb\"><span class=\"fg-image-wrap\"><img height=\"50\" width=\"151\" class=\"skip-lazy fg-image\" data-src-fg=\"https:\/\/cieh-chre.org\/untilthelastone\/wp-content\/uploads\/sites\/9\/cache\/2019\/03\/sjos-siv-e1552039905605\/4029810121.jpg\" src=\"data:image\/svg+xml,%3Csvg%20xmlns%3D%22http%3A%2F%2Fwww.w3.org%2F2000%2Fsvg%22%20width%3D%22151%22%20height%3D%2250%22%20viewBox%3D%220%200%20151%2050%22%3E%3C%2Fsvg%3E\"><\/span><span class=\"fg-image-overlay\"><\/span><\/a><figcaption class=\"fg-caption\"><div class=\"fg-caption-inner\"><\/div><\/figcaption><\/figure><div class=\"fg-loader\"><\/div><\/div><div class=\"fg-item fg-type-image fg-idle\"><figure class=\"fg-item-inner\"><a href=\"http:\/\/westburyeurope.org\/\" target=\"_blank\" data-caption-desc=\"&lt;a href=&quot;http:\/\/westburyeurope.org\/&quot; rel=&quot;noopener&quot; target=&quot;_blank&quot;&gt;&lt;\/a&gt;\" data-attachment-id=\"651\" class=\"fg-thumb\"><span class=\"fg-image-wrap\"><img height=\"50\" width=\"239\" class=\"skip-lazy fg-image\" data-src-fg=\"https:\/\/cieh-chre.org\/untilthelastone\/wp-content\/uploads\/sites\/9\/cache\/2019\/03\/westbury-450-e1552015423937\/3395429064.png\" src=\"data:image\/svg+xml,%3Csvg%20xmlns%3D%22http%3A%2F%2Fwww.w3.org%2F2000%2Fsvg%22%20width%3D%22239%22%20height%3D%2250%22%20viewBox%3D%220%200%20239%2050%22%3E%3C%2Fsvg%3E\"><\/span><span class=\"fg-image-overlay\"><\/span><\/a><figcaption class=\"fg-caption\"><div class=\"fg-caption-inner\"><\/div><\/figcaption><\/figure><div class=\"fg-loader\"><\/div><\/div><div class=\"fg-item fg-type-image fg-idle\"><figure class=\"fg-item-inner\"><a href=\"https:\/\/www.atlasgis.rs\/index.html\" data-attachment-id=\"826\" class=\"fg-thumb\"><span class=\"fg-image-wrap\"><img alt=\"Geospatial solutions\" height=\"50\" width=\"50\" class=\"skip-lazy fg-image\" data-src-fg=\"https:\/\/cieh-chre.org\/untilthelastone\/wp-content\/uploads\/sites\/9\/cache\/2019\/03\/logo-light-bg\/2444096466.png\" src=\"data:image\/svg+xml,%3Csvg%20xmlns%3D%22http%3A%2F%2Fwww.w3.org%2F2000%2Fsvg%22%20width%3D%2250%22%20height%3D%2250%22%20viewBox%3D%220%200%2050%2050%22%3E%3C%2Fsvg%3E\"><\/span><span class=\"fg-image-overlay\"><\/span><\/a><figcaption class=\"fg-caption\"><div class=\"fg-caption-inner\"><\/div><\/figcaption><\/figure><div class=\"fg-loader\"><\/div><\/div><div class=\"fg-item fg-type-image fg-idle\"><figure class=\"fg-item-inner\"><a href=\"https:\/\/teamcad.rs\/index.php\/en\/\" data-attachment-id=\"827\" class=\"fg-thumb\"><span class=\"fg-image-wrap\"><img alt=\"Team Cad\" height=\"50\" width=\"128\" class=\"skip-lazy fg-image\" data-src-fg=\"https:\/\/cieh-chre.org\/untilthelastone\/wp-content\/uploads\/sites\/9\/cache\/2019\/03\/LOGO_TeamCAD_logo\/858938428.png\" src=\"data:image\/svg+xml,%3Csvg%20xmlns%3D%22http%3A%2F%2Fwww.w3.org%2F2000%2Fsvg%22%20width%3D%22128%22%20height%3D%2250%22%20viewBox%3D%220%200%20128%2050%22%3E%3C%2Fsvg%3E\"><\/span><span class=\"fg-image-overlay\"><\/span><\/a><figcaption class=\"fg-caption\"><div class=\"fg-caption-inner\"><\/div><\/figcaption><\/figure><div class=\"fg-loader\"><\/div><\/div><\/div>\r\n\n<\/div>\n<\/div><\/div><div id=\"panel-62-1-0-2\" class=\"so-panel widget widget_sow-editor panel-last-child\" data-index=\"6\" ><div class=\"so-widget-sow-editor so-widget-sow-editor-base\">\n<div class=\"siteorigin-widget-tinymce textwidget\">\n\t<hr \/>\n<p style=\"text-align: center;\"><span style=\"color: #003366;\">Contact: Center\u00a0for Holocaust Research and Education - CHRE, <\/span><span style=\"color: #003366;\">tel: <span style=\"color: #993300;\">+38163247856<\/span>, e-mail: <span style=\"color: #993300;\"><a style=\"color: #993300;\" href=\"mailto:\/\/cieh1chre@gmail.com\" target=\"_blank\" rel=\"noopener noreferrer\">cieh1chre@gmail.com<\/a><\/span> web: <span style=\"color: #993300;\"><a style=\"color: #993300;\" href=\"www.cieh-chre.org\" target=\"_blank\" rel=\"noopener noreferrer\">www.cieh-chre.org<\/a><\/span><\/span><\/p>\n<hr \/>\n<\/div>\n<\/div><\/div><\/div><\/div><\/div>","protected":false},"excerpt":{"rendered":"<p>Created on August 8, 1942in the Special Police Department U. g. B.\u00a0A\u00a0 \u00a0 R\u00a0 E\u00a0 C\u00a0 O\u00a0 R\u00a0 D\u00a0on the hearing of Fruhter Marta, a private clerk from Belgrade, with an apartment in Dositejeva ul. no. 17, at Evgenija Polzovi\u0107.I\u00a0\u00a0\u00a0\u00a0\u00a0\u00a0\u00a0\u00a0\u00a0\u00a0\u00a0\u00a0\u00a0\u00a0\u00a0\u00a0My name is Marta Fruhter, I was born on September 10, 1925, in Vr\u0161ac, father Dezider [&hellip;]<\/p>\n","protected":false},"author":2,"featured_media":0,"parent":0,"menu_order":0,"comment_status":"closed","ping_status":"closed","template":"","meta":[],"acf":[],"wps_subtitle":"","_links":{"self":[{"href":"https:\/\/cieh-chre.org\/untilthelastone\/wp-json\/wp\/v2\/pages\/62"}],"collection":[{"href":"https:\/\/cieh-chre.org\/untilthelastone\/wp-json\/wp\/v2\/pages"}],"about":[{"href":"https:\/\/cieh-chre.org\/untilthelastone\/wp-json\/wp\/v2\/types\/page"}],"author":[{"embeddable":true,"href":"https:\/\/cieh-chre.org\/untilthelastone\/wp-json\/wp\/v2\/users\/2"}],"replies":[{"embeddable":true,"href":"https:\/\/cieh-chre.org\/untilthelastone\/wp-json\/wp\/v2\/comments?post=62"}],"version-history":[{"count":32,"href":"https:\/\/cieh-chre.org\/untilthelastone\/wp-json\/wp\/v2\/pages\/62\/revisions"}],"predecessor-version":[{"id":885,"href":"https:\/\/cieh-chre.org\/untilthelastone\/wp-json\/wp\/v2\/pages\/62\/revisions\/885"}],"wp:attachment":[{"href":"https:\/\/cieh-chre.org\/untilthelastone\/wp-json\/wp\/v2\/media?parent=62"}],"curies":[{"name":"wp","href":"https:\/\/api.w.org\/{rel}","templated":true}]}}