{"id":77,"date":"2019-02-18T12:54:40","date_gmt":"2019-02-18T12:54:40","guid":{"rendered":"http:\/\/cieh-chre.org\/cieh-chre-2\/?page_id=77"},"modified":"2025-12-01T14:04:37","modified_gmt":"2025-12-01T14:04:37","slug":"lazar-pijade-2-2-3","status":"publish","type":"page","link":"https:\/\/cieh-chre.org\/untilthelastone\/lazar-pijade-2-2-3\/","title":{"rendered":"Lazar Pijade"},"content":{"rendered":"<div id=\"pl-77\"  class=\"panel-layout\" ><div id=\"pg-77-0\"  class=\"panel-grid panel-no-style\" ><div id=\"pgc-77-0-0\"  class=\"panel-grid-cell\" ><div id=\"panel-77-0-0-0\" class=\"so-panel widget widget_foogallery_widget foogallery_widget panel-first-child panel-last-child\" data-index=\"0\" ><div class=\"foogallery foogallery-container foogallery-default foogallery-lightbox-foobox fg-gutter-10 fg-center fg-default fg-light fg-border-thin fg-shadow-outline fg-loading-partial fg-loaded-fade-in fg-caption-hover fg-hover-fade fg-hover-zoom fg-ready\" id=\"foogallery-gallery-344\" data-foogallery=\"{&quot;item&quot;:{&quot;showCaptionTitle&quot;:true,&quot;showCaptionDescription&quot;:true},&quot;lazy&quot;:true}\" >\r\n\t<div class=\"fg-item fg-type-image fg-idle\"><figure class=\"fg-item-inner\"><a href=\"https:\/\/cieh-chre.org\/untilthelastone\/wp-content\/uploads\/sites\/9\/2019\/02\/MG_2665.jpg\" data-caption-desc=\"Report on the status of Lazar Pijade and family\nSig. IAB, UGB - SP III - 8\/15, k 149\/17\" data-attachment-id=\"342\" class=\"fg-thumb\"><span class=\"fg-image-wrap\"><img width=\"2084\" height=\"1655\" class=\"skip-lazy fg-image\" data-src-fg=\"https:\/\/cieh-chre.org\/untilthelastone\/wp-content\/uploads\/sites\/9\/2019\/02\/MG_2665.jpg\" src=\"data:image\/svg+xml,%3Csvg%20xmlns%3D%22http%3A%2F%2Fwww.w3.org%2F2000%2Fsvg%22%20width%3D%222084%22%20height%3D%221655%22%20viewBox%3D%220%200%202084%201655%22%3E%3C%2Fsvg%3E\"><\/span><span class=\"fg-image-overlay\"><\/span><\/a><figcaption class=\"fg-caption\"><div class=\"fg-caption-inner\"><div class=\"fg-caption-desc\">Report on the status of Lazar Pijade and family\nSig. IAB, UGB - SP III - 8\/15, k 149\/17<\/div><\/div><\/figcaption><\/figure><div class=\"fg-loader\"><\/div><\/div><div class=\"fg-item fg-type-image fg-idle\"><figure class=\"fg-item-inner\"><a href=\"https:\/\/cieh-chre.org\/untilthelastone\/wp-content\/uploads\/sites\/9\/2019\/02\/MG_2664.jpg\" data-caption-desc=\"Report of the III dept. spec. police  to the German police Sipo and SD on the status of Lazar Pijade and family.\nSig. IAB, UGB - SP III - 8\/15, k 149\/17\" data-attachment-id=\"343\" class=\"fg-thumb\"><span class=\"fg-image-wrap\"><img width=\"2084\" height=\"2995\" class=\"skip-lazy fg-image\" data-src-fg=\"https:\/\/cieh-chre.org\/untilthelastone\/wp-content\/uploads\/sites\/9\/2019\/02\/MG_2664.jpg\" src=\"data:image\/svg+xml,%3Csvg%20xmlns%3D%22http%3A%2F%2Fwww.w3.org%2F2000%2Fsvg%22%20width%3D%222084%22%20height%3D%222995%22%20viewBox%3D%220%200%202084%202995%22%3E%3C%2Fsvg%3E\"><\/span><span class=\"fg-image-overlay\"><\/span><\/a><figcaption class=\"fg-caption\"><div class=\"fg-caption-inner\"><div class=\"fg-caption-desc\">Report of the III dept. spec. police  to the German police Sipo and SD on the status of Lazar Pijade and family.\nSig. IAB, UGB - SP III - 8\/15, k 149\/17<\/div><\/div><\/figcaption><\/figure><div class=\"fg-loader\"><\/div><\/div><\/div>\r\n<\/div><\/div><div id=\"pgc-77-0-1\"  class=\"panel-grid-cell\" ><div id=\"panel-77-0-1-0\" class=\"so-panel widget widget_sow-button panel-first-child\" data-index=\"1\" ><div class=\"so-widget-sow-button so-widget-sow-button-flat-f9ef2d797013-77\"><div class=\"ow-button-base ow-button-align-left\">\n\t<a href=\"https:\/\/geogis.org\/mapesvedocenja\/#19\/44.79484\/20.49193\" class=\"ow-icon-placement-left ow-button-hover\" target=\"_blank\" rel=\"noopener noreferrer\" \t\t>\n\t\t<span>\n\t\t\t<span class=\"sow-icon-fontawesome sow-far\" data-sow-icon=\"&#xf2bb;\"\n\t\t ><\/span>\n\t\t\tLocation on map\t\t<\/span>\n\t<\/a>\n<\/div>\n<\/div><\/div><div id=\"panel-77-0-1-1\" class=\"so-panel widget widget_sow-editor panel-last-child\" data-index=\"2\" ><div class=\"so-widget-sow-editor so-widget-sow-editor-base\"><h3 class=\"widget-title\">Transcript of the report on the status of Lazar Pijade and family<\/h3>\n<div class=\"siteorigin-widget-tinymce textwidget\">\n\t<hr \/>\n<p>T O\u00a0 \u00a0T\u00a0 H\u00a0 E\u00a0 \u00a0G E S T A P O\u00a0<\/p>\n<p>B\u00a0 E\u00a0 L\u00a0 G\u00a0 R\u00a0 A\u00a0 D\u00a0 E<\/p>\n<p>\u00a0<\/p>\n<p>\u00a0\u00a0\u00a0\u00a0\u00a0\u00a0\u00a0\u00a0\u00a0\u00a0\u00a0\u00a0\u00a0\u00a0\u00a0\u00a0In connection with your order 1V \/ 1-P 378-Kl., From January 20th, The\u00a0Administration has the honor to submit the following report:<\/p>\n<p>\u00a0\u00a0\u00a0\u00a0\u00a0\u00a0\u00a0\u00a0\u00a0\u00a0\u00a0\u00a0\u00a0\u00a0\u00a0\u00a0In Gvozdi\u0107eva Street No.57.\u00a0resided in his own apartment, as a tenant, Pijade Lazar, who lived with the wife Esther and the daughters Luci and Rashel.<\/p>\n<p>\u00a0\u00a0\u00a0\u00a0\u00a0\u00a0\u00a0\u00a0\u00a0\u00a0\u00a0\u00a0\u00a0\u00a0\u00a0\u00a0Lazar Pijade was previously a trader in\u00a0socks, and on the 17th of September 1941, he was sent to the camp.<\/p>\n<p>\u00a0\u00a0\u00a0\u00a0\u00a0\u00a0\u00a0\u00a0\u00a0\u00a0\u00a0\u00a0\u00a0\u00a0\u00a0\u00a0His wife, Esther, and daughters Luci and Rashel, were also sent to the camp on 11th of December 1941 and this apartment was sealed.<\/p>\n<p>According to\u00a0all of the above, it is not possible that one of these Jews maintains ties with some of the\u00a0residents and an officer who lives in Nikola Stefanova Street No. 22.<\/p>\n<p>\u00a0\u00a0\u00a0\u00a0\u00a0\u00a0\u00a0\u00a0\u00a0\u00a0\u00a0\u00a0\u00a0\u00a0\u00a0\u00a0In Gvozdi\u0107eva Street no.37. an engineer\u00a0Branko Jevti\u0107 comes to visit. He comes to Vera Matija\u0161evi\u0107, wife\u00a0of Dr. Matija\u0161evi\u0107, who is in captivity, and who is Jevtic's godfather. Jevti\u0107 through Vera Matijasevic gets the milk that she takes from a peasant, and for the same comes almost every day.<\/p>\n<p>\u00a0<\/p>\n<p>Sig. IAB, UGB - SP III - 8\/15, k 149\/17<\/p>\n<hr \/>\n<p>\u00a0<\/p>\n<\/div>\n<\/div><\/div><\/div><\/div><div id=\"pg-77-1\"  class=\"panel-grid panel-no-style\" ><div id=\"pgc-77-1-0\"  class=\"panel-grid-cell\" ><div id=\"panel-77-1-0-0\" class=\"so-panel widget widget_sow-editor panel-first-child\" data-index=\"3\" ><div class=\"so-widget-sow-editor so-widget-sow-editor-base\"><h3 class=\"widget-title\">The project is supported by<\/h3>\n<div class=\"siteorigin-widget-tinymce textwidget\">\n\t<hr \/>\n<p style=\"text-align: center;\">The project was realized with funds from the first cycle of program funding in the field of science, culture and education of the Federation of Jewish Communities of Serbia related to the Holocaust in Serbia, supported by the funds of the Republic of Serbia on the basis of the Law on Removing the Consequences of the Dispossession of the Property of the Holocaust victims without living legal successors. Additional funds were obtained through the kind support of the Westbury group. Technology partners: Geospatial data systems, Team Cad.<\/p>\n<\/div>\n<\/div><\/div><div id=\"panel-77-1-0-1\" class=\"so-panel widget widget_sow-editor\" data-index=\"4\" ><div class=\"so-widget-sow-editor so-widget-sow-editor-base\">\n<div class=\"siteorigin-widget-tinymce textwidget\">\n\t<hr \/>\n<div class=\"foogallery foogallery-container foogallery-default foogallery-lightbox-foobox fg-gutter-10 fg-center fg-default fg-light fg-loaded-fade-in fg-hover-fade fg-ready\" id=\"foogallery-gallery-652\" data-foogallery=\"{&quot;item&quot;:{&quot;showCaptionTitle&quot;:false,&quot;showCaptionDescription&quot;:false},&quot;lazy&quot;:true}\" >\r\n\t<div class=\"fg-item fg-type-image fg-idle\"><figure class=\"fg-item-inner\"><a href=\"http:\/\/cieh-chre.org\/en\/\" target=\"_blank\" data-caption-desc=\"&lt;a href=&quot;http:\/\/cieh-chre.org\/en\/&quot; rel=&quot;noopener&quot; target=&quot;_blank&quot;&gt;&lt;\/a&gt;\" data-attachment-id=\"650\" class=\"fg-thumb\"><span class=\"fg-image-wrap\"><img height=\"50\" width=\"112\" class=\"skip-lazy fg-image\" data-src-fg=\"https:\/\/cieh-chre.org\/untilthelastone\/wp-content\/uploads\/sites\/9\/cache\/2019\/03\/CHRE-logo-e1552015433351\/24181395.jpg\" src=\"data:image\/svg+xml,%3Csvg%20xmlns%3D%22http%3A%2F%2Fwww.w3.org%2F2000%2Fsvg%22%20width%3D%22112%22%20height%3D%2250%22%20viewBox%3D%220%200%20112%2050%22%3E%3C%2Fsvg%3E\"><\/span><span class=\"fg-image-overlay\"><\/span><\/a><figcaption class=\"fg-caption\"><div class=\"fg-caption-inner\"><\/div><\/figcaption><\/figure><div class=\"fg-loader\"><\/div><\/div><div class=\"fg-item fg-type-image fg-idle\"><figure class=\"fg-item-inner\"><a href=\"http:\/\/www.mfin.gov.rs\/\" target=\"_blank\" data-caption-desc=\"&lt;a href=&quot;http:\/\/www.mfin.gov.rs\/&quot; rel=&quot;noopener&quot; target=&quot;_blank&quot;&gt;&lt;\/a&gt;\" data-attachment-id=\"666\" class=\"fg-thumb\"><span class=\"fg-image-wrap\"><img height=\"50\" width=\"141\" class=\"skip-lazy fg-image\" data-src-fg=\"https:\/\/cieh-chre.org\/untilthelastone\/wp-content\/uploads\/sites\/9\/cache\/2019\/03\/RS-min-fin-e1552044541772\/3699486489.png\" src=\"data:image\/svg+xml,%3Csvg%20xmlns%3D%22http%3A%2F%2Fwww.w3.org%2F2000%2Fsvg%22%20width%3D%22141%22%20height%3D%2250%22%20viewBox%3D%220%200%20141%2050%22%3E%3C%2Fsvg%3E\"><\/span><span class=\"fg-image-overlay\"><\/span><\/a><figcaption class=\"fg-caption\"><div class=\"fg-caption-inner\"><\/div><\/figcaption><\/figure><div class=\"fg-loader\"><\/div><\/div><div class=\"fg-item fg-type-image fg-idle\"><figure class=\"fg-item-inner\"><a href=\"http:\/\/www.savezjos.org\/\" target=\"_blank\" data-caption-desc=\"&lt;a href=&quot;http:\/\/www.savezjos.org\/&quot; rel=&quot;noopener&quot; target=&quot;_blank&quot;&gt;&lt;\/a&gt;\" data-attachment-id=\"665\" class=\"fg-thumb\"><span class=\"fg-image-wrap\"><img height=\"50\" width=\"151\" class=\"skip-lazy fg-image\" data-src-fg=\"https:\/\/cieh-chre.org\/untilthelastone\/wp-content\/uploads\/sites\/9\/cache\/2019\/03\/sjos-siv-e1552039905605\/4029810121.jpg\" src=\"data:image\/svg+xml,%3Csvg%20xmlns%3D%22http%3A%2F%2Fwww.w3.org%2F2000%2Fsvg%22%20width%3D%22151%22%20height%3D%2250%22%20viewBox%3D%220%200%20151%2050%22%3E%3C%2Fsvg%3E\"><\/span><span class=\"fg-image-overlay\"><\/span><\/a><figcaption class=\"fg-caption\"><div class=\"fg-caption-inner\"><\/div><\/figcaption><\/figure><div class=\"fg-loader\"><\/div><\/div><div class=\"fg-item fg-type-image fg-idle\"><figure class=\"fg-item-inner\"><a href=\"http:\/\/westburyeurope.org\/\" target=\"_blank\" data-caption-desc=\"&lt;a href=&quot;http:\/\/westburyeurope.org\/&quot; rel=&quot;noopener&quot; target=&quot;_blank&quot;&gt;&lt;\/a&gt;\" data-attachment-id=\"651\" class=\"fg-thumb\"><span class=\"fg-image-wrap\"><img height=\"50\" width=\"239\" class=\"skip-lazy fg-image\" data-src-fg=\"https:\/\/cieh-chre.org\/untilthelastone\/wp-content\/uploads\/sites\/9\/cache\/2019\/03\/westbury-450-e1552015423937\/3395429064.png\" src=\"data:image\/svg+xml,%3Csvg%20xmlns%3D%22http%3A%2F%2Fwww.w3.org%2F2000%2Fsvg%22%20width%3D%22239%22%20height%3D%2250%22%20viewBox%3D%220%200%20239%2050%22%3E%3C%2Fsvg%3E\"><\/span><span class=\"fg-image-overlay\"><\/span><\/a><figcaption class=\"fg-caption\"><div class=\"fg-caption-inner\"><\/div><\/figcaption><\/figure><div class=\"fg-loader\"><\/div><\/div><div class=\"fg-item fg-type-image fg-idle\"><figure class=\"fg-item-inner\"><a href=\"https:\/\/www.atlasgis.rs\/index.html\" data-attachment-id=\"826\" class=\"fg-thumb\"><span class=\"fg-image-wrap\"><img alt=\"Geospatial solutions\" height=\"50\" width=\"50\" class=\"skip-lazy fg-image\" data-src-fg=\"https:\/\/cieh-chre.org\/untilthelastone\/wp-content\/uploads\/sites\/9\/cache\/2019\/03\/logo-light-bg\/2444096466.png\" src=\"data:image\/svg+xml,%3Csvg%20xmlns%3D%22http%3A%2F%2Fwww.w3.org%2F2000%2Fsvg%22%20width%3D%2250%22%20height%3D%2250%22%20viewBox%3D%220%200%2050%2050%22%3E%3C%2Fsvg%3E\"><\/span><span class=\"fg-image-overlay\"><\/span><\/a><figcaption class=\"fg-caption\"><div class=\"fg-caption-inner\"><\/div><\/figcaption><\/figure><div class=\"fg-loader\"><\/div><\/div><div class=\"fg-item fg-type-image fg-idle\"><figure class=\"fg-item-inner\"><a href=\"https:\/\/teamcad.rs\/index.php\/en\/\" data-attachment-id=\"827\" class=\"fg-thumb\"><span class=\"fg-image-wrap\"><img alt=\"Team Cad\" height=\"50\" width=\"128\" class=\"skip-lazy fg-image\" data-src-fg=\"https:\/\/cieh-chre.org\/untilthelastone\/wp-content\/uploads\/sites\/9\/cache\/2019\/03\/LOGO_TeamCAD_logo\/858938428.png\" src=\"data:image\/svg+xml,%3Csvg%20xmlns%3D%22http%3A%2F%2Fwww.w3.org%2F2000%2Fsvg%22%20width%3D%22128%22%20height%3D%2250%22%20viewBox%3D%220%200%20128%2050%22%3E%3C%2Fsvg%3E\"><\/span><span class=\"fg-image-overlay\"><\/span><\/a><figcaption class=\"fg-caption\"><div class=\"fg-caption-inner\"><\/div><\/figcaption><\/figure><div class=\"fg-loader\"><\/div><\/div><\/div>\r\n\n<\/div>\n<\/div><\/div><div id=\"panel-77-1-0-2\" class=\"so-panel widget widget_sow-editor panel-last-child\" data-index=\"5\" ><div class=\"so-widget-sow-editor so-widget-sow-editor-base\">\n<div class=\"siteorigin-widget-tinymce textwidget\">\n\t<hr \/>\n<p style=\"text-align: center;\"><span style=\"color: #003366;\">Contact: Center\u00a0for Holocaust Research and Education - CHRE, <\/span><span style=\"color: #003366;\">tel: <span style=\"color: #993300;\">+38163247856<\/span>, e-mail: <span style=\"color: #993300;\"><a style=\"color: #993300;\" href=\"mailto:\/\/cieh1chre@gmail.com\" target=\"_blank\" rel=\"noopener noreferrer\">cieh1chre@gmail.com<\/a><\/span> web: <span style=\"color: #993300;\"><a style=\"color: #993300;\" href=\"www.cieh-chre.org\" target=\"_blank\" rel=\"noopener noreferrer\">www.cieh-chre.org<\/a><\/span><\/span><\/p>\n<hr \/>\n<\/div>\n<\/div><\/div><\/div><\/div><\/div>","protected":false},"excerpt":{"rendered":"<p>T O\u00a0 \u00a0T\u00a0 H\u00a0 E\u00a0 \u00a0G E S T A P O\u00a0B\u00a0 E\u00a0 L\u00a0 G\u00a0 R\u00a0 A\u00a0 D\u00a0 E\u00a0\u00a0\u00a0\u00a0\u00a0\u00a0\u00a0\u00a0\u00a0\u00a0\u00a0\u00a0\u00a0\u00a0\u00a0\u00a0\u00a0In connection with your order 1V \/ 1-P 378-Kl., From January 20th, The\u00a0Administration has the honor to submit the following report:\u00a0\u00a0\u00a0\u00a0\u00a0\u00a0\u00a0\u00a0\u00a0\u00a0\u00a0\u00a0\u00a0\u00a0\u00a0\u00a0In Gvozdi\u0107eva Street No.57.\u00a0resided in his own apartment, as a tenant, Pijade Lazar, who lived with the [&hellip;]<\/p>\n","protected":false},"author":2,"featured_media":0,"parent":0,"menu_order":0,"comment_status":"closed","ping_status":"closed","template":"","meta":[],"acf":[],"wps_subtitle":"","_links":{"self":[{"href":"https:\/\/cieh-chre.org\/untilthelastone\/wp-json\/wp\/v2\/pages\/77"}],"collection":[{"href":"https:\/\/cieh-chre.org\/untilthelastone\/wp-json\/wp\/v2\/pages"}],"about":[{"href":"https:\/\/cieh-chre.org\/untilthelastone\/wp-json\/wp\/v2\/types\/page"}],"author":[{"embeddable":true,"href":"https:\/\/cieh-chre.org\/untilthelastone\/wp-json\/wp\/v2\/users\/2"}],"replies":[{"embeddable":true,"href":"https:\/\/cieh-chre.org\/untilthelastone\/wp-json\/wp\/v2\/comments?post=77"}],"version-history":[{"count":19,"href":"https:\/\/cieh-chre.org\/untilthelastone\/wp-json\/wp\/v2\/pages\/77\/revisions"}],"predecessor-version":[{"id":911,"href":"https:\/\/cieh-chre.org\/untilthelastone\/wp-json\/wp\/v2\/pages\/77\/revisions\/911"}],"wp:attachment":[{"href":"https:\/\/cieh-chre.org\/untilthelastone\/wp-json\/wp\/v2\/media?parent=77"}],"curies":[{"name":"wp","href":"https:\/\/api.w.org\/{rel}","templated":true}]}}